{"id":1673,"date":"2024-03-28T14:25:12","date_gmt":"2024-03-28T12:25:12","guid":{"rendered":"https:\/\/in4modevelopment.wp1.kotisivut.com\/politikker\/"},"modified":"2024-05-16T04:36:15","modified_gmt":"2024-05-16T01:36:15","slug":"politikker","status":"publish","type":"page","link":"https:\/\/www.in4mo.com\/da\/politikker\/","title":{"rendered":"Politikker"},"content":{"rendered":"<section class=\"l-section wpb_row height_huge color_primary with_img\"><div class=\"l-section-img\" role=\"img\" data-img-width=\"817\" data-img-height=\"319\" style=\"background-image: url(https:\/\/www.in4mo.com\/wp-content\/uploads\/bg-dots-white.png);background-position: center left;background-repeat: repeat-x;background-size: auto;\"><\/div><div class=\"l-section-h i-cf\"><div class=\"g-cols vc_row via_flex valign_top type_default stacking_default\"><div class=\"vc_col-sm-12 wpb_column vc_column_container\"><div class=\"vc_column-inner\"><div class=\"wpb_wrapper\"><h1 class=\"w-text\"><span class=\"w-text-h\"><span class=\"w-text-value\">Politikker<\/span><\/span><\/h1><\/div><\/div><\/div><\/div><\/div><\/section><section class=\"l-section wpb_row height_huge color_alternate\"><div class=\"l-section-h i-cf\"><div class=\"g-cols vc_row via_flex valign_top type_default stacking_default\"><div class=\"vc_col-sm-2 wpb_column vc_column_container\"><div class=\"vc_column-inner\"><div class=\"wpb_wrapper\"><\/div><\/div><\/div><div class=\"vc_col-sm-8 wpb_column vc_column_container\"><div class=\"vc_column-inner\"><div class=\"wpb_wrapper\"><div class=\"wpb_text_column\"><div class=\"wpb_wrapper\"><ul>\n<li><strong><a href=\"https:\/\/solerainc.sharepoint.com\/Policies\/Documents\/Forms\/AllItems.aspx?id=%2FPolicies%2FDocuments%2FAnti%2DCorruption%20Policy%204%2E4%2E23%2Epdf&amp;parent=%2FPolicies%2FDocuments\">Anti-korruptionspolitik<\/a><\/strong><\/li>\n<li><strong><a href=\"https:\/\/www.solera.com\/wp-content\/uploads\/2022\/09\/Solera-Code-of-Conduct_7_13_22.pdf\">Politik for adf\u00e6rdskodeks<\/a><\/strong><\/li>\n<li><strong><a href=\"https:\/\/solerainc.sharepoint.com\/:w:\/r\/Policies\/_layouts\/15\/Doc.aspx?sourcedoc=%7BE4BD2533-929A-41B8-A90C-CA2D6223F51F%7D&amp;file=Europe_Solera%20Employee%20Privacy%20Notice%20effective%20Dec%2013%202021.docx&amp;action=default&amp;mobileredirect=true\">Politik for medarbejdernes privatliv<\/a><\/strong><\/li>\n<li><strong><a href=\"https:\/\/solerainc.sharepoint.com\/Policies\/Documents\/Forms\/AllItems.aspx?id=%2FPolicies%2FDocuments%2F2022%20Global%20Personal%20Data%20Protection%20Governance%20Policy%2Epdf&amp;parent=%2FPolicies%2FDocuments\">Global politik for databeskyttelse<\/a><\/strong><\/li>\n<li><strong><a href=\"https:\/\/solerainc.sharepoint.com\/Policies\/Documents\/Forms\/AllItems.aspx?id=%2FPolicies%2FDocuments%2F2022%2005%2022%20Solera%20Whistle%20Blower%20Policy%2Epdf&amp;parent=%2FPolicies%2FDocuments\">Politik for whistleblowere<\/a><\/strong><\/li>\n<\/ul>\n<h2>Rapporter<\/h2>\n<ul>\n<li><strong><a href=\"\/wp-content\/uploads\/Annual-Anti-Corruption-statement-2023.pdf\">\u00c5rlig erkl\u00e6ring om antikorruption 2023<\/a><\/strong><\/li>\n<li><strong><a href=\"\/wp-content\/uploads\/Annual-I.T-Security-Incident-2023.pdf\">\u00c5rlige it-sikkerhedsh\u00e6ndelser 2023<\/a><\/strong><\/li>\n<li><strong><a href=\"\/wp-content\/uploads\/in4mo-Annual-Energy-Calculation-2023.pdf\">in4mo \u00c5rlig energiberegning 2023<\/a><\/strong><\/li>\n<\/ul>\n<\/div><\/div><\/div><\/div><\/div><div class=\"vc_col-sm-2 wpb_column vc_column_container\"><div class=\"vc_column-inner\"><div class=\"wpb_wrapper\"><\/div><\/div><\/div><\/div><\/div><\/section>\n","protected":false},"excerpt":{"rendered":"Politikker Anti-korruptionspolitik Politik for adf\u00e6rdskodeks Politik for medarbejdernes privatliv Global politik for databeskyttelse Politik for whistleblowere Rapporter \u00c5rlig erkl\u00e6ring om antikorruption 2023 \u00c5rlige it-sikkerhedsh\u00e6ndelser 2023 in4mo \u00c5rlig energiberegning 2023","protected":false},"author":1,"featured_media":0,"parent":0,"menu_order":200,"comment_status":"closed","ping_status":"closed","template":"","meta":{"footnotes":""},"class_list":["post-1673","page","type-page","status-publish","hentry"],"acf":[],"yoast_head":"<!-- This site is optimized with the Yoast SEO plugin v26.3 - https:\/\/yoast.com\/wordpress\/plugins\/seo\/ -->\n<title>Politikker - In4mo<\/title>\n<meta name=\"robots\" content=\"index, follow, max-snippet:-1, max-image-preview:large, max-video-preview:-1\" \/>\n<link rel=\"canonical\" href=\"https:\/\/www.in4mo.com\/da\/politikker\/\" \/>\n<meta property=\"og:locale\" content=\"da_DK\" \/>\n<meta property=\"og:type\" content=\"article\" \/>\n<meta property=\"og:title\" content=\"Politikker - In4mo\" \/>\n<meta property=\"og:url\" content=\"https:\/\/www.in4mo.com\/da\/politikker\/\" \/>\n<meta property=\"og:site_name\" content=\"In4mo\" \/>\n<meta property=\"article:modified_time\" content=\"2024-05-16T01:36:15+00:00\" \/>\n<meta name=\"twitter:card\" content=\"summary_large_image\" \/>\n<meta name=\"twitter:label1\" content=\"Estimeret l\u00e6setid\" \/>\n\t<meta name=\"twitter:data1\" content=\"1 minut\" \/>\n<script type=\"application\/ld+json\" class=\"yoast-schema-graph\">{\"@context\":\"https:\/\/schema.org\",\"@graph\":[{\"@type\":\"WebPage\",\"@id\":\"https:\/\/www.in4mo.com\/da\/politikker\/\",\"url\":\"https:\/\/www.in4mo.com\/da\/politikker\/\",\"name\":\"Politikker - In4mo\",\"isPartOf\":{\"@id\":\"https:\/\/www.in4mo.com\/da\/#website\"},\"datePublished\":\"2024-03-28T12:25:12+00:00\",\"dateModified\":\"2024-05-16T01:36:15+00:00\",\"breadcrumb\":{\"@id\":\"https:\/\/www.in4mo.com\/da\/politikker\/#breadcrumb\"},\"inLanguage\":\"da-DK\",\"potentialAction\":[{\"@type\":\"ReadAction\",\"target\":[\"https:\/\/www.in4mo.com\/da\/politikker\/\"]}]},{\"@type\":\"BreadcrumbList\",\"@id\":\"https:\/\/www.in4mo.com\/da\/politikker\/#breadcrumb\",\"itemListElement\":[{\"@type\":\"ListItem\",\"position\":1,\"name\":\"Home\",\"item\":\"https:\/\/www.in4mo.com\/da\/\"},{\"@type\":\"ListItem\",\"position\":2,\"name\":\"Politikker\"}]},{\"@type\":\"WebSite\",\"@id\":\"https:\/\/www.in4mo.com\/da\/#website\",\"url\":\"https:\/\/www.in4mo.com\/da\/\",\"name\":\"In4mo\",\"description\":\"Insurance and Construction Software\",\"potentialAction\":[{\"@type\":\"SearchAction\",\"target\":{\"@type\":\"EntryPoint\",\"urlTemplate\":\"https:\/\/www.in4mo.com\/da\/?s={search_term_string}\"},\"query-input\":{\"@type\":\"PropertyValueSpecification\",\"valueRequired\":true,\"valueName\":\"search_term_string\"}}],\"inLanguage\":\"da-DK\"}]}<\/script>\n<!-- \/ Yoast SEO plugin. -->","yoast_head_json":{"title":"Politikker - In4mo","robots":{"index":"index","follow":"follow","max-snippet":"max-snippet:-1","max-image-preview":"max-image-preview:large","max-video-preview":"max-video-preview:-1"},"canonical":"https:\/\/www.in4mo.com\/da\/politikker\/","og_locale":"da_DK","og_type":"article","og_title":"Politikker - In4mo","og_url":"https:\/\/www.in4mo.com\/da\/politikker\/","og_site_name":"In4mo","article_modified_time":"2024-05-16T01:36:15+00:00","twitter_card":"summary_large_image","twitter_misc":{"Estimeret l\u00e6setid":"1 minut"},"schema":{"@context":"https:\/\/schema.org","@graph":[{"@type":"WebPage","@id":"https:\/\/www.in4mo.com\/da\/politikker\/","url":"https:\/\/www.in4mo.com\/da\/politikker\/","name":"Politikker - In4mo","isPartOf":{"@id":"https:\/\/www.in4mo.com\/da\/#website"},"datePublished":"2024-03-28T12:25:12+00:00","dateModified":"2024-05-16T01:36:15+00:00","breadcrumb":{"@id":"https:\/\/www.in4mo.com\/da\/politikker\/#breadcrumb"},"inLanguage":"da-DK","potentialAction":[{"@type":"ReadAction","target":["https:\/\/www.in4mo.com\/da\/politikker\/"]}]},{"@type":"BreadcrumbList","@id":"https:\/\/www.in4mo.com\/da\/politikker\/#breadcrumb","itemListElement":[{"@type":"ListItem","position":1,"name":"Home","item":"https:\/\/www.in4mo.com\/da\/"},{"@type":"ListItem","position":2,"name":"Politikker"}]},{"@type":"WebSite","@id":"https:\/\/www.in4mo.com\/da\/#website","url":"https:\/\/www.in4mo.com\/da\/","name":"In4mo","description":"Insurance and Construction Software","potentialAction":[{"@type":"SearchAction","target":{"@type":"EntryPoint","urlTemplate":"https:\/\/www.in4mo.com\/da\/?s={search_term_string}"},"query-input":{"@type":"PropertyValueSpecification","valueRequired":true,"valueName":"search_term_string"}}],"inLanguage":"da-DK"}]}},"_links":{"self":[{"href":"https:\/\/www.in4mo.com\/da\/wp-json\/wp\/v2\/pages\/1673","targetHints":{"allow":["GET"]}}],"collection":[{"href":"https:\/\/www.in4mo.com\/da\/wp-json\/wp\/v2\/pages"}],"about":[{"href":"https:\/\/www.in4mo.com\/da\/wp-json\/wp\/v2\/types\/page"}],"author":[{"embeddable":true,"href":"https:\/\/www.in4mo.com\/da\/wp-json\/wp\/v2\/users\/1"}],"replies":[{"embeddable":true,"href":"https:\/\/www.in4mo.com\/da\/wp-json\/wp\/v2\/comments?post=1673"}],"version-history":[{"count":0,"href":"https:\/\/www.in4mo.com\/da\/wp-json\/wp\/v2\/pages\/1673\/revisions"}],"wp:attachment":[{"href":"https:\/\/www.in4mo.com\/da\/wp-json\/wp\/v2\/media?parent=1673"}],"curies":[{"name":"wp","href":"https:\/\/api.w.org\/{rel}","templated":true}]}}