{"id":1676,"date":"2024-03-28T13:19:05","date_gmt":"2024-03-28T11:19:05","guid":{"rendered":"https:\/\/in4modevelopment.wp1.kotisivut.com\/virksomhedens-baeredygtighed\/"},"modified":"2025-04-10T09:44:49","modified_gmt":"2025-04-10T06:44:49","slug":"virksomhedens-baeredygtighed","status":"publish","type":"page","link":"https:\/\/www.in4mo.com\/da\/virksomhed\/virksomhedens-baeredygtighed\/","title":{"rendered":"Virksomhedens b\u00e6redygtighed"},"content":{"rendered":"<section class=\"l-section wpb_row height_huge full_height valign_center color_primary with_img\"><div class=\"l-section-img\" role=\"img\" data-img-width=\"1920\" data-img-height=\"1080\" style=\"background-image: url(https:\/\/www.in4mo.com\/wp-content\/uploads\/world.jpg);background-repeat: no-repeat;\"><\/div><div class=\"l-section-overlay\" style=\"background:rgba(0,0,0,0.45)\"><\/div><div class=\"l-section-h i-cf\"><div class=\"g-cols vc_row via_flex valign_top type_default stacking_default\"><div class=\"vc_col-sm-12 wpb_column vc_column_container\"><div class=\"vc_column-inner\"><div class=\"wpb_wrapper\"><h1 class=\"w-text us_custom_5b4774b9 us_animate_this\"><span class=\"w-text-h\"><span class=\"w-text-value\">Virksomhedens b\u00e6redygtighed<\/span><\/span><\/h1><p class=\"w-text us_custom_9ba94f84 ingressi us_animate_this\"><span class=\"w-text-h\"><span class=\"w-text-value\">Til en gr\u00f8nnere fremtid<\/span><\/span><\/p><div class=\"w-iconbox us_custom_1d5f25b7 us_animate_this iconpos_top style_circle color_custom align_center no_text no_title\"><a href=\"#down\" class=\"w-iconbox-link\" aria-label=\"fas|chevron-down\"><div class=\"w-iconbox-icon\" style=\"font-size:1rem;--icon-color:var(--color-content-link);--icon-bg-color:rgba(255,255,255,0.75);\"><i class=\"fas fa-chevron-down\"><\/i><\/div><\/a><div class=\"w-iconbox-meta\"><\/div><\/div><\/div><\/div><\/div><\/div><\/div><\/section><section class=\"l-section wpb_row height_huge\" id=\"down\"><div class=\"l-section-h i-cf\"><div class=\"g-cols vc_row via_flex valign_top type_default stacking_default\"><div class=\"vc_col-sm-12 wpb_column vc_column_container\"><div class=\"vc_column-inner\"><div class=\"wpb_wrapper\"><div class=\"wpb_text_column\"><div class=\"wpb_wrapper\"><h2>I den rigtige retning<\/h2>\n<div id=\"chatGptChatRegion\" class=\"sc-jXbUNg emaryz\" role=\"region\" aria-label=\"Chat area\">\n<div class=\"sc-imWYAI sc-jsJBEP bMASkr izzlnU my-custom-scrollbar\" data-is-scrollable=\"true\">\n<div role=\"list\">\n<div role=\"listitem\">\n<div class=\"sc-imWYAI bMASkr\">\n<div class=\"sc-imWYAI sc-hzhJZQ bMASkr bhgIfe\" data-is-focusable=\"true\">\n<div class=\"sc-imWYAI bMASkr bubble ai\" aria-atomic=\"true\">\n<div class=\"sc-jXbUNg emaryz content\">\n<div class=\"sc-imWYAI bMASkr\" aria-description=\"chatbot\">\n<div class=\"bubbleContent\">\n<div>\n<p>in4mo er engageret i at forf\u00f8lge lydige praksisser inden for virksomhedens sociale ansvar (CSR). Vi startede denne rejse ved at etablere in4mo CSR Management System, der d\u00e6kker kerneomr\u00e5der inden for socialt ansvar (CSR-styring, menneskerettigheder, arbejdspraksis, milj\u00f8, fair forretningspraksis, forbrugeranliggender, samfundsengagement og udvikling) i in4mos interne organisation samt hos vores leverand\u00f8rer.<\/p>\n<p>Mens vi l\u00e6rer mere om, hvad der virker og ikke virker for os som organisation, sigter vi mod konstant at forbedre vores CSR-tilgang og blive en bedre version af os selv. Som en del af vores CSR-praksis st\u00f8tter in4mo de vigtige principper i FN&#8217;s Global Compact og konventionerne fra Den Internationale Arbejdsorganisation. Derudover har vi tilsluttet os \u00d8sters\u00f8ens redningsm\u00e6nd ved at blive st\u00f8tter af John Nurminen Foundation. Desuden har vi indf\u00f8rt initiativer til ansvarlig bortskaffelse af elektroniske aktiver, hvilket understreger vores engagement i virksomhedens b\u00e6redygtighed.<\/p>\n<\/div>\n<\/div>\n<\/div>\n<\/div>\n<\/div>\n<\/div>\n<\/div>\n<\/div>\n<\/div>\n<\/div>\n<\/div>\n<\/div><\/div><\/div><\/div><\/div><\/div><\/div><\/section><section class=\"l-section wpb_row height_huge color_alternate\"><div class=\"l-section-h i-cf\"><div class=\"g-cols vc_row via_flex valign_top type_default stacking_default\"><div class=\"vc_col-sm-12 wpb_column vc_column_container\"><div class=\"vc_column-inner\"><div class=\"wpb_wrapper\"><div class=\"g-cols wpb_row via_flex valign_middle type_default stacking_default\"><div class=\"vc_col-sm-12 vc_col-lg-6 vc_col-md-6 wpb_column vc_column_container\"><div class=\"vc_column-inner us_custom_7e20fa79 us_animate_this\"><div class=\"wpb_wrapper\"><div class=\"w-image us_custom_30e316af has_ratio align_none\"><div class=\"w-image-h\"><div style=\"padding-bottom:75%\"><\/div><img decoding=\"async\" width=\"960\" height=\"1012\" src=\"https:\/\/www.in4mo.com\/wp-content\/uploads\/co2.jpg\" class=\"attachment-large size-large\" alt=\"\" loading=\"lazy\" srcset=\"https:\/\/www.in4mo.com\/wp-content\/uploads\/co2.jpg 960w, https:\/\/www.in4mo.com\/wp-content\/uploads\/co2-285x300.jpg 285w\" sizes=\"auto, (max-width: 960px) 100vw, 960px\" \/><\/div><\/div><\/div><\/div><\/div><div class=\"vc_col-sm-12 vc_col-lg-6 vc_col-md-6 wpb_column vc_column_container\"><div class=\"vc_column-inner us_custom_47474b22 us_animate_this\"><div class=\"wpb_wrapper\"><div class=\"wpb_text_column us_custom_d98eb4eb\"><div class=\"wpb_wrapper\"><h4>Certificeret Emission Estimatics af in4mo<\/h4>\n<p>Vi er glade for at meddele, at vores Emission Estimatics CO<sub>2<\/sub>-kalkulatorv\u00e6rkt\u00f8j er blevet akkrediteret med ISO 14064-1-certifikatet. Et Early Access-program er tilg\u00e6ngeligt for vores kunder. Kontakt din kontaktperson for at f\u00e5 mere at vide.<\/p>\n<\/div><\/div><div class=\"w-separator size_medium\"><\/div><div class=\"w-btn-wrapper align_none\"><a class=\"w-btn us-btn-style_3 icon_atleft\" href=\"https:\/\/www.in4mo.com\/wp-content\/uploads\/ISO14064-3DECOFVER.064-2.D01-ENG-in4mo-1-1200x1696-1.png\"><i class=\"fas fa-download\"><\/i><span class=\"w-btn-label\">Status for verifikation<\/span><\/a><\/div><\/div><\/div><\/div><\/div><div class=\"w-separator size_large\"><\/div><div class=\"g-cols wpb_row via_flex valign_middle type_default reversed stacking_default\"><div class=\"vc_col-sm-12 vc_col-lg-6 vc_col-md-6 wpb_column vc_column_container\"><div class=\"vc_column-inner us_custom_7e20fa79 us_animate_this\"><div class=\"wpb_wrapper\"><div class=\"wpb_text_column us_custom_d98eb4eb\"><div class=\"wpb_wrapper\"><h4>Ecovadis<\/h4>\n<p>At blive tildelt s\u00f8lvmedaljen for tredje \u00e5r i tr\u00e6k af EcoVadis er et markant resultat for vores organisation og viser vores fremragende pr\u00e6station og dedikation til b\u00e6redygtige praksisser. Denne anerkendelse bekr\u00e6fter, at vores b\u00e6redygtighedsinitiativer er i overensstemmelse med internationale standarder og optimale metoder, og placerer os som ledere inden for ansvarlig virksomhedsdrift.<\/p>\n<\/div><\/div><div class=\"w-separator size_medium\"><\/div><div class=\"w-btn-wrapper align_none\"><a class=\"w-btn us-btn-style_3\" target=\"_blank\" href=\"https:\/\/ecovadis.com\/?utm_source=Google+=paid=2024-04-Brand-NA-UK-BENELUX-NORDICS-Google+Ads\"><span class=\"w-btn-label\">Bes\u00f8g siden<\/span><\/a><\/div><\/div><\/div><\/div><div class=\"vc_col-sm-12 vc_col-lg-6 vc_col-md-6 wpb_column vc_column_container\"><div class=\"vc_column-inner\"><div class=\"wpb_wrapper\"><div class=\"w-image us_custom_7364406c us_animate_this has_ratio align_none\"><div class=\"w-image-h\"><div style=\"padding-bottom:75%\"><\/div><img decoding=\"async\" width=\"1024\" height=\"756\" src=\"https:\/\/www.in4mo.com\/wp-content\/uploads\/ecovadis-2024-1024x756.png\" class=\"attachment-large size-large\" alt=\"\" loading=\"lazy\" srcset=\"https:\/\/www.in4mo.com\/wp-content\/uploads\/ecovadis-2024-1024x756.png 1024w, https:\/\/www.in4mo.com\/wp-content\/uploads\/ecovadis-2024-300x221.png 300w, https:\/\/www.in4mo.com\/wp-content\/uploads\/ecovadis-2024.png 1038w\" sizes=\"auto, (max-width: 1024px) 100vw, 1024px\" \/><\/div><\/div><\/div><\/div><\/div><\/div><div class=\"w-separator size_large\"><\/div><div class=\"g-cols wpb_row via_flex valign_middle type_default stacking_default\"><div class=\"vc_col-sm-12 vc_col-lg-6 vc_col-md-6 wpb_column vc_column_container\"><div class=\"vc_column-inner us_custom_7e20fa79 us_animate_this\"><div class=\"wpb_wrapper\"><div class=\"w-image us_custom_30e316af has_ratio align_none\"><div class=\"w-image-h\"><div style=\"padding-bottom:75%\"><\/div><img decoding=\"async\" width=\"960\" height=\"1012\" src=\"https:\/\/www.in4mo.com\/wp-content\/uploads\/SDG.jpg\" class=\"attachment-large size-large\" alt=\"\" loading=\"lazy\" srcset=\"https:\/\/www.in4mo.com\/wp-content\/uploads\/SDG.jpg 960w, https:\/\/www.in4mo.com\/wp-content\/uploads\/SDG-285x300.jpg 285w\" sizes=\"auto, (max-width: 960px) 100vw, 960px\" \/><\/div><\/div><\/div><\/div><\/div><div class=\"vc_col-sm-12 vc_col-lg-6 vc_col-md-6 wpb_column vc_column_container\"><div class=\"vc_column-inner us_custom_47474b22 us_animate_this\"><div class=\"wpb_wrapper\"><div class=\"wpb_text_column us_custom_d98eb4eb\"><div class=\"wpb_wrapper\"><h4>FN&#8217;s Global Compact<\/h4>\n<p>Vi er stolte over at v\u00e6re medlem af FN&#8217;s Global Compact som en del af vores engagement i at v\u00e6re en ansvarlig virksomhed. Dette engagement indeb\u00e6rer at drive virksomhed ansvarligt i overensstemmelse med universelle b\u00e6redygtighedsprincipper, tr\u00e6ffe handlinger for at st\u00f8tte samfundet og rapportere \u00e5rligt til FN&#8217;s Global Compact om vores igangv\u00e6rende bestr\u00e6belser.<\/p>\n<\/div><\/div><div class=\"w-separator size_medium\"><\/div><div class=\"w-btn-wrapper align_none\"><a class=\"w-btn us-btn-style_3\" target=\"_blank\" href=\"https:\/\/unglobalcompact.org\/\"><span class=\"w-btn-label\">Bes\u00f8g siden<\/span><\/a><\/div><\/div><\/div><\/div><\/div><div class=\"w-separator size_large\"><\/div><div class=\"g-cols wpb_row via_flex valign_middle type_default reversed stacking_default\"><div class=\"vc_col-sm-12 vc_col-lg-6 vc_col-md-6 wpb_column vc_column_container\"><div class=\"vc_column-inner us_custom_7e20fa79 us_animate_this\"><div class=\"wpb_wrapper\"><div class=\"wpb_text_column us_custom_d98eb4eb\"><div class=\"wpb_wrapper\"><h4>Baner vejen for en gr\u00f8nnere fremtid!<\/h4>\n<p>in4mo har indg\u00e5et et partnerskab med Lassila &amp; Tikanoja Oyj for at lette den ansvarlige genanvendelse af b\u00e6rbare computere og IT-komponenter. Dette strategiske samarbejde fremmer et lukket kredsl\u00f8bssystem, der effektivt minimerer affald, bevarer v\u00e6rdifulde ressourcer og mindsker den milj\u00f8m\u00e6ssige p\u00e5virkning af elektroniske enheder.<\/p>\n<\/div><\/div><\/div><\/div><\/div><div class=\"vc_col-sm-12 vc_col-lg-6 vc_col-md-6 wpb_column vc_column_container\"><div class=\"vc_column-inner us_custom_47474b22 us_animate_this\"><div class=\"wpb_wrapper\"><div class=\"w-image us_custom_30e316af has_ratio align_none\"><div class=\"w-image-h\"><div style=\"padding-bottom:75%\"><\/div><img decoding=\"async\" width=\"960\" height=\"1012\" src=\"https:\/\/www.in4mo.com\/wp-content\/uploads\/greener-future2.jpg\" class=\"attachment-large size-large\" alt=\"\" loading=\"lazy\" srcset=\"https:\/\/www.in4mo.com\/wp-content\/uploads\/greener-future2.jpg 960w, https:\/\/www.in4mo.com\/wp-content\/uploads\/greener-future2-285x300.jpg 285w\" sizes=\"auto, (max-width: 960px) 100vw, 960px\" \/><\/div><\/div><\/div><\/div><\/div><\/div><div class=\"w-separator size_large\"><\/div><div class=\"g-cols wpb_row via_flex valign_middle type_default stacking_default\"><div class=\"vc_col-sm-12 vc_col-lg-6 vc_col-md-6 wpb_column vc_column_container\"><div class=\"vc_column-inner us_custom_7e20fa79 us_animate_this\"><div class=\"wpb_wrapper\"><div class=\"w-image us_custom_30e316af has_ratio align_none\"><div class=\"w-image-h\"><div style=\"padding-bottom:75%\"><\/div><img decoding=\"async\" width=\"960\" height=\"1012\" src=\"https:\/\/www.in4mo.com\/wp-content\/uploads\/sustainability-policies.jpg\" class=\"attachment-large size-large\" alt=\"\" loading=\"lazy\" srcset=\"https:\/\/www.in4mo.com\/wp-content\/uploads\/sustainability-policies.jpg 960w, https:\/\/www.in4mo.com\/wp-content\/uploads\/sustainability-policies-285x300.jpg 285w\" sizes=\"auto, (max-width: 960px) 100vw, 960px\" \/><\/div><\/div><\/div><\/div><\/div><div class=\"vc_col-sm-12 vc_col-lg-6 vc_col-md-6 wpb_column vc_column_container\"><div class=\"vc_column-inner us_custom_47474b22 us_animate_this\"><div class=\"wpb_wrapper\"><div class=\"wpb_text_column us_custom_d98eb4eb\"><div class=\"wpb_wrapper\"><h4>B\u00e6redygtige politikker<\/h4>\n<p>Hos in4mo er b\u00e6redygtighed drivkraften bag vores politikker, og vores \u00e5rlige CSR-gennemgang sikrer ansvarlighed og positiv indvirkning.<\/p>\n<\/div><\/div><div class=\"w-separator size_medium\"><\/div><div class=\"w-btn-wrapper align_none\"><a class=\"w-btn us-btn-style_3\" href=\"\/da\/politikker\/\"><span class=\"w-btn-label\">Politikker<\/span><\/a><\/div><\/div><\/div><\/div><\/div><div class=\"w-separator size_large\"><\/div><div class=\"g-cols wpb_row via_flex valign_middle type_default reversed stacking_default\"><div class=\"vc_col-sm-12 vc_col-lg-6 vc_col-md-6 wpb_column vc_column_container\"><div class=\"vc_column-inner us_custom_7e20fa79 us_animate_this\"><div class=\"wpb_wrapper\"><div class=\"wpb_text_column us_custom_d98eb4eb\"><div class=\"wpb_wrapper\"><h4>John Nurminen Fonden<\/h4>\n<div id=\"chatGptChatRegion\" class=\"sc-jXbUNg emaryz\" role=\"region\" aria-label=\"Chat area\">\n<div class=\"sc-imWYAI sc-jsJBEP bMASkr izzlnU my-custom-scrollbar\" data-is-scrollable=\"true\">\n<div role=\"list\">\n<div role=\"listitem\">\n<div class=\"sc-imWYAI bMASkr\">\n<div class=\"sc-imWYAI sc-hzhJZQ bMASkr bhgIfe\" data-is-focusable=\"true\">\n<div class=\"sc-imWYAI bMASkr bubble ai\" aria-atomic=\"true\">\n<div class=\"sc-jXbUNg emaryz content\">\n<div class=\"sc-imWYAI bMASkr\" aria-description=\"chatbot\">\n<div class=\"bubbleContent\">\n<div>\n<p>Det er fantastisk at h\u00f8re, at I har tilsluttet jer redningsaktionen for \u00d8sters\u00f8en som st\u00f8tter af John Nurminen Foundation! Det er vigtigt at sikre, at vores eneste hav forbliver levende for kommende generationer. John Nurminen Foundation udf\u00f8rer konkret arbejde for \u00d8sters\u00f8en og dens kulturarv.<\/p>\n<\/div>\n<\/div>\n<\/div>\n<\/div>\n<\/div>\n<\/div>\n<\/div>\n<\/div>\n<\/div>\n<\/div>\n<\/div>\n<\/div><\/div><div class=\"w-separator size_medium\"><\/div><div class=\"w-btn-wrapper align_none\"><a class=\"w-btn us-btn-style_3\" target=\"_blank\" href=\"https:\/\/johnnurmisensaatio.fi\/en\/\"><span class=\"w-btn-label\">Bes\u00f8g siden<\/span><\/a><\/div><\/div><\/div><\/div><div class=\"vc_col-sm-12 vc_col-lg-6 vc_col-md-6 wpb_column vc_column_container\"><div class=\"vc_column-inner us_custom_47474b22 us_animate_this\"><div class=\"wpb_wrapper\"><div class=\"w-image us_custom_30e316af has_ratio align_none\"><div class=\"w-image-h\"><div style=\"padding-bottom:75%\"><\/div><img decoding=\"async\" width=\"960\" height=\"1012\" src=\"https:\/\/www.in4mo.com\/wp-content\/uploads\/john-nurminen-foundation.jpg\" class=\"attachment-large size-large\" alt=\"\" loading=\"lazy\" srcset=\"https:\/\/www.in4mo.com\/wp-content\/uploads\/john-nurminen-foundation.jpg 960w, https:\/\/www.in4mo.com\/wp-content\/uploads\/john-nurminen-foundation-285x300.jpg 285w\" sizes=\"auto, (max-width: 960px) 100vw, 960px\" \/><\/div><\/div><\/div><\/div><\/div><\/div><\/div><\/div><\/div><\/div><\/div><\/section>\n","protected":false},"excerpt":{"rendered":"Virksomhedens b\u00e6redygtighedTil en gr\u00f8nnere fremtidI den rigtige retning in4mo er engageret i at forf\u00f8lge lydige praksisser inden for virksomhedens sociale ansvar (CSR). Vi startede denne rejse ved at etablere in4mo CSR Management System, der d\u00e6kker kerneomr\u00e5der inden for socialt ansvar (CSR-styring, menneskerettigheder, arbejdspraksis, milj\u00f8, fair forretningspraksis, forbrugeranliggender, samfundsengagement og udvikling) i in4mos interne organisation samt...","protected":false},"author":1,"featured_media":1481,"parent":1703,"menu_order":9,"comment_status":"closed","ping_status":"closed","template":"","meta":{"footnotes":""},"class_list":["post-1676","page","type-page","status-publish","has-post-thumbnail","hentry"],"acf":[],"yoast_head":"<!-- This site is optimized with the Yoast SEO plugin v26.3 - https:\/\/yoast.com\/wordpress\/plugins\/seo\/ -->\n<title>Virksomhedens b\u00e6redygtighed - In4mo<\/title>\n<meta name=\"description\" content=\"Vi str\u00e6ber efter at opretholde milj\u00f8venlige faciliteter og processer, som er udtryk for vores engagement i en gr\u00f8nnere fremtid.\" \/>\n<meta name=\"robots\" content=\"index, follow, max-snippet:-1, max-image-preview:large, max-video-preview:-1\" \/>\n<link rel=\"canonical\" href=\"https:\/\/www.in4mo.com\/da\/virksomhed\/virksomhedens-baeredygtighed\/\" \/>\n<meta property=\"og:locale\" content=\"da_DK\" \/>\n<meta property=\"og:type\" content=\"article\" \/>\n<meta property=\"og:title\" content=\"Virksomhedens b\u00e6redygtighed - In4mo\" \/>\n<meta property=\"og:description\" content=\"Vi str\u00e6ber efter at opretholde milj\u00f8venlige faciliteter og processer, som er udtryk for vores engagement i en gr\u00f8nnere fremtid.\" \/>\n<meta property=\"og:url\" content=\"https:\/\/www.in4mo.com\/da\/virksomhed\/virksomhedens-baeredygtighed\/\" \/>\n<meta property=\"og:site_name\" content=\"In4mo\" \/>\n<meta property=\"article:modified_time\" content=\"2025-04-10T06:44:49+00:00\" \/>\n<meta property=\"og:image\" content=\"https:\/\/www.in4mo.com\/wp-content\/uploads\/world.jpg\" \/>\n\t<meta property=\"og:image:width\" content=\"1920\" \/>\n\t<meta property=\"og:image:height\" content=\"1080\" \/>\n\t<meta property=\"og:image:type\" content=\"image\/jpeg\" \/>\n<meta name=\"twitter:card\" content=\"summary_large_image\" \/>\n<meta name=\"twitter:label1\" content=\"Estimeret l\u00e6setid\" \/>\n\t<meta name=\"twitter:data1\" content=\"3 minutter\" \/>\n<script type=\"application\/ld+json\" class=\"yoast-schema-graph\">{\"@context\":\"https:\/\/schema.org\",\"@graph\":[{\"@type\":\"WebPage\",\"@id\":\"https:\/\/www.in4mo.com\/da\/virksomhed\/virksomhedens-baeredygtighed\/\",\"url\":\"https:\/\/www.in4mo.com\/da\/virksomhed\/virksomhedens-baeredygtighed\/\",\"name\":\"Virksomhedens b\u00e6redygtighed - In4mo\",\"isPartOf\":{\"@id\":\"https:\/\/www.in4mo.com\/da\/#website\"},\"primaryImageOfPage\":{\"@id\":\"https:\/\/www.in4mo.com\/da\/virksomhed\/virksomhedens-baeredygtighed\/#primaryimage\"},\"image\":{\"@id\":\"https:\/\/www.in4mo.com\/da\/virksomhed\/virksomhedens-baeredygtighed\/#primaryimage\"},\"thumbnailUrl\":\"https:\/\/www.in4mo.com\/wp-content\/uploads\/world.jpg\",\"datePublished\":\"2024-03-28T11:19:05+00:00\",\"dateModified\":\"2025-04-10T06:44:49+00:00\",\"description\":\"Vi str\u00e6ber efter at opretholde milj\u00f8venlige faciliteter og processer, som er udtryk for vores engagement i en gr\u00f8nnere fremtid.\",\"breadcrumb\":{\"@id\":\"https:\/\/www.in4mo.com\/da\/virksomhed\/virksomhedens-baeredygtighed\/#breadcrumb\"},\"inLanguage\":\"da-DK\",\"potentialAction\":[{\"@type\":\"ReadAction\",\"target\":[\"https:\/\/www.in4mo.com\/da\/virksomhed\/virksomhedens-baeredygtighed\/\"]}]},{\"@type\":\"ImageObject\",\"inLanguage\":\"da-DK\",\"@id\":\"https:\/\/www.in4mo.com\/da\/virksomhed\/virksomhedens-baeredygtighed\/#primaryimage\",\"url\":\"https:\/\/www.in4mo.com\/wp-content\/uploads\/world.jpg\",\"contentUrl\":\"https:\/\/www.in4mo.com\/wp-content\/uploads\/world.jpg\",\"width\":1920,\"height\":1080,\"caption\":\"Yritysvastuu\"},{\"@type\":\"BreadcrumbList\",\"@id\":\"https:\/\/www.in4mo.com\/da\/virksomhed\/virksomhedens-baeredygtighed\/#breadcrumb\",\"itemListElement\":[{\"@type\":\"ListItem\",\"position\":1,\"name\":\"Home\",\"item\":\"https:\/\/www.in4mo.com\/da\/\"},{\"@type\":\"ListItem\",\"position\":2,\"name\":\"Virksomhed\",\"item\":\"https:\/\/www.in4mo.com\/da\/virksomhed\/\"},{\"@type\":\"ListItem\",\"position\":3,\"name\":\"Virksomhedens b\u00e6redygtighed\"}]},{\"@type\":\"WebSite\",\"@id\":\"https:\/\/www.in4mo.com\/da\/#website\",\"url\":\"https:\/\/www.in4mo.com\/da\/\",\"name\":\"In4mo\",\"description\":\"Insurance and Construction Software\",\"potentialAction\":[{\"@type\":\"SearchAction\",\"target\":{\"@type\":\"EntryPoint\",\"urlTemplate\":\"https:\/\/www.in4mo.com\/da\/?s={search_term_string}\"},\"query-input\":{\"@type\":\"PropertyValueSpecification\",\"valueRequired\":true,\"valueName\":\"search_term_string\"}}],\"inLanguage\":\"da-DK\"}]}<\/script>\n<!-- \/ Yoast SEO plugin. -->","yoast_head_json":{"title":"Virksomhedens b\u00e6redygtighed - In4mo","description":"Vi str\u00e6ber efter at opretholde milj\u00f8venlige faciliteter og processer, som er udtryk for vores engagement i en gr\u00f8nnere fremtid.","robots":{"index":"index","follow":"follow","max-snippet":"max-snippet:-1","max-image-preview":"max-image-preview:large","max-video-preview":"max-video-preview:-1"},"canonical":"https:\/\/www.in4mo.com\/da\/virksomhed\/virksomhedens-baeredygtighed\/","og_locale":"da_DK","og_type":"article","og_title":"Virksomhedens b\u00e6redygtighed - In4mo","og_description":"Vi str\u00e6ber efter at opretholde milj\u00f8venlige faciliteter og processer, som er udtryk for vores engagement i en gr\u00f8nnere fremtid.","og_url":"https:\/\/www.in4mo.com\/da\/virksomhed\/virksomhedens-baeredygtighed\/","og_site_name":"In4mo","article_modified_time":"2025-04-10T06:44:49+00:00","og_image":[{"width":1920,"height":1080,"url":"https:\/\/www.in4mo.com\/wp-content\/uploads\/world.jpg","type":"image\/jpeg"}],"twitter_card":"summary_large_image","twitter_misc":{"Estimeret l\u00e6setid":"3 minutter"},"schema":{"@context":"https:\/\/schema.org","@graph":[{"@type":"WebPage","@id":"https:\/\/www.in4mo.com\/da\/virksomhed\/virksomhedens-baeredygtighed\/","url":"https:\/\/www.in4mo.com\/da\/virksomhed\/virksomhedens-baeredygtighed\/","name":"Virksomhedens b\u00e6redygtighed - In4mo","isPartOf":{"@id":"https:\/\/www.in4mo.com\/da\/#website"},"primaryImageOfPage":{"@id":"https:\/\/www.in4mo.com\/da\/virksomhed\/virksomhedens-baeredygtighed\/#primaryimage"},"image":{"@id":"https:\/\/www.in4mo.com\/da\/virksomhed\/virksomhedens-baeredygtighed\/#primaryimage"},"thumbnailUrl":"https:\/\/www.in4mo.com\/wp-content\/uploads\/world.jpg","datePublished":"2024-03-28T11:19:05+00:00","dateModified":"2025-04-10T06:44:49+00:00","description":"Vi str\u00e6ber efter at opretholde milj\u00f8venlige faciliteter og processer, som er udtryk for vores engagement i en gr\u00f8nnere fremtid.","breadcrumb":{"@id":"https:\/\/www.in4mo.com\/da\/virksomhed\/virksomhedens-baeredygtighed\/#breadcrumb"},"inLanguage":"da-DK","potentialAction":[{"@type":"ReadAction","target":["https:\/\/www.in4mo.com\/da\/virksomhed\/virksomhedens-baeredygtighed\/"]}]},{"@type":"ImageObject","inLanguage":"da-DK","@id":"https:\/\/www.in4mo.com\/da\/virksomhed\/virksomhedens-baeredygtighed\/#primaryimage","url":"https:\/\/www.in4mo.com\/wp-content\/uploads\/world.jpg","contentUrl":"https:\/\/www.in4mo.com\/wp-content\/uploads\/world.jpg","width":1920,"height":1080,"caption":"Yritysvastuu"},{"@type":"BreadcrumbList","@id":"https:\/\/www.in4mo.com\/da\/virksomhed\/virksomhedens-baeredygtighed\/#breadcrumb","itemListElement":[{"@type":"ListItem","position":1,"name":"Home","item":"https:\/\/www.in4mo.com\/da\/"},{"@type":"ListItem","position":2,"name":"Virksomhed","item":"https:\/\/www.in4mo.com\/da\/virksomhed\/"},{"@type":"ListItem","position":3,"name":"Virksomhedens b\u00e6redygtighed"}]},{"@type":"WebSite","@id":"https:\/\/www.in4mo.com\/da\/#website","url":"https:\/\/www.in4mo.com\/da\/","name":"In4mo","description":"Insurance and Construction Software","potentialAction":[{"@type":"SearchAction","target":{"@type":"EntryPoint","urlTemplate":"https:\/\/www.in4mo.com\/da\/?s={search_term_string}"},"query-input":{"@type":"PropertyValueSpecification","valueRequired":true,"valueName":"search_term_string"}}],"inLanguage":"da-DK"}]}},"_links":{"self":[{"href":"https:\/\/www.in4mo.com\/da\/wp-json\/wp\/v2\/pages\/1676","targetHints":{"allow":["GET"]}}],"collection":[{"href":"https:\/\/www.in4mo.com\/da\/wp-json\/wp\/v2\/pages"}],"about":[{"href":"https:\/\/www.in4mo.com\/da\/wp-json\/wp\/v2\/types\/page"}],"author":[{"embeddable":true,"href":"https:\/\/www.in4mo.com\/da\/wp-json\/wp\/v2\/users\/1"}],"replies":[{"embeddable":true,"href":"https:\/\/www.in4mo.com\/da\/wp-json\/wp\/v2\/comments?post=1676"}],"version-history":[{"count":0,"href":"https:\/\/www.in4mo.com\/da\/wp-json\/wp\/v2\/pages\/1676\/revisions"}],"up":[{"embeddable":true,"href":"https:\/\/www.in4mo.com\/da\/wp-json\/wp\/v2\/pages\/1703"}],"wp:featuredmedia":[{"embeddable":true,"href":"https:\/\/www.in4mo.com\/da\/wp-json\/wp\/v2\/media\/1481"}],"wp:attachment":[{"href":"https:\/\/www.in4mo.com\/da\/wp-json\/wp\/v2\/media?parent=1676"}],"curies":[{"name":"wp","href":"https:\/\/api.w.org\/{rel}","templated":true}]}}