{"id":1782,"date":"2024-05-13T12:57:09","date_gmt":"2024-05-13T09:57:09","guid":{"rendered":"https:\/\/in4modevelopment.wp1.kotisivut.com\/mobilpolitik\/"},"modified":"2024-05-16T04:37:01","modified_gmt":"2024-05-16T01:37:01","slug":"mobilpolitik","status":"publish","type":"page","link":"https:\/\/www.in4mo.com\/da\/mobilpolitik\/","title":{"rendered":"Mobilpolitik"},"content":{"rendered":"<section class=\"l-section wpb_row height_huge color_primary with_img\"><div class=\"l-section-img\" role=\"img\" data-img-width=\"817\" data-img-height=\"319\" style=\"background-image: url(https:\/\/www.in4mo.com\/wp-content\/uploads\/bg-dots-white.png);background-position: center left;background-repeat: repeat-x;background-size: auto;\"><\/div><div class=\"l-section-h i-cf\"><div class=\"g-cols vc_row via_flex valign_top type_default stacking_default\"><div class=\"vc_col-sm-12 wpb_column vc_column_container\"><div class=\"vc_column-inner\"><div class=\"wpb_wrapper\"><h1 class=\"w-text\"><span class=\"w-text-h\"><span class=\"w-text-value\">Mobilpolitik<\/span><\/span><\/h1><\/div><\/div><\/div><\/div><\/div><\/section><section class=\"l-section wpb_row height_huge color_alternate\"><div class=\"l-section-h i-cf\"><div class=\"g-cols vc_row via_flex valign_top type_default stacking_default\"><div class=\"vc_col-sm-2 wpb_column vc_column_container\"><div class=\"vc_column-inner\"><div class=\"wpb_wrapper\"><\/div><\/div><\/div><div class=\"vc_col-sm-8 wpb_column vc_column_container\"><div class=\"vc_column-inner\"><div class=\"wpb_wrapper\"><div class=\"w-tabs style_default switch_click accordion has_scrolling\" style=\"--sections-title-size:inherit\"><div class=\"w-tabs-sections titles-align_none icon_chevron cpos_right\"><div class=\"w-tabs-section\" id=\"mdeb\"><button class=\"w-tabs-section-header\" aria-controls=\"content-mdeb\" aria-expanded=\"false\"><div class=\"w-tabs-section-title\">Introduktion<\/div><div class=\"w-tabs-section-control\"><\/div><\/button><div  class=\"w-tabs-section-content\" id=\"content-mdeb\"><div class=\"w-tabs-section-content-h i-cf\"><div class=\"wpb_text_column\"><div class=\"wpb_wrapper\"><p id=\"isPasted\">Denne meddelelse forklarer, hvordan vi indsamler og behandler personlige data gennem din brug af <strong>in4mo Task Reporter<\/strong>. Du kan finde flere oplysninger om vores virksomheds privatlivspolitik og dine rettigheder, og hvordan loven beskytter dig, p\u00e5 <a href=\"https:\/\/in4mo.com\/solera-in4mo-privacy-policy\/\" target=\"_blank\" rel=\"noopener noreferrer\">in4mo privacy statement<\/a>. Denne meddelelse skal l\u00e6ses sammen med vores privatlivspolitik og kan opdateres af os fra tid til anden.<\/p>\n<p>Vores applikation er ikke beregnet til mindre\u00e5rige under 16 \u00e5r, og vi indsamler ikke bevidst data vedr\u00f8rende b\u00f8rn.<\/p>\n<\/div><\/div><\/div><\/div><\/div><div class=\"w-tabs-section\" id=\"u11e\"><button class=\"w-tabs-section-header\" aria-controls=\"content-u11e\" aria-expanded=\"false\"><div class=\"w-tabs-section-title\">Indsamling af personlige data<\/div><div class=\"w-tabs-section-control\"><\/div><\/button><div  class=\"w-tabs-section-content\" id=\"content-u11e\"><div class=\"w-tabs-section-content-h i-cf\"><div class=\"wpb_text_column\"><div class=\"wpb_wrapper\"><section id=\"otnotice-section-f9f71fce-e830-402f-a4e8-8ca5c6bc953d\" class=\"otnotice-section\">\n<div class=\"otnotice-section-content\">\n<p id=\"isPasted\">N\u00e5r du bruger in4mo Task Reporter, kan du give oplysninger om forsikringstagere og deres ejendom for at administrere opgaver i forbindelse med ejendomsskader. Vi indsamler ogs\u00e5 oplysninger om dig som autoriseret bruger<span id=\"isPasted\"> <\/span>for at give adgang til tjenesten og for at forbedre vores produkter og tjenester. N\u00e5r det er n\u00f8dvendigt, giver vi oplysninger til leverand\u00f8rer, der hj\u00e6lper os med at levere denne service, andre virksomheder i Solera-koncernen og regerings- og tilsynsmyndigheder (hvor det er p\u00e5kr\u00e6vet).<\/p>\n<p>Vi s\u00e6lger ikke personoplysninger, som disse begreber er defineret i henhold til g\u00e6ldende databeskyttelseslove.<\/p>\n<p>Denne tjeneste indsamler kun f\u00f8lgende typer personlige oplysninger til det form\u00e5l, der er vist nedenfor:<\/p>\n<table id=\"isPasted\" border=\"1\" width=\"666\" cellspacing=\"0\" cellpadding=\"0\">\n<tbody>\n<tr>\n<td valign=\"top\"><strong>Indsamlede oplysninger<\/strong><\/td>\n<td valign=\"top\"><strong>Form\u00e5l med brug af information<\/strong><\/td>\n<td><strong>Registreret person(er)<\/strong><\/td>\n<\/tr>\n<tr>\n<td valign=\"top\"><strong>Identifikationsdata<\/strong><\/td>\n<td valign=\"top\">Udf\u00f8r tjenesten<\/p>\n<p>Overhold juridiske forpligtelser<\/td>\n<td>Autoriserede brugere<br id=\"isPasted\">Forsikringstagere<\/td>\n<\/tr>\n<tr>\n<td><strong>Forsikringsdata<\/strong><\/td>\n<td>\n<p id=\"isPasted\">Udf\u00f8r tjenesten<\/p>\n<\/td>\n<td>Forsikringstagere<\/td>\n<\/tr>\n<tr>\n<td><strong>Kommercielle data<\/strong><\/td>\n<td>\n<p id=\"isPasted\">Udf\u00f8r tjenesten<\/p>\n<\/td>\n<td>Forsikringstagere<\/td>\n<\/tr>\n<tr>\n<td valign=\"top\"><strong>Geolokaliseringsdata<\/strong><\/td>\n<td valign=\"top\">Udf\u00f8r tjenesten<\/td>\n<td>Forsikringstagere<\/td>\n<\/tr>\n<tr>\n<td valign=\"top\"><strong>Ejendomsdata<\/strong><\/td>\n<td valign=\"top\">Udf\u00f8r tjenesten<\/p>\n<p>Overhold juridiske forpligtelser<\/td>\n<td>Forsikringstagere<\/td>\n<\/tr>\n<tr>\n<td valign=\"top\"><strong>Teknik og brug<\/strong><\/td>\n<td valign=\"top\">Udf\u00f8r tjenesten<\/p>\n<p>Sikkerhed og fejlfinding<\/p>\n<p>Analyse<\/td>\n<td>Autoriserede brugere<\/td>\n<\/tr>\n<tr>\n<td valign=\"top\"><strong>Data om besk\u00e6ftigelse<\/strong><\/td>\n<td valign=\"top\">Udf\u00f8r tjenesten<\/td>\n<td>Autoriserede brugere<\/td>\n<\/tr>\n<tr>\n<td><strong>Fotografier<\/strong><\/td>\n<td>Udf\u00f8r tjenesten<\/td>\n<td>Forsikringstagere<\/td>\n<\/tr>\n<\/tbody>\n<\/table>\n<ul id=\"isPasted\">\n<li><strong>Identifikationsdata<\/strong> omfatter data som navn, alias, postadresse, unik personlig identifikator, online-identifikator, e-mailadresse, kontonavn, k\u00f8rekortnummer eller andre lignende identifikatorer.<\/li>\n<li id=\"isPasted\"><strong>Forsikringsdata<\/strong> omfatter data som skadenummer og andre forsikringsoplysninger.<\/li>\n<li><strong>Kommercielle<\/strong> data omfatter data som f.eks. optegnelser over personlig ejendom.<\/li>\n<li id=\"isPasted\"><strong>Geolokaliseringsdata <\/strong>omfatter data som breddegrad og l\u00e6ngdegrad for ejendommens placering.<\/li>\n<li id=\"isPasted\"><strong>Ejendomsdata<\/strong> omfatter data som f.eks. ejendommens adresse og oplysninger om skader.<\/li>\n<li id=\"isPasted\"><strong>Tekniske data og brugsdata<\/strong> omfatter data som internetprotokoladresse, login-data, browsertype og -version, tidszoneindstilling, data om enheder, der bruges til at f\u00e5 adgang til webstedet\/tjenesten, hvordan du bruger vores websted eller tjeneste, browserhistorik, s\u00f8gehistorik og oplysninger om interaktion med et internetwebsted, en applikation eller en reklame.<\/li>\n<li><strong>Besk\u00e6ftigelsesdata<\/strong> omfatter data som f.eks. oplysninger om besk\u00e6ftigelse eller et erhverv.<\/li>\n<li id=\"isPasted\"><strong>Fotografierne <\/strong>omfatter billeder af ejendommen.<\/li>\n<\/ul>\n<p id=\"isPasted\"><strong>S\u00e6rlige eller f\u00f8lsomme kategorier af personoplysninger.  <\/strong>Hvis du inkluderer fotografier af mennesker (hvilket ikke anbefales), kan fotografierne afsl\u00f8re oplysninger som race eller etnicitet.<strong>   <\/strong><\/p>\n<p><strong>Aggregerede data<\/strong>, s\u00e5som statistiske eller demografiske data, kan udledes af dine personlige data, men betragtes ikke som personlige data i henhold til loven, da de <strong>ikke<\/strong> direkte eller indirekte identificerer dig.<\/p>\n<\/div>\n<\/section>\n<section id=\"otnotice-section-0e365700-80f1-4c16-93e2-bf42c619035d\" class=\"otnotice-section\"><\/section>\n<\/div><\/div><\/div><\/div><\/div><div class=\"w-tabs-section\" id=\"f278\"><button class=\"w-tabs-section-header\" aria-controls=\"content-f278\" aria-expanded=\"false\"><div class=\"w-tabs-section-title\">Hvis du undlader at give personlige data<\/div><div class=\"w-tabs-section-control\"><\/div><\/button><div  class=\"w-tabs-section-content\" id=\"content-f278\"><div class=\"w-tabs-section-content-h i-cf\"><div class=\"wpb_text_column\"><div class=\"wpb_wrapper\"><p>Hvis vi er n\u00f8dt til at indsamle personoplysninger for at levere denne tjeneste, eller hvis det er p\u00e5kr\u00e6vet ved lov, og du ikke leverer disse oplysninger, n\u00e5r du bliver bedt om det, kan vi muligvis ikke levere tjenesten eller alle dens funktioner.<\/p>\n<\/div><\/div><\/div><\/div><\/div><div class=\"w-tabs-section\" id=\"g3ce\"><button class=\"w-tabs-section-header\" aria-controls=\"content-g3ce\" aria-expanded=\"false\"><div class=\"w-tabs-section-title\">Datasikkerhed<\/div><div class=\"w-tabs-section-control\"><\/div><\/button><div  class=\"w-tabs-section-content\" id=\"content-g3ce\"><div class=\"w-tabs-section-content-h i-cf\"><div class=\"wpb_text_column\"><div class=\"wpb_wrapper\"><p>Vi har passende sikkerhedsforanstaltninger for at beskytte data.<\/p>\n<\/div><\/div><\/div><\/div><\/div><div class=\"w-tabs-section\" id=\"m536\"><button class=\"w-tabs-section-header\" aria-controls=\"content-m536\" aria-expanded=\"false\"><div class=\"w-tabs-section-title\">Kontaktoplysninger<\/div><div class=\"w-tabs-section-control\"><\/div><\/button><div  class=\"w-tabs-section-content\" id=\"content-m536\"><div class=\"w-tabs-section-content-h i-cf\"><div class=\"wpb_text_column\"><div class=\"wpb_wrapper\"><p id=\"isPasted\">Hvis du vil have flere oplysninger om denne meddelelse eller anmode om rettigheder i henhold til lovgivningen om beskyttelse af personoplysninger, skal du udfylde formularen p\u00e5 <a href=\"https:\/\/eudsar.solera.com\/webform\/9eb91cc4-23fa-42be-9a10-ed84af223018\/36dce121-830b-426a-a4b8-ea21193a7fd2\" target=\"_blank\" rel=\"noopener noreferrer\">In4mo Excercise Your Rights<\/a> form. Du kan ogs\u00e5 kontakte os p\u00e5:<\/p>\n<p>&nbsp;<\/p>\n<p id=\"isPasted\">In4mo Oy,<\/p>\n<p>Attn: Data Privacy Champion<\/p>\n<p>Tekniikantie 12, 02150 Espoo,<\/p>\n<p>E-mail: <a href=\"mailto:privacy@solera.com\">privacy@solera.com<\/a><\/p>\n<\/div><\/div><\/div><\/div><\/div><\/div><\/div><\/div><\/div><\/div><div class=\"vc_col-sm-2 wpb_column vc_column_container\"><div class=\"vc_column-inner\"><div class=\"wpb_wrapper\"><\/div><\/div><\/div><\/div><\/div><\/section>\n","protected":false},"excerpt":{"rendered":"MobilpolitikIntroduktionDenne meddelelse forklarer, hvordan vi indsamler og behandler personlige data gennem din brug af in4mo Task Reporter. Du kan finde flere oplysninger om vores virksomheds privatlivspolitik og dine rettigheder, og hvordan loven beskytter dig, p\u00e5 in4mo privacy statement. Denne meddelelse skal l\u00e6ses sammen med vores privatlivspolitik og kan opdateres af os fra tid til anden....","protected":false},"author":1,"featured_media":0,"parent":0,"menu_order":500,"comment_status":"closed","ping_status":"closed","template":"","meta":{"footnotes":""},"class_list":["post-1782","page","type-page","status-publish","hentry"],"acf":[],"yoast_head":"<!-- This site is optimized with the Yoast SEO plugin v26.3 - https:\/\/yoast.com\/wordpress\/plugins\/seo\/ -->\n<title>Mobilpolitik - In4mo<\/title>\n<meta name=\"robots\" content=\"index, follow, max-snippet:-1, max-image-preview:large, max-video-preview:-1\" \/>\n<link rel=\"canonical\" href=\"https:\/\/www.in4mo.com\/da\/mobilpolitik\/\" \/>\n<meta property=\"og:locale\" content=\"da_DK\" \/>\n<meta property=\"og:type\" content=\"article\" \/>\n<meta property=\"og:title\" content=\"Mobilpolitik - In4mo\" \/>\n<meta property=\"og:url\" content=\"https:\/\/www.in4mo.com\/da\/mobilpolitik\/\" \/>\n<meta property=\"og:site_name\" content=\"In4mo\" \/>\n<meta property=\"article:modified_time\" content=\"2024-05-16T01:37:01+00:00\" \/>\n<meta name=\"twitter:card\" content=\"summary_large_image\" \/>\n<meta name=\"twitter:label1\" content=\"Estimeret l\u00e6setid\" \/>\n\t<meta name=\"twitter:data1\" content=\"4 minutter\" \/>\n<script type=\"application\/ld+json\" class=\"yoast-schema-graph\">{\"@context\":\"https:\/\/schema.org\",\"@graph\":[{\"@type\":\"WebPage\",\"@id\":\"https:\/\/www.in4mo.com\/da\/mobilpolitik\/\",\"url\":\"https:\/\/www.in4mo.com\/da\/mobilpolitik\/\",\"name\":\"Mobilpolitik - In4mo\",\"isPartOf\":{\"@id\":\"https:\/\/www.in4mo.com\/da\/#website\"},\"datePublished\":\"2024-05-13T09:57:09+00:00\",\"dateModified\":\"2024-05-16T01:37:01+00:00\",\"breadcrumb\":{\"@id\":\"https:\/\/www.in4mo.com\/da\/mobilpolitik\/#breadcrumb\"},\"inLanguage\":\"da-DK\",\"potentialAction\":[{\"@type\":\"ReadAction\",\"target\":[\"https:\/\/www.in4mo.com\/da\/mobilpolitik\/\"]}]},{\"@type\":\"BreadcrumbList\",\"@id\":\"https:\/\/www.in4mo.com\/da\/mobilpolitik\/#breadcrumb\",\"itemListElement\":[{\"@type\":\"ListItem\",\"position\":1,\"name\":\"Home\",\"item\":\"https:\/\/www.in4mo.com\/da\/\"},{\"@type\":\"ListItem\",\"position\":2,\"name\":\"Mobilpolitik\"}]},{\"@type\":\"WebSite\",\"@id\":\"https:\/\/www.in4mo.com\/da\/#website\",\"url\":\"https:\/\/www.in4mo.com\/da\/\",\"name\":\"In4mo\",\"description\":\"Insurance and Construction Software\",\"potentialAction\":[{\"@type\":\"SearchAction\",\"target\":{\"@type\":\"EntryPoint\",\"urlTemplate\":\"https:\/\/www.in4mo.com\/da\/?s={search_term_string}\"},\"query-input\":{\"@type\":\"PropertyValueSpecification\",\"valueRequired\":true,\"valueName\":\"search_term_string\"}}],\"inLanguage\":\"da-DK\"}]}<\/script>\n<!-- \/ Yoast SEO plugin. -->","yoast_head_json":{"title":"Mobilpolitik - In4mo","robots":{"index":"index","follow":"follow","max-snippet":"max-snippet:-1","max-image-preview":"max-image-preview:large","max-video-preview":"max-video-preview:-1"},"canonical":"https:\/\/www.in4mo.com\/da\/mobilpolitik\/","og_locale":"da_DK","og_type":"article","og_title":"Mobilpolitik - In4mo","og_url":"https:\/\/www.in4mo.com\/da\/mobilpolitik\/","og_site_name":"In4mo","article_modified_time":"2024-05-16T01:37:01+00:00","twitter_card":"summary_large_image","twitter_misc":{"Estimeret l\u00e6setid":"4 minutter"},"schema":{"@context":"https:\/\/schema.org","@graph":[{"@type":"WebPage","@id":"https:\/\/www.in4mo.com\/da\/mobilpolitik\/","url":"https:\/\/www.in4mo.com\/da\/mobilpolitik\/","name":"Mobilpolitik - In4mo","isPartOf":{"@id":"https:\/\/www.in4mo.com\/da\/#website"},"datePublished":"2024-05-13T09:57:09+00:00","dateModified":"2024-05-16T01:37:01+00:00","breadcrumb":{"@id":"https:\/\/www.in4mo.com\/da\/mobilpolitik\/#breadcrumb"},"inLanguage":"da-DK","potentialAction":[{"@type":"ReadAction","target":["https:\/\/www.in4mo.com\/da\/mobilpolitik\/"]}]},{"@type":"BreadcrumbList","@id":"https:\/\/www.in4mo.com\/da\/mobilpolitik\/#breadcrumb","itemListElement":[{"@type":"ListItem","position":1,"name":"Home","item":"https:\/\/www.in4mo.com\/da\/"},{"@type":"ListItem","position":2,"name":"Mobilpolitik"}]},{"@type":"WebSite","@id":"https:\/\/www.in4mo.com\/da\/#website","url":"https:\/\/www.in4mo.com\/da\/","name":"In4mo","description":"Insurance and Construction Software","potentialAction":[{"@type":"SearchAction","target":{"@type":"EntryPoint","urlTemplate":"https:\/\/www.in4mo.com\/da\/?s={search_term_string}"},"query-input":{"@type":"PropertyValueSpecification","valueRequired":true,"valueName":"search_term_string"}}],"inLanguage":"da-DK"}]}},"_links":{"self":[{"href":"https:\/\/www.in4mo.com\/da\/wp-json\/wp\/v2\/pages\/1782","targetHints":{"allow":["GET"]}}],"collection":[{"href":"https:\/\/www.in4mo.com\/da\/wp-json\/wp\/v2\/pages"}],"about":[{"href":"https:\/\/www.in4mo.com\/da\/wp-json\/wp\/v2\/types\/page"}],"author":[{"embeddable":true,"href":"https:\/\/www.in4mo.com\/da\/wp-json\/wp\/v2\/users\/1"}],"replies":[{"embeddable":true,"href":"https:\/\/www.in4mo.com\/da\/wp-json\/wp\/v2\/comments?post=1782"}],"version-history":[{"count":0,"href":"https:\/\/www.in4mo.com\/da\/wp-json\/wp\/v2\/pages\/1782\/revisions"}],"wp:attachment":[{"href":"https:\/\/www.in4mo.com\/da\/wp-json\/wp\/v2\/media?parent=1782"}],"curies":[{"name":"wp","href":"https:\/\/api.w.org\/{rel}","templated":true}]}}