{"id":1681,"date":"2024-03-28T14:25:12","date_gmt":"2024-03-28T12:25:12","guid":{"rendered":"https:\/\/in4modevelopment.wp1.kotisivut.com\/politiken\/"},"modified":"2024-05-16T04:36:15","modified_gmt":"2024-05-16T01:36:15","slug":"politiken","status":"publish","type":"page","link":"https:\/\/www.in4mo.com\/de\/politiken\/","title":{"rendered":"Politiken"},"content":{"rendered":"<section class=\"l-section wpb_row height_huge color_primary with_img\"><div class=\"l-section-img\" role=\"img\" data-img-width=\"817\" data-img-height=\"319\" style=\"background-image: url(https:\/\/www.in4mo.com\/wp-content\/uploads\/bg-dots-white.png);background-position: center left;background-repeat: repeat-x;background-size: auto;\"><\/div><div class=\"l-section-h i-cf\"><div class=\"g-cols vc_row via_flex valign_top type_default stacking_default\"><div class=\"vc_col-sm-12 wpb_column vc_column_container\"><div class=\"vc_column-inner\"><div class=\"wpb_wrapper\"><h1 class=\"w-text\"><span class=\"w-text-h\"><span class=\"w-text-value\">Politiken<\/span><\/span><\/h1><\/div><\/div><\/div><\/div><\/div><\/section><section class=\"l-section wpb_row height_huge color_alternate\"><div class=\"l-section-h i-cf\"><div class=\"g-cols vc_row via_flex valign_top type_default stacking_default\"><div class=\"vc_col-sm-2 wpb_column vc_column_container\"><div class=\"vc_column-inner\"><div class=\"wpb_wrapper\"><\/div><\/div><\/div><div class=\"vc_col-sm-8 wpb_column vc_column_container\"><div class=\"vc_column-inner\"><div class=\"wpb_wrapper\"><div class=\"wpb_text_column\"><div class=\"wpb_wrapper\"><ul>\n<li><strong><a href=\"https:\/\/solerainc.sharepoint.com\/Policies\/Documents\/Forms\/AllItems.aspx?id=%2FPolicies%2FDocuments%2FAnti%2DCorruption%20Policy%204%2E4%2E23%2Epdf&amp;parent=%2FPolicies%2FDocuments\">Antikorruptionspolitik<\/a><\/strong><\/li>\n<li><strong><a href=\"https:\/\/www.solera.com\/wp-content\/uploads\/2022\/09\/Solera-Code-of-Conduct_7_13_22.pdf\">Verhaltenskodex Politik<\/a><\/strong><\/li>\n<li><strong><a href=\"https:\/\/solerainc.sharepoint.com\/:w:\/r\/Policies\/_layouts\/15\/Doc.aspx?sourcedoc=%7BE4BD2533-929A-41B8-A90C-CA2D6223F51F%7D&amp;file=Europe_Solera%20Employee%20Privacy%20Notice%20effective%20Dec%2013%202021.docx&amp;action=default&amp;mobileredirect=true\">Datenschutzerkl\u00e4rung f\u00fcr Mitarbeiter<\/a><\/strong><\/li>\n<li><strong><a href=\"https:\/\/solerainc.sharepoint.com\/Policies\/Documents\/Forms\/AllItems.aspx?id=%2FPolicies%2FDocuments%2F2022%20Global%20Personal%20Data%20Protection%20Governance%20Policy%2Epdf&amp;parent=%2FPolicies%2FDocuments\">Globale Datenschutzrichtlinie<\/a><\/strong><\/li>\n<li><strong><a href=\"https:\/\/solerainc.sharepoint.com\/Policies\/Documents\/Forms\/AllItems.aspx?id=%2FPolicies%2FDocuments%2F2022%2005%2022%20Solera%20Whistle%20Blower%20Policy%2Epdf&amp;parent=%2FPolicies%2FDocuments\">Whistleblower-Richtlinie<\/a><\/strong><\/li>\n<\/ul>\n<h2>Berichte<\/h2>\n<ul>\n<li><strong><a href=\"\/wp-content\/uploads\/Jahreserkl\u00e4rung zur Korruptionsbek\u00e4mpfung-2023.pdf\">J\u00e4hrliche Erkl\u00e4rung zur Korruptionsbek\u00e4mpfung 2023<\/a><\/strong><\/li>\n<li><strong><a href=\"\/wp-content\/uploads\/Jahresbericht-I.T.-Sicherheitsvorfall-2023.pdf\">J\u00e4hrliche I.T. Sicherheitsvorf\u00e4lle 2023<\/a><\/strong><\/li>\n<li><strong><a href=\"\/wp-content\/uploads\/in4mo-Jahres-Energieberechnung-2023.pdf\">in4mo J\u00e4hrliche Energieberechnung 2023<\/a><\/strong><\/li>\n<\/ul>\n<\/div><\/div><\/div><\/div><\/div><div class=\"vc_col-sm-2 wpb_column vc_column_container\"><div class=\"vc_column-inner\"><div class=\"wpb_wrapper\"><\/div><\/div><\/div><\/div><\/div><\/section>\n","protected":false},"excerpt":{"rendered":"Politiken Antikorruptionspolitik Verhaltenskodex Politik Datenschutzerkl\u00e4rung f\u00fcr Mitarbeiter Globale Datenschutzrichtlinie Whistleblower-Richtlinie Berichte J\u00e4hrliche Erkl\u00e4rung zur Korruptionsbek\u00e4mpfung 2023 J\u00e4hrliche I.T. Sicherheitsvorf\u00e4lle 2023 in4mo J\u00e4hrliche Energieberechnung 2023","protected":false},"author":1,"featured_media":0,"parent":0,"menu_order":200,"comment_status":"closed","ping_status":"closed","template":"","meta":{"footnotes":""},"class_list":["post-1681","page","type-page","status-publish","hentry"],"acf":[],"yoast_head":"<!-- This site is optimized with the Yoast SEO plugin v26.3 - https:\/\/yoast.com\/wordpress\/plugins\/seo\/ -->\n<title>Politiken - In4mo<\/title>\n<meta name=\"robots\" content=\"index, follow, max-snippet:-1, max-image-preview:large, max-video-preview:-1\" \/>\n<link rel=\"canonical\" href=\"https:\/\/www.in4mo.com\/de\/politiken\/\" \/>\n<meta property=\"og:locale\" content=\"de_DE\" \/>\n<meta property=\"og:type\" content=\"article\" \/>\n<meta property=\"og:title\" content=\"Politiken - In4mo\" \/>\n<meta property=\"og:url\" content=\"https:\/\/www.in4mo.com\/de\/politiken\/\" \/>\n<meta property=\"og:site_name\" content=\"In4mo\" \/>\n<meta property=\"article:modified_time\" content=\"2024-05-16T01:36:15+00:00\" \/>\n<meta name=\"twitter:card\" content=\"summary_large_image\" \/>\n<meta name=\"twitter:label1\" content=\"Gesch\u00e4tzte Lesezeit\" \/>\n\t<meta name=\"twitter:data1\" content=\"1\u00a0Minute\" \/>\n<script type=\"application\/ld+json\" class=\"yoast-schema-graph\">{\"@context\":\"https:\/\/schema.org\",\"@graph\":[{\"@type\":\"WebPage\",\"@id\":\"https:\/\/www.in4mo.com\/de\/politiken\/\",\"url\":\"https:\/\/www.in4mo.com\/de\/politiken\/\",\"name\":\"Politiken - In4mo\",\"isPartOf\":{\"@id\":\"https:\/\/www.in4mo.com\/de\/#website\"},\"datePublished\":\"2024-03-28T12:25:12+00:00\",\"dateModified\":\"2024-05-16T01:36:15+00:00\",\"breadcrumb\":{\"@id\":\"https:\/\/www.in4mo.com\/de\/politiken\/#breadcrumb\"},\"inLanguage\":\"de\",\"potentialAction\":[{\"@type\":\"ReadAction\",\"target\":[\"https:\/\/www.in4mo.com\/de\/politiken\/\"]}]},{\"@type\":\"BreadcrumbList\",\"@id\":\"https:\/\/www.in4mo.com\/de\/politiken\/#breadcrumb\",\"itemListElement\":[{\"@type\":\"ListItem\",\"position\":1,\"name\":\"Home\",\"item\":\"https:\/\/www.in4mo.com\/de\/\"},{\"@type\":\"ListItem\",\"position\":2,\"name\":\"Politiken\"}]},{\"@type\":\"WebSite\",\"@id\":\"https:\/\/www.in4mo.com\/de\/#website\",\"url\":\"https:\/\/www.in4mo.com\/de\/\",\"name\":\"In4mo\",\"description\":\"Insurance and Construction Software\",\"potentialAction\":[{\"@type\":\"SearchAction\",\"target\":{\"@type\":\"EntryPoint\",\"urlTemplate\":\"https:\/\/www.in4mo.com\/de\/?s={search_term_string}\"},\"query-input\":{\"@type\":\"PropertyValueSpecification\",\"valueRequired\":true,\"valueName\":\"search_term_string\"}}],\"inLanguage\":\"de\"}]}<\/script>\n<!-- \/ Yoast SEO plugin. -->","yoast_head_json":{"title":"Politiken - In4mo","robots":{"index":"index","follow":"follow","max-snippet":"max-snippet:-1","max-image-preview":"max-image-preview:large","max-video-preview":"max-video-preview:-1"},"canonical":"https:\/\/www.in4mo.com\/de\/politiken\/","og_locale":"de_DE","og_type":"article","og_title":"Politiken - In4mo","og_url":"https:\/\/www.in4mo.com\/de\/politiken\/","og_site_name":"In4mo","article_modified_time":"2024-05-16T01:36:15+00:00","twitter_card":"summary_large_image","twitter_misc":{"Gesch\u00e4tzte Lesezeit":"1\u00a0Minute"},"schema":{"@context":"https:\/\/schema.org","@graph":[{"@type":"WebPage","@id":"https:\/\/www.in4mo.com\/de\/politiken\/","url":"https:\/\/www.in4mo.com\/de\/politiken\/","name":"Politiken - In4mo","isPartOf":{"@id":"https:\/\/www.in4mo.com\/de\/#website"},"datePublished":"2024-03-28T12:25:12+00:00","dateModified":"2024-05-16T01:36:15+00:00","breadcrumb":{"@id":"https:\/\/www.in4mo.com\/de\/politiken\/#breadcrumb"},"inLanguage":"de","potentialAction":[{"@type":"ReadAction","target":["https:\/\/www.in4mo.com\/de\/politiken\/"]}]},{"@type":"BreadcrumbList","@id":"https:\/\/www.in4mo.com\/de\/politiken\/#breadcrumb","itemListElement":[{"@type":"ListItem","position":1,"name":"Home","item":"https:\/\/www.in4mo.com\/de\/"},{"@type":"ListItem","position":2,"name":"Politiken"}]},{"@type":"WebSite","@id":"https:\/\/www.in4mo.com\/de\/#website","url":"https:\/\/www.in4mo.com\/de\/","name":"In4mo","description":"Insurance and Construction Software","potentialAction":[{"@type":"SearchAction","target":{"@type":"EntryPoint","urlTemplate":"https:\/\/www.in4mo.com\/de\/?s={search_term_string}"},"query-input":{"@type":"PropertyValueSpecification","valueRequired":true,"valueName":"search_term_string"}}],"inLanguage":"de"}]}},"_links":{"self":[{"href":"https:\/\/www.in4mo.com\/de\/wp-json\/wp\/v2\/pages\/1681","targetHints":{"allow":["GET"]}}],"collection":[{"href":"https:\/\/www.in4mo.com\/de\/wp-json\/wp\/v2\/pages"}],"about":[{"href":"https:\/\/www.in4mo.com\/de\/wp-json\/wp\/v2\/types\/page"}],"author":[{"embeddable":true,"href":"https:\/\/www.in4mo.com\/de\/wp-json\/wp\/v2\/users\/1"}],"replies":[{"embeddable":true,"href":"https:\/\/www.in4mo.com\/de\/wp-json\/wp\/v2\/comments?post=1681"}],"version-history":[{"count":0,"href":"https:\/\/www.in4mo.com\/de\/wp-json\/wp\/v2\/pages\/1681\/revisions"}],"wp:attachment":[{"href":"https:\/\/www.in4mo.com\/de\/wp-json\/wp\/v2\/media?parent=1681"}],"curies":[{"name":"wp","href":"https:\/\/api.w.org\/{rel}","templated":true}]}}