{"id":1683,"date":"2024-03-28T13:19:05","date_gmt":"2024-03-28T11:19:05","guid":{"rendered":"https:\/\/in4modevelopment.wp1.kotisivut.com\/unternehmerische-nachhaltigkeit\/"},"modified":"2025-04-10T09:47:49","modified_gmt":"2025-04-10T06:47:49","slug":"unternehmerische-nachhaltigkeit","status":"publish","type":"page","link":"https:\/\/www.in4mo.com\/de\/unternehmen\/unternehmerische-nachhaltigkeit\/","title":{"rendered":"Unternehmerische Nachhaltigkeit"},"content":{"rendered":"<section class=\"l-section wpb_row height_huge full_height valign_center color_primary with_img\"><div class=\"l-section-img\" role=\"img\" data-img-width=\"1920\" data-img-height=\"1080\" style=\"background-image: url(https:\/\/www.in4mo.com\/wp-content\/uploads\/world.jpg);background-repeat: no-repeat;\"><\/div><div class=\"l-section-overlay\" style=\"background:rgba(0,0,0,0.45)\"><\/div><div class=\"l-section-h i-cf\"><div class=\"g-cols vc_row via_flex valign_top type_default stacking_default\"><div class=\"vc_col-sm-12 wpb_column vc_column_container\"><div class=\"vc_column-inner\"><div class=\"wpb_wrapper\"><h1 class=\"w-text us_custom_5b4774b9 us_animate_this\"><span class=\"w-text-h\"><span class=\"w-text-value\">Unternehmerische Nachhaltigkeit<\/span><\/span><\/h1><p class=\"w-text us_custom_9ba94f84 ingressi us_animate_this\"><span class=\"w-text-h\"><span class=\"w-text-value\">F\u00fcr eine gr\u00fcnere Zukunft<\/span><\/span><\/p><div class=\"w-iconbox us_custom_1d5f25b7 us_animate_this iconpos_top style_circle color_custom align_center no_text no_title\"><a href=\"#down\" class=\"w-iconbox-link\" aria-label=\"fas|chevron-down\"><div class=\"w-iconbox-icon\" style=\"font-size:1rem;--icon-color:var(--color-content-link);--icon-bg-color:rgba(255,255,255,0.75);\"><i class=\"fas fa-chevron-down\"><\/i><\/div><\/a><div class=\"w-iconbox-meta\"><\/div><\/div><\/div><\/div><\/div><\/div><\/div><\/section><section class=\"l-section wpb_row height_huge\" id=\"down\"><div class=\"l-section-h i-cf\"><div class=\"g-cols vc_row via_flex valign_top type_default stacking_default\"><div class=\"vc_col-sm-12 wpb_column vc_column_container\"><div class=\"vc_column-inner\"><div class=\"wpb_wrapper\"><div class=\"wpb_text_column\"><div class=\"wpb_wrapper\"><h2>In die richtige Richtung<\/h2>\n<p>in4mo hat sich verpflichtet, eine solide Corporate Social Responsibility (CSR) Praxis zu verfolgen. Wir haben diese Reise mit der Einf\u00fchrung des in4mo CSR-Managementsystems begonnen, um die Kernthemen der sozialen Verantwortung (CSR-Governance, Menschenrechte, Arbeitspraktiken, Umwelt, faire Gesch\u00e4ftspraktiken, Verbraucherfragen, Engagement f\u00fcr die Gemeinschaft und Entwicklung) in der internen Organisation von in4mo und bei unseren Lieferanten abzudecken. W\u00e4hrend wir mehr dar\u00fcber lernen, was f\u00fcr uns als Organisation funktioniert und was nicht, wollen wir unseren CSR-Ansatz kontinuierlich verbessern und eine bessere Version von uns selbst werden. Als Teil der CSR-Praktiken unterst\u00fctzt in4mo die wichtigen Prinzipien des Global Compact der Vereinten Nationen und die Konvention der Internationalen Arbeitsorganisation. Dar\u00fcber hinaus haben wir uns mit den Seenotrettern verb\u00fcndet, indem wir die John Nurminen Foundation unterst\u00fctzen. Dar\u00fcber hinaus haben wir Initiativen zur verantwortungsvollen Entsorgung von elektronischen Ger\u00e4ten eingef\u00fchrt, die unser Engagement f\u00fcr unternehmerische Nachhaltigkeit unterstreichen.<\/p>\n<\/div><\/div><\/div><\/div><\/div><\/div><\/div><\/section><section class=\"l-section wpb_row height_huge color_alternate\"><div class=\"l-section-h i-cf\"><div class=\"g-cols vc_row via_flex valign_top type_default stacking_default\"><div class=\"vc_col-sm-12 wpb_column vc_column_container\"><div class=\"vc_column-inner\"><div class=\"wpb_wrapper\"><div class=\"g-cols wpb_row via_flex valign_middle type_default stacking_default\"><div class=\"vc_col-sm-12 vc_col-lg-6 vc_col-md-6 wpb_column vc_column_container\"><div class=\"vc_column-inner us_custom_7e20fa79 us_animate_this\"><div class=\"wpb_wrapper\"><div class=\"w-image us_custom_30e316af has_ratio align_none\"><div class=\"w-image-h\"><div style=\"padding-bottom:75%\"><\/div><img decoding=\"async\" width=\"960\" height=\"1012\" src=\"https:\/\/www.in4mo.com\/wp-content\/uploads\/co2.jpg\" class=\"attachment-large size-large\" alt=\"\" loading=\"lazy\" srcset=\"https:\/\/www.in4mo.com\/wp-content\/uploads\/co2.jpg 960w, https:\/\/www.in4mo.com\/wp-content\/uploads\/co2-285x300.jpg 285w\" sizes=\"auto, (max-width: 960px) 100vw, 960px\" \/><\/div><\/div><\/div><\/div><\/div><div class=\"vc_col-sm-12 vc_col-lg-6 vc_col-md-6 wpb_column vc_column_container\"><div class=\"vc_column-inner us_custom_47474b22 us_animate_this\"><div class=\"wpb_wrapper\"><div class=\"wpb_text_column us_custom_d98eb4eb\"><div class=\"wpb_wrapper\"><h4>Zertifizierte Emission Estimatics von in4mo<\/h4>\n<p>Wir freuen uns, Ihnen mitteilen zu k\u00f6nnen, dass unser CO<sub>2<\/sub>-Rechner Emission Estimatics mit dem ISO 14064-1-Zertifikat ausgezeichnet wurde. Das Early Access Programm ist f\u00fcr unsere Kunden verf\u00fcgbar. Nehmen Sie Kontakt mit Ihrem Ansprechpartner auf, um mehr zu erfahren.<\/p>\n<\/div><\/div><div class=\"w-separator size_medium\"><\/div><div class=\"w-btn-wrapper align_none\"><a class=\"w-btn us-btn-style_3 icon_atleft\" href=\"https:\/\/www.in4mo.com\/wp-content\/uploads\/ISO14064-3DECOFVER.064-2.D01-ENG-in4mo-1-1200x1696-1.png\"><i class=\"fas fa-download\"><\/i><span class=\"w-btn-label\">Stand der \u00dcberpr\u00fcfung<\/span><\/a><\/div><\/div><\/div><\/div><\/div><div class=\"w-separator size_large\"><\/div><div class=\"g-cols wpb_row via_flex valign_middle type_default reversed stacking_default\"><div class=\"vc_col-sm-12 vc_col-lg-6 vc_col-md-6 wpb_column vc_column_container\"><div class=\"vc_column-inner us_custom_7e20fa79 us_animate_this\"><div class=\"wpb_wrapper\"><div class=\"wpb_text_column us_custom_d98eb4eb\"><div class=\"wpb_wrapper\"><h4>Ecovadis<\/h4>\n<p>Die Verleihung der Silbermedaille durch EcoVadis im dritte Jahr in Folge ist ein gro\u00dfer Erfolg f\u00fcr unser Unternehmen, der unsere hervorragende Leistung und unser Engagement f\u00fcr nachhaltige Praktiken unterstreicht. Diese Anerkennung best\u00e4tigt, dass unsere Nachhaltigkeitsinitiativen internationalen Standards und optimalen Methoden entsprechen und positioniert uns als f\u00fchrendes Unternehmen im Bereich der verantwortungsvollen Gesch\u00e4ftst\u00e4tigkeit.<\/p>\n<\/div><\/div><div class=\"w-separator size_medium\"><\/div><div class=\"w-btn-wrapper align_none\"><a class=\"w-btn us-btn-style_3\" target=\"_blank\" href=\"https:\/\/ecovadis.com\/?utm_source=Google+&amp;utm_medium=paid&amp;utm_campaign=2024-04-Brand-NA-UK-BENELUX-NORDICS-Google+Ads\"><span class=\"w-btn-label\">Seite besuchen<\/span><\/a><\/div><\/div><\/div><\/div><div class=\"vc_col-sm-12 vc_col-lg-6 vc_col-md-6 wpb_column vc_column_container\"><div class=\"vc_column-inner\"><div class=\"wpb_wrapper\"><div class=\"w-image us_custom_7364406c us_animate_this has_ratio align_none\"><div class=\"w-image-h\"><div style=\"padding-bottom:75%\"><\/div><img decoding=\"async\" width=\"1024\" height=\"756\" src=\"https:\/\/www.in4mo.com\/wp-content\/uploads\/ecovadis-2024-1024x756.png\" class=\"attachment-large size-large\" alt=\"\" loading=\"lazy\" srcset=\"https:\/\/www.in4mo.com\/wp-content\/uploads\/ecovadis-2024-1024x756.png 1024w, https:\/\/www.in4mo.com\/wp-content\/uploads\/ecovadis-2024-300x221.png 300w, https:\/\/www.in4mo.com\/wp-content\/uploads\/ecovadis-2024.png 1038w\" sizes=\"auto, (max-width: 1024px) 100vw, 1024px\" \/><\/div><\/div><\/div><\/div><\/div><\/div><div class=\"w-separator size_large\"><\/div><div class=\"g-cols wpb_row via_flex valign_middle type_default stacking_default\"><div class=\"vc_col-sm-12 vc_col-lg-6 vc_col-md-6 wpb_column vc_column_container\"><div class=\"vc_column-inner us_custom_7e20fa79 us_animate_this\"><div class=\"wpb_wrapper\"><div class=\"w-image us_custom_30e316af has_ratio align_none\"><div class=\"w-image-h\"><div style=\"padding-bottom:75%\"><\/div><img decoding=\"async\" width=\"960\" height=\"1012\" src=\"https:\/\/www.in4mo.com\/wp-content\/uploads\/SDG.jpg\" class=\"attachment-large size-large\" alt=\"\" loading=\"lazy\" srcset=\"https:\/\/www.in4mo.com\/wp-content\/uploads\/SDG.jpg 960w, https:\/\/www.in4mo.com\/wp-content\/uploads\/SDG-285x300.jpg 285w\" sizes=\"auto, (max-width: 960px) 100vw, 960px\" \/><\/div><\/div><\/div><\/div><\/div><div class=\"vc_col-sm-12 vc_col-lg-6 vc_col-md-6 wpb_column vc_column_container\"><div class=\"vc_column-inner us_custom_47474b22 us_animate_this\"><div class=\"wpb_wrapper\"><div class=\"wpb_text_column us_custom_d98eb4eb\"><div class=\"wpb_wrapper\"><h4>Global Compact der Vereinten Nationen<\/h4>\n<p>Wir sind stolz darauf, dem Global Compact der Vereinten Nationen beizutreten und uns damit zu einem verantwortungsvollen Unternehmen zu machen. Diese Verpflichtung besteht darin, verantwortungsvoll und im Einklang mit den universellen Prinzipien der Nachhaltigkeit zu handeln, Ma\u00dfnahmen zur Unterst\u00fctzung der Gesellschaft zu ergreifen und dem UN Global Compact j\u00e4hrlich \u00fcber unsere laufenden Bem\u00fchungen zu berichten.<\/p>\n<\/div><\/div><div class=\"w-separator size_medium\"><\/div><div class=\"w-btn-wrapper align_none\"><a class=\"w-btn us-btn-style_3\" target=\"_blank\" href=\"https:\/\/unglobalcompact.org\/\"><span class=\"w-btn-label\">Seite besuchen<\/span><\/a><\/div><\/div><\/div><\/div><\/div><div class=\"w-separator size_large\"><\/div><div class=\"g-cols wpb_row via_flex valign_middle type_default reversed stacking_default\"><div class=\"vc_col-sm-12 vc_col-lg-6 vc_col-md-6 wpb_column vc_column_container\"><div class=\"vc_column-inner us_custom_7e20fa79 us_animate_this\"><div class=\"wpb_wrapper\"><div class=\"wpb_text_column us_custom_d98eb4eb\"><div class=\"wpb_wrapper\"><h4>Wir ebnen den Weg f\u00fcr eine gr\u00fcnere Zukunft!<\/h4>\n<p>in4mo ist eine Partnerschaft mit Lassila &amp; Tikanoja Oyj eingegangen, um das verantwortungsvolle Recycling von Laptops und I.T.-Komponenten zu erleichtern. Diese strategische Allianz f\u00f6rdert ein geschlossenes Kreislaufsystem, das Abf\u00e4lle effektiv minimiert, wertvolle Ressourcen schont und die Umweltbelastung durch elektronische Ger\u00e4te verringert.<\/p>\n<\/div><\/div><\/div><\/div><\/div><div class=\"vc_col-sm-12 vc_col-lg-6 vc_col-md-6 wpb_column vc_column_container\"><div class=\"vc_column-inner us_custom_47474b22 us_animate_this\"><div class=\"wpb_wrapper\"><div class=\"w-image us_custom_30e316af has_ratio align_none\"><div class=\"w-image-h\"><div style=\"padding-bottom:75%\"><\/div><img decoding=\"async\" width=\"960\" height=\"1012\" src=\"https:\/\/www.in4mo.com\/wp-content\/uploads\/greener-future2.jpg\" class=\"attachment-large size-large\" alt=\"\" loading=\"lazy\" srcset=\"https:\/\/www.in4mo.com\/wp-content\/uploads\/greener-future2.jpg 960w, https:\/\/www.in4mo.com\/wp-content\/uploads\/greener-future2-285x300.jpg 285w\" sizes=\"auto, (max-width: 960px) 100vw, 960px\" \/><\/div><\/div><\/div><\/div><\/div><\/div><div class=\"w-separator size_large\"><\/div><div class=\"g-cols wpb_row via_flex valign_middle type_default stacking_default\"><div class=\"vc_col-sm-12 vc_col-lg-6 vc_col-md-6 wpb_column vc_column_container\"><div class=\"vc_column-inner us_custom_7e20fa79 us_animate_this\"><div class=\"wpb_wrapper\"><div class=\"w-image us_custom_30e316af has_ratio align_none\"><div class=\"w-image-h\"><div style=\"padding-bottom:75%\"><\/div><img decoding=\"async\" width=\"960\" height=\"1012\" src=\"https:\/\/www.in4mo.com\/wp-content\/uploads\/sustainability-policies.jpg\" class=\"attachment-large size-large\" alt=\"\" loading=\"lazy\" srcset=\"https:\/\/www.in4mo.com\/wp-content\/uploads\/sustainability-policies.jpg 960w, https:\/\/www.in4mo.com\/wp-content\/uploads\/sustainability-policies-285x300.jpg 285w\" sizes=\"auto, (max-width: 960px) 100vw, 960px\" \/><\/div><\/div><\/div><\/div><\/div><div class=\"vc_col-sm-12 vc_col-lg-6 vc_col-md-6 wpb_column vc_column_container\"><div class=\"vc_column-inner us_custom_47474b22 us_animate_this\"><div class=\"wpb_wrapper\"><div class=\"wpb_text_column us_custom_d98eb4eb\"><div class=\"wpb_wrapper\"><h4>Nachhaltige Politiken<\/h4>\n<p>Bei in4mo bestimmt Nachhaltigkeit unsere Politik, w\u00e4hrend unsere j\u00e4hrliche CSR-Pr\u00fcfung Verantwortlichkeit und positive Auswirkungen sicherstellt.<\/p>\n<\/div><\/div><div class=\"w-separator size_medium\"><\/div><div class=\"w-btn-wrapper align_none\"><a class=\"w-btn us-btn-style_3\" href=\"\/de\/politiken\/\"><span class=\"w-btn-label\">Regeln<\/span><\/a><\/div><\/div><\/div><\/div><\/div><div class=\"w-separator size_large\"><\/div><div class=\"g-cols wpb_row via_flex valign_middle type_default reversed stacking_default\"><div class=\"vc_col-sm-12 vc_col-lg-6 vc_col-md-6 wpb_column vc_column_container\"><div class=\"vc_column-inner us_custom_7e20fa79 us_animate_this\"><div class=\"wpb_wrapper\"><div class=\"wpb_text_column us_custom_d98eb4eb\"><div class=\"wpb_wrapper\"><h4>Die John Nurminen Stiftung<\/h4>\n<p>Wir haben uns als Unterst\u00fctzer der John Nurminen Foundation den Rettern der Ostsee angeschlossen! Wir wollen sicherstellen, dass unser einziges Meer auch f\u00fcr zuk\u00fcnftige Generationen lebendig bleibt. Die John Nurminen Stiftung setzt sich konkret f\u00fcr die Ostsee und ihr Erbe ein.<\/p>\n<\/div><\/div><div class=\"w-separator size_medium\"><\/div><div class=\"w-btn-wrapper align_none\"><a class=\"w-btn us-btn-style_3\" target=\"_blank\" href=\"https:\/\/johnnurmisensaatio.fi\/en\/\"><span class=\"w-btn-label\">Seite besuchen<\/span><\/a><\/div><\/div><\/div><\/div><div class=\"vc_col-sm-12 vc_col-lg-6 vc_col-md-6 wpb_column vc_column_container\"><div class=\"vc_column-inner us_custom_47474b22 us_animate_this\"><div class=\"wpb_wrapper\"><div class=\"w-image us_custom_30e316af has_ratio align_none\"><div class=\"w-image-h\"><div style=\"padding-bottom:75%\"><\/div><img decoding=\"async\" width=\"960\" height=\"1012\" src=\"https:\/\/www.in4mo.com\/wp-content\/uploads\/john-nurminen-foundation.jpg\" class=\"attachment-large size-large\" alt=\"\" loading=\"lazy\" srcset=\"https:\/\/www.in4mo.com\/wp-content\/uploads\/john-nurminen-foundation.jpg 960w, https:\/\/www.in4mo.com\/wp-content\/uploads\/john-nurminen-foundation-285x300.jpg 285w\" sizes=\"auto, (max-width: 960px) 100vw, 960px\" \/><\/div><\/div><\/div><\/div><\/div><\/div><\/div><\/div><\/div><\/div><\/div><\/section>\n","protected":false},"excerpt":{"rendered":"Unternehmerische NachhaltigkeitF\u00fcr eine gr\u00fcnere ZukunftIn die richtige Richtung in4mo hat sich verpflichtet, eine solide Corporate Social Responsibility (CSR) Praxis zu verfolgen. Wir haben diese Reise mit der Einf\u00fchrung des in4mo CSR-Managementsystems begonnen, um die Kernthemen der sozialen Verantwortung (CSR-Governance, Menschenrechte, Arbeitspraktiken, Umwelt, faire Gesch\u00e4ftspraktiken, Verbraucherfragen, Engagement f\u00fcr die Gemeinschaft und Entwicklung) in der internen Organisation...","protected":false},"author":1,"featured_media":1483,"parent":1712,"menu_order":9,"comment_status":"closed","ping_status":"closed","template":"","meta":{"footnotes":""},"class_list":["post-1683","page","type-page","status-publish","has-post-thumbnail","hentry"],"acf":[],"yoast_head":"<!-- This site is optimized with the Yoast SEO plugin v26.3 - https:\/\/yoast.com\/wordpress\/plugins\/seo\/ -->\n<title>Unternehmerische Nachhaltigkeit - In4mo<\/title>\n<meta name=\"description\" content=\"Wir sind bestrebt, umweltfreundliche Einrichtungen und Prozesse zu unterhalten, die unser Engagement f\u00fcr eine gr\u00fcnere Zukunft verk\u00f6rpern.\" \/>\n<meta name=\"robots\" content=\"index, follow, max-snippet:-1, max-image-preview:large, max-video-preview:-1\" \/>\n<link rel=\"canonical\" href=\"https:\/\/www.in4mo.com\/de\/unternehmen\/unternehmerische-nachhaltigkeit\/\" \/>\n<meta property=\"og:locale\" content=\"de_DE\" \/>\n<meta property=\"og:type\" content=\"article\" \/>\n<meta property=\"og:title\" content=\"Unternehmerische Nachhaltigkeit - In4mo\" \/>\n<meta property=\"og:description\" content=\"Wir sind bestrebt, umweltfreundliche Einrichtungen und Prozesse zu unterhalten, die unser Engagement f\u00fcr eine gr\u00fcnere Zukunft verk\u00f6rpern.\" \/>\n<meta property=\"og:url\" content=\"https:\/\/www.in4mo.com\/de\/unternehmen\/unternehmerische-nachhaltigkeit\/\" \/>\n<meta property=\"og:site_name\" content=\"In4mo\" \/>\n<meta property=\"article:modified_time\" content=\"2025-04-10T06:47:49+00:00\" \/>\n<meta property=\"og:image\" content=\"https:\/\/www.in4mo.com\/wp-content\/uploads\/world.jpg\" \/>\n\t<meta property=\"og:image:width\" content=\"1920\" \/>\n\t<meta property=\"og:image:height\" content=\"1080\" \/>\n\t<meta property=\"og:image:type\" content=\"image\/jpeg\" \/>\n<meta name=\"twitter:card\" content=\"summary_large_image\" \/>\n<meta name=\"twitter:label1\" content=\"Gesch\u00e4tzte Lesezeit\" \/>\n\t<meta name=\"twitter:data1\" content=\"3\u00a0Minuten\" \/>\n<script type=\"application\/ld+json\" class=\"yoast-schema-graph\">{\"@context\":\"https:\/\/schema.org\",\"@graph\":[{\"@type\":\"WebPage\",\"@id\":\"https:\/\/www.in4mo.com\/de\/unternehmen\/unternehmerische-nachhaltigkeit\/\",\"url\":\"https:\/\/www.in4mo.com\/de\/unternehmen\/unternehmerische-nachhaltigkeit\/\",\"name\":\"Unternehmerische Nachhaltigkeit - In4mo\",\"isPartOf\":{\"@id\":\"https:\/\/www.in4mo.com\/de\/#website\"},\"primaryImageOfPage\":{\"@id\":\"https:\/\/www.in4mo.com\/de\/unternehmen\/unternehmerische-nachhaltigkeit\/#primaryimage\"},\"image\":{\"@id\":\"https:\/\/www.in4mo.com\/de\/unternehmen\/unternehmerische-nachhaltigkeit\/#primaryimage\"},\"thumbnailUrl\":\"https:\/\/www.in4mo.com\/wp-content\/uploads\/world.jpg\",\"datePublished\":\"2024-03-28T11:19:05+00:00\",\"dateModified\":\"2025-04-10T06:47:49+00:00\",\"description\":\"Wir sind bestrebt, umweltfreundliche Einrichtungen und Prozesse zu unterhalten, die unser Engagement f\u00fcr eine gr\u00fcnere Zukunft verk\u00f6rpern.\",\"breadcrumb\":{\"@id\":\"https:\/\/www.in4mo.com\/de\/unternehmen\/unternehmerische-nachhaltigkeit\/#breadcrumb\"},\"inLanguage\":\"de\",\"potentialAction\":[{\"@type\":\"ReadAction\",\"target\":[\"https:\/\/www.in4mo.com\/de\/unternehmen\/unternehmerische-nachhaltigkeit\/\"]}]},{\"@type\":\"ImageObject\",\"inLanguage\":\"de\",\"@id\":\"https:\/\/www.in4mo.com\/de\/unternehmen\/unternehmerische-nachhaltigkeit\/#primaryimage\",\"url\":\"https:\/\/www.in4mo.com\/wp-content\/uploads\/world.jpg\",\"contentUrl\":\"https:\/\/www.in4mo.com\/wp-content\/uploads\/world.jpg\",\"width\":1920,\"height\":1080,\"caption\":\"Yritysvastuu\"},{\"@type\":\"BreadcrumbList\",\"@id\":\"https:\/\/www.in4mo.com\/de\/unternehmen\/unternehmerische-nachhaltigkeit\/#breadcrumb\",\"itemListElement\":[{\"@type\":\"ListItem\",\"position\":1,\"name\":\"Home\",\"item\":\"https:\/\/www.in4mo.com\/de\/\"},{\"@type\":\"ListItem\",\"position\":2,\"name\":\"Unternehmen\",\"item\":\"https:\/\/www.in4mo.com\/de\/company\/\"},{\"@type\":\"ListItem\",\"position\":3,\"name\":\"Unternehmerische Nachhaltigkeit\"}]},{\"@type\":\"WebSite\",\"@id\":\"https:\/\/www.in4mo.com\/de\/#website\",\"url\":\"https:\/\/www.in4mo.com\/de\/\",\"name\":\"In4mo\",\"description\":\"Insurance and Construction Software\",\"potentialAction\":[{\"@type\":\"SearchAction\",\"target\":{\"@type\":\"EntryPoint\",\"urlTemplate\":\"https:\/\/www.in4mo.com\/de\/?s={search_term_string}\"},\"query-input\":{\"@type\":\"PropertyValueSpecification\",\"valueRequired\":true,\"valueName\":\"search_term_string\"}}],\"inLanguage\":\"de\"}]}<\/script>\n<!-- \/ Yoast SEO plugin. -->","yoast_head_json":{"title":"Unternehmerische Nachhaltigkeit - In4mo","description":"Wir sind bestrebt, umweltfreundliche Einrichtungen und Prozesse zu unterhalten, die unser Engagement f\u00fcr eine gr\u00fcnere Zukunft verk\u00f6rpern.","robots":{"index":"index","follow":"follow","max-snippet":"max-snippet:-1","max-image-preview":"max-image-preview:large","max-video-preview":"max-video-preview:-1"},"canonical":"https:\/\/www.in4mo.com\/de\/unternehmen\/unternehmerische-nachhaltigkeit\/","og_locale":"de_DE","og_type":"article","og_title":"Unternehmerische Nachhaltigkeit - In4mo","og_description":"Wir sind bestrebt, umweltfreundliche Einrichtungen und Prozesse zu unterhalten, die unser Engagement f\u00fcr eine gr\u00fcnere Zukunft verk\u00f6rpern.","og_url":"https:\/\/www.in4mo.com\/de\/unternehmen\/unternehmerische-nachhaltigkeit\/","og_site_name":"In4mo","article_modified_time":"2025-04-10T06:47:49+00:00","og_image":[{"width":1920,"height":1080,"url":"https:\/\/www.in4mo.com\/wp-content\/uploads\/world.jpg","type":"image\/jpeg"}],"twitter_card":"summary_large_image","twitter_misc":{"Gesch\u00e4tzte Lesezeit":"3\u00a0Minuten"},"schema":{"@context":"https:\/\/schema.org","@graph":[{"@type":"WebPage","@id":"https:\/\/www.in4mo.com\/de\/unternehmen\/unternehmerische-nachhaltigkeit\/","url":"https:\/\/www.in4mo.com\/de\/unternehmen\/unternehmerische-nachhaltigkeit\/","name":"Unternehmerische Nachhaltigkeit - In4mo","isPartOf":{"@id":"https:\/\/www.in4mo.com\/de\/#website"},"primaryImageOfPage":{"@id":"https:\/\/www.in4mo.com\/de\/unternehmen\/unternehmerische-nachhaltigkeit\/#primaryimage"},"image":{"@id":"https:\/\/www.in4mo.com\/de\/unternehmen\/unternehmerische-nachhaltigkeit\/#primaryimage"},"thumbnailUrl":"https:\/\/www.in4mo.com\/wp-content\/uploads\/world.jpg","datePublished":"2024-03-28T11:19:05+00:00","dateModified":"2025-04-10T06:47:49+00:00","description":"Wir sind bestrebt, umweltfreundliche Einrichtungen und Prozesse zu unterhalten, die unser Engagement f\u00fcr eine gr\u00fcnere Zukunft verk\u00f6rpern.","breadcrumb":{"@id":"https:\/\/www.in4mo.com\/de\/unternehmen\/unternehmerische-nachhaltigkeit\/#breadcrumb"},"inLanguage":"de","potentialAction":[{"@type":"ReadAction","target":["https:\/\/www.in4mo.com\/de\/unternehmen\/unternehmerische-nachhaltigkeit\/"]}]},{"@type":"ImageObject","inLanguage":"de","@id":"https:\/\/www.in4mo.com\/de\/unternehmen\/unternehmerische-nachhaltigkeit\/#primaryimage","url":"https:\/\/www.in4mo.com\/wp-content\/uploads\/world.jpg","contentUrl":"https:\/\/www.in4mo.com\/wp-content\/uploads\/world.jpg","width":1920,"height":1080,"caption":"Yritysvastuu"},{"@type":"BreadcrumbList","@id":"https:\/\/www.in4mo.com\/de\/unternehmen\/unternehmerische-nachhaltigkeit\/#breadcrumb","itemListElement":[{"@type":"ListItem","position":1,"name":"Home","item":"https:\/\/www.in4mo.com\/de\/"},{"@type":"ListItem","position":2,"name":"Unternehmen","item":"https:\/\/www.in4mo.com\/de\/company\/"},{"@type":"ListItem","position":3,"name":"Unternehmerische Nachhaltigkeit"}]},{"@type":"WebSite","@id":"https:\/\/www.in4mo.com\/de\/#website","url":"https:\/\/www.in4mo.com\/de\/","name":"In4mo","description":"Insurance and Construction Software","potentialAction":[{"@type":"SearchAction","target":{"@type":"EntryPoint","urlTemplate":"https:\/\/www.in4mo.com\/de\/?s={search_term_string}"},"query-input":{"@type":"PropertyValueSpecification","valueRequired":true,"valueName":"search_term_string"}}],"inLanguage":"de"}]}},"_links":{"self":[{"href":"https:\/\/www.in4mo.com\/de\/wp-json\/wp\/v2\/pages\/1683","targetHints":{"allow":["GET"]}}],"collection":[{"href":"https:\/\/www.in4mo.com\/de\/wp-json\/wp\/v2\/pages"}],"about":[{"href":"https:\/\/www.in4mo.com\/de\/wp-json\/wp\/v2\/types\/page"}],"author":[{"embeddable":true,"href":"https:\/\/www.in4mo.com\/de\/wp-json\/wp\/v2\/users\/1"}],"replies":[{"embeddable":true,"href":"https:\/\/www.in4mo.com\/de\/wp-json\/wp\/v2\/comments?post=1683"}],"version-history":[{"count":0,"href":"https:\/\/www.in4mo.com\/de\/wp-json\/wp\/v2\/pages\/1683\/revisions"}],"up":[{"embeddable":true,"href":"https:\/\/www.in4mo.com\/de\/wp-json\/wp\/v2\/pages\/1712"}],"wp:featuredmedia":[{"embeddable":true,"href":"https:\/\/www.in4mo.com\/de\/wp-json\/wp\/v2\/media\/1483"}],"wp:attachment":[{"href":"https:\/\/www.in4mo.com\/de\/wp-json\/wp\/v2\/media?parent=1683"}],"curies":[{"name":"wp","href":"https:\/\/api.w.org\/{rel}","templated":true}]}}