{"id":1787,"date":"2024-05-13T12:57:09","date_gmt":"2024-05-13T09:57:09","guid":{"rendered":"https:\/\/in4modevelopment.wp1.kotisivut.com\/handy-police\/"},"modified":"2024-05-16T04:36:56","modified_gmt":"2024-05-16T01:36:56","slug":"handy-police","status":"publish","type":"page","link":"https:\/\/www.in4mo.com\/de\/handy-police\/","title":{"rendered":"Handy-Police"},"content":{"rendered":"<section class=\"l-section wpb_row height_huge color_primary with_img\"><div class=\"l-section-img\" role=\"img\" data-img-width=\"817\" data-img-height=\"319\" style=\"background-image: url(https:\/\/www.in4mo.com\/wp-content\/uploads\/bg-dots-white.png);background-position: center left;background-repeat: repeat-x;background-size: auto;\"><\/div><div class=\"l-section-h i-cf\"><div class=\"g-cols vc_row via_flex valign_top type_default stacking_default\"><div class=\"vc_col-sm-12 wpb_column vc_column_container\"><div class=\"vc_column-inner\"><div class=\"wpb_wrapper\"><h1 class=\"w-text\"><span class=\"w-text-h\"><span class=\"w-text-value\">Handy-Police<\/span><\/span><\/h1><\/div><\/div><\/div><\/div><\/div><\/section><section class=\"l-section wpb_row height_huge color_alternate\"><div class=\"l-section-h i-cf\"><div class=\"g-cols vc_row via_flex valign_top type_default stacking_default\"><div class=\"vc_col-sm-2 wpb_column vc_column_container\"><div class=\"vc_column-inner\"><div class=\"wpb_wrapper\"><\/div><\/div><\/div><div class=\"vc_col-sm-8 wpb_column vc_column_container\"><div class=\"vc_column-inner\"><div class=\"wpb_wrapper\"><div class=\"w-tabs style_default switch_click accordion has_scrolling\" style=\"--sections-title-size:inherit\"><div class=\"w-tabs-sections titles-align_none icon_chevron cpos_right\"><div class=\"w-tabs-section\" id=\"m82d\"><button class=\"w-tabs-section-header\" aria-controls=\"content-m82d\" aria-expanded=\"false\"><div class=\"w-tabs-section-title\">Einf\u00fchrung<\/div><div class=\"w-tabs-section-control\"><\/div><\/button><div  class=\"w-tabs-section-content\" id=\"content-m82d\"><div class=\"w-tabs-section-content-h i-cf\"><div class=\"wpb_text_column\"><div class=\"wpb_wrapper\"><p id=\"isPasted\">In diesem Hinweis wird erl\u00e4utert, wie wir personenbezogene Daten durch Ihre Nutzung des <strong>in4mo Task Reporters<\/strong> erfassen und verarbeiten. Weitere Informationen \u00fcber die Datenschutzrichtlinien unseres Unternehmens, Ihre Rechte und wie das Gesetz Sie sch\u00fctzt, finden Sie unter <a href=\"https:\/\/in4mo.com\/solera-in4mo-privacy-policy\/\" target=\"_blank\" rel=\"noopener noreferrer\">in4mo-Datenschutzerkl\u00e4rung<\/a>. Dieser Hinweis sollte in Verbindung mit unserer Datenschutzrichtlinie gelesen werden und kann von uns von Zeit zu Zeit aktualisiert werden.<\/p>\n<p>Unsere Anwendung ist nicht f\u00fcr Minderj\u00e4hrige unter 16 Jahren bestimmt und wir sammeln nicht wissentlich Daten von Kindern.<\/p>\n<\/div><\/div><\/div><\/div><\/div><div class=\"w-tabs-section\" id=\"pb61\"><button class=\"w-tabs-section-header\" aria-controls=\"content-pb61\" aria-expanded=\"false\"><div class=\"w-tabs-section-title\">Erhebung pers\u00f6nlicher Daten<\/div><div class=\"w-tabs-section-control\"><\/div><\/button><div  class=\"w-tabs-section-content\" id=\"content-pb61\"><div class=\"w-tabs-section-content-h i-cf\"><div class=\"wpb_text_column\"><div class=\"wpb_wrapper\"><section id=\"otnotice-section-f9f71fce-e830-402f-a4e8-8ca5c6bc953d\" class=\"otnotice-section\">\n<div class=\"otnotice-section-content\">\n<p id=\"isPasted\">Wenn Sie in4mo Task Reporter verwenden, k\u00f6nnen Sie Informationen \u00fcber Versicherungsnehmer und deren Eigentum zur Verf\u00fcgung stellen, um Aufgaben im Zusammenhang mit Sachsch\u00e4den zu verwalten. Wir sammeln auch Informationen \u00fcber Sie als autorisierter Benutzer<span id=\"isPasted\"> <\/span>um den Zugang zum Service zu erm\u00f6glichen und unsere Produkte und Dienstleistungen zu verbessern. Falls erforderlich, geben wir Informationen an Anbieter weiter, die uns bei der Bereitstellung dieses Dienstes unterst\u00fctzen, an andere Unternehmen der Solera-Gruppe sowie an Regierungs- und Aufsichtsbeh\u00f6rden (falls erforderlich).<\/p>\n<p>Wir verkaufen keine pers\u00f6nlichen Daten, wie sie in den geltenden Datenschutzgesetzen definiert sind.<\/p>\n<p>Dieser Service sammelt nur die folgenden Arten von pers\u00f6nlichen Informationen f\u00fcr den unten angegebenen Zweck:<\/p>\n<table id=\"isPasted\" border=\"1\" width=\"666\" cellspacing=\"0\" cellpadding=\"0\">\n<tbody>\n<tr>\n<td valign=\"top\"><strong>Gesammelte Informationen<\/strong><\/td>\n<td valign=\"top\"><strong>Zweck der Nutzung von Informationen<\/strong><\/td>\n<td><strong>Betroffene Person(en)<\/strong><\/td>\n<\/tr>\n<tr>\n<td valign=\"top\"><strong>Daten zur Identifizierung<\/strong><\/td>\n<td valign=\"top\">Erbringen Sie den Service<\/p>\n<p>Erf\u00fcllen Sie die gesetzlichen Verpflichtungen<\/td>\n<td>Autorisierte Benutzer<br id=\"isPasted\">Versicherungsnehmer<\/td>\n<\/tr>\n<tr>\n<td><strong>Versicherungsdaten<\/strong><\/td>\n<td>\n<p id=\"isPasted\">Erbringen Sie den Service<\/p>\n<\/td>\n<td>Versicherungsnehmer<\/td>\n<\/tr>\n<tr>\n<td><strong>Kommerzielle Daten<\/strong><\/td>\n<td>\n<p id=\"isPasted\">Erbringen Sie den Service<\/p>\n<\/td>\n<td>Versicherungsnehmer<\/td>\n<\/tr>\n<tr>\n<td valign=\"top\"><strong>Geolokalisierungsdaten<\/strong><\/td>\n<td valign=\"top\">Erbringen Sie den Service<\/td>\n<td>Versicherungsnehmer<\/td>\n<\/tr>\n<tr>\n<td valign=\"top\"><strong>Immobilien-Daten<\/strong><\/td>\n<td valign=\"top\">Erbringen Sie den Service<\/p>\n<p>Erf\u00fcllen Sie die gesetzlichen Verpflichtungen<\/td>\n<td>Versicherungsnehmer<\/td>\n<\/tr>\n<tr>\n<td valign=\"top\"><strong>Technik &amp; Verwendung<\/strong><\/td>\n<td valign=\"top\">Erbringen Sie den Service<\/p>\n<p>Sicherheit und Fehlerbehebung<\/p>\n<p>Analytik<\/td>\n<td>Autorisierte Benutzer<\/td>\n<\/tr>\n<tr>\n<td valign=\"top\"><strong>Daten zur Besch\u00e4ftigung<\/strong><\/td>\n<td valign=\"top\">Erbringen Sie den Service<\/td>\n<td>Autorisierte Benutzer<\/td>\n<\/tr>\n<tr>\n<td><strong>Fotografien<\/strong><\/td>\n<td>Erbringen Sie den Service<\/td>\n<td>Versicherungsnehmer<\/td>\n<\/tr>\n<\/tbody>\n<\/table>\n<ul id=\"isPasted\">\n<li>Zu den <strong>Identifizierungsdaten<\/strong> geh\u00f6ren Daten wie ein Name, ein Alias, eine Postadresse, eine eindeutige pers\u00f6nliche Kennung, eine Online-Kennung, eine E-Mail-Adresse, ein Kontoname, eine F\u00fchrerscheinnummer oder andere \u00e4hnliche Kennungen.<\/li>\n<li id=\"isPasted\">Zu den <strong>Versicherungsdaten<\/strong> geh\u00f6ren Daten wie die Schadennummer und andere Versicherungsinformationen.<\/li>\n<li><strong>Kommerzielle Daten<\/strong> umfassen Daten wie Aufzeichnungen \u00fcber pers\u00f6nliches Eigentum.<\/li>\n<li id=\"isPasted\">Zu den <strong>Geolokalisierungsdaten <\/strong>geh\u00f6ren Daten wie Breitengrad und L\u00e4ngengrad f\u00fcr den Standort der Immobilie.<\/li>\n<li id=\"isPasted\">Zu <strong>den Objektdaten<\/strong> geh\u00f6ren Daten wie die Adresse des Objekts und Informationen zu Sch\u00e4den.<\/li>\n<li id=\"isPasted\">Zu den <strong>technischen Daten und Nutzungsdaten<\/strong> geh\u00f6ren Daten wie die Internetprotokolladresse, Anmeldedaten, Browsertyp und -version, Zeitzoneneinstellungen, Daten zu den Ger\u00e4ten, die f\u00fcr den Zugriff auf die Website\/den Dienst verwendet werden, die Art und Weise, wie Sie unsere Website oder den Dienst nutzen, der Browserverlauf, der Suchverlauf und Informationen zur Interaktion mit einer Website, einer Anwendung oder einer Werbung.<\/li>\n<li><strong>Besch\u00e4ftigungsdaten<\/strong> umfassen Daten wie Informationen \u00fcber die Besch\u00e4ftigung oder einen Beruf.<\/li>\n<li id=\"isPasted\">Die <strong>Fotos <\/strong>enthalten Abbildungen von Immobilien.<\/li>\n<\/ul>\n<p id=\"isPasted\"><strong>Besondere oder sensible Kategorien von pers\u00f6nlichen Daten.  <\/strong>Wenn Sie Fotos von Personen einf\u00fcgen (was nicht empfehlenswert ist), k\u00f6nnen die Fotos Informationen wie Rasse oder ethnische Zugeh\u00f6rigkeit preisgeben.<strong>   <\/strong><\/p>\n<p><strong>Aggregierte Daten,<\/strong> wie z.B. statistische oder demografische Daten, k\u00f6nnen aus Ihren pers\u00f6nlichen Daten abgeleitet werden, gelten aber rechtlich nicht als pers\u00f6nliche Daten, da sie Sie <strong>weder<\/strong> direkt noch indirekt identifizieren.<\/p>\n<\/div>\n<\/section>\n<section id=\"otnotice-section-0e365700-80f1-4c16-93e2-bf42c619035d\" class=\"otnotice-section\"><\/section>\n<\/div><\/div><\/div><\/div><\/div><div class=\"w-tabs-section\" id=\"nca9\"><button class=\"w-tabs-section-header\" aria-controls=\"content-nca9\" aria-expanded=\"false\"><div class=\"w-tabs-section-title\">Wenn Sie keine pers\u00f6nlichen Daten angeben<\/div><div class=\"w-tabs-section-control\"><\/div><\/button><div  class=\"w-tabs-section-content\" id=\"content-nca9\"><div class=\"w-tabs-section-content-h i-cf\"><div class=\"wpb_text_column\"><div class=\"wpb_wrapper\"><p>Wenn wir personenbezogene Daten erfassen m\u00fcssen, um diesen Dienst bereitzustellen, oder wenn dies gesetzlich vorgeschrieben ist, und Sie diese Daten nicht bereitstellen, wenn Sie dazu aufgefordert werden, sind wir m\u00f6glicherweise nicht in der Lage, den Dienst oder alle seine Funktionen bereitzustellen.<\/p>\n<\/div><\/div><\/div><\/div><\/div><div class=\"w-tabs-section\" id=\"ce1b\"><button class=\"w-tabs-section-header\" aria-controls=\"content-ce1b\" aria-expanded=\"false\"><div class=\"w-tabs-section-title\">Datensicherheit<\/div><div class=\"w-tabs-section-control\"><\/div><\/button><div  class=\"w-tabs-section-content\" id=\"content-ce1b\"><div class=\"w-tabs-section-content-h i-cf\"><div class=\"wpb_text_column\"><div class=\"wpb_wrapper\"><p>Wir verf\u00fcgen \u00fcber angemessene Sicherheitsma\u00dfnahmen zum Schutz der Daten.<\/p>\n<\/div><\/div><\/div><\/div><\/div><div class=\"w-tabs-section\" id=\"af8f\"><button class=\"w-tabs-section-header\" aria-controls=\"content-af8f\" aria-expanded=\"false\"><div class=\"w-tabs-section-title\">Kontaktinformationen<\/div><div class=\"w-tabs-section-control\"><\/div><\/button><div  class=\"w-tabs-section-content\" id=\"content-af8f\"><div class=\"w-tabs-section-content-h i-cf\"><div class=\"wpb_text_column\"><div class=\"wpb_wrapper\"><p id=\"isPasted\">Wenn Sie weitere Informationen zu diesem Hinweis w\u00fcnschen oder Ihre Rechte gem\u00e4\u00df den Datenschutzgesetzen geltend machen m\u00f6chten, f\u00fcllen Sie bitte das Formular unter <a href=\"https:\/\/eudsar.solera.com\/webform\/9eb91cc4-23fa-42be-9a10-ed84af223018\/36dce121-830b-426a-a4b8-ea21193a7fd2\" target=\"_blank\" rel=\"noopener noreferrer\">In4mo &#8211; Machen Sie von Ihren Rechten Gebrauch<\/a>. Sie k\u00f6nnen uns auch kontaktieren unter:<\/p>\n<p>&nbsp;<\/p>\n<p id=\"isPasted\">In4mo Oy,<\/p>\n<p>Attn: Data Privacy Champion<\/p>\n<p>Tekniikantie 12, 02150 Espoo,<\/p>\n<p>E-Mail: <a href=\"mailto:privacy@solera.com\">privacy@solera.com<\/a><\/p>\n<\/div><\/div><\/div><\/div><\/div><\/div><\/div><\/div><\/div><\/div><div class=\"vc_col-sm-2 wpb_column vc_column_container\"><div class=\"vc_column-inner\"><div class=\"wpb_wrapper\"><\/div><\/div><\/div><\/div><\/div><\/section>\n","protected":false},"excerpt":{"rendered":"Handy-PoliceEinf\u00fchrungIn diesem Hinweis wird erl\u00e4utert, wie wir personenbezogene Daten durch Ihre Nutzung des in4mo Task Reporters erfassen und verarbeiten. Weitere Informationen \u00fcber die Datenschutzrichtlinien unseres Unternehmens, Ihre Rechte und wie das Gesetz Sie sch\u00fctzt, finden Sie unter in4mo-Datenschutzerkl\u00e4rung. Dieser Hinweis sollte in Verbindung mit unserer Datenschutzrichtlinie gelesen werden und kann von uns von Zeit zu...","protected":false},"author":1,"featured_media":0,"parent":0,"menu_order":500,"comment_status":"closed","ping_status":"closed","template":"","meta":{"footnotes":""},"class_list":["post-1787","page","type-page","status-publish","hentry"],"acf":[],"yoast_head":"<!-- This site is optimized with the Yoast SEO plugin v26.3 - https:\/\/yoast.com\/wordpress\/plugins\/seo\/ -->\n<title>Handy-Police - In4mo<\/title>\n<meta name=\"robots\" content=\"index, follow, max-snippet:-1, max-image-preview:large, max-video-preview:-1\" \/>\n<link rel=\"canonical\" href=\"https:\/\/www.in4mo.com\/de\/handy-police\/\" \/>\n<meta property=\"og:locale\" content=\"de_DE\" \/>\n<meta property=\"og:type\" content=\"article\" \/>\n<meta property=\"og:title\" content=\"Handy-Police - In4mo\" \/>\n<meta property=\"og:url\" content=\"https:\/\/www.in4mo.com\/de\/handy-police\/\" \/>\n<meta property=\"og:site_name\" content=\"In4mo\" \/>\n<meta property=\"article:modified_time\" content=\"2024-05-16T01:36:56+00:00\" \/>\n<meta name=\"twitter:card\" content=\"summary_large_image\" \/>\n<meta name=\"twitter:label1\" content=\"Gesch\u00e4tzte Lesezeit\" \/>\n\t<meta name=\"twitter:data1\" content=\"4\u00a0Minuten\" \/>\n<script type=\"application\/ld+json\" class=\"yoast-schema-graph\">{\"@context\":\"https:\/\/schema.org\",\"@graph\":[{\"@type\":\"WebPage\",\"@id\":\"https:\/\/www.in4mo.com\/de\/handy-police\/\",\"url\":\"https:\/\/www.in4mo.com\/de\/handy-police\/\",\"name\":\"Handy-Police - In4mo\",\"isPartOf\":{\"@id\":\"https:\/\/www.in4mo.com\/de\/#website\"},\"datePublished\":\"2024-05-13T09:57:09+00:00\",\"dateModified\":\"2024-05-16T01:36:56+00:00\",\"breadcrumb\":{\"@id\":\"https:\/\/www.in4mo.com\/de\/handy-police\/#breadcrumb\"},\"inLanguage\":\"de\",\"potentialAction\":[{\"@type\":\"ReadAction\",\"target\":[\"https:\/\/www.in4mo.com\/de\/handy-police\/\"]}]},{\"@type\":\"BreadcrumbList\",\"@id\":\"https:\/\/www.in4mo.com\/de\/handy-police\/#breadcrumb\",\"itemListElement\":[{\"@type\":\"ListItem\",\"position\":1,\"name\":\"Home\",\"item\":\"https:\/\/www.in4mo.com\/de\/\"},{\"@type\":\"ListItem\",\"position\":2,\"name\":\"Handy-Police\"}]},{\"@type\":\"WebSite\",\"@id\":\"https:\/\/www.in4mo.com\/de\/#website\",\"url\":\"https:\/\/www.in4mo.com\/de\/\",\"name\":\"In4mo\",\"description\":\"Insurance and Construction Software\",\"potentialAction\":[{\"@type\":\"SearchAction\",\"target\":{\"@type\":\"EntryPoint\",\"urlTemplate\":\"https:\/\/www.in4mo.com\/de\/?s={search_term_string}\"},\"query-input\":{\"@type\":\"PropertyValueSpecification\",\"valueRequired\":true,\"valueName\":\"search_term_string\"}}],\"inLanguage\":\"de\"}]}<\/script>\n<!-- \/ Yoast SEO plugin. -->","yoast_head_json":{"title":"Handy-Police - In4mo","robots":{"index":"index","follow":"follow","max-snippet":"max-snippet:-1","max-image-preview":"max-image-preview:large","max-video-preview":"max-video-preview:-1"},"canonical":"https:\/\/www.in4mo.com\/de\/handy-police\/","og_locale":"de_DE","og_type":"article","og_title":"Handy-Police - In4mo","og_url":"https:\/\/www.in4mo.com\/de\/handy-police\/","og_site_name":"In4mo","article_modified_time":"2024-05-16T01:36:56+00:00","twitter_card":"summary_large_image","twitter_misc":{"Gesch\u00e4tzte Lesezeit":"4\u00a0Minuten"},"schema":{"@context":"https:\/\/schema.org","@graph":[{"@type":"WebPage","@id":"https:\/\/www.in4mo.com\/de\/handy-police\/","url":"https:\/\/www.in4mo.com\/de\/handy-police\/","name":"Handy-Police - In4mo","isPartOf":{"@id":"https:\/\/www.in4mo.com\/de\/#website"},"datePublished":"2024-05-13T09:57:09+00:00","dateModified":"2024-05-16T01:36:56+00:00","breadcrumb":{"@id":"https:\/\/www.in4mo.com\/de\/handy-police\/#breadcrumb"},"inLanguage":"de","potentialAction":[{"@type":"ReadAction","target":["https:\/\/www.in4mo.com\/de\/handy-police\/"]}]},{"@type":"BreadcrumbList","@id":"https:\/\/www.in4mo.com\/de\/handy-police\/#breadcrumb","itemListElement":[{"@type":"ListItem","position":1,"name":"Home","item":"https:\/\/www.in4mo.com\/de\/"},{"@type":"ListItem","position":2,"name":"Handy-Police"}]},{"@type":"WebSite","@id":"https:\/\/www.in4mo.com\/de\/#website","url":"https:\/\/www.in4mo.com\/de\/","name":"In4mo","description":"Insurance and Construction Software","potentialAction":[{"@type":"SearchAction","target":{"@type":"EntryPoint","urlTemplate":"https:\/\/www.in4mo.com\/de\/?s={search_term_string}"},"query-input":{"@type":"PropertyValueSpecification","valueRequired":true,"valueName":"search_term_string"}}],"inLanguage":"de"}]}},"_links":{"self":[{"href":"https:\/\/www.in4mo.com\/de\/wp-json\/wp\/v2\/pages\/1787","targetHints":{"allow":["GET"]}}],"collection":[{"href":"https:\/\/www.in4mo.com\/de\/wp-json\/wp\/v2\/pages"}],"about":[{"href":"https:\/\/www.in4mo.com\/de\/wp-json\/wp\/v2\/types\/page"}],"author":[{"embeddable":true,"href":"https:\/\/www.in4mo.com\/de\/wp-json\/wp\/v2\/users\/1"}],"replies":[{"embeddable":true,"href":"https:\/\/www.in4mo.com\/de\/wp-json\/wp\/v2\/comments?post=1787"}],"version-history":[{"count":0,"href":"https:\/\/www.in4mo.com\/de\/wp-json\/wp\/v2\/pages\/1787\/revisions"}],"wp:attachment":[{"href":"https:\/\/www.in4mo.com\/de\/wp-json\/wp\/v2\/media?parent=1787"}],"curies":[{"name":"wp","href":"https:\/\/api.w.org\/{rel}","templated":true}]}}