{"id":3040,"date":"2024-03-31T11:01:22","date_gmt":"2024-03-31T08:01:22","guid":{"rendered":"https:\/\/in4modevelopment.wp1.kotisivut.com\/nuestra-historia\/"},"modified":"2024-10-28T17:24:33","modified_gmt":"2024-10-28T15:24:33","slug":"nuestra-historia","status":"publish","type":"page","link":"https:\/\/www.in4mo.com\/es\/empresa\/nuestra-historia\/","title":{"rendered":"Nuestra historia"},"content":{"rendered":"<section class=\"l-section wpb_row height_huge full_height valign_center color_primary with_img\"><div class=\"l-section-img\" role=\"img\" data-img-width=\"1920\" data-img-height=\"1080\" style=\"background-image: url(https:\/\/www.in4mo.com\/wp-content\/uploads\/quality-software.jpg);background-repeat: no-repeat;\"><\/div><div class=\"l-section-h i-cf\"><div class=\"g-cols vc_row via_flex valign_top type_default stacking_default\"><div class=\"vc_col-sm-12 wpb_column vc_column_container\"><div class=\"vc_column-inner\"><div class=\"wpb_wrapper\"><h1 class=\"w-text us_custom_5b4774b9 us_animate_this\"><span class=\"w-text-h\"><span class=\"w-text-value\">Nuestra historia<\/span><\/span><\/h1><p class=\"w-text us_custom_9ba94f84 ingressi us_animate_this\"><span class=\"w-text-h\"><span class=\"w-text-value\">\u00a1Nunca hay un momento aburrido!<\/span><\/span><\/p><div class=\"w-iconbox us_custom_1d5f25b7 us_animate_this iconpos_top style_circle color_custom align_center no_text no_title\"><a href=\"#down\" class=\"w-iconbox-link\" aria-label=\"fas|chevron-down\"><div class=\"w-iconbox-icon\" style=\"font-size:1rem;--icon-color:var(--color-content-link);--icon-bg-color:rgba(255,255,255,0.75);\"><i class=\"fas fa-chevron-down\"><\/i><\/div><\/a><div class=\"w-iconbox-meta\"><\/div><\/div><\/div><\/div><\/div><\/div><\/div><\/section><section class=\"l-section wpb_row height_huge color_alternate\" id=\"down\"><div class=\"l-section-h i-cf\"><div class=\"g-cols vc_row via_flex valign_top type_default stacking_default\"><div class=\"vc_col-sm-12 wpb_column vc_column_container\"><div class=\"vc_column-inner\"><div class=\"wpb_wrapper\"><div class=\"g-cols wpb_row via_flex valign_top type_default stacking_default\"><div class=\"vc_col-sm-2 wpb_column vc_column_container\"><div class=\"vc_column-inner\"><div class=\"wpb_wrapper\"><\/div><\/div><\/div><div class=\"vc_col-sm-8 wpb_column vc_column_container\"><div class=\"vc_column-inner\"><div class=\"wpb_wrapper\"><h2 class=\"w-text us_custom_5b4774b9 us_animate_this\"><span class=\"w-text-h\"><span class=\"w-text-value\">Proveedor l\u00edder de soluciones de software para siniestros multirriesgo en los pa\u00edses n\u00f3rdicos<\/span><\/span><\/h2><\/div><\/div><\/div><div class=\"vc_col-sm-2 wpb_column vc_column_container\"><div class=\"vc_column-inner\"><div class=\"wpb_wrapper\"><\/div><\/div><\/div><\/div><div class=\"w-separator size_huge with_line width_default thick_1 style_solid color_border align_center\"><div class=\"w-separator-h\"><\/div><\/div><div class=\"g-cols wpb_row via_flex valign_top type_default stacking_default\"><div class=\"vc_col-sm-4 wpb_column vc_column_container\"><div class=\"vc_column-inner\"><div class=\"wpb_wrapper\"><div class=\"wpb_text_column\"><div class=\"wpb_wrapper\"><h4>2024<\/h4>\n<p>in4mo desarroll\u00f3 Emission Estimatics para el c\u00e1lculo de CO2 y consigui\u00f3 la certificaci\u00f3n ISO14064-1 para esta herramienta.<\/p>\n<\/div><\/div><\/div><\/div><\/div><div class=\"vc_col-sm-4 wpb_column vc_column_container\"><div class=\"vc_column-inner\"><div class=\"wpb_wrapper\"><div class=\"wpb_text_column\"><div class=\"wpb_wrapper\"><h4>2023<\/h4>\n<p>Prestamos apoyo a nuestros clientes en condiciones meteorol\u00f3gicas adversas.<br \/>\nNuestro servicio est\u00e1 disponible en Espa\u00f1a.<\/p>\n<\/div><\/div><\/div><\/div><\/div><div class=\"vc_col-sm-4 wpb_column vc_column_container\"><div class=\"vc_column-inner\"><div class=\"wpb_wrapper\"><div class=\"wpb_text_column\"><div class=\"wpb_wrapper\"><h4>2022<\/h4>\n<p>Varios clientes nuevos utilizan nuestra herramienta de estimaci\u00f3n de costes, convirti\u00e9ndola en la m\u00e1s utilizada de Noruega.<\/p>\n<\/div><\/div><\/div><\/div><\/div><\/div><div class=\"w-separator size_huge with_line width_default thick_1 style_solid color_border align_center\"><div class=\"w-separator-h\"><\/div><\/div><div class=\"g-cols wpb_row via_flex valign_top type_default stacking_default\"><div class=\"vc_col-sm-4 wpb_column vc_column_container\"><div class=\"vc_column-inner\"><div class=\"wpb_wrapper\"><div class=\"wpb_text_column\"><div class=\"wpb_wrapper\"><h4>2021<\/h4>\n<p>in4mo consigue la primera Medalla EcoVadis a la sostenibilidad empresarial.<\/p>\n<\/div><\/div><\/div><\/div><\/div><div class=\"vc_col-sm-4 wpb_column vc_column_container\"><div class=\"vc_column-inner\"><div class=\"wpb_wrapper\"><div class=\"wpb_text_column\"><div class=\"wpb_wrapper\"><h4>2020<\/h4>\n<p>in4mo entra oficialmente en el mercado australiano, extendiendo la presencia de la empresa a otro continente.<\/p>\n<\/div><\/div><\/div><\/div><\/div><div class=\"vc_col-sm-4 wpb_column vc_column_container\"><div class=\"vc_column-inner\"><div class=\"wpb_wrapper\"><div class=\"wpb_text_column\"><div class=\"wpb_wrapper\"><h4>2019<\/h4>\n<p>in4mo se une a Solera, l\u00edder mundial en soluciones para la gesti\u00f3n de siniestros de seguros de autom\u00f3viles, y da la bienvenida a su primer cliente australiano.<\/p>\n<\/div><\/div><\/div><\/div><\/div><\/div><div class=\"w-separator size_large with_line width_default thick_1 style_solid color_border align_center\"><div class=\"w-separator-h\"><\/div><\/div><div class=\"g-cols wpb_row via_flex valign_top type_default stacking_default\"><div class=\"vc_col-sm-4 wpb_column vc_column_container\"><div class=\"vc_column-inner\"><div class=\"wpb_wrapper\"><div class=\"wpb_text_column\"><div class=\"wpb_wrapper\"><h4>2018<\/h4>\n<p>in4mo abre una oficina en Frankfurt (Alemania) y da la bienvenida a su primer cliente alem\u00e1n.<\/p>\n<\/div><\/div><\/div><\/div><\/div><div class=\"vc_col-sm-4 wpb_column vc_column_container\"><div class=\"vc_column-inner\"><div class=\"wpb_wrapper\"><div class=\"wpb_text_column\"><div class=\"wpb_wrapper\"><h4>2017<\/h4>\n<p>in4mo abre una oficina en Gdansk, Polonia.<\/p>\n<\/div><\/div><\/div><\/div><\/div><div class=\"vc_col-sm-4 wpb_column vc_column_container\"><div class=\"vc_column-inner\"><div class=\"wpb_wrapper\"><div class=\"wpb_text_column\"><div class=\"wpb_wrapper\"><h4>2016<\/h4>\n<p>in4mo entra en el grupo de empresas tecnol\u00f3gicas Deloitte Fast 50 de Finlandia.<\/p>\n<\/div><\/div><\/div><\/div><\/div><\/div><div class=\"w-separator size_large with_line width_default thick_1 style_solid color_border align_center\"><div class=\"w-separator-h\"><\/div><\/div><div class=\"g-cols wpb_row via_flex valign_top type_default stacking_default\"><div class=\"vc_col-sm-4 wpb_column vc_column_container\"><div class=\"vc_column-inner\"><div class=\"wpb_wrapper\"><div class=\"wpb_text_column\"><div class=\"wpb_wrapper\"><h4>2015<\/h4>\n<p>Primer piloto de &#8220;C\u00e1lculo de costes in4mo&#8221; con clientes de seguros.<\/p>\n<p>El mayor peri\u00f3dico econ\u00f3mico de Finlandia, Kauppalehti, concedi\u00f3 a in4mo su &#8220;Certificado de triunfador&#8221;, que premia a las empresas finlandesas con mejores resultados.<\/p>\n<\/div><\/div><\/div><\/div><\/div><div class=\"vc_col-sm-4 wpb_column vc_column_container\"><div class=\"vc_column-inner\"><div class=\"wpb_wrapper\"><div class=\"wpb_text_column\"><div class=\"wpb_wrapper\"><h4>2013<\/h4>\n<p>in4mo es nombrada &#8220;Campeona de las J\u00f3venes Empresas Innovadoras&#8221; por Tekes, la Agencia Finlandesa para la Innovaci\u00f3n.<\/p>\n<\/div><\/div><\/div><\/div><\/div><div class=\"vc_col-sm-4 wpb_column vc_column_container\"><div class=\"vc_column-inner\"><div class=\"wpb_wrapper\"><div class=\"wpb_text_column\"><div class=\"wpb_wrapper\"><h4>2012<\/h4>\n<p>in4mo es uno de los finalistas del premio &#8220;Red Herring 100 Europe&#8221; 2012, que reconoce a las empresas m\u00e1s innovadoras y prometedoras de Europa.<\/p>\n<p>in4mo firma sus primeros contratos &#8220;in4mo Contractor&#8221; con empresas de servicios.<\/p>\n<\/div><\/div><\/div><\/div><\/div><\/div><div class=\"w-separator size_large with_line width_default thick_1 style_solid color_border align_center\"><div class=\"w-separator-h\"><\/div><\/div><div class=\"g-cols wpb_row via_flex valign_top type_default stacking_default\"><div class=\"vc_col-sm-4 wpb_column vc_column_container\"><div class=\"vc_column-inner\"><div class=\"wpb_wrapper\"><div class=\"wpb_text_column\"><div class=\"wpb_wrapper\"><h4>2011<\/h4>\n<p>in4mo abre una oficina en Estocolmo (Suecia) para atender a los clientes escandinavos.<\/p>\n<p>in4mo obtiene la certificaci\u00f3n ISO\/IES 27001 de seguridad de la informaci\u00f3n.<\/p>\n<\/div><\/div><\/div><\/div><\/div><div class=\"vc_col-sm-4 wpb_column vc_column_container\"><div class=\"vc_column-inner\"><div class=\"wpb_wrapper\"><div class=\"wpb_text_column\"><div class=\"wpb_wrapper\"><h4>2010<\/h4>\n<p>in4mo firma sus primeros contratos &#8220;in4mo Building Claims&#8221; con clientes aseguradores.<\/p>\n<\/div><\/div><\/div><\/div><\/div><div class=\"vc_col-sm-4 wpb_column vc_column_container\"><div class=\"vc_column-inner\"><div class=\"wpb_wrapper\"><div class=\"wpb_text_column\"><div class=\"wpb_wrapper\"><h4>2009<\/h4>\n<p>Tras una fase inicial de exploraci\u00f3n, in4mo se centra en los siniestros de da\u00f1os a propiedades inmobiliarias dentro del sector de los seguros.<\/p>\n<\/div><\/div><\/div><\/div><\/div><\/div><div class=\"w-separator size_large with_line width_default thick_1 style_solid color_border align_center\"><div class=\"w-separator-h\"><\/div><\/div><div class=\"g-cols wpb_row via_flex valign_top type_default stacking_default\"><div class=\"vc_col-sm-4 wpb_column vc_column_container\"><div class=\"vc_column-inner\"><div class=\"wpb_wrapper\"><div class=\"wpb_text_column\"><div class=\"wpb_wrapper\"><h4>2007<\/h4>\n<p>Se funda in4mo.<\/p>\n<\/div><\/div><\/div><\/div><\/div><div class=\"vc_col-sm-4 wpb_column vc_column_container\"><div class=\"vc_column-inner\"><div class=\"wpb_wrapper\"><\/div><\/div><\/div><div class=\"vc_col-sm-4 wpb_column vc_column_container\"><div class=\"vc_column-inner\"><div class=\"wpb_wrapper\"><\/div><\/div><\/div><\/div><\/div><\/div><\/div><\/div><\/div><\/section><section class=\"l-section wpb_row height_auto full_height valign_center color_primary with_img\"><div class=\"l-section-img\" role=\"img\" data-img-width=\"817\" data-img-height=\"319\" style=\"background-image: url(https:\/\/www.in4mo.com\/wp-content\/uploads\/bg-dots-white.png);background-repeat: repeat-x;background-size: auto;\"><\/div><div class=\"l-section-h i-cf\"><div class=\"g-cols vc_row via_flex valign_top type_default stacking_default\"><div class=\"vc_col-sm-12 wpb_column vc_column_container\"><div class=\"vc_column-inner\"><div class=\"wpb_wrapper\"><div class=\"g-cols wpb_row via_flex valign_top type_default stacking_default\"><div class=\"vc_col-sm-2 wpb_column vc_column_container\"><div class=\"vc_column-inner\"><div class=\"wpb_wrapper\"><\/div><\/div><\/div><div class=\"vc_col-sm-8 wpb_column vc_column_container\"><div class=\"vc_column-inner\"><div class=\"wpb_wrapper\"><h3 class=\"w-text us_custom_eb849559\"><span class=\"w-text-h\"><span class=\"w-text-value\">Crecimos r\u00e1pido y nos hicimos internacionales y diversos<\/span><\/span><\/h3><\/div><\/div><\/div><div class=\"vc_col-sm-2 wpb_column vc_column_container\"><div class=\"vc_column-inner\"><div class=\"wpb_wrapper\"><\/div><\/div><\/div><\/div><div class=\"w-separator size_medium with_line width_default thick_1 style_solid color_border align_center\"><div class=\"w-separator-h\"><\/div><\/div><div class=\"g-cols wpb_row via_flex valign_top type_default stacking_default\"><div class=\"vc_col-sm-4 wpb_column vc_column_container\"><div class=\"vc_column-inner\"><div class=\"wpb_wrapper\"><div class=\"w-counter us_custom_91b545f7 color_text align_center has_font_size\" data-duration=\"2\"><div class=\"w-counter-value\"><span class=\"w-counter-value-part type_text\" data-final=\"\"><\/span><span class=\"w-counter-value-part type_number\" data-final=\"2007\">1<\/span><span class=\"w-counter-value-part type_text\" data-final=\"\"><\/span><\/div><p class=\"w-counter-title\" style=\"font-weight:300;margin-top:18px;\">Fundada en<\/p><\/div><\/div><\/div><\/div><div class=\"vc_col-sm-4 wpb_column vc_column_container\"><div class=\"vc_column-inner\"><div class=\"wpb_wrapper\"><div class=\"w-counter us_custom_91b545f7 color_text align_center has_font_size\" data-duration=\"2\"><div class=\"w-counter-value\"><span class=\"w-counter-value-part type_text\" data-final=\"\"><\/span><span class=\"w-counter-value-part type_number\" data-final=\"14,000\">1<\/span><span class=\"w-counter-value-part type_text\" data-final=\"+\"><\/span><\/div><p class=\"w-counter-title\" style=\"font-weight:300;margin-top:18px;\">Usuarios registrados<\/p><\/div><\/div><\/div><\/div><div class=\"vc_col-sm-4 wpb_column vc_column_container\"><div class=\"vc_column-inner\"><div class=\"wpb_wrapper\"><div class=\"w-counter us_custom_91b545f7 color_text align_center has_font_size\" data-duration=\"2\"><div class=\"w-counter-value\"><span class=\"w-counter-value-part type_text\" data-final=\"\"><\/span><span class=\"w-counter-value-part type_number\" data-final=\"130\">1<\/span><span class=\"w-counter-value-part type_text\" data-final=\"+\"><\/span><\/div><p class=\"w-counter-title\" style=\"font-weight:300;margin-top:18px;\">Clientes<\/p><\/div><\/div><\/div><\/div><\/div><\/div><\/div><\/div><\/div><\/div><\/section>\n","protected":false},"excerpt":{"rendered":"Nuestra historia\u00a1Nunca hay un momento aburrido!Proveedor l\u00edder de soluciones de software para siniestros multirriesgo en los pa\u00edses n\u00f3rdicos2024 in4mo desarroll\u00f3 Emission Estimatics para el c\u00e1lculo de CO2 y consigui\u00f3 la certificaci\u00f3n ISO14064-1 para esta herramienta. 2023 Prestamos apoyo a nuestros clientes en condiciones meteorol\u00f3gicas adversas. Nuestro servicio est\u00e1 disponible en Espa\u00f1a. 2022 Varios clientes nuevos...","protected":false},"author":1,"featured_media":2944,"parent":3044,"menu_order":7,"comment_status":"closed","ping_status":"closed","template":"","meta":{"footnotes":""},"class_list":["post-3040","page","type-page","status-publish","has-post-thumbnail","hentry"],"acf":[],"yoast_head":"<!-- This site is optimized with the Yoast SEO plugin v26.3 - https:\/\/yoast.com\/wordpress\/plugins\/seo\/ -->\n<title>Nuestra historia - In4mo<\/title>\n<meta name=\"description\" content=\"Proveedor l\u00edder de soluciones de software para siniestros de edificios en los pa\u00edses n\u00f3rdicos.\" \/>\n<meta name=\"robots\" content=\"index, follow, max-snippet:-1, max-image-preview:large, max-video-preview:-1\" \/>\n<link rel=\"canonical\" href=\"https:\/\/www.in4mo.com\/es\/empresa\/nuestra-historia\/\" \/>\n<meta property=\"og:locale\" content=\"es_ES\" \/>\n<meta property=\"og:type\" content=\"article\" \/>\n<meta property=\"og:title\" content=\"Nuestra historia - In4mo\" \/>\n<meta property=\"og:description\" content=\"Proveedor l\u00edder de soluciones de software para siniestros de edificios en los pa\u00edses n\u00f3rdicos.\" \/>\n<meta property=\"og:url\" content=\"https:\/\/www.in4mo.com\/es\/empresa\/nuestra-historia\/\" \/>\n<meta property=\"og:site_name\" content=\"In4mo\" \/>\n<meta property=\"article:modified_time\" content=\"2024-10-28T15:24:33+00:00\" \/>\n<meta property=\"og:image\" content=\"https:\/\/www.in4mo.com\/wp-content\/uploads\/quality-software.jpg\" \/>\n\t<meta property=\"og:image:width\" content=\"1920\" \/>\n\t<meta property=\"og:image:height\" content=\"1080\" \/>\n\t<meta property=\"og:image:type\" content=\"image\/jpeg\" \/>\n<meta name=\"twitter:card\" content=\"summary_large_image\" \/>\n<meta name=\"twitter:label1\" content=\"Tiempo de lectura\" \/>\n\t<meta name=\"twitter:data1\" content=\"6 minutos\" \/>\n<script type=\"application\/ld+json\" class=\"yoast-schema-graph\">{\"@context\":\"https:\/\/schema.org\",\"@graph\":[{\"@type\":\"WebPage\",\"@id\":\"https:\/\/www.in4mo.com\/es\/empresa\/nuestra-historia\/\",\"url\":\"https:\/\/www.in4mo.com\/es\/empresa\/nuestra-historia\/\",\"name\":\"Nuestra historia - In4mo\",\"isPartOf\":{\"@id\":\"https:\/\/www.in4mo.com\/es\/#website\"},\"primaryImageOfPage\":{\"@id\":\"https:\/\/www.in4mo.com\/es\/empresa\/nuestra-historia\/#primaryimage\"},\"image\":{\"@id\":\"https:\/\/www.in4mo.com\/es\/empresa\/nuestra-historia\/#primaryimage\"},\"thumbnailUrl\":\"https:\/\/www.in4mo.com\/wp-content\/uploads\/quality-software.jpg\",\"datePublished\":\"2024-03-31T08:01:22+00:00\",\"dateModified\":\"2024-10-28T15:24:33+00:00\",\"description\":\"Proveedor l\u00edder de soluciones de software para siniestros de edificios en los pa\u00edses n\u00f3rdicos.\",\"breadcrumb\":{\"@id\":\"https:\/\/www.in4mo.com\/es\/empresa\/nuestra-historia\/#breadcrumb\"},\"inLanguage\":\"es\",\"potentialAction\":[{\"@type\":\"ReadAction\",\"target\":[\"https:\/\/www.in4mo.com\/es\/empresa\/nuestra-historia\/\"]}]},{\"@type\":\"ImageObject\",\"inLanguage\":\"es\",\"@id\":\"https:\/\/www.in4mo.com\/es\/empresa\/nuestra-historia\/#primaryimage\",\"url\":\"https:\/\/www.in4mo.com\/wp-content\/uploads\/quality-software.jpg\",\"contentUrl\":\"https:\/\/www.in4mo.com\/wp-content\/uploads\/quality-software.jpg\",\"width\":1920,\"height\":1080,\"caption\":\"Nuestra historia\"},{\"@type\":\"BreadcrumbList\",\"@id\":\"https:\/\/www.in4mo.com\/es\/empresa\/nuestra-historia\/#breadcrumb\",\"itemListElement\":[{\"@type\":\"ListItem\",\"position\":1,\"name\":\"Home\",\"item\":\"https:\/\/www.in4mo.com\/es\/\"},{\"@type\":\"ListItem\",\"position\":2,\"name\":\"Empresa\",\"item\":\"https:\/\/www.in4mo.com\/es\/empresa\/\"},{\"@type\":\"ListItem\",\"position\":3,\"name\":\"Nuestra historia\"}]},{\"@type\":\"WebSite\",\"@id\":\"https:\/\/www.in4mo.com\/es\/#website\",\"url\":\"https:\/\/www.in4mo.com\/es\/\",\"name\":\"In4mo\",\"description\":\"Insurance and Construction Software\",\"potentialAction\":[{\"@type\":\"SearchAction\",\"target\":{\"@type\":\"EntryPoint\",\"urlTemplate\":\"https:\/\/www.in4mo.com\/es\/?s={search_term_string}\"},\"query-input\":{\"@type\":\"PropertyValueSpecification\",\"valueRequired\":true,\"valueName\":\"search_term_string\"}}],\"inLanguage\":\"es\"}]}<\/script>\n<!-- \/ Yoast SEO plugin. -->","yoast_head_json":{"title":"Nuestra historia - In4mo","description":"Proveedor l\u00edder de soluciones de software para siniestros de edificios en los pa\u00edses n\u00f3rdicos.","robots":{"index":"index","follow":"follow","max-snippet":"max-snippet:-1","max-image-preview":"max-image-preview:large","max-video-preview":"max-video-preview:-1"},"canonical":"https:\/\/www.in4mo.com\/es\/empresa\/nuestra-historia\/","og_locale":"es_ES","og_type":"article","og_title":"Nuestra historia - In4mo","og_description":"Proveedor l\u00edder de soluciones de software para siniestros de edificios en los pa\u00edses n\u00f3rdicos.","og_url":"https:\/\/www.in4mo.com\/es\/empresa\/nuestra-historia\/","og_site_name":"In4mo","article_modified_time":"2024-10-28T15:24:33+00:00","og_image":[{"width":1920,"height":1080,"url":"https:\/\/www.in4mo.com\/wp-content\/uploads\/quality-software.jpg","type":"image\/jpeg"}],"twitter_card":"summary_large_image","twitter_misc":{"Tiempo de lectura":"6 minutos"},"schema":{"@context":"https:\/\/schema.org","@graph":[{"@type":"WebPage","@id":"https:\/\/www.in4mo.com\/es\/empresa\/nuestra-historia\/","url":"https:\/\/www.in4mo.com\/es\/empresa\/nuestra-historia\/","name":"Nuestra historia - In4mo","isPartOf":{"@id":"https:\/\/www.in4mo.com\/es\/#website"},"primaryImageOfPage":{"@id":"https:\/\/www.in4mo.com\/es\/empresa\/nuestra-historia\/#primaryimage"},"image":{"@id":"https:\/\/www.in4mo.com\/es\/empresa\/nuestra-historia\/#primaryimage"},"thumbnailUrl":"https:\/\/www.in4mo.com\/wp-content\/uploads\/quality-software.jpg","datePublished":"2024-03-31T08:01:22+00:00","dateModified":"2024-10-28T15:24:33+00:00","description":"Proveedor l\u00edder de soluciones de software para siniestros de edificios en los pa\u00edses n\u00f3rdicos.","breadcrumb":{"@id":"https:\/\/www.in4mo.com\/es\/empresa\/nuestra-historia\/#breadcrumb"},"inLanguage":"es","potentialAction":[{"@type":"ReadAction","target":["https:\/\/www.in4mo.com\/es\/empresa\/nuestra-historia\/"]}]},{"@type":"ImageObject","inLanguage":"es","@id":"https:\/\/www.in4mo.com\/es\/empresa\/nuestra-historia\/#primaryimage","url":"https:\/\/www.in4mo.com\/wp-content\/uploads\/quality-software.jpg","contentUrl":"https:\/\/www.in4mo.com\/wp-content\/uploads\/quality-software.jpg","width":1920,"height":1080,"caption":"Nuestra historia"},{"@type":"BreadcrumbList","@id":"https:\/\/www.in4mo.com\/es\/empresa\/nuestra-historia\/#breadcrumb","itemListElement":[{"@type":"ListItem","position":1,"name":"Home","item":"https:\/\/www.in4mo.com\/es\/"},{"@type":"ListItem","position":2,"name":"Empresa","item":"https:\/\/www.in4mo.com\/es\/empresa\/"},{"@type":"ListItem","position":3,"name":"Nuestra historia"}]},{"@type":"WebSite","@id":"https:\/\/www.in4mo.com\/es\/#website","url":"https:\/\/www.in4mo.com\/es\/","name":"In4mo","description":"Insurance and Construction Software","potentialAction":[{"@type":"SearchAction","target":{"@type":"EntryPoint","urlTemplate":"https:\/\/www.in4mo.com\/es\/?s={search_term_string}"},"query-input":{"@type":"PropertyValueSpecification","valueRequired":true,"valueName":"search_term_string"}}],"inLanguage":"es"}]}},"_links":{"self":[{"href":"https:\/\/www.in4mo.com\/es\/wp-json\/wp\/v2\/pages\/3040","targetHints":{"allow":["GET"]}}],"collection":[{"href":"https:\/\/www.in4mo.com\/es\/wp-json\/wp\/v2\/pages"}],"about":[{"href":"https:\/\/www.in4mo.com\/es\/wp-json\/wp\/v2\/types\/page"}],"author":[{"embeddable":true,"href":"https:\/\/www.in4mo.com\/es\/wp-json\/wp\/v2\/users\/1"}],"replies":[{"embeddable":true,"href":"https:\/\/www.in4mo.com\/es\/wp-json\/wp\/v2\/comments?post=3040"}],"version-history":[{"count":0,"href":"https:\/\/www.in4mo.com\/es\/wp-json\/wp\/v2\/pages\/3040\/revisions"}],"up":[{"embeddable":true,"href":"https:\/\/www.in4mo.com\/es\/wp-json\/wp\/v2\/pages\/3044"}],"wp:featuredmedia":[{"embeddable":true,"href":"https:\/\/www.in4mo.com\/es\/wp-json\/wp\/v2\/media\/2944"}],"wp:attachment":[{"href":"https:\/\/www.in4mo.com\/es\/wp-json\/wp\/v2\/media?parent=3040"}],"curies":[{"name":"wp","href":"https:\/\/api.w.org\/{rel}","templated":true}]}}