{"id":3049,"date":"2024-04-10T13:16:54","date_gmt":"2024-04-10T10:16:54","guid":{"rendered":"https:\/\/in4modevelopment.wp1.kotisivut.com\/ponte-en-contacto-con\/ventas\/"},"modified":"2026-01-27T12:10:44","modified_gmt":"2026-01-27T10:10:44","slug":"ventas","status":"publish","type":"page","link":"https:\/\/www.in4mo.com\/es\/pongase-en-contacto\/ventas\/","title":{"rendered":"Ventas"},"content":{"rendered":"<section class=\"l-section wpb_row height_huge full_height valign_center color_primary with_img\"><div class=\"l-section-img\" role=\"img\" data-img-width=\"1920\" data-img-height=\"1080\" style=\"background-image: url(https:\/\/www.in4mo.com\/wp-content\/uploads\/sales.jpg);background-position: top center;background-repeat: no-repeat;\"><\/div><div class=\"l-section-h i-cf\"><div class=\"g-cols vc_row via_flex valign_top type_default stacking_default\"><div class=\"vc_col-sm-12 wpb_column vc_column_container\"><div class=\"vc_column-inner\"><div class=\"wpb_wrapper\"><h1 class=\"w-text us_custom_5b4774b9 us_animate_this\"><span class=\"w-text-h\"><span class=\"w-text-value\">\u00bfTe interesa?<\/span><\/span><\/h1><p class=\"w-text us_custom_9ba94f84 ingressi us_animate_this\"><span class=\"w-text-h\"><span class=\"w-text-value\">Ponte en contacto con nuestro equipo de ventas<\/span><\/span><\/p><div class=\"w-iconbox us_custom_1d5f25b7 us_animate_this iconpos_top style_circle color_custom align_center no_text no_title\"><a href=\"#down\" class=\"w-iconbox-link\" aria-label=\"fas|chevron-down\"><div class=\"w-iconbox-icon\" style=\"font-size:1rem;--icon-color:var(--color-content-link);--icon-bg-color:rgba(255,255,255,0.75);\"><i class=\"fas fa-chevron-down\"><\/i><\/div><\/a><div class=\"w-iconbox-meta\"><\/div><\/div><\/div><\/div><\/div><\/div><\/div><\/section><section class=\"l-section wpb_row height_huge\" id=\"down\"><div class=\"l-section-h i-cf\"><div class=\"g-cols vc_row via_flex valign_top type_default stacking_default\"><div class=\"vc_col-sm-12 wpb_column vc_column_container\"><div class=\"vc_column-inner\"><div class=\"wpb_wrapper\"><div class=\"w-separator size_small with_line width_default thick_1 style_solid color_border align_center with_text with_content\"><div class=\"w-separator-h\"><h5 class=\"w-separator-text\"><span>Equipo de ventas<\/span><\/h5><\/div><\/div><div class=\"w-separator size_small\"><\/div><div class=\"g-cols wpb_row via_flex valign_top type_default stacking_default\"><div class=\"vc_col-sm-4 wpb_column vc_column_container\"><div class=\"vc_column-inner\"><div class=\"wpb_wrapper\"><div class=\"w-person layout_circle with_socials\"><div class=\"w-person-image\"><img loading=\"lazy\" decoding=\"async\" width=\"960\" height=\"960\" src=\"https:\/\/www.in4mo.com\/wp-content\/uploads\/sales4.jpg\" class=\"attachment-large size-large\" alt=\"Sales Johan Holmstr\u00f6m\" srcset=\"https:\/\/www.in4mo.com\/wp-content\/uploads\/sales4.jpg 960w, https:\/\/www.in4mo.com\/wp-content\/uploads\/sales4-300x300.jpg 300w, https:\/\/www.in4mo.com\/wp-content\/uploads\/sales4-150x150.jpg 150w\" sizes=\"auto, (max-width: 960px) 100vw, 960px\" \/><div class=\"w-person-links\"><div class=\"w-person-links-list\"><a href=\"mailto:johan.holmstroem@solera.com\" class=\"w-person-links-item type_email\" title=\"Correo electr\u00f3nico\"><i class=\"fas fa-envelope\"><\/i><\/a><a href=\"https:\/\/www.linkedin.com\/in\/johan-holmstr\u00f6m-b943963a\/\" class=\"w-person-links-item type_linkedin\" title=\"LinkedIn\" target=\"_blank\" rel=\"nofollow\"><i class=\"fab fa-linkedin\"><\/i><\/a><\/div><\/div><\/div><div class=\"w-person-content\"><h5 class=\"w-person-name\" style=\"font-size:18px\"><span>Johan Holmstr\u00f6m<\/span><\/h5><div class=\"w-person-role\">Business Development<\/div><\/div><\/div><\/div><\/div><\/div><div class=\"vc_col-sm-4 wpb_column vc_column_container\"><div class=\"vc_column-inner\"><div class=\"wpb_wrapper\"><div class=\"w-person layout_circle with_socials\"><div class=\"w-person-image\"><img loading=\"lazy\" decoding=\"async\" width=\"960\" height=\"960\" src=\"https:\/\/www.in4mo.com\/wp-content\/uploads\/sales1.jpg\" class=\"attachment-large size-large\" alt=\"Sales Torger Hoel\" srcset=\"https:\/\/www.in4mo.com\/wp-content\/uploads\/sales1.jpg 960w, https:\/\/www.in4mo.com\/wp-content\/uploads\/sales1-300x300.jpg 300w, https:\/\/www.in4mo.com\/wp-content\/uploads\/sales1-150x150.jpg 150w\" sizes=\"auto, (max-width: 960px) 100vw, 960px\" \/><div class=\"w-person-links\"><div class=\"w-person-links-list\"><a href=\"mailto:torger.hoel@solera.com\" class=\"w-person-links-item type_email\" title=\"Correo electr\u00f3nico\"><i class=\"fas fa-envelope\"><\/i><\/a><a href=\"https:\/\/www.linkedin.com\/in\/torgerheldalhoel\/\" class=\"w-person-links-item type_linkedin\" title=\"LinkedIn\" target=\"_blank\" rel=\"nofollow\"><i class=\"fab fa-linkedin\"><\/i><\/a><\/div><\/div><\/div><div class=\"w-person-content\"><h5 class=\"w-person-name\" style=\"font-size:18px\"><span>Torger Hoel<\/span><\/h5><div class=\"w-person-role\">Clientes n\u00f3rdicos<\/div><\/div><\/div><\/div><\/div><\/div><div class=\"vc_col-sm-4 wpb_column vc_column_container\"><div class=\"vc_column-inner\"><div class=\"wpb_wrapper\"><div class=\"w-person layout_circle with_socials\"><div class=\"w-person-image\"><img loading=\"lazy\" decoding=\"async\" width=\"1024\" height=\"968\" src=\"https:\/\/www.in4mo.com\/wp-content\/uploads\/avatar-png-1024x968.png\" class=\"attachment-large size-large\" alt=\"\" srcset=\"https:\/\/www.in4mo.com\/wp-content\/uploads\/avatar-png-1024x968.png 1024w, https:\/\/www.in4mo.com\/wp-content\/uploads\/avatar-png-300x284.png 300w, https:\/\/www.in4mo.com\/wp-content\/uploads\/avatar-png.png 1280w\" sizes=\"auto, (max-width: 1024px) 100vw, 1024px\" \/><div class=\"w-person-links\"><div class=\"w-person-links-list\"><a href=\"mailto:jorn.levang@solera.com\" class=\"w-person-links-item type_email\" title=\"Correo electr\u00f3nico\"><i class=\"fas fa-envelope\"><\/i><\/a><\/div><\/div><\/div><div class=\"w-person-content\"><h5 class=\"w-person-name\" style=\"font-size:18px\"><span>J\u00f8rn Levang<\/span><\/h5><div class=\"w-person-role\">Clientes n\u00f3rdicos<\/div><\/div><\/div><\/div><\/div><\/div><\/div><div class=\"w-separator size_huge with_line width_default thick_1 style_solid color_border align_center with_text with_content\"><div class=\"w-separator-h\"><h5 class=\"w-separator-text\"><span>Entrega al cliente<\/span><\/h5><\/div><\/div><div class=\"g-cols wpb_row via_flex valign_top type_default stacking_default\"><div class=\"vc_col-sm-3 wpb_column vc_column_container\"><div class=\"vc_column-inner\"><div class=\"wpb_wrapper\"><\/div><\/div><\/div><div class=\"vc_col-sm-3 wpb_column vc_column_container\"><div class=\"vc_column-inner\"><div class=\"wpb_wrapper\"><div class=\"w-person layout_circle with_socials\"><div class=\"w-person-image\"><img loading=\"lazy\" decoding=\"async\" width=\"960\" height=\"960\" src=\"https:\/\/www.in4mo.com\/wp-content\/uploads\/sales2.jpg\" class=\"attachment-large size-large\" alt=\"\" srcset=\"https:\/\/www.in4mo.com\/wp-content\/uploads\/sales2.jpg 960w, https:\/\/www.in4mo.com\/wp-content\/uploads\/sales2-300x300.jpg 300w, https:\/\/www.in4mo.com\/wp-content\/uploads\/sales2-150x150.jpg 150w\" sizes=\"auto, (max-width: 960px) 100vw, 960px\" \/><div class=\"w-person-links\"><div class=\"w-person-links-list\"><a href=\"mailto:khanzada.usman@solera.com\" class=\"w-person-links-item type_email\" title=\"Correo electr\u00f3nico\"><i class=\"fas fa-envelope\"><\/i><\/a><a href=\"https:\/\/linkedin.com\/in\/khanzadausman\/\" class=\"w-person-links-item type_linkedin\" title=\"LinkedIn\" target=\"_blank\" rel=\"nofollow\"><i class=\"fab fa-linkedin\"><\/i><\/a><\/div><\/div><\/div><div class=\"w-person-content\"><h5 class=\"w-person-name\" style=\"font-size:18px\"><span>Usman Khanzada<\/span><\/h5><div class=\"w-person-role\">Entrega al cliente y sostenibilidad empresarial<\/div><\/div><\/div><\/div><\/div><\/div><div class=\"vc_col-sm-3 wpb_column vc_column_container\"><div class=\"vc_column-inner\"><div class=\"wpb_wrapper\"><div class=\"w-person layout_circle with_socials\"><div class=\"w-person-image\"><img loading=\"lazy\" decoding=\"async\" width=\"960\" height=\"960\" src=\"https:\/\/www.in4mo.com\/wp-content\/uploads\/sales5.jpg\" class=\"attachment-large size-large\" alt=\"Customer Delivery Hans Engen\" srcset=\"https:\/\/www.in4mo.com\/wp-content\/uploads\/sales5.jpg 960w, https:\/\/www.in4mo.com\/wp-content\/uploads\/sales5-300x300.jpg 300w, https:\/\/www.in4mo.com\/wp-content\/uploads\/sales5-150x150.jpg 150w\" sizes=\"auto, (max-width: 960px) 100vw, 960px\" \/><div class=\"w-person-links\"><div class=\"w-person-links-list\"><a href=\"mailto:hans.engen@solera.com\" class=\"w-person-links-item type_email\" title=\"Correo electr\u00f3nico\"><i class=\"fas fa-envelope\"><\/i><\/a><a href=\"https:\/\/www.linkedin.com\/in\/hansengen\/\" class=\"w-person-links-item type_linkedin\" title=\"LinkedIn\" target=\"_blank\" rel=\"nofollow\"><i class=\"fab fa-linkedin\"><\/i><\/a><\/div><\/div><\/div><div class=\"w-person-content\"><h5 class=\"w-person-name\" style=\"font-size:18px\"><span>Hans Engen<\/span><\/h5><div class=\"w-person-role\">Entrega al cliente<\/div><\/div><\/div><\/div><\/div><\/div><div class=\"vc_col-sm-3 wpb_column vc_column_container\"><div class=\"vc_column-inner\"><div class=\"wpb_wrapper\"><\/div><\/div><\/div><\/div><\/div><\/div><\/div><\/div><\/div><\/section>\n","protected":false},"excerpt":{"rendered":"\u00bfTe interesa?Ponte en contacto con nuestro equipo de ventasEquipo de ventasJohan Holmstr\u00f6mBusiness DevelopmentTorger HoelClientes n\u00f3rdicosJ\u00f8rn LevangClientes n\u00f3rdicosEntrega al clienteUsman KhanzadaEntrega al cliente y sostenibilidad empresarialHans EngenEntrega al cliente","protected":false},"author":1,"featured_media":3051,"parent":2918,"menu_order":0,"comment_status":"closed","ping_status":"closed","template":"","meta":{"footnotes":""},"class_list":["post-3049","page","type-page","status-publish","has-post-thumbnail","hentry"],"acf":[],"yoast_head":"<!-- This site is optimized with the Yoast SEO plugin v26.3 - https:\/\/yoast.com\/wordpress\/plugins\/seo\/ -->\n<title>Ventas - In4mo<\/title>\n<meta name=\"description\" content=\"\u00bfTe interesa? Ponte en contacto con nuestro equipo de ventas.\" \/>\n<meta name=\"robots\" content=\"index, follow, max-snippet:-1, max-image-preview:large, max-video-preview:-1\" \/>\n<link rel=\"canonical\" href=\"https:\/\/www.in4mo.com\/es\/pongase-en-contacto\/ventas\/\" \/>\n<meta property=\"og:locale\" content=\"es_ES\" \/>\n<meta property=\"og:type\" content=\"article\" \/>\n<meta property=\"og:title\" content=\"Ventas - In4mo\" \/>\n<meta property=\"og:description\" content=\"\u00bfTe interesa? Ponte en contacto con nuestro equipo de ventas.\" \/>\n<meta property=\"og:url\" content=\"https:\/\/www.in4mo.com\/es\/pongase-en-contacto\/ventas\/\" \/>\n<meta property=\"og:site_name\" content=\"In4mo\" \/>\n<meta property=\"article:modified_time\" content=\"2026-01-27T10:10:44+00:00\" \/>\n<meta property=\"og:image\" content=\"https:\/\/www.in4mo.com\/wp-content\/uploads\/sales.jpg\" \/>\n\t<meta property=\"og:image:width\" content=\"1920\" \/>\n\t<meta property=\"og:image:height\" content=\"1080\" \/>\n\t<meta property=\"og:image:type\" content=\"image\/jpeg\" \/>\n<meta name=\"twitter:card\" content=\"summary_large_image\" \/>\n<meta name=\"twitter:label1\" content=\"Tiempo de lectura\" \/>\n\t<meta name=\"twitter:data1\" content=\"1 minuto\" \/>\n<script type=\"application\/ld+json\" class=\"yoast-schema-graph\">{\"@context\":\"https:\/\/schema.org\",\"@graph\":[{\"@type\":\"WebPage\",\"@id\":\"https:\/\/www.in4mo.com\/es\/pongase-en-contacto\/ventas\/\",\"url\":\"https:\/\/www.in4mo.com\/es\/pongase-en-contacto\/ventas\/\",\"name\":\"Ventas - In4mo\",\"isPartOf\":{\"@id\":\"https:\/\/www.in4mo.com\/es\/#website\"},\"primaryImageOfPage\":{\"@id\":\"https:\/\/www.in4mo.com\/es\/pongase-en-contacto\/ventas\/#primaryimage\"},\"image\":{\"@id\":\"https:\/\/www.in4mo.com\/es\/pongase-en-contacto\/ventas\/#primaryimage\"},\"thumbnailUrl\":\"https:\/\/www.in4mo.com\/wp-content\/uploads\/sales.jpg\",\"datePublished\":\"2024-04-10T10:16:54+00:00\",\"dateModified\":\"2026-01-27T10:10:44+00:00\",\"description\":\"\u00bfTe interesa? Ponte en contacto con nuestro equipo de ventas.\",\"breadcrumb\":{\"@id\":\"https:\/\/www.in4mo.com\/es\/pongase-en-contacto\/ventas\/#breadcrumb\"},\"inLanguage\":\"es\",\"potentialAction\":[{\"@type\":\"ReadAction\",\"target\":[\"https:\/\/www.in4mo.com\/es\/pongase-en-contacto\/ventas\/\"]}]},{\"@type\":\"ImageObject\",\"inLanguage\":\"es\",\"@id\":\"https:\/\/www.in4mo.com\/es\/pongase-en-contacto\/ventas\/#primaryimage\",\"url\":\"https:\/\/www.in4mo.com\/wp-content\/uploads\/sales.jpg\",\"contentUrl\":\"https:\/\/www.in4mo.com\/wp-content\/uploads\/sales.jpg\",\"width\":1920,\"height\":1080},{\"@type\":\"BreadcrumbList\",\"@id\":\"https:\/\/www.in4mo.com\/es\/pongase-en-contacto\/ventas\/#breadcrumb\",\"itemListElement\":[{\"@type\":\"ListItem\",\"position\":1,\"name\":\"Home\",\"item\":\"https:\/\/www.in4mo.com\/es\/\"},{\"@type\":\"ListItem\",\"position\":2,\"name\":\"P\u00f3ngase en contacto\",\"item\":\"https:\/\/www.in4mo.com\/es\/kontakt\/\"},{\"@type\":\"ListItem\",\"position\":3,\"name\":\"Ventas\"}]},{\"@type\":\"WebSite\",\"@id\":\"https:\/\/www.in4mo.com\/es\/#website\",\"url\":\"https:\/\/www.in4mo.com\/es\/\",\"name\":\"In4mo\",\"description\":\"Insurance and Construction Software\",\"potentialAction\":[{\"@type\":\"SearchAction\",\"target\":{\"@type\":\"EntryPoint\",\"urlTemplate\":\"https:\/\/www.in4mo.com\/es\/?s={search_term_string}\"},\"query-input\":{\"@type\":\"PropertyValueSpecification\",\"valueRequired\":true,\"valueName\":\"search_term_string\"}}],\"inLanguage\":\"es\"}]}<\/script>\n<!-- \/ Yoast SEO plugin. -->","yoast_head_json":{"title":"Ventas - In4mo","description":"\u00bfTe interesa? Ponte en contacto con nuestro equipo de ventas.","robots":{"index":"index","follow":"follow","max-snippet":"max-snippet:-1","max-image-preview":"max-image-preview:large","max-video-preview":"max-video-preview:-1"},"canonical":"https:\/\/www.in4mo.com\/es\/pongase-en-contacto\/ventas\/","og_locale":"es_ES","og_type":"article","og_title":"Ventas - In4mo","og_description":"\u00bfTe interesa? Ponte en contacto con nuestro equipo de ventas.","og_url":"https:\/\/www.in4mo.com\/es\/pongase-en-contacto\/ventas\/","og_site_name":"In4mo","article_modified_time":"2026-01-27T10:10:44+00:00","og_image":[{"width":1920,"height":1080,"url":"https:\/\/www.in4mo.com\/wp-content\/uploads\/sales.jpg","type":"image\/jpeg"}],"twitter_card":"summary_large_image","twitter_misc":{"Tiempo de lectura":"1 minuto"},"schema":{"@context":"https:\/\/schema.org","@graph":[{"@type":"WebPage","@id":"https:\/\/www.in4mo.com\/es\/pongase-en-contacto\/ventas\/","url":"https:\/\/www.in4mo.com\/es\/pongase-en-contacto\/ventas\/","name":"Ventas - In4mo","isPartOf":{"@id":"https:\/\/www.in4mo.com\/es\/#website"},"primaryImageOfPage":{"@id":"https:\/\/www.in4mo.com\/es\/pongase-en-contacto\/ventas\/#primaryimage"},"image":{"@id":"https:\/\/www.in4mo.com\/es\/pongase-en-contacto\/ventas\/#primaryimage"},"thumbnailUrl":"https:\/\/www.in4mo.com\/wp-content\/uploads\/sales.jpg","datePublished":"2024-04-10T10:16:54+00:00","dateModified":"2026-01-27T10:10:44+00:00","description":"\u00bfTe interesa? Ponte en contacto con nuestro equipo de ventas.","breadcrumb":{"@id":"https:\/\/www.in4mo.com\/es\/pongase-en-contacto\/ventas\/#breadcrumb"},"inLanguage":"es","potentialAction":[{"@type":"ReadAction","target":["https:\/\/www.in4mo.com\/es\/pongase-en-contacto\/ventas\/"]}]},{"@type":"ImageObject","inLanguage":"es","@id":"https:\/\/www.in4mo.com\/es\/pongase-en-contacto\/ventas\/#primaryimage","url":"https:\/\/www.in4mo.com\/wp-content\/uploads\/sales.jpg","contentUrl":"https:\/\/www.in4mo.com\/wp-content\/uploads\/sales.jpg","width":1920,"height":1080},{"@type":"BreadcrumbList","@id":"https:\/\/www.in4mo.com\/es\/pongase-en-contacto\/ventas\/#breadcrumb","itemListElement":[{"@type":"ListItem","position":1,"name":"Home","item":"https:\/\/www.in4mo.com\/es\/"},{"@type":"ListItem","position":2,"name":"P\u00f3ngase en contacto","item":"https:\/\/www.in4mo.com\/es\/kontakt\/"},{"@type":"ListItem","position":3,"name":"Ventas"}]},{"@type":"WebSite","@id":"https:\/\/www.in4mo.com\/es\/#website","url":"https:\/\/www.in4mo.com\/es\/","name":"In4mo","description":"Insurance and Construction Software","potentialAction":[{"@type":"SearchAction","target":{"@type":"EntryPoint","urlTemplate":"https:\/\/www.in4mo.com\/es\/?s={search_term_string}"},"query-input":{"@type":"PropertyValueSpecification","valueRequired":true,"valueName":"search_term_string"}}],"inLanguage":"es"}]}},"_links":{"self":[{"href":"https:\/\/www.in4mo.com\/es\/wp-json\/wp\/v2\/pages\/3049","targetHints":{"allow":["GET"]}}],"collection":[{"href":"https:\/\/www.in4mo.com\/es\/wp-json\/wp\/v2\/pages"}],"about":[{"href":"https:\/\/www.in4mo.com\/es\/wp-json\/wp\/v2\/types\/page"}],"author":[{"embeddable":true,"href":"https:\/\/www.in4mo.com\/es\/wp-json\/wp\/v2\/users\/1"}],"replies":[{"embeddable":true,"href":"https:\/\/www.in4mo.com\/es\/wp-json\/wp\/v2\/comments?post=3049"}],"version-history":[{"count":0,"href":"https:\/\/www.in4mo.com\/es\/wp-json\/wp\/v2\/pages\/3049\/revisions"}],"up":[{"embeddable":true,"href":"https:\/\/www.in4mo.com\/es\/wp-json\/wp\/v2\/pages\/2918"}],"wp:featuredmedia":[{"embeddable":true,"href":"https:\/\/www.in4mo.com\/es\/wp-json\/wp\/v2\/media\/3051"}],"wp:attachment":[{"href":"https:\/\/www.in4mo.com\/es\/wp-json\/wp\/v2\/media?parent=3049"}],"curies":[{"name":"wp","href":"https:\/\/api.w.org\/{rel}","templated":true}]}}