{"id":1692,"date":"2024-03-28T13:19:05","date_gmt":"2024-03-28T11:19:05","guid":{"rendered":"https:\/\/in4modevelopment.wp1.kotisivut.com\/yritysten-kestava-kehitys\/"},"modified":"2025-04-10T09:46:55","modified_gmt":"2025-04-10T06:46:55","slug":"yritysvastuu","status":"publish","type":"page","link":"https:\/\/www.in4mo.com\/fi\/yritys\/yritysvastuu\/","title":{"rendered":"Yritysvastuu"},"content":{"rendered":"<section class=\"l-section wpb_row height_huge full_height valign_center color_primary with_img\"><div class=\"l-section-img\" role=\"img\" data-img-width=\"1920\" data-img-height=\"1080\" style=\"background-image: url(https:\/\/www.in4mo.com\/wp-content\/uploads\/world.jpg);background-repeat: no-repeat;\"><\/div><div class=\"l-section-overlay\" style=\"background:rgba(0,0,0,0.45)\"><\/div><div class=\"l-section-h i-cf\"><div class=\"g-cols vc_row via_flex valign_top type_default stacking_default\"><div class=\"vc_col-sm-12 wpb_column vc_column_container\"><div class=\"vc_column-inner\"><div class=\"wpb_wrapper\"><h1 class=\"w-text us_custom_5b4774b9 us_animate_this\"><span class=\"w-text-h\"><span class=\"w-text-value\">Yritysvastuu<\/span><\/span><\/h1><p class=\"w-text us_custom_9ba94f84 ingressi us_animate_this\"><span class=\"w-text-h\"><span class=\"w-text-value\">Kohti vihre\u00e4mp\u00e4\u00e4 tulevaisuutta<\/span><\/span><\/p><div class=\"w-iconbox us_custom_1d5f25b7 us_animate_this iconpos_top style_circle color_custom align_center no_text no_title\"><a href=\"#down\" class=\"w-iconbox-link\" aria-label=\"fas|chevron-down\"><div class=\"w-iconbox-icon\" style=\"font-size:1rem;--icon-color:var(--color-content-link);--icon-bg-color:rgba(255,255,255,0.75);\"><i class=\"fas fa-chevron-down\"><\/i><\/div><\/a><div class=\"w-iconbox-meta\"><\/div><\/div><\/div><\/div><\/div><\/div><\/div><\/section><section class=\"l-section wpb_row height_huge\" id=\"down\"><div class=\"l-section-h i-cf\"><div class=\"g-cols vc_row via_flex valign_top type_default stacking_default\"><div class=\"vc_col-sm-12 wpb_column vc_column_container\"><div class=\"vc_column-inner\"><div class=\"wpb_wrapper\"><div class=\"wpb_text_column\"><div class=\"wpb_wrapper\"><h2>Oikeaan suuntaan<\/h2>\n<p>in4mo on sitoutunut noudattamaan yritysten yhteiskuntavastuuk\u00e4yt\u00e4nt\u00f6j\u00e4 (CSR). Aloitimme t\u00e4m\u00e4n matkan perustamalla in4mon sosiaalisen vastuun hallintaj\u00e4rjestelm\u00e4n, joka kattaa sosiaalisen vastuun keskeiset aihealueet (yhteiskuntavastuun, hallinto, ihmisoikeudet, ty\u00f6el\u00e4m\u00e4n k\u00e4yt\u00e4nn\u00f6t, ymp\u00e4rist\u00f6, oikeudenmukaiset toimintatavat, kuluttajavastuun, yhteis\u00f6n osallistumisen ja kehityksen).<\/p>\n<p>Kun opimme lis\u00e4\u00e4 mik\u00e4 toimii ja mik\u00e4 ei toimi meill\u00e4 organisaationa, pyrimme jatkuvasti parantamaan yhteiskuntavastuutamme koskevaa l\u00e4hestymistapaa ja kehittym\u00e4\u00e4n paremmaksi versioksi itsest\u00e4mme. Osana yritysten yhteiskuntavastuun k\u00e4yt\u00e4nt\u00f6j\u00e4 in4mo tukee t\u00e4rkeit\u00e4 YK:n Global Compact -periaatteita ja Kansainv\u00e4lisen ty\u00f6j\u00e4rjest\u00f6n yleissopimusta. Lis\u00e4ksi olemme tukeneet jo vuosia It\u00e4meren pelastajaa, John Nurmisen s\u00e4\u00e4ti\u00f6t\u00e4 heid\u00e4n toimissaan.<\/p>\n<\/div><\/div><\/div><\/div><\/div><\/div><\/div><\/section><section class=\"l-section wpb_row height_huge color_alternate\"><div class=\"l-section-h i-cf\"><div class=\"g-cols vc_row via_flex valign_top type_default stacking_default\"><div class=\"vc_col-sm-12 wpb_column vc_column_container\"><div class=\"vc_column-inner\"><div class=\"wpb_wrapper\"><div class=\"g-cols wpb_row via_flex valign_middle type_default stacking_default\"><div class=\"vc_col-sm-12 vc_col-lg-6 vc_col-md-6 wpb_column vc_column_container\"><div class=\"vc_column-inner us_custom_7e20fa79 us_animate_this\"><div class=\"wpb_wrapper\"><div class=\"w-image us_custom_30e316af has_ratio align_none\"><div class=\"w-image-h\"><div style=\"padding-bottom:75%\"><\/div><img decoding=\"async\" width=\"960\" height=\"1012\" src=\"https:\/\/www.in4mo.com\/wp-content\/uploads\/co2.jpg\" class=\"attachment-large size-large\" alt=\"\" loading=\"lazy\" srcset=\"https:\/\/www.in4mo.com\/wp-content\/uploads\/co2.jpg 960w, https:\/\/www.in4mo.com\/wp-content\/uploads\/co2-285x300.jpg 285w\" sizes=\"auto, (max-width: 960px) 100vw, 960px\" \/><\/div><\/div><\/div><\/div><\/div><div class=\"vc_col-sm-12 vc_col-lg-6 vc_col-md-6 wpb_column vc_column_container\"><div class=\"vc_column-inner us_custom_47474b22 us_animate_this\"><div class=\"wpb_wrapper\"><div class=\"wpb_text_column us_custom_d98eb4eb\"><div class=\"wpb_wrapper\"><h4>Sertifioidut p\u00e4\u00e4st\u00f6arviot in4mo:n toimesta<\/h4>\n<p>Iloksemme voimme ilmoittaa, ett\u00e4 Emission Estimatics CO2-laskentaty\u00f6kalullemme on my\u00f6nnetty ISO 14064-1 -sertifikaatti. Early Access -ohjelma on saatavilla asiakkaillemme. Ota yhteytt\u00e4 yhteyshenkil\u00f6\u00f6si saadaksesi lis\u00e4tietoja.<\/p>\n<\/div><\/div><div class=\"w-separator size_medium\"><\/div><div class=\"w-btn-wrapper align_none\"><a class=\"w-btn us-btn-style_3 icon_atleft\" href=\"https:\/\/www.in4mo.com\/wp-content\/uploads\/ISO14064-3DECOFVER.064-2.D01-ENG-in4mo-1-1200x1696-1.png\"><i class=\"fas fa-download\"><\/i><span class=\"w-btn-label\">ISO sertifikaatti<\/span><\/a><\/div><\/div><\/div><\/div><\/div><div class=\"w-separator size_large\"><\/div><div class=\"g-cols wpb_row via_flex valign_middle type_default reversed stacking_default\"><div class=\"vc_col-sm-12 vc_col-lg-6 vc_col-md-6 wpb_column vc_column_container\"><div class=\"vc_column-inner us_custom_7e20fa79 us_animate_this\"><div class=\"wpb_wrapper\"><div class=\"wpb_text_column us_custom_d98eb4eb\"><div class=\"wpb_wrapper\"><h4>Ecovadis<\/h4>\n<p>EcoVadisin hopeamitalin saaminen kolmena vuotena per\u00e4kk\u00e4in on merkitt\u00e4v\u00e4 saavutus organisaatiollemme, sill\u00e4 se on osoitus erinomaisesta suorituksestamme ja omistautumisestamme kest\u00e4v\u00e4n toiminnan k\u00e4yt\u00e4nn\u00f6ille. T\u00e4m\u00e4 tunnustus vahvistaa, ett\u00e4 toimintamme on kansainv\u00e4listen standardien ja menetelmien mukaisia, ja asettaa meid\u00e4t vastuullisen liiketoiminnan edell\u00e4k\u00e4vij\u00f6iksi.<\/p>\n<\/div><\/div><div class=\"w-separator size_medium\"><\/div><div class=\"w-btn-wrapper align_none\"><a class=\"w-btn us-btn-style_3\" target=\"_blank\" href=\"https:\/\/ecovadis.com\/?utm_source=Google+=paid=2024-04-Brand-NA-UK-BENELUX-NORDICS-Google+Ads\"><span class=\"w-btn-label\">Lue lis\u00e4\u00e4 EcoVadiksesta<\/span><\/a><\/div><\/div><\/div><\/div><div class=\"vc_col-sm-12 vc_col-lg-6 vc_col-md-6 wpb_column vc_column_container\"><div class=\"vc_column-inner\"><div class=\"wpb_wrapper\"><div class=\"w-image us_custom_7364406c us_animate_this has_ratio align_none\"><div class=\"w-image-h\"><div style=\"padding-bottom:75%\"><\/div><img decoding=\"async\" width=\"1024\" height=\"756\" src=\"https:\/\/www.in4mo.com\/wp-content\/uploads\/ecovadis-2024-1024x756.png\" class=\"attachment-large size-large\" alt=\"\" loading=\"lazy\" srcset=\"https:\/\/www.in4mo.com\/wp-content\/uploads\/ecovadis-2024-1024x756.png 1024w, https:\/\/www.in4mo.com\/wp-content\/uploads\/ecovadis-2024-300x221.png 300w, https:\/\/www.in4mo.com\/wp-content\/uploads\/ecovadis-2024.png 1038w\" sizes=\"auto, (max-width: 1024px) 100vw, 1024px\" \/><\/div><\/div><\/div><\/div><\/div><\/div><div class=\"w-separator size_large\"><\/div><div class=\"g-cols wpb_row via_flex valign_middle type_default stacking_default\"><div class=\"vc_col-sm-12 vc_col-lg-6 vc_col-md-6 wpb_column vc_column_container\"><div class=\"vc_column-inner us_custom_7e20fa79 us_animate_this\"><div class=\"wpb_wrapper\"><div class=\"w-image us_custom_30e316af has_ratio align_none\"><div class=\"w-image-h\"><div style=\"padding-bottom:75%\"><\/div><img decoding=\"async\" width=\"960\" height=\"1012\" src=\"https:\/\/www.in4mo.com\/wp-content\/uploads\/SDG.jpg\" class=\"attachment-large size-large\" alt=\"\" loading=\"lazy\" srcset=\"https:\/\/www.in4mo.com\/wp-content\/uploads\/SDG.jpg 960w, https:\/\/www.in4mo.com\/wp-content\/uploads\/SDG-285x300.jpg 285w\" sizes=\"auto, (max-width: 960px) 100vw, 960px\" \/><\/div><\/div><\/div><\/div><\/div><div class=\"vc_col-sm-12 vc_col-lg-6 vc_col-md-6 wpb_column vc_column_container\"><div class=\"vc_column-inner us_custom_47474b22 us_animate_this\"><div class=\"wpb_wrapper\"><div class=\"wpb_text_column us_custom_d98eb4eb\"><div class=\"wpb_wrapper\"><h4>Yhdistyneiden kansakuntien Global Compact<\/h4>\n<p>Olemme ylpeit\u00e4 siit\u00e4, ett\u00e4 olemme liittyneet YK:n Global Compact -liikkeeseen osana sitoutumistamme vastuulliseen yritystoimintaan. Sitoumus on toimia vastuullisesti ja yleismaailmallisten kest\u00e4v\u00e4n kehityksen periaatteiden mukaisesti, toteuttaa toimia yhteiskunnan tukemiseksi ja raportoida vuosittain YK:n Global Compact -aloitteelle k\u00e4ynniss\u00e4 olevista toimistamme.<\/p>\n<\/div><\/div><div class=\"w-separator size_medium\"><\/div><div class=\"w-btn-wrapper align_none\"><a class=\"w-btn us-btn-style_3\" target=\"_blank\" href=\"https:\/\/unglobalcompact.org\/\"><span class=\"w-btn-label\">Lue lis\u00e4\u00e4 YK:n Global compactista<\/span><\/a><\/div><\/div><\/div><\/div><\/div><div class=\"w-separator size_large\"><\/div><div class=\"g-cols wpb_row via_flex valign_middle type_default reversed stacking_default\"><div class=\"vc_col-sm-12 vc_col-lg-6 vc_col-md-6 wpb_column vc_column_container\"><div class=\"vc_column-inner us_custom_7e20fa79 us_animate_this\"><div class=\"wpb_wrapper\"><div class=\"wpb_text_column us_custom_d98eb4eb\"><div class=\"wpb_wrapper\"><h4>Vihre\u00e4mm\u00e4n tulevaisuuden tienraivaaja!<\/h4>\n<p>in4mo on tehnyt yhteisty\u00f6t\u00e4 Lassila Tikanoja Oyj:n kanssa tehostaakseen kannettavien tietokoneiden ja tietotekniikan komponenttien vastuullista kierr\u00e4tyst\u00e4. T\u00e4m\u00e4 yhteisty\u00f6 minimoi j\u00e4tteen m\u00e4\u00e4r\u00e4n, s\u00e4\u00e4st\u00e4\u00e4 arvokkaita resursseja ja lievent\u00e4\u00e4 elektroniikkalaitteiden ymp\u00e4rist\u00f6vaikutuksia.<\/p>\n<\/div><\/div><\/div><\/div><\/div><div class=\"vc_col-sm-12 vc_col-lg-6 vc_col-md-6 wpb_column vc_column_container\"><div class=\"vc_column-inner us_custom_47474b22 us_animate_this\"><div class=\"wpb_wrapper\"><div class=\"w-image us_custom_30e316af has_ratio align_none\"><div class=\"w-image-h\"><div style=\"padding-bottom:75%\"><\/div><img decoding=\"async\" width=\"960\" height=\"1012\" src=\"https:\/\/www.in4mo.com\/wp-content\/uploads\/greener-future2.jpg\" class=\"attachment-large size-large\" alt=\"\" loading=\"lazy\" srcset=\"https:\/\/www.in4mo.com\/wp-content\/uploads\/greener-future2.jpg 960w, https:\/\/www.in4mo.com\/wp-content\/uploads\/greener-future2-285x300.jpg 285w\" sizes=\"auto, (max-width: 960px) 100vw, 960px\" \/><\/div><\/div><\/div><\/div><\/div><\/div><div class=\"w-separator size_large\"><\/div><div class=\"g-cols wpb_row via_flex valign_middle type_default stacking_default\"><div class=\"vc_col-sm-12 vc_col-lg-6 vc_col-md-6 wpb_column vc_column_container\"><div class=\"vc_column-inner us_custom_7e20fa79 us_animate_this\"><div class=\"wpb_wrapper\"><div class=\"w-image us_custom_30e316af has_ratio align_none\"><div class=\"w-image-h\"><div style=\"padding-bottom:75%\"><\/div><img decoding=\"async\" width=\"960\" height=\"1012\" src=\"https:\/\/www.in4mo.com\/wp-content\/uploads\/sustainability-policies.jpg\" class=\"attachment-large size-large\" alt=\"\" loading=\"lazy\" srcset=\"https:\/\/www.in4mo.com\/wp-content\/uploads\/sustainability-policies.jpg 960w, https:\/\/www.in4mo.com\/wp-content\/uploads\/sustainability-policies-285x300.jpg 285w\" sizes=\"auto, (max-width: 960px) 100vw, 960px\" \/><\/div><\/div><\/div><\/div><\/div><div class=\"vc_col-sm-12 vc_col-lg-6 vc_col-md-6 wpb_column vc_column_container\"><div class=\"vc_column-inner us_custom_47474b22 us_animate_this\"><div class=\"wpb_wrapper\"><div class=\"wpb_text_column us_custom_d98eb4eb\"><div class=\"wpb_wrapper\"><h4>Kest\u00e4v\u00e4 kehitys<\/h4>\n<p>in4mossa kest\u00e4v\u00e4 kehitys ohjaa toimintatapojamme, ja vuosittainen vastuutarkastuksemme varmistaa vastuullisuuden ja my\u00f6nteisen vaikutuksen.<\/p>\n<\/div><\/div><div class=\"w-separator size_medium\"><\/div><div class=\"w-btn-wrapper align_none\"><a class=\"w-btn us-btn-style_3\" href=\"\/fi\/politiikat\/\"><span class=\"w-btn-label\">Politiikat<\/span><\/a><\/div><\/div><\/div><\/div><\/div><div class=\"w-separator size_large\"><\/div><div class=\"g-cols wpb_row via_flex valign_middle type_default reversed stacking_default\"><div class=\"vc_col-sm-12 vc_col-lg-6 vc_col-md-6 wpb_column vc_column_container\"><div class=\"vc_column-inner us_custom_7e20fa79 us_animate_this\"><div class=\"wpb_wrapper\"><div class=\"wpb_text_column us_custom_d98eb4eb\"><div class=\"wpb_wrapper\"><h4>John Nurmisen S\u00e4\u00e4ti\u00f6<\/h4>\n<p>Olemme liittyneet It\u00e4meren pelastajien joukkoon John Nurmisen S\u00e4\u00e4ti\u00f6n tukijana! Haluamme varmistaa, ett\u00e4 ainoa meremme s\u00e4ilyy elinvoimaisena my\u00f6s tuleville sukupolville. John Nurmisen S\u00e4\u00e4ti\u00f6 tekee konkreettista ty\u00f6t\u00e4 It\u00e4meren ja sen perinn\u00f6n hyv\u00e4ksi.<\/p>\n<\/div><\/div><div class=\"w-separator size_medium\"><\/div><div class=\"w-btn-wrapper align_none\"><a class=\"w-btn us-btn-style_3\" target=\"_blank\" href=\"https:\/\/johnnurmisensaatio.fi\/en\/\"><span class=\"w-btn-label\">Vieraile sivustolla<\/span><\/a><\/div><\/div><\/div><\/div><div class=\"vc_col-sm-12 vc_col-lg-6 vc_col-md-6 wpb_column vc_column_container\"><div class=\"vc_column-inner us_custom_47474b22 us_animate_this\"><div class=\"wpb_wrapper\"><div class=\"w-image us_custom_30e316af has_ratio align_none\"><div class=\"w-image-h\"><div style=\"padding-bottom:75%\"><\/div><img decoding=\"async\" width=\"960\" height=\"1012\" src=\"https:\/\/www.in4mo.com\/wp-content\/uploads\/john-nurminen-foundation.jpg\" class=\"attachment-large size-large\" alt=\"\" loading=\"lazy\" srcset=\"https:\/\/www.in4mo.com\/wp-content\/uploads\/john-nurminen-foundation.jpg 960w, https:\/\/www.in4mo.com\/wp-content\/uploads\/john-nurminen-foundation-285x300.jpg 285w\" sizes=\"auto, (max-width: 960px) 100vw, 960px\" \/><\/div><\/div><\/div><\/div><\/div><\/div><\/div><\/div><\/div><\/div><\/div><\/section>\n","protected":false},"excerpt":{"rendered":"YritysvastuuKohti vihre\u00e4mp\u00e4\u00e4 tulevaisuuttaOikeaan suuntaan in4mo on sitoutunut noudattamaan yritysten yhteiskuntavastuuk\u00e4yt\u00e4nt\u00f6j\u00e4 (CSR). Aloitimme t\u00e4m\u00e4n matkan perustamalla in4mon sosiaalisen vastuun hallintaj\u00e4rjestelm\u00e4n, joka kattaa sosiaalisen vastuun keskeiset aihealueet (yhteiskuntavastuun, hallinto, ihmisoikeudet, ty\u00f6el\u00e4m\u00e4n k\u00e4yt\u00e4nn\u00f6t, ymp\u00e4rist\u00f6, oikeudenmukaiset toimintatavat, kuluttajavastuun, yhteis\u00f6n osallistumisen ja kehityksen). Kun opimme lis\u00e4\u00e4 mik\u00e4 toimii ja mik\u00e4 ei toimi meill\u00e4 organisaationa, pyrimme jatkuvasti parantamaan yhteiskuntavastuutamme koskevaa l\u00e4hestymistapaa...","protected":false},"author":1,"featured_media":1482,"parent":1722,"menu_order":9,"comment_status":"closed","ping_status":"closed","template":"","meta":{"footnotes":""},"class_list":["post-1692","page","type-page","status-publish","has-post-thumbnail","hentry"],"acf":[],"yoast_head":"<!-- This site is optimized with the Yoast SEO plugin v26.3 - https:\/\/yoast.com\/wordpress\/plugins\/seo\/ -->\n<title>Yritysvastuu - In4mo<\/title>\n<meta name=\"description\" content=\"Pyrimme yll\u00e4pit\u00e4m\u00e4\u00e4n ymp\u00e4rist\u00f6yst\u00e4v\u00e4llisi\u00e4 tiloja ja prosesseja, jotka ilment\u00e4v\u00e4t sitoutumistamme vihre\u00e4mp\u00e4\u00e4n tulevaisuuteen.\" \/>\n<meta name=\"robots\" content=\"index, follow, max-snippet:-1, max-image-preview:large, max-video-preview:-1\" \/>\n<link rel=\"canonical\" href=\"https:\/\/www.in4mo.com\/fi\/yritys\/yritysvastuu\/\" \/>\n<meta property=\"og:locale\" content=\"fi_FI\" \/>\n<meta property=\"og:type\" content=\"article\" \/>\n<meta property=\"og:title\" content=\"Yritysvastuu - In4mo\" \/>\n<meta property=\"og:description\" content=\"Pyrimme yll\u00e4pit\u00e4m\u00e4\u00e4n ymp\u00e4rist\u00f6yst\u00e4v\u00e4llisi\u00e4 tiloja ja prosesseja, jotka ilment\u00e4v\u00e4t sitoutumistamme vihre\u00e4mp\u00e4\u00e4n tulevaisuuteen.\" \/>\n<meta property=\"og:url\" content=\"https:\/\/www.in4mo.com\/fi\/yritys\/yritysvastuu\/\" \/>\n<meta property=\"og:site_name\" content=\"In4mo\" \/>\n<meta property=\"article:modified_time\" content=\"2025-04-10T06:46:55+00:00\" \/>\n<meta property=\"og:image\" content=\"https:\/\/www.in4mo.com\/wp-content\/uploads\/world.jpg\" \/>\n\t<meta property=\"og:image:width\" content=\"1920\" \/>\n\t<meta property=\"og:image:height\" content=\"1080\" \/>\n\t<meta property=\"og:image:type\" content=\"image\/jpeg\" \/>\n<meta name=\"twitter:card\" content=\"summary_large_image\" \/>\n<meta name=\"twitter:label1\" content=\"Arvioitu lukuaika\" \/>\n\t<meta name=\"twitter:data1\" content=\"3 minuuttia\" \/>\n<script type=\"application\/ld+json\" class=\"yoast-schema-graph\">{\"@context\":\"https:\/\/schema.org\",\"@graph\":[{\"@type\":\"WebPage\",\"@id\":\"https:\/\/www.in4mo.com\/fi\/yritys\/yritysvastuu\/\",\"url\":\"https:\/\/www.in4mo.com\/fi\/yritys\/yritysvastuu\/\",\"name\":\"Yritysvastuu - In4mo\",\"isPartOf\":{\"@id\":\"https:\/\/www.in4mo.com\/fi\/#website\"},\"primaryImageOfPage\":{\"@id\":\"https:\/\/www.in4mo.com\/fi\/yritys\/yritysvastuu\/#primaryimage\"},\"image\":{\"@id\":\"https:\/\/www.in4mo.com\/fi\/yritys\/yritysvastuu\/#primaryimage\"},\"thumbnailUrl\":\"https:\/\/www.in4mo.com\/wp-content\/uploads\/world.jpg\",\"datePublished\":\"2024-03-28T11:19:05+00:00\",\"dateModified\":\"2025-04-10T06:46:55+00:00\",\"description\":\"Pyrimme yll\u00e4pit\u00e4m\u00e4\u00e4n ymp\u00e4rist\u00f6yst\u00e4v\u00e4llisi\u00e4 tiloja ja prosesseja, jotka ilment\u00e4v\u00e4t sitoutumistamme vihre\u00e4mp\u00e4\u00e4n tulevaisuuteen.\",\"breadcrumb\":{\"@id\":\"https:\/\/www.in4mo.com\/fi\/yritys\/yritysvastuu\/#breadcrumb\"},\"inLanguage\":\"fi\",\"potentialAction\":[{\"@type\":\"ReadAction\",\"target\":[\"https:\/\/www.in4mo.com\/fi\/yritys\/yritysvastuu\/\"]}]},{\"@type\":\"ImageObject\",\"inLanguage\":\"fi\",\"@id\":\"https:\/\/www.in4mo.com\/fi\/yritys\/yritysvastuu\/#primaryimage\",\"url\":\"https:\/\/www.in4mo.com\/wp-content\/uploads\/world.jpg\",\"contentUrl\":\"https:\/\/www.in4mo.com\/wp-content\/uploads\/world.jpg\",\"width\":1920,\"height\":1080},{\"@type\":\"BreadcrumbList\",\"@id\":\"https:\/\/www.in4mo.com\/fi\/yritys\/yritysvastuu\/#breadcrumb\",\"itemListElement\":[{\"@type\":\"ListItem\",\"position\":1,\"name\":\"Home\",\"item\":\"https:\/\/www.in4mo.com\/fi\/\"},{\"@type\":\"ListItem\",\"position\":2,\"name\":\"Yritys\",\"item\":\"https:\/\/www.in4mo.com\/fi\/company\/\"},{\"@type\":\"ListItem\",\"position\":3,\"name\":\"Yritysvastuu\"}]},{\"@type\":\"WebSite\",\"@id\":\"https:\/\/www.in4mo.com\/fi\/#website\",\"url\":\"https:\/\/www.in4mo.com\/fi\/\",\"name\":\"In4mo\",\"description\":\"Insurance and Construction Software\",\"potentialAction\":[{\"@type\":\"SearchAction\",\"target\":{\"@type\":\"EntryPoint\",\"urlTemplate\":\"https:\/\/www.in4mo.com\/fi\/?s={search_term_string}\"},\"query-input\":{\"@type\":\"PropertyValueSpecification\",\"valueRequired\":true,\"valueName\":\"search_term_string\"}}],\"inLanguage\":\"fi\"}]}<\/script>\n<!-- \/ Yoast SEO plugin. -->","yoast_head_json":{"title":"Yritysvastuu - In4mo","description":"Pyrimme yll\u00e4pit\u00e4m\u00e4\u00e4n ymp\u00e4rist\u00f6yst\u00e4v\u00e4llisi\u00e4 tiloja ja prosesseja, jotka ilment\u00e4v\u00e4t sitoutumistamme vihre\u00e4mp\u00e4\u00e4n tulevaisuuteen.","robots":{"index":"index","follow":"follow","max-snippet":"max-snippet:-1","max-image-preview":"max-image-preview:large","max-video-preview":"max-video-preview:-1"},"canonical":"https:\/\/www.in4mo.com\/fi\/yritys\/yritysvastuu\/","og_locale":"fi_FI","og_type":"article","og_title":"Yritysvastuu - In4mo","og_description":"Pyrimme yll\u00e4pit\u00e4m\u00e4\u00e4n ymp\u00e4rist\u00f6yst\u00e4v\u00e4llisi\u00e4 tiloja ja prosesseja, jotka ilment\u00e4v\u00e4t sitoutumistamme vihre\u00e4mp\u00e4\u00e4n tulevaisuuteen.","og_url":"https:\/\/www.in4mo.com\/fi\/yritys\/yritysvastuu\/","og_site_name":"In4mo","article_modified_time":"2025-04-10T06:46:55+00:00","og_image":[{"width":1920,"height":1080,"url":"https:\/\/www.in4mo.com\/wp-content\/uploads\/world.jpg","type":"image\/jpeg"}],"twitter_card":"summary_large_image","twitter_misc":{"Arvioitu lukuaika":"3 minuuttia"},"schema":{"@context":"https:\/\/schema.org","@graph":[{"@type":"WebPage","@id":"https:\/\/www.in4mo.com\/fi\/yritys\/yritysvastuu\/","url":"https:\/\/www.in4mo.com\/fi\/yritys\/yritysvastuu\/","name":"Yritysvastuu - In4mo","isPartOf":{"@id":"https:\/\/www.in4mo.com\/fi\/#website"},"primaryImageOfPage":{"@id":"https:\/\/www.in4mo.com\/fi\/yritys\/yritysvastuu\/#primaryimage"},"image":{"@id":"https:\/\/www.in4mo.com\/fi\/yritys\/yritysvastuu\/#primaryimage"},"thumbnailUrl":"https:\/\/www.in4mo.com\/wp-content\/uploads\/world.jpg","datePublished":"2024-03-28T11:19:05+00:00","dateModified":"2025-04-10T06:46:55+00:00","description":"Pyrimme yll\u00e4pit\u00e4m\u00e4\u00e4n ymp\u00e4rist\u00f6yst\u00e4v\u00e4llisi\u00e4 tiloja ja prosesseja, jotka ilment\u00e4v\u00e4t sitoutumistamme vihre\u00e4mp\u00e4\u00e4n tulevaisuuteen.","breadcrumb":{"@id":"https:\/\/www.in4mo.com\/fi\/yritys\/yritysvastuu\/#breadcrumb"},"inLanguage":"fi","potentialAction":[{"@type":"ReadAction","target":["https:\/\/www.in4mo.com\/fi\/yritys\/yritysvastuu\/"]}]},{"@type":"ImageObject","inLanguage":"fi","@id":"https:\/\/www.in4mo.com\/fi\/yritys\/yritysvastuu\/#primaryimage","url":"https:\/\/www.in4mo.com\/wp-content\/uploads\/world.jpg","contentUrl":"https:\/\/www.in4mo.com\/wp-content\/uploads\/world.jpg","width":1920,"height":1080},{"@type":"BreadcrumbList","@id":"https:\/\/www.in4mo.com\/fi\/yritys\/yritysvastuu\/#breadcrumb","itemListElement":[{"@type":"ListItem","position":1,"name":"Home","item":"https:\/\/www.in4mo.com\/fi\/"},{"@type":"ListItem","position":2,"name":"Yritys","item":"https:\/\/www.in4mo.com\/fi\/company\/"},{"@type":"ListItem","position":3,"name":"Yritysvastuu"}]},{"@type":"WebSite","@id":"https:\/\/www.in4mo.com\/fi\/#website","url":"https:\/\/www.in4mo.com\/fi\/","name":"In4mo","description":"Insurance and Construction Software","potentialAction":[{"@type":"SearchAction","target":{"@type":"EntryPoint","urlTemplate":"https:\/\/www.in4mo.com\/fi\/?s={search_term_string}"},"query-input":{"@type":"PropertyValueSpecification","valueRequired":true,"valueName":"search_term_string"}}],"inLanguage":"fi"}]}},"_links":{"self":[{"href":"https:\/\/www.in4mo.com\/fi\/wp-json\/wp\/v2\/pages\/1692","targetHints":{"allow":["GET"]}}],"collection":[{"href":"https:\/\/www.in4mo.com\/fi\/wp-json\/wp\/v2\/pages"}],"about":[{"href":"https:\/\/www.in4mo.com\/fi\/wp-json\/wp\/v2\/types\/page"}],"author":[{"embeddable":true,"href":"https:\/\/www.in4mo.com\/fi\/wp-json\/wp\/v2\/users\/1"}],"replies":[{"embeddable":true,"href":"https:\/\/www.in4mo.com\/fi\/wp-json\/wp\/v2\/comments?post=1692"}],"version-history":[{"count":0,"href":"https:\/\/www.in4mo.com\/fi\/wp-json\/wp\/v2\/pages\/1692\/revisions"}],"up":[{"embeddable":true,"href":"https:\/\/www.in4mo.com\/fi\/wp-json\/wp\/v2\/pages\/1722"}],"wp:featuredmedia":[{"embeddable":true,"href":"https:\/\/www.in4mo.com\/fi\/wp-json\/wp\/v2\/media\/1482"}],"wp:attachment":[{"href":"https:\/\/www.in4mo.com\/fi\/wp-json\/wp\/v2\/media?parent=1692"}],"curies":[{"name":"wp","href":"https:\/\/api.w.org\/{rel}","templated":true}]}}