{"id":1656,"date":"2024-03-26T14:40:42","date_gmt":"2024-03-26T12:40:42","guid":{"rendered":"https:\/\/in4modevelopment.wp1.kotisivut.com\/karriere\/"},"modified":"2025-04-09T14:04:00","modified_gmt":"2025-04-09T11:04:00","slug":"karriere","status":"publish","type":"page","link":"https:\/\/www.in4mo.com\/no\/selskap\/karriere\/","title":{"rendered":"Karriere"},"content":{"rendered":"<section class=\"l-section wpb_row height_huge full_height valign_center color_primary with_img\"><div class=\"l-section-img\" role=\"img\" data-img-width=\"1920\" data-img-height=\"1080\" style=\"background-image: url(https:\/\/www.in4mo.com\/wp-content\/uploads\/careers3.jpg);background-repeat: no-repeat;\"><\/div><div class=\"l-section-h i-cf\"><div class=\"g-cols vc_row via_flex valign_top type_default stacking_default\"><div class=\"vc_col-sm-12 wpb_column vc_column_container\"><div class=\"vc_column-inner\"><div class=\"wpb_wrapper\"><h1 class=\"w-text us_custom_5b4774b9 us_animate_this\"><span class=\"w-text-h\"><span class=\"w-text-value\">Bli med oss<\/span><\/span><\/h1><p class=\"w-text us_custom_9ba94f84 ingressi us_animate_this\"><span class=\"w-text-h\"><span class=\"w-text-value\">Det handler ikke bare om hva du gj\u00f8r, men ogs\u00e5 om hvem du gj\u00f8r det sammen med!<\/span><\/span><\/p><div class=\"w-iconbox us_custom_1d5f25b7 us_animate_this iconpos_top style_circle color_custom align_center no_text no_title\"><a href=\"#down\" class=\"w-iconbox-link\" aria-label=\"fas|chevron-down\"><div class=\"w-iconbox-icon\" style=\"font-size:1rem;--icon-color:var(--color-content-link);--icon-bg-color:rgba(255,255,255,0.75);\"><i class=\"fas fa-chevron-down\"><\/i><\/div><\/a><div class=\"w-iconbox-meta\"><\/div><\/div><\/div><\/div><\/div><\/div><\/div><\/section><section class=\"l-section wpb_row height_huge full_height valign_center color_alternate\" id=\"down\"><div class=\"l-section-h i-cf\"><div class=\"g-cols vc_row via_flex valign_top type_default stacking_default\"><div class=\"vc_col-sm-2 wpb_column vc_column_container\"><div class=\"vc_column-inner\"><div class=\"wpb_wrapper\"><\/div><\/div><\/div><div class=\"vc_col-sm-8 wpb_column vc_column_container\"><div class=\"vc_column-inner\"><div class=\"wpb_wrapper\"><h2 class=\"w-text us_custom_eb849559\"><span class=\"w-text-h\"><span class=\"w-text-value\">Bli med p\u00e5 eventyret v\u00e5rt og bygg en bedre fremtid for kundene v\u00e5re<\/span><\/span><\/h2><div class=\"wpb_text_column\"><div class=\"wpb_wrapper\"><p style=\"text-align: center;\">Vi er alltid p\u00e5 utkikk etter talentfulle mennesker. <\/p>\n<\/div><\/div><div class=\"w-separator size_medium\"><\/div><div class=\"w-btn-wrapper align_center\"><a class=\"w-btn us-btn-style_1\" href=\"mailto:jobs@in4mo.com\"><span class=\"w-btn-label\">Send inn \u00e5pen s\u00f8knad<\/span><\/a><\/div><div class=\"w-separator size_large with_line width_default thick_1 style_solid color_border align_center\"><div class=\"w-separator-h\"><\/div><\/div><div class=\"w-grid type_grid layout_592 hidden\" id=\"us_grid_1\" style=\"--gap:3rem;\" data-filterable=\"true\"><style>.layout_592 .w-grid-item-h{}.layout_592 .usg_post_content_1{margin-bottom:20px!important}<\/style><div class=\"w-grid-list\"><\/div><div class=\"w-grid-preloader\">\t<div class=\"g-preloader type_1\">\r\n\t\t<div><\/div>\r\n\t<\/div>\r\n\t<\/div>\t<div class=\"w-grid-json hidden\" onclick='return {&quot;action&quot;:&quot;us_ajax_grid&quot;,&quot;infinite_scroll&quot;:0,&quot;max_num_pages&quot;:0,&quot;pagination&quot;:&quot;none&quot;,&quot;template_vars&quot;:{&quot;columns&quot;:&quot;1&quot;,&quot;exclude_items&quot;:&quot;none&quot;,&quot;img_size&quot;:&quot;default&quot;,&quot;ignore_items_size&quot;:0,&quot;items_layout&quot;:&quot;592&quot;,&quot;items_offset&quot;:&quot;1&quot;,&quot;load_animation&quot;:&quot;none&quot;,&quot;overriding_link&quot;:&quot;{\\&quot;url\\&quot;:\\&quot;\\&quot;}&quot;,&quot;post_id&quot;:0,&quot;query_args&quot;:{&quot;post_type&quot;:[&quot;post&quot;],&quot;tax_query&quot;:[{&quot;taxonomy&quot;:&quot;category&quot;,&quot;field&quot;:&quot;slug&quot;,&quot;terms&quot;:[&quot;open-positions-no&quot;]}],&quot;post_status&quot;:[&quot;publish&quot;,&quot;acf-disabled&quot;],&quot;posts_per_page&quot;:&quot;10&quot;},&quot;orderby_query_args&quot;:{&quot;orderby&quot;:{&quot;date&quot;:&quot;DESC&quot;}},&quot;type&quot;:&quot;grid&quot;,&quot;us_grid_post_type&quot;:&quot;post&quot;,&quot;us_grid_ajax_index&quot;:1,&quot;us_grid_filter_query_string&quot;:null,&quot;us_grid_index&quot;:1,&quot;page_args&quot;:[],&quot;lang&quot;:&quot;no&quot;}}'><\/div>\r\n\t<\/div><\/div><\/div><\/div><div class=\"vc_col-sm-2 wpb_column vc_column_container\"><div class=\"vc_column-inner\"><div class=\"wpb_wrapper\"><\/div><\/div><\/div><\/div><\/div><\/section><section class=\"l-section wpb_row height_huge color_primary with_img\"><div class=\"l-section-img\" role=\"img\" data-img-width=\"817\" data-img-height=\"319\" style=\"background-image: url(https:\/\/www.in4mo.com\/wp-content\/uploads\/bg-dots-white.png);background-position: top left;background-repeat: repeat-x;background-size: auto;\"><\/div><div class=\"l-section-h i-cf\"><div class=\"g-cols vc_row via_flex valign_top type_default stacking_default\"><div class=\"vc_col-sm-2 wpb_column vc_column_container\"><div class=\"vc_column-inner\"><div class=\"wpb_wrapper\"><\/div><\/div><\/div><div class=\"vc_col-sm-8 wpb_column vc_column_container\"><div class=\"vc_column-inner\"><div class=\"wpb_wrapper\"><h3 class=\"w-text us_custom_eb849559\"><span class=\"w-text-h\"><span class=\"w-text-value\">Vi ser frem til \u00e5 \u00f8nske deg velkommen i teamet!<\/span><\/span><\/h3><\/div><\/div><\/div><div class=\"vc_col-sm-2 wpb_column vc_column_container\"><div class=\"vc_column-inner\"><div class=\"wpb_wrapper\"><\/div><\/div><\/div><\/div><\/div><\/section><section class=\"l-section wpb_row height_huge color_alternate\"><div class=\"l-section-h i-cf\"><div class=\"g-cols vc_row via_flex valign_top type_default stacking_default\"><div class=\"vc_col-sm-12 wpb_column vc_column_container\"><div class=\"vc_column-inner\"><div class=\"wpb_wrapper\"><h3 class=\"w-text us_custom_eb849559\"><span class=\"w-text-h\"><span class=\"w-text-value\">Karrierehistorier<\/span><\/span><\/h3><div class=\"w-html\"><div class=\"carer-stories-grid\" style=\"display: flex; flex-wrap: wrap; gap: 30px;\">            <div class=\"carer-story-item\" style=\"width: 360px;background:white;\">\n                <a href=\"https:\/\/www.in4mo.com\/blog\/2025\/12\/09\/inside-in4mo-eriks-story\/\" style=\"text-decoration: none; color: inherit;\">\n                                            <div style=\"width: 100%; height: 220px; overflow: hidden; margin-bottom: 10px;\">\n                            <img loading=\"lazy\" decoding=\"async\" width=\"300\" height=\"211\" src=\"https:\/\/www.in4mo.com\/wp-content\/uploads\/Erik-Hesselroth-300x211.png\" class=\"attachment-medium size-medium wp-post-image\" alt=\"\" style=\"width: 100%; height: 100%; object-fit: cover;\" srcset=\"https:\/\/www.in4mo.com\/wp-content\/uploads\/Erik-Hesselroth-300x211.png 300w, https:\/\/www.in4mo.com\/wp-content\/uploads\/Erik-Hesselroth-1024x720.png 1024w, https:\/\/www.in4mo.com\/wp-content\/uploads\/Erik-Hesselroth.png 1686w\" sizes=\"auto, (max-width: 300px) 100vw, 300px\" \/>                        <\/div>\n                    \t\t\t\t\t<div class=\"\" style=\"padding: 25px !important;\">\n                    <h4 style=\"font-size: 18px; margin: 0 0 6px;\">Inside in4mo \u2013 Erik\u2019s story!<\/h3>\n                    <time datetime=\"2025-12-09T07:00:01+02:00\" style=\"font-size: 14px; color: #777;\">\n                        09.12.25                    <\/time>\n\t\t\t\t\t<\/div>\n                <\/a>\n            <\/div>\n                        <div class=\"carer-story-item\" style=\"width: 360px;background:white;\">\n                <a href=\"https:\/\/www.in4mo.com\/blog\/2022\/07\/01\/inside-in4mo-laszlos-story\/\" style=\"text-decoration: none; color: inherit;\">\n                                            <div style=\"width: 100%; height: 220px; overflow: hidden; margin-bottom: 10px;\">\n                            <img loading=\"lazy\" decoding=\"async\" width=\"300\" height=\"167\" src=\"https:\/\/www.in4mo.com\/wp-content\/uploads\/Final3-1200x668-1-300x167.jpg\" class=\"attachment-medium size-medium wp-post-image\" alt=\"\" style=\"width: 100%; height: 100%; object-fit: cover;\" srcset=\"https:\/\/www.in4mo.com\/wp-content\/uploads\/Final3-1200x668-1-300x167.jpg 300w, https:\/\/www.in4mo.com\/wp-content\/uploads\/Final3-1200x668-1-1024x570.jpg 1024w, https:\/\/www.in4mo.com\/wp-content\/uploads\/Final3-1200x668-1.jpg 1200w\" sizes=\"auto, (max-width: 300px) 100vw, 300px\" \/>                        <\/div>\n                    \t\t\t\t\t<div class=\"\" style=\"padding: 25px !important;\">\n                    <h4 style=\"font-size: 18px; margin: 0 0 6px;\">Inside in4mo &#8211; Laszlo&#8217;s story!<\/h3>\n                    <time datetime=\"2022-07-01T07:37:07+03:00\" style=\"font-size: 14px; color: #777;\">\n                        01.07.22                    <\/time>\n\t\t\t\t\t<\/div>\n                <\/a>\n            <\/div>\n                        <div class=\"carer-story-item\" style=\"width: 360px;background:white;\">\n                <a href=\"https:\/\/www.in4mo.com\/blog\/2019\/01\/02\/inside-in4mo-ann-susans-story\/\" style=\"text-decoration: none; color: inherit;\">\n                                            <div style=\"width: 100%; height: 220px; overflow: hidden; margin-bottom: 10px;\">\n                            <img loading=\"lazy\" decoding=\"async\" width=\"300\" height=\"218\" src=\"https:\/\/www.in4mo.com\/wp-content\/uploads\/Ann-Susan-e1733229599455-300x218.jpg\" class=\"attachment-medium size-medium wp-post-image\" alt=\"\" style=\"width: 100%; height: 100%; object-fit: cover;\" srcset=\"https:\/\/www.in4mo.com\/wp-content\/uploads\/Ann-Susan-e1733229599455-300x218.jpg 300w, https:\/\/www.in4mo.com\/wp-content\/uploads\/Ann-Susan-e1733229599455.jpg 790w\" sizes=\"auto, (max-width: 300px) 100vw, 300px\" \/>                        <\/div>\n                    \t\t\t\t\t<div class=\"\" style=\"padding: 25px !important;\">\n                    <h4 style=\"font-size: 18px; margin: 0 0 6px;\">Inside in4mo &#8211; Ann Susan&#8217;s story!<\/h3>\n                    <time datetime=\"2019-01-02T08:44:36+02:00\" style=\"font-size: 14px; color: #777;\">\n                        02.01.19                    <\/time>\n\t\t\t\t\t<\/div>\n                <\/a>\n            <\/div>\n                        <div class=\"carer-story-item\" style=\"width: 360px;background:white;\">\n                <a href=\"https:\/\/www.in4mo.com\/blog\/2018\/11\/28\/inside-in4mo-denis-story\/\" style=\"text-decoration: none; color: inherit;\">\n                                            <div style=\"width: 100%; height: 220px; overflow: hidden; margin-bottom: 10px;\">\n                            <img loading=\"lazy\" decoding=\"async\" width=\"300\" height=\"169\" src=\"https:\/\/www.in4mo.com\/wp-content\/uploads\/DenisPicture-300x169.jpg\" class=\"attachment-medium size-medium wp-post-image\" alt=\"\" style=\"width: 100%; height: 100%; object-fit: cover;\" srcset=\"https:\/\/www.in4mo.com\/wp-content\/uploads\/DenisPicture-300x169.jpg 300w, https:\/\/www.in4mo.com\/wp-content\/uploads\/DenisPicture.jpg 500w\" sizes=\"auto, (max-width: 300px) 100vw, 300px\" \/>                        <\/div>\n                    \t\t\t\t\t<div class=\"\" style=\"padding: 25px !important;\">\n                    <h4 style=\"font-size: 18px; margin: 0 0 6px;\">Inside in4mo &#8211; Denis&#8217; story!<\/h3>\n                    <time datetime=\"2018-11-28T11:56:47+02:00\" style=\"font-size: 14px; color: #777;\">\n                        28.11.18                    <\/time>\n\t\t\t\t\t<\/div>\n                <\/a>\n            <\/div>\n                        <div class=\"carer-story-item\" style=\"width: 360px;background:white;\">\n                <a href=\"https:\/\/www.in4mo.com\/blog\/2018\/10\/08\/experiences-of-in4mo-summer-trainees\/\" style=\"text-decoration: none; color: inherit;\">\n                                            <div style=\"width: 100%; height: 220px; overflow: hidden; margin-bottom: 10px;\">\n                            <img loading=\"lazy\" decoding=\"async\" width=\"300\" height=\"169\" src=\"https:\/\/www.in4mo.com\/wp-content\/uploads\/Experiences-of-in4mo-Summer-Trainees-300x169.jpg\" class=\"attachment-medium size-medium wp-post-image\" alt=\"\" style=\"width: 100%; height: 100%; object-fit: cover;\" srcset=\"https:\/\/www.in4mo.com\/wp-content\/uploads\/Experiences-of-in4mo-Summer-Trainees-300x169.jpg 300w, https:\/\/www.in4mo.com\/wp-content\/uploads\/Experiences-of-in4mo-Summer-Trainees.jpg 500w\" sizes=\"auto, (max-width: 300px) 100vw, 300px\" \/>                        <\/div>\n                    \t\t\t\t\t<div class=\"\" style=\"padding: 25px !important;\">\n                    <h4 style=\"font-size: 18px; margin: 0 0 6px;\">Experiences of in4mo Summer Trainees<\/h3>\n                    <time datetime=\"2018-10-08T12:33:34+03:00\" style=\"font-size: 14px; color: #777;\">\n                        08.10.18                    <\/time>\n\t\t\t\t\t<\/div>\n                <\/a>\n            <\/div>\n            <\/div><\/div><\/div><\/div><\/div><\/div><\/div><\/section>\n","protected":false},"excerpt":{"rendered":"In4mo Oy Insurance &amp; Service Company Solutions Published on October 08, 2018| 4 mins read We haven\u2019t shared much about the people behind in4mo in the past. It\u2019s about time we start \u2013 to begin with, we\u2019ll tell you about the experiences of the 2018 summer trainees and their thoughts about the past summer. What...","protected":false},"author":1,"featured_media":1219,"parent":1734,"menu_order":8,"comment_status":"closed","ping_status":"closed","template":"","meta":{"footnotes":""},"class_list":["post-1656","page","type-page","status-publish","has-post-thumbnail","hentry"],"acf":[],"yoast_head":"<!-- This site is optimized with the Yoast SEO plugin v26.3 - https:\/\/yoast.com\/wordpress\/plugins\/seo\/ -->\n<title>Karriere - In4mo<\/title>\n<meta name=\"description\" content=\"Bli med p\u00e5 eventyret v\u00e5rt og bygg en bedre fremtid for kundene v\u00e5re.\" \/>\n<meta name=\"robots\" content=\"index, follow, max-snippet:-1, max-image-preview:large, max-video-preview:-1\" \/>\n<link rel=\"canonical\" href=\"https:\/\/www.in4mo.com\/selskap\/karriere\/\" \/>\n<meta property=\"og:locale\" content=\"en_US\" \/>\n<meta property=\"og:type\" content=\"article\" \/>\n<meta property=\"og:title\" content=\"Karriere - In4mo\" \/>\n<meta property=\"og:description\" content=\"Bli med p\u00e5 eventyret v\u00e5rt og bygg en bedre fremtid for kundene v\u00e5re.\" \/>\n<meta property=\"og:url\" content=\"https:\/\/www.in4mo.com\/no\/selskap\/karriere\/\" \/>\n<meta property=\"og:site_name\" content=\"In4mo\" \/>\n<meta property=\"article:modified_time\" content=\"2025-04-09T11:04:00+00:00\" \/>\n<meta property=\"og:image\" content=\"https:\/\/www.in4mo.com\/wp-content\/uploads\/careers3.jpg\" \/>\n\t<meta property=\"og:image:width\" content=\"1920\" \/>\n\t<meta property=\"og:image:height\" content=\"1080\" \/>\n\t<meta property=\"og:image:type\" content=\"image\/jpeg\" \/>\n<meta name=\"twitter:card\" content=\"summary_large_image\" \/>\n<meta name=\"twitter:label1\" content=\"Est. reading time\" \/>\n\t<meta name=\"twitter:data1\" content=\"1 minute\" \/>\n<script type=\"application\/ld+json\" class=\"yoast-schema-graph\">{\"@context\":\"https:\/\/schema.org\",\"@graph\":[{\"@type\":\"WebPage\",\"@id\":\"https:\/\/www.in4mo.com\/no\/selskap\/karriere\/\",\"url\":\"https:\/\/www.in4mo.com\/no\/selskap\/karriere\/\",\"name\":\"Karriere - In4mo\",\"isPartOf\":{\"@id\":\"https:\/\/www.in4mo.com\/#website\"},\"primaryImageOfPage\":{\"@id\":\"https:\/\/www.in4mo.com\/no\/selskap\/karriere\/#primaryimage\"},\"image\":{\"@id\":\"https:\/\/www.in4mo.com\/no\/selskap\/karriere\/#primaryimage\"},\"thumbnailUrl\":\"https:\/\/www.in4mo.com\/wp-content\/uploads\/careers3.jpg\",\"datePublished\":\"2024-03-26T12:40:42+00:00\",\"dateModified\":\"2025-04-09T11:04:00+00:00\",\"description\":\"Bli med p\u00e5 eventyret v\u00e5rt og bygg en bedre fremtid for kundene v\u00e5re.\",\"breadcrumb\":{\"@id\":\"https:\/\/www.in4mo.com\/no\/selskap\/karriere\/#breadcrumb\"},\"inLanguage\":\"en-US\",\"potentialAction\":[{\"@type\":\"ReadAction\",\"target\":[\"https:\/\/www.in4mo.com\/no\/selskap\/karriere\/\"]}]},{\"@type\":\"ImageObject\",\"inLanguage\":\"en-US\",\"@id\":\"https:\/\/www.in4mo.com\/no\/selskap\/karriere\/#primaryimage\",\"url\":\"https:\/\/www.in4mo.com\/wp-content\/uploads\/careers3.jpg\",\"contentUrl\":\"https:\/\/www.in4mo.com\/wp-content\/uploads\/careers3.jpg\",\"width\":1920,\"height\":1080,\"caption\":\"karriere\"},{\"@type\":\"BreadcrumbList\",\"@id\":\"https:\/\/www.in4mo.com\/no\/selskap\/karriere\/#breadcrumb\",\"itemListElement\":[{\"@type\":\"ListItem\",\"position\":1,\"name\":\"Home\",\"item\":\"https:\/\/www.in4mo.com\/\"},{\"@type\":\"ListItem\",\"position\":2,\"name\":\"Selskap\",\"item\":\"https:\/\/www.in4mo.com\/company\/\"},{\"@type\":\"ListItem\",\"position\":3,\"name\":\"Karriere\"}]},{\"@type\":\"WebSite\",\"@id\":\"https:\/\/www.in4mo.com\/#website\",\"url\":\"https:\/\/www.in4mo.com\/\",\"name\":\"In4mo\",\"description\":\"Insurance and Construction Software\",\"potentialAction\":[{\"@type\":\"SearchAction\",\"target\":{\"@type\":\"EntryPoint\",\"urlTemplate\":\"https:\/\/www.in4mo.com\/?s={search_term_string}\"},\"query-input\":{\"@type\":\"PropertyValueSpecification\",\"valueRequired\":true,\"valueName\":\"search_term_string\"}}],\"inLanguage\":\"en-US\"}]}<\/script>\n<!-- \/ Yoast SEO plugin. -->","yoast_head_json":{"title":"Karriere - In4mo","description":"Bli med p\u00e5 eventyret v\u00e5rt og bygg en bedre fremtid for kundene v\u00e5re.","robots":{"index":"index","follow":"follow","max-snippet":"max-snippet:-1","max-image-preview":"max-image-preview:large","max-video-preview":"max-video-preview:-1"},"canonical":"https:\/\/www.in4mo.com\/selskap\/karriere\/","og_locale":"en_US","og_type":"article","og_title":"Karriere - In4mo","og_description":"Bli med p\u00e5 eventyret v\u00e5rt og bygg en bedre fremtid for kundene v\u00e5re.","og_url":"https:\/\/www.in4mo.com\/no\/selskap\/karriere\/","og_site_name":"In4mo","article_modified_time":"2025-04-09T11:04:00+00:00","og_image":[{"width":1920,"height":1080,"url":"https:\/\/www.in4mo.com\/wp-content\/uploads\/careers3.jpg","type":"image\/jpeg"}],"twitter_card":"summary_large_image","twitter_misc":{"Est. reading time":"1 minute"},"schema":{"@context":"https:\/\/schema.org","@graph":[{"@type":"WebPage","@id":"https:\/\/www.in4mo.com\/no\/selskap\/karriere\/","url":"https:\/\/www.in4mo.com\/no\/selskap\/karriere\/","name":"Karriere - In4mo","isPartOf":{"@id":"https:\/\/www.in4mo.com\/#website"},"primaryImageOfPage":{"@id":"https:\/\/www.in4mo.com\/no\/selskap\/karriere\/#primaryimage"},"image":{"@id":"https:\/\/www.in4mo.com\/no\/selskap\/karriere\/#primaryimage"},"thumbnailUrl":"https:\/\/www.in4mo.com\/wp-content\/uploads\/careers3.jpg","datePublished":"2024-03-26T12:40:42+00:00","dateModified":"2025-04-09T11:04:00+00:00","description":"Bli med p\u00e5 eventyret v\u00e5rt og bygg en bedre fremtid for kundene v\u00e5re.","breadcrumb":{"@id":"https:\/\/www.in4mo.com\/no\/selskap\/karriere\/#breadcrumb"},"inLanguage":"en-US","potentialAction":[{"@type":"ReadAction","target":["https:\/\/www.in4mo.com\/no\/selskap\/karriere\/"]}]},{"@type":"ImageObject","inLanguage":"en-US","@id":"https:\/\/www.in4mo.com\/no\/selskap\/karriere\/#primaryimage","url":"https:\/\/www.in4mo.com\/wp-content\/uploads\/careers3.jpg","contentUrl":"https:\/\/www.in4mo.com\/wp-content\/uploads\/careers3.jpg","width":1920,"height":1080,"caption":"karriere"},{"@type":"BreadcrumbList","@id":"https:\/\/www.in4mo.com\/no\/selskap\/karriere\/#breadcrumb","itemListElement":[{"@type":"ListItem","position":1,"name":"Home","item":"https:\/\/www.in4mo.com\/"},{"@type":"ListItem","position":2,"name":"Selskap","item":"https:\/\/www.in4mo.com\/company\/"},{"@type":"ListItem","position":3,"name":"Karriere"}]},{"@type":"WebSite","@id":"https:\/\/www.in4mo.com\/#website","url":"https:\/\/www.in4mo.com\/","name":"In4mo","description":"Insurance and Construction Software","potentialAction":[{"@type":"SearchAction","target":{"@type":"EntryPoint","urlTemplate":"https:\/\/www.in4mo.com\/?s={search_term_string}"},"query-input":{"@type":"PropertyValueSpecification","valueRequired":true,"valueName":"search_term_string"}}],"inLanguage":"en-US"}]}},"_links":{"self":[{"href":"https:\/\/www.in4mo.com\/wp-json\/wp\/v2\/pages\/1656","targetHints":{"allow":["GET"]}}],"collection":[{"href":"https:\/\/www.in4mo.com\/wp-json\/wp\/v2\/pages"}],"about":[{"href":"https:\/\/www.in4mo.com\/wp-json\/wp\/v2\/types\/page"}],"author":[{"embeddable":true,"href":"https:\/\/www.in4mo.com\/wp-json\/wp\/v2\/users\/1"}],"replies":[{"embeddable":true,"href":"https:\/\/www.in4mo.com\/wp-json\/wp\/v2\/comments?post=1656"}],"version-history":[{"count":0,"href":"https:\/\/www.in4mo.com\/wp-json\/wp\/v2\/pages\/1656\/revisions"}],"up":[{"embeddable":true,"href":"https:\/\/www.in4mo.com\/wp-json\/wp\/v2\/pages\/1734"}],"wp:featuredmedia":[{"embeddable":true,"href":"https:\/\/www.in4mo.com\/wp-json\/wp\/v2\/media\/1219"}],"wp:attachment":[{"href":"https:\/\/www.in4mo.com\/wp-json\/wp\/v2\/media?parent=1656"}],"curies":[{"name":"wp","href":"https:\/\/api.w.org\/{rel}","templated":true}]}}