{"id":1697,"date":"2024-03-28T13:19:05","date_gmt":"2024-03-28T11:19:05","guid":{"rendered":"https:\/\/in4modevelopment.wp1.kotisivut.com\/baerekraftig-bedrift\/"},"modified":"2025-04-10T09:48:45","modified_gmt":"2025-04-10T06:48:45","slug":"samfunnsansvar","status":"publish","type":"page","link":"https:\/\/www.in4mo.com\/no\/selskap\/samfunnsansvar\/","title":{"rendered":"Samfunnsansvar"},"content":{"rendered":"<section class=\"l-section wpb_row height_huge full_height valign_center color_primary with_img\"><div class=\"l-section-img\" role=\"img\" data-img-width=\"1920\" data-img-height=\"1080\" style=\"background-image: url(https:\/\/www.in4mo.com\/wp-content\/uploads\/world.jpg);background-repeat: no-repeat;\"><\/div><div class=\"l-section-overlay\" style=\"background:rgba(0,0,0,0.45)\"><\/div><div class=\"l-section-h i-cf\"><div class=\"g-cols vc_row via_flex valign_top type_default stacking_default\"><div class=\"vc_col-sm-12 wpb_column vc_column_container\"><div class=\"vc_column-inner\"><div class=\"wpb_wrapper\"><h1 class=\"w-text us_custom_5b4774b9 us_animate_this\"><span class=\"w-text-h\"><span class=\"w-text-value\">Bedriftens samfunnsansvar<\/span><\/span><\/h1><p class=\"w-text us_custom_9ba94f84 ingressi us_animate_this\"><span class=\"w-text-h\"><span class=\"w-text-value\">For en gr\u00f8nnere fremtid<\/span><\/span><\/p><div class=\"w-iconbox us_custom_1d5f25b7 us_animate_this iconpos_top style_circle color_custom align_center no_text no_title\"><a href=\"#down\" class=\"w-iconbox-link\" aria-label=\"fas|chevron-down\"><div class=\"w-iconbox-icon\" style=\"font-size:1rem;--icon-color:var(--color-content-link);--icon-bg-color:rgba(255,255,255,0.75);\"><i class=\"fas fa-chevron-down\"><\/i><\/div><\/a><div class=\"w-iconbox-meta\"><\/div><\/div><\/div><\/div><\/div><\/div><\/div><\/section><section class=\"l-section wpb_row height_huge\" id=\"down\"><div class=\"l-section-h i-cf\"><div class=\"g-cols vc_row via_flex valign_top type_default stacking_default\"><div class=\"vc_col-sm-12 wpb_column vc_column_container\"><div class=\"vc_column-inner\"><div class=\"wpb_wrapper\"><div class=\"wpb_text_column\"><div class=\"wpb_wrapper\"><h2>I riktig retning<\/h2>\n<p>in4mo har forpliktet seg til \u00e5 f\u00f8lge god praksis for samfunnsansvar (CSR). Vi startet denne reisen med \u00e5 etablere in4mo CSR Management System for \u00e5 dekke de viktigste temaene innen samfunnsansvar (CSR-styring, menneskerettigheter, arbeidspraksis, milj\u00f8, rettferdig driftspraksis, forbrukersp\u00f8rsm\u00e5l, samfunnsengasjement og utvikling) i in4mos interne organisasjon og gjennom v\u00e5re leverand\u00f8rer.<\/p>\n<p>Etter hvert som vi l\u00e6rer mer om hva som fungerer og ikke fungerer for oss som organisasjon, tar vi sikte p\u00e5 \u00e5 kontinuerlig forbedre v\u00e5r CSR-tiln\u00e6rming og bli en bedre versjon av oss selv. Som en del av v\u00e5r CSR-praksis st\u00f8tter in4mo de viktige prinsippene i FNs Global Compact og Den internasjonale arbeidsorganisasjonens konvensjon. I tillegg st\u00f8tter vi arbeidet for \u00d8stersj\u00f8en ved \u00e5 bli st\u00f8ttespillere for John Nurminens Stiftelse. I tillegg har vi innf\u00f8rt tiltak for \u00e5 avhende elektroniske eiendeler p\u00e5 en ansvarlig m\u00e5te, noe som understreker v\u00e5rt engasjement for bedriftens b\u00e6rekraft.<\/p>\n<\/div><\/div><\/div><\/div><\/div><\/div><\/div><\/section><section class=\"l-section wpb_row height_huge color_alternate\"><div class=\"l-section-h i-cf\"><div class=\"g-cols vc_row via_flex valign_top type_default stacking_default\"><div class=\"vc_col-sm-12 wpb_column vc_column_container\"><div class=\"vc_column-inner\"><div class=\"wpb_wrapper\"><div class=\"g-cols wpb_row via_flex valign_middle type_default stacking_default\"><div class=\"vc_col-sm-12 vc_col-lg-6 vc_col-md-6 wpb_column vc_column_container\"><div class=\"vc_column-inner us_custom_7e20fa79 us_animate_this\"><div class=\"wpb_wrapper\"><div class=\"w-image us_custom_30e316af has_ratio align_none\"><div class=\"w-image-h\"><div style=\"padding-bottom:75%\"><\/div><img decoding=\"async\" width=\"960\" height=\"1012\" src=\"https:\/\/www.in4mo.com\/wp-content\/uploads\/co2.jpg\" class=\"attachment-large size-large\" alt=\"\" loading=\"lazy\" srcset=\"https:\/\/www.in4mo.com\/wp-content\/uploads\/co2.jpg 960w, https:\/\/www.in4mo.com\/wp-content\/uploads\/co2-285x300.jpg 285w\" sizes=\"auto, (max-width: 960px) 100vw, 960px\" \/><\/div><\/div><\/div><\/div><\/div><div class=\"vc_col-sm-12 vc_col-lg-6 vc_col-md-6 wpb_column vc_column_container\"><div class=\"vc_column-inner us_custom_47474b22 us_animate_this\"><div class=\"wpb_wrapper\"><div class=\"wpb_text_column us_custom_d98eb4eb\"><div class=\"wpb_wrapper\"><h4>Sertifisert utslippsberegning av in4mo<\/h4>\n<p>Vi er glade for \u00e5 kunne kunngj\u00f8re at Emission Estimatics CO2-kalkulatorverkt\u00f8y har blitt akkreditert med ISO 14064-1-sertifikat. Early Access-programmet er tilgjengelig for v\u00e5re kunder. Ta kontakt med kontaktpersonen deres om dere \u00f8nsker \u00e5 vite mer.<\/p>\n<\/div><\/div><div class=\"w-separator size_medium\"><\/div><div class=\"w-btn-wrapper align_none\"><a class=\"w-btn us-btn-style_3 icon_atleft\" href=\"https:\/\/www.in4mo.com\/wp-content\/uploads\/ISO14064-3DECOFVER.064-2.D01-ENG-in4mo-1-1200x1696-1.png\"><i class=\"fas fa-download\"><\/i><span class=\"w-btn-label\">Se sertifikat<\/span><\/a><\/div><\/div><\/div><\/div><\/div><div class=\"w-separator size_large\"><\/div><div class=\"g-cols wpb_row via_flex valign_middle type_default reversed stacking_default\"><div class=\"vc_col-sm-12 vc_col-lg-6 vc_col-md-6 wpb_column vc_column_container\"><div class=\"vc_column-inner us_custom_7e20fa79 us_animate_this\"><div class=\"wpb_wrapper\"><div class=\"wpb_text_column us_custom_d98eb4eb\"><div class=\"wpb_wrapper\"><h4>Ecovadis<\/h4>\n<p>\u00c5 bli tildelt s\u00f8lvmedaljen for tredje \u00e5r p\u00e5 rad av EcoVadis er en stor prestasjon for organisasjonen v\u00e5r, og viser v\u00e5re fremragende resultater og v\u00e5rt engasjement for b\u00e6rekraftig praksis. Denne anerkjennelsen bekrefter at b\u00e6rekraftinitiativene v\u00e5re er i tr\u00e5d med internasjonale standarder og optimale metoder, noe som posisjonerer oss som ledende innen ansvarlig forretningsdrift.<\/p>\n<\/div><\/div><div class=\"w-separator size_medium\"><\/div><div class=\"w-btn-wrapper align_none\"><a class=\"w-btn us-btn-style_3\" target=\"_blank\" href=\"https:\/\/ecovadis.com\/?utm_source=Google+=paid=2024-04-Brand-NA-UK-BENELUX-NORDICS-Google+Ads\"><span class=\"w-btn-label\">Bes\u00f8k nettstedet<\/span><\/a><\/div><\/div><\/div><\/div><div class=\"vc_col-sm-12 vc_col-lg-6 vc_col-md-6 wpb_column vc_column_container\"><div class=\"vc_column-inner\"><div class=\"wpb_wrapper\"><div class=\"w-image us_custom_7364406c us_animate_this has_ratio align_none\"><div class=\"w-image-h\"><div style=\"padding-bottom:75%\"><\/div><img decoding=\"async\" width=\"1024\" height=\"756\" src=\"https:\/\/www.in4mo.com\/wp-content\/uploads\/ecovadis-2024-1024x756.png\" class=\"attachment-large size-large\" alt=\"\" loading=\"lazy\" srcset=\"https:\/\/www.in4mo.com\/wp-content\/uploads\/ecovadis-2024-1024x756.png 1024w, https:\/\/www.in4mo.com\/wp-content\/uploads\/ecovadis-2024-300x221.png 300w, https:\/\/www.in4mo.com\/wp-content\/uploads\/ecovadis-2024.png 1038w\" sizes=\"auto, (max-width: 1024px) 100vw, 1024px\" \/><\/div><\/div><\/div><\/div><\/div><\/div><div class=\"w-separator size_large\"><\/div><div class=\"g-cols wpb_row via_flex valign_middle type_default stacking_default\"><div class=\"vc_col-sm-12 vc_col-lg-6 vc_col-md-6 wpb_column vc_column_container\"><div class=\"vc_column-inner us_custom_7e20fa79 us_animate_this\"><div class=\"wpb_wrapper\"><div class=\"w-image us_custom_30e316af has_ratio align_none\"><div class=\"w-image-h\"><div style=\"padding-bottom:75%\"><\/div><img decoding=\"async\" width=\"960\" height=\"1012\" src=\"https:\/\/www.in4mo.com\/wp-content\/uploads\/SDG.jpg\" class=\"attachment-large size-large\" alt=\"\" loading=\"lazy\" srcset=\"https:\/\/www.in4mo.com\/wp-content\/uploads\/SDG.jpg 960w, https:\/\/www.in4mo.com\/wp-content\/uploads\/SDG-285x300.jpg 285w\" sizes=\"auto, (max-width: 960px) 100vw, 960px\" \/><\/div><\/div><\/div><\/div><\/div><div class=\"vc_col-sm-12 vc_col-lg-6 vc_col-md-6 wpb_column vc_column_container\"><div class=\"vc_column-inner us_custom_47474b22 us_animate_this\"><div class=\"wpb_wrapper\"><div class=\"wpb_text_column us_custom_d98eb4eb\"><div class=\"wpb_wrapper\"><h4>FNs Global Compact<\/h4>\n<p>Vi er stolte over \u00e5 ha sluttet oss til FNs Global Compact som en del av v\u00e5r forpliktelse til \u00e5 v\u00e6re et ansvarlig selskap. Denne forpliktelsen inneb\u00e6rer at vi skal drive ansvarlig, i tr\u00e5d med universelle b\u00e6rekraftprinsipper, iverksette tiltak for \u00e5 st\u00f8tte samfunnet og rapportere til FNs Global Compact hvert \u00e5r om v\u00e5rt p\u00e5g\u00e5ende arbeid.<\/p>\n<\/div><\/div><div class=\"w-separator size_medium\"><\/div><div class=\"w-btn-wrapper align_none\"><a class=\"w-btn us-btn-style_3\" target=\"_blank\" href=\"https:\/\/unglobalcompact.org\/\"><span class=\"w-btn-label\">Bes\u00f8k nettstedet<\/span><\/a><\/div><\/div><\/div><\/div><\/div><div class=\"w-separator size_large\"><\/div><div class=\"g-cols wpb_row via_flex valign_middle type_default reversed stacking_default\"><div class=\"vc_col-sm-12 vc_col-lg-6 vc_col-md-6 wpb_column vc_column_container\"><div class=\"vc_column-inner us_custom_7e20fa79 us_animate_this\"><div class=\"wpb_wrapper\"><div class=\"wpb_text_column us_custom_d98eb4eb\"><div class=\"wpb_wrapper\"><h4>Baner vei for en gr\u00f8nnere fremtid!<\/h4>\n<p>in4mo har inng\u00e5tt et samarbeid med Lassila Tikanoja Oyj for \u00e5 legge til rette for ansvarlig resirkulering av b\u00e6rbare datamaskiner og IT-komponenter. Denne strategiske alliansen fremmer et lukket kretsl\u00f8pssystem som effektivt minimerer avfall, bevarer verdifulle ressurser og reduserer milj\u00f8p\u00e5virkningen fra elektroniske enheter.<\/p>\n<\/div><\/div><\/div><\/div><\/div><div class=\"vc_col-sm-12 vc_col-lg-6 vc_col-md-6 wpb_column vc_column_container\"><div class=\"vc_column-inner us_custom_47474b22 us_animate_this\"><div class=\"wpb_wrapper\"><div class=\"w-image us_custom_30e316af has_ratio align_none\"><div class=\"w-image-h\"><div style=\"padding-bottom:75%\"><\/div><img decoding=\"async\" width=\"960\" height=\"1012\" src=\"https:\/\/www.in4mo.com\/wp-content\/uploads\/greener-future2.jpg\" class=\"attachment-large size-large\" alt=\"\" loading=\"lazy\" srcset=\"https:\/\/www.in4mo.com\/wp-content\/uploads\/greener-future2.jpg 960w, https:\/\/www.in4mo.com\/wp-content\/uploads\/greener-future2-285x300.jpg 285w\" sizes=\"auto, (max-width: 960px) 100vw, 960px\" \/><\/div><\/div><\/div><\/div><\/div><\/div><div class=\"w-separator size_large\"><\/div><div class=\"g-cols wpb_row via_flex valign_middle type_default stacking_default\"><div class=\"vc_col-sm-12 vc_col-lg-6 vc_col-md-6 wpb_column vc_column_container\"><div class=\"vc_column-inner us_custom_7e20fa79 us_animate_this\"><div class=\"wpb_wrapper\"><div class=\"w-image us_custom_30e316af has_ratio align_none\"><div class=\"w-image-h\"><div style=\"padding-bottom:75%\"><\/div><img decoding=\"async\" width=\"960\" height=\"1012\" src=\"https:\/\/www.in4mo.com\/wp-content\/uploads\/sustainability-policies.jpg\" class=\"attachment-large size-large\" alt=\"\" loading=\"lazy\" srcset=\"https:\/\/www.in4mo.com\/wp-content\/uploads\/sustainability-policies.jpg 960w, https:\/\/www.in4mo.com\/wp-content\/uploads\/sustainability-policies-285x300.jpg 285w\" sizes=\"auto, (max-width: 960px) 100vw, 960px\" \/><\/div><\/div><\/div><\/div><\/div><div class=\"vc_col-sm-12 vc_col-lg-6 vc_col-md-6 wpb_column vc_column_container\"><div class=\"vc_column-inner us_custom_47474b22 us_animate_this\"><div class=\"wpb_wrapper\"><div class=\"wpb_text_column us_custom_d98eb4eb\"><div class=\"wpb_wrapper\"><h4>B\u00e6rekraftig politikk<\/h4>\n<p>Hos in4mo er b\u00e6rekraft en viktig del av retningslinjene v\u00e5re, og v\u00e5r \u00e5rlige gjennomgang av samfunnsansvar sikrer ansvarlighet og positiv innvirkning.<\/p>\n<\/div><\/div><div class=\"w-separator size_medium\"><\/div><div class=\"w-btn-wrapper align_none\"><a class=\"w-btn us-btn-style_3\" href=\"\/no\/retningslinjer\/\"><span class=\"w-btn-label\">Retningslinjer<\/span><\/a><\/div><\/div><\/div><\/div><\/div><div class=\"w-separator size_large\"><\/div><div class=\"g-cols wpb_row via_flex valign_middle type_default reversed stacking_default\"><div class=\"vc_col-sm-12 vc_col-lg-6 vc_col-md-6 wpb_column vc_column_container\"><div class=\"vc_column-inner us_custom_7e20fa79 us_animate_this\"><div class=\"wpb_wrapper\"><div class=\"wpb_text_column us_custom_d98eb4eb\"><div class=\"wpb_wrapper\"><h4>John Nurminens Stiftelse<\/h4>\n<p>Vi har sluttet oss til arbeidet for et friskere \u00d8stersj\u00f8en som st\u00f8ttespiller for John Nurminens Stiftelse! Vi \u00f8nsker \u00e5 sikre at v\u00e5rt eneste hav forblir levende ogs\u00e5 for fremtidige generasjoner. John Nurminens Stiftelse gj\u00f8r et konkret arbeid for \u00d8stersj\u00f8en og dets kulturarv.<\/p>\n<\/div><\/div><div class=\"w-separator size_medium\"><\/div><div class=\"w-btn-wrapper align_none\"><a class=\"w-btn us-btn-style_3\" target=\"_blank\" href=\"https:\/\/johnnurmisensaatio.fi\/en\/\"><span class=\"w-btn-label\">Bes\u00f8k nettstedet<\/span><\/a><\/div><\/div><\/div><\/div><div class=\"vc_col-sm-12 vc_col-lg-6 vc_col-md-6 wpb_column vc_column_container\"><div class=\"vc_column-inner us_custom_47474b22 us_animate_this\"><div class=\"wpb_wrapper\"><div class=\"w-image us_custom_30e316af has_ratio align_none\"><div class=\"w-image-h\"><div style=\"padding-bottom:75%\"><\/div><img decoding=\"async\" width=\"960\" height=\"1012\" src=\"https:\/\/www.in4mo.com\/wp-content\/uploads\/john-nurminen-foundation.jpg\" class=\"attachment-large size-large\" alt=\"\" loading=\"lazy\" srcset=\"https:\/\/www.in4mo.com\/wp-content\/uploads\/john-nurminen-foundation.jpg 960w, https:\/\/www.in4mo.com\/wp-content\/uploads\/john-nurminen-foundation-285x300.jpg 285w\" sizes=\"auto, (max-width: 960px) 100vw, 960px\" \/><\/div><\/div><\/div><\/div><\/div><\/div><\/div><\/div><\/div><\/div><\/div><\/section>\n","protected":false},"excerpt":{"rendered":"Bedriftens samfunnsansvarFor en gr\u00f8nnere fremtidI riktig retning in4mo har forpliktet seg til \u00e5 f\u00f8lge god praksis for samfunnsansvar (CSR). Vi startet denne reisen med \u00e5 etablere in4mo CSR Management System for \u00e5 dekke de viktigste temaene innen samfunnsansvar (CSR-styring, menneskerettigheter, arbeidspraksis, milj\u00f8, rettferdig driftspraksis, forbrukersp\u00f8rsm\u00e5l, samfunnsengasjement og utvikling) i in4mos interne organisasjon og gjennom v\u00e5re...","protected":false},"author":1,"featured_media":1484,"parent":1734,"menu_order":9,"comment_status":"closed","ping_status":"closed","template":"","meta":{"footnotes":""},"class_list":["post-1697","page","type-page","status-publish","has-post-thumbnail","hentry"],"acf":[],"yoast_head":"<!-- This site is optimized with the Yoast SEO plugin v26.3 - https:\/\/yoast.com\/wordpress\/plugins\/seo\/ -->\n<title>Samfunnsansvar - In4mo<\/title>\n<meta name=\"description\" content=\"Vi har som m\u00e5l \u00e5 opprettholde milj\u00f8vennlige anlegg og prosesser, noe som gjenspeiler v\u00e5rt engasjement for en gr\u00f8nnere fremtid.\" \/>\n<meta name=\"robots\" content=\"index, follow, max-snippet:-1, max-image-preview:large, max-video-preview:-1\" \/>\n<link rel=\"canonical\" href=\"https:\/\/www.in4mo.com\/no\/selskap\/samfunnsansvar\/\" \/>\n<meta property=\"og:locale\" content=\"nb_NO\" \/>\n<meta property=\"og:type\" content=\"article\" \/>\n<meta property=\"og:title\" content=\"Samfunnsansvar - In4mo\" \/>\n<meta property=\"og:description\" content=\"Vi har som m\u00e5l \u00e5 opprettholde milj\u00f8vennlige anlegg og prosesser, noe som gjenspeiler v\u00e5rt engasjement for en gr\u00f8nnere fremtid.\" \/>\n<meta property=\"og:url\" content=\"https:\/\/www.in4mo.com\/no\/selskap\/samfunnsansvar\/\" \/>\n<meta property=\"og:site_name\" content=\"In4mo\" \/>\n<meta property=\"article:modified_time\" content=\"2025-04-10T06:48:45+00:00\" \/>\n<meta property=\"og:image\" content=\"https:\/\/www.in4mo.com\/wp-content\/uploads\/world.jpg\" \/>\n\t<meta property=\"og:image:width\" content=\"1920\" \/>\n\t<meta property=\"og:image:height\" content=\"1080\" \/>\n\t<meta property=\"og:image:type\" content=\"image\/jpeg\" \/>\n<meta name=\"twitter:card\" content=\"summary_large_image\" \/>\n<meta name=\"twitter:label1\" content=\"Ansl. lesetid\" \/>\n\t<meta name=\"twitter:data1\" content=\"3 minutter\" \/>\n<script type=\"application\/ld+json\" class=\"yoast-schema-graph\">{\"@context\":\"https:\/\/schema.org\",\"@graph\":[{\"@type\":\"WebPage\",\"@id\":\"https:\/\/www.in4mo.com\/no\/selskap\/samfunnsansvar\/\",\"url\":\"https:\/\/www.in4mo.com\/no\/selskap\/samfunnsansvar\/\",\"name\":\"Samfunnsansvar - In4mo\",\"isPartOf\":{\"@id\":\"https:\/\/www.in4mo.com\/no\/#website\"},\"primaryImageOfPage\":{\"@id\":\"https:\/\/www.in4mo.com\/no\/selskap\/samfunnsansvar\/#primaryimage\"},\"image\":{\"@id\":\"https:\/\/www.in4mo.com\/no\/selskap\/samfunnsansvar\/#primaryimage\"},\"thumbnailUrl\":\"https:\/\/www.in4mo.com\/wp-content\/uploads\/world.jpg\",\"datePublished\":\"2024-03-28T11:19:05+00:00\",\"dateModified\":\"2025-04-10T06:48:45+00:00\",\"description\":\"Vi har som m\u00e5l \u00e5 opprettholde milj\u00f8vennlige anlegg og prosesser, noe som gjenspeiler v\u00e5rt engasjement for en gr\u00f8nnere fremtid.\",\"breadcrumb\":{\"@id\":\"https:\/\/www.in4mo.com\/no\/selskap\/samfunnsansvar\/#breadcrumb\"},\"inLanguage\":\"nb-NO\",\"potentialAction\":[{\"@type\":\"ReadAction\",\"target\":[\"https:\/\/www.in4mo.com\/no\/selskap\/samfunnsansvar\/\"]}]},{\"@type\":\"ImageObject\",\"inLanguage\":\"nb-NO\",\"@id\":\"https:\/\/www.in4mo.com\/no\/selskap\/samfunnsansvar\/#primaryimage\",\"url\":\"https:\/\/www.in4mo.com\/wp-content\/uploads\/world.jpg\",\"contentUrl\":\"https:\/\/www.in4mo.com\/wp-content\/uploads\/world.jpg\",\"width\":1920,\"height\":1080,\"caption\":\"Yritysvastuu\"},{\"@type\":\"BreadcrumbList\",\"@id\":\"https:\/\/www.in4mo.com\/no\/selskap\/samfunnsansvar\/#breadcrumb\",\"itemListElement\":[{\"@type\":\"ListItem\",\"position\":1,\"name\":\"Home\",\"item\":\"https:\/\/www.in4mo.com\/no\/\"},{\"@type\":\"ListItem\",\"position\":2,\"name\":\"Selskap\",\"item\":\"https:\/\/www.in4mo.com\/no\/company\/\"},{\"@type\":\"ListItem\",\"position\":3,\"name\":\"Samfunnsansvar\"}]},{\"@type\":\"WebSite\",\"@id\":\"https:\/\/www.in4mo.com\/no\/#website\",\"url\":\"https:\/\/www.in4mo.com\/no\/\",\"name\":\"In4mo\",\"description\":\"Insurance and Construction Software\",\"potentialAction\":[{\"@type\":\"SearchAction\",\"target\":{\"@type\":\"EntryPoint\",\"urlTemplate\":\"https:\/\/www.in4mo.com\/no\/?s={search_term_string}\"},\"query-input\":{\"@type\":\"PropertyValueSpecification\",\"valueRequired\":true,\"valueName\":\"search_term_string\"}}],\"inLanguage\":\"nb-NO\"}]}<\/script>\n<!-- \/ Yoast SEO plugin. -->","yoast_head_json":{"title":"Samfunnsansvar - In4mo","description":"Vi har som m\u00e5l \u00e5 opprettholde milj\u00f8vennlige anlegg og prosesser, noe som gjenspeiler v\u00e5rt engasjement for en gr\u00f8nnere fremtid.","robots":{"index":"index","follow":"follow","max-snippet":"max-snippet:-1","max-image-preview":"max-image-preview:large","max-video-preview":"max-video-preview:-1"},"canonical":"https:\/\/www.in4mo.com\/no\/selskap\/samfunnsansvar\/","og_locale":"nb_NO","og_type":"article","og_title":"Samfunnsansvar - In4mo","og_description":"Vi har som m\u00e5l \u00e5 opprettholde milj\u00f8vennlige anlegg og prosesser, noe som gjenspeiler v\u00e5rt engasjement for en gr\u00f8nnere fremtid.","og_url":"https:\/\/www.in4mo.com\/no\/selskap\/samfunnsansvar\/","og_site_name":"In4mo","article_modified_time":"2025-04-10T06:48:45+00:00","og_image":[{"width":1920,"height":1080,"url":"https:\/\/www.in4mo.com\/wp-content\/uploads\/world.jpg","type":"image\/jpeg"}],"twitter_card":"summary_large_image","twitter_misc":{"Ansl. lesetid":"3 minutter"},"schema":{"@context":"https:\/\/schema.org","@graph":[{"@type":"WebPage","@id":"https:\/\/www.in4mo.com\/no\/selskap\/samfunnsansvar\/","url":"https:\/\/www.in4mo.com\/no\/selskap\/samfunnsansvar\/","name":"Samfunnsansvar - In4mo","isPartOf":{"@id":"https:\/\/www.in4mo.com\/no\/#website"},"primaryImageOfPage":{"@id":"https:\/\/www.in4mo.com\/no\/selskap\/samfunnsansvar\/#primaryimage"},"image":{"@id":"https:\/\/www.in4mo.com\/no\/selskap\/samfunnsansvar\/#primaryimage"},"thumbnailUrl":"https:\/\/www.in4mo.com\/wp-content\/uploads\/world.jpg","datePublished":"2024-03-28T11:19:05+00:00","dateModified":"2025-04-10T06:48:45+00:00","description":"Vi har som m\u00e5l \u00e5 opprettholde milj\u00f8vennlige anlegg og prosesser, noe som gjenspeiler v\u00e5rt engasjement for en gr\u00f8nnere fremtid.","breadcrumb":{"@id":"https:\/\/www.in4mo.com\/no\/selskap\/samfunnsansvar\/#breadcrumb"},"inLanguage":"nb-NO","potentialAction":[{"@type":"ReadAction","target":["https:\/\/www.in4mo.com\/no\/selskap\/samfunnsansvar\/"]}]},{"@type":"ImageObject","inLanguage":"nb-NO","@id":"https:\/\/www.in4mo.com\/no\/selskap\/samfunnsansvar\/#primaryimage","url":"https:\/\/www.in4mo.com\/wp-content\/uploads\/world.jpg","contentUrl":"https:\/\/www.in4mo.com\/wp-content\/uploads\/world.jpg","width":1920,"height":1080,"caption":"Yritysvastuu"},{"@type":"BreadcrumbList","@id":"https:\/\/www.in4mo.com\/no\/selskap\/samfunnsansvar\/#breadcrumb","itemListElement":[{"@type":"ListItem","position":1,"name":"Home","item":"https:\/\/www.in4mo.com\/no\/"},{"@type":"ListItem","position":2,"name":"Selskap","item":"https:\/\/www.in4mo.com\/no\/company\/"},{"@type":"ListItem","position":3,"name":"Samfunnsansvar"}]},{"@type":"WebSite","@id":"https:\/\/www.in4mo.com\/no\/#website","url":"https:\/\/www.in4mo.com\/no\/","name":"In4mo","description":"Insurance and Construction Software","potentialAction":[{"@type":"SearchAction","target":{"@type":"EntryPoint","urlTemplate":"https:\/\/www.in4mo.com\/no\/?s={search_term_string}"},"query-input":{"@type":"PropertyValueSpecification","valueRequired":true,"valueName":"search_term_string"}}],"inLanguage":"nb-NO"}]}},"_links":{"self":[{"href":"https:\/\/www.in4mo.com\/no\/wp-json\/wp\/v2\/pages\/1697","targetHints":{"allow":["GET"]}}],"collection":[{"href":"https:\/\/www.in4mo.com\/no\/wp-json\/wp\/v2\/pages"}],"about":[{"href":"https:\/\/www.in4mo.com\/no\/wp-json\/wp\/v2\/types\/page"}],"author":[{"embeddable":true,"href":"https:\/\/www.in4mo.com\/no\/wp-json\/wp\/v2\/users\/1"}],"replies":[{"embeddable":true,"href":"https:\/\/www.in4mo.com\/no\/wp-json\/wp\/v2\/comments?post=1697"}],"version-history":[{"count":0,"href":"https:\/\/www.in4mo.com\/no\/wp-json\/wp\/v2\/pages\/1697\/revisions"}],"up":[{"embeddable":true,"href":"https:\/\/www.in4mo.com\/no\/wp-json\/wp\/v2\/pages\/1734"}],"wp:featuredmedia":[{"embeddable":true,"href":"https:\/\/www.in4mo.com\/no\/wp-json\/wp\/v2\/media\/1484"}],"wp:attachment":[{"href":"https:\/\/www.in4mo.com\/no\/wp-json\/wp\/v2\/media?parent=1697"}],"curies":[{"name":"wp","href":"https:\/\/api.w.org\/{rel}","templated":true}]}}