{"id":1760,"date":"2024-05-13T12:57:09","date_gmt":"2024-05-13T09:57:09","guid":{"rendered":"https:\/\/in4modevelopment.wp1.kotisivut.com\/mobilpolitikk\/"},"modified":"2024-05-16T04:36:56","modified_gmt":"2024-05-16T01:36:56","slug":"mobilpolitikk","status":"publish","type":"page","link":"https:\/\/www.in4mo.com\/no\/mobilpolitikk\/","title":{"rendered":"Mobilpolitikk"},"content":{"rendered":"<section class=\"l-section wpb_row height_huge color_primary with_img\"><div class=\"l-section-img\" role=\"img\" data-img-width=\"817\" data-img-height=\"319\" style=\"background-image: url(https:\/\/www.in4mo.com\/wp-content\/uploads\/bg-dots-white.png);background-position: center left;background-repeat: repeat-x;background-size: auto;\"><\/div><div class=\"l-section-h i-cf\"><div class=\"g-cols vc_row via_flex valign_top type_default stacking_default\"><div class=\"vc_col-sm-12 wpb_column vc_column_container\"><div class=\"vc_column-inner\"><div class=\"wpb_wrapper\"><h1 class=\"w-text\"><span class=\"w-text-h\"><span class=\"w-text-value\">Mobilpolitikk<\/span><\/span><\/h1><\/div><\/div><\/div><\/div><\/div><\/section><section class=\"l-section wpb_row height_huge color_alternate\"><div class=\"l-section-h i-cf\"><div class=\"g-cols vc_row via_flex valign_top type_default stacking_default\"><div class=\"vc_col-sm-2 wpb_column vc_column_container\"><div class=\"vc_column-inner\"><div class=\"wpb_wrapper\"><\/div><\/div><\/div><div class=\"vc_col-sm-8 wpb_column vc_column_container\"><div class=\"vc_column-inner\"><div class=\"wpb_wrapper\"><div class=\"w-tabs style_default switch_click accordion has_scrolling\" style=\"--sections-title-size:inherit\"><div class=\"w-tabs-sections titles-align_none icon_chevron cpos_right\"><div class=\"w-tabs-section\" id=\"v51a\"><button class=\"w-tabs-section-header\" aria-controls=\"content-v51a\" aria-expanded=\"false\"><div class=\"w-tabs-section-title\">Innledning<\/div><div class=\"w-tabs-section-control\"><\/div><\/button><div  class=\"w-tabs-section-content\" id=\"content-v51a\"><div class=\"w-tabs-section-content-h i-cf\"><div class=\"wpb_text_column\"><div class=\"wpb_wrapper\"><p id=\"isPasted\">Denne erkl\u00e6ringen forklarer hvordan vi samler inn og behandler personopplysninger gjennom din bruk av <strong>in4mo Task Reporter<\/strong>. Du finner mer informasjon om selskapets <a href=\"https:\/\/in4mo.com\/solera-in4mo-privacy-policy\/\" target=\"_blank\" rel=\"noopener noreferrer\">personvernerkl\u00e6ring<\/a>, dine rettigheter og hvordan loven beskytter deg p\u00e5 <a href=\"https:\/\/in4mo.com\/solera-in4mo-privacy-policy\/\" target=\"_blank\" rel=\"noopener noreferrer\">in4mo personvernerkl\u00e6ring<\/a>. Denne erkl\u00e6ringen b\u00f8r leses i sammenheng med v\u00e5re retningslinjer for personvern og kan oppdateres av oss fra tid til annen.<\/p>\n<p>Applikasjonen v\u00e5r er ikke beregnet p\u00e5 mindre\u00e5rige under 16 \u00e5r, og vi samler ikke bevisst inn opplysninger om barn.<\/p>\n<\/div><\/div><\/div><\/div><\/div><div class=\"w-tabs-section\" id=\"o83b\"><button class=\"w-tabs-section-header\" aria-controls=\"content-o83b\" aria-expanded=\"false\"><div class=\"w-tabs-section-title\">Innsamling av personopplysninger<\/div><div class=\"w-tabs-section-control\"><\/div><\/button><div  class=\"w-tabs-section-content\" id=\"content-o83b\"><div class=\"w-tabs-section-content-h i-cf\"><div class=\"wpb_text_column\"><div class=\"wpb_wrapper\"><section id=\"otnotice-section-f9f71fce-e830-402f-a4e8-8ca5c6bc953d\" class=\"otnotice-section\">\n<div class=\"otnotice-section-content\">\n<p id=\"isPasted\">N\u00e5r du bruker in4mo Task Reporter, kan du oppgi informasjon om forsikringstakere og deres eiendom for \u00e5 administrere oppgaver knyttet til eiendomsskader. Vi samler ogs\u00e5 inn informasjon om deg som autorisert bruker<span id=\"isPasted\"> <\/span>for \u00e5 gi tilgang til tjenesten og for \u00e5 forbedre v\u00e5re produkter og tjenester. N\u00e5r det er n\u00f8dvendig, gir vi informasjon til leverand\u00f8rer som hjelper oss med \u00e5 levere denne tjenesten, andre selskaper i Solera-konsernet og offentlige myndigheter (der det er p\u00e5krevd).<\/p>\n<p>Vi selger ikke personopplysninger slik disse begrepene er definert i henhold til gjeldende personvernlovgivning.<\/p>\n<p>Denne tjenesten samler kun inn f\u00f8lgende typer personopplysninger til de form\u00e5lene som er angitt nedenfor:<\/p>\n<table id=\"isPasted\" border=\"1\" width=\"666\" cellspacing=\"0\" cellpadding=\"0\">\n<tbody>\n<tr>\n<td valign=\"top\"><strong>Innhentet informasjon<\/strong><\/td>\n<td valign=\"top\"><strong>Form\u00e5l med bruk av informasjon<\/strong><\/td>\n<td><strong>Registrert(e) person(er)<\/strong><\/td>\n<\/tr>\n<tr>\n<td valign=\"top\"><strong>Identifikasjonsdata<\/strong><\/td>\n<td valign=\"top\">Tilby tjenesten<\/p>\n<p>Overholde juridiske forpliktelser<\/td>\n<td>Autoriserte brukere<br id=\"isPasted\">Forsikringstakere<\/td>\n<\/tr>\n<tr>\n<td><strong>Forsikringsdata<\/strong><\/td>\n<td>\n<p id=\"isPasted\">Tilby tjenesten<\/p>\n<\/td>\n<td>Forsikringstakere<\/td>\n<\/tr>\n<tr>\n<td><strong>Kommersielle data<\/strong><\/td>\n<td>\n<p id=\"isPasted\">Tilby tjenesten<\/p>\n<\/td>\n<td>Forsikringstakere<\/td>\n<\/tr>\n<tr>\n<td valign=\"top\"><strong>Geolokaliseringsdata<\/strong><\/td>\n<td valign=\"top\">Tilby tjenesten<\/td>\n<td>Forsikringstakere<\/td>\n<\/tr>\n<tr>\n<td valign=\"top\"><strong>Eiendomsdata<\/strong><\/td>\n<td valign=\"top\">Tilby tjenesten<\/p>\n<p>Overholde juridiske forpliktelser<\/td>\n<td>Forsikringstakere<\/td>\n<\/tr>\n<tr>\n<td valign=\"top\"><strong>Teknisk og bruk<\/strong><\/td>\n<td valign=\"top\">Tilby tjenesten<\/p>\n<p>Sikkerhet og feils\u00f8king<\/p>\n<p>Analyse<\/td>\n<td>Autoriserte brukere<\/td>\n<\/tr>\n<tr>\n<td valign=\"top\"><strong>Sysselsettingsdata<\/strong><\/td>\n<td valign=\"top\">Tilby tjenesten<\/td>\n<td>Autoriserte brukere<\/td>\n<\/tr>\n<tr>\n<td><strong>Fotografier<\/strong><\/td>\n<td>Tilby tjenesten<\/td>\n<td>Forsikringstakere<\/td>\n<\/tr>\n<\/tbody>\n<\/table>\n<ul id=\"isPasted\">\n<li><strong>Identifikasjonsdata<\/strong> inkluderer data som navn, alias, postadresse, unik personlig identifikator, online-identifikator, e-postadresse, kontonavn, f\u00f8rerkortnummer eller andre lignende identifikatorer.<\/li>\n<li id=\"isPasted\"><strong>Forsikringsdata<\/strong> inkluderer data som skadenummer og annen forsikringsinformasjon.<\/li>\n<li><strong>Kommersielle data<\/strong> omfatter data som for eksempel registreringer av personlig eiendom.<\/li>\n<li id=\"isPasted\"><strong>Geolokaliseringsdata <\/strong>inkluderer data som breddegrad og lengdegrad for eiendommens beliggenhet.<\/li>\n<li id=\"isPasted\"><strong>Eiendomsdata<\/strong> omfatter data som adresse p\u00e5 eiendommen og skadeinformasjon.<\/li>\n<li id=\"isPasted\"><strong>Tekniske data og bruksdata<\/strong> inkluderer data som internettprotokolladresse, p\u00e5loggingsdata, nettlesertype og -versjon, tidssoneinnstillinger, data om enheter som brukes for \u00e5 f\u00e5 tilgang til nettstedet\/tjenesten, hvordan du bruker nettstedet eller tjenesten v\u00e5r, nettleserhistorikk, s\u00f8kehistorikk og informasjon om interaksjon med et nettsted, en applikasjon eller en annonse.<\/li>\n<li><strong>Sysselsettingsdata<\/strong> omfatter data som informasjon om sysselsetting eller et yrke.<\/li>\n<li id=\"isPasted\"><strong>Fotografier <\/strong>inkluderer bilder av eiendom.<\/li>\n<\/ul>\n<p id=\"isPasted\"><strong>Spesielle eller sensitive kategorier av personopplysninger.  <\/strong>Hvis du inkluderer fotografier av personer (noe som ikke anbefales), kan fotografiene avsl\u00f8re informasjon om for eksempel rase eller etnisitet.<strong>   <\/strong><\/p>\n<p><strong>Aggregerte data<\/strong>, for eksempel statistiske eller demografiske data, kan utledes fra personopplysningene dine, men anses ikke som personopplysninger i juridisk forstand, ettersom de <strong>ikke<\/strong> direkte eller indirekte identifiserer deg.<\/p>\n<\/div>\n<\/section>\n<section id=\"otnotice-section-0e365700-80f1-4c16-93e2-bf42c619035d\" class=\"otnotice-section\"><\/section>\n<\/div><\/div><\/div><\/div><\/div><div class=\"w-tabs-section\" id=\"t997\"><button class=\"w-tabs-section-header\" aria-controls=\"content-t997\" aria-expanded=\"false\"><div class=\"w-tabs-section-title\">Hvis du unnlater \u00e5 oppgi personopplysninger<\/div><div class=\"w-tabs-section-control\"><\/div><\/button><div  class=\"w-tabs-section-content\" id=\"content-t997\"><div class=\"w-tabs-section-content-h i-cf\"><div class=\"wpb_text_column\"><div class=\"wpb_wrapper\"><p>Hvis vi m\u00e5 samle inn personopplysninger for \u00e5 kunne levere denne tjenesten, eller hvis det er lovp\u00e5lagt, og du unnlater \u00e5 oppgi disse opplysningene n\u00e5r vi ber om det, kan det hende at vi ikke kan levere tjenesten eller alle dens funksjoner.<\/p>\n<\/div><\/div><\/div><\/div><\/div><div class=\"w-tabs-section\" id=\"faca\"><button class=\"w-tabs-section-header\" aria-controls=\"content-faca\" aria-expanded=\"false\"><div class=\"w-tabs-section-title\">Datasikkerhet<\/div><div class=\"w-tabs-section-control\"><\/div><\/button><div  class=\"w-tabs-section-content\" id=\"content-faca\"><div class=\"w-tabs-section-content-h i-cf\"><div class=\"wpb_text_column\"><div class=\"wpb_wrapper\"><p>Vi har egnede sikkerhetstiltak for \u00e5 beskytte opplysningene.<\/p>\n<\/div><\/div><\/div><\/div><\/div><div class=\"w-tabs-section\" id=\"jc27\"><button class=\"w-tabs-section-header\" aria-controls=\"content-jc27\" aria-expanded=\"false\"><div class=\"w-tabs-section-title\">Kontaktinformasjon<\/div><div class=\"w-tabs-section-control\"><\/div><\/button><div  class=\"w-tabs-section-content\" id=\"content-jc27\"><div class=\"w-tabs-section-content-h i-cf\"><div class=\"wpb_text_column\"><div class=\"wpb_wrapper\"><p id=\"isPasted\">For mer informasjon om denne erkl\u00e6ringen eller for \u00e5 be om rettigheter i henhold til personvernlovgivningen, fyll ut skjemaet som ligger p\u00e5 <a href=\"https:\/\/eudsar.solera.com\/webform\/9eb91cc4-23fa-42be-9a10-ed84af223018\/36dce121-830b-426a-a4b8-ea21193a7fd2\" target=\"_blank\" rel=\"noopener noreferrer\">In4mo Excercise Your Rights<\/a> form. Du kan ogs\u00e5 kontakte oss p\u00e5<\/p>\n<p>&nbsp;<\/p>\n<p id=\"isPasted\">In4mo Oy,<\/p>\n<p>Attn: Data Privacy Champion<\/p>\n<p>Tekniikantie 12, 02150 Espoo,<\/p>\n<p>E-post: <a href=\"mailto:privacy@solera.com\">privacy@solera.com<\/a><\/p>\n<\/div><\/div><\/div><\/div><\/div><\/div><\/div><\/div><\/div><\/div><div class=\"vc_col-sm-2 wpb_column vc_column_container\"><div class=\"vc_column-inner\"><div class=\"wpb_wrapper\"><\/div><\/div><\/div><\/div><\/div><\/section>\n","protected":false},"excerpt":{"rendered":"MobilpolitikkInnledningDenne erkl\u00e6ringen forklarer hvordan vi samler inn og behandler personopplysninger gjennom din bruk av in4mo Task Reporter. Du finner mer informasjon om selskapets personvernerkl\u00e6ring, dine rettigheter og hvordan loven beskytter deg p\u00e5 in4mo personvernerkl\u00e6ring. Denne erkl\u00e6ringen b\u00f8r leses i sammenheng med v\u00e5re retningslinjer for personvern og kan oppdateres av oss fra tid til annen. Applikasjonen...","protected":false},"author":1,"featured_media":0,"parent":0,"menu_order":500,"comment_status":"closed","ping_status":"closed","template":"","meta":{"footnotes":""},"class_list":["post-1760","page","type-page","status-publish","hentry"],"acf":[],"yoast_head":"<!-- This site is optimized with the Yoast SEO plugin v26.3 - https:\/\/yoast.com\/wordpress\/plugins\/seo\/ -->\n<title>Mobilpolitikk - In4mo<\/title>\n<meta name=\"robots\" content=\"index, follow, max-snippet:-1, max-image-preview:large, max-video-preview:-1\" \/>\n<link rel=\"canonical\" href=\"https:\/\/www.in4mo.com\/no\/mobilpolitikk\/\" \/>\n<meta property=\"og:locale\" content=\"nb_NO\" \/>\n<meta property=\"og:type\" content=\"article\" \/>\n<meta property=\"og:title\" content=\"Mobilpolitikk - In4mo\" \/>\n<meta property=\"og:url\" content=\"https:\/\/www.in4mo.com\/no\/mobilpolitikk\/\" \/>\n<meta property=\"og:site_name\" content=\"In4mo\" \/>\n<meta property=\"article:modified_time\" content=\"2024-05-16T01:36:56+00:00\" \/>\n<meta name=\"twitter:card\" content=\"summary_large_image\" \/>\n<meta name=\"twitter:label1\" content=\"Ansl. lesetid\" \/>\n\t<meta name=\"twitter:data1\" content=\"4 minutter\" \/>\n<script type=\"application\/ld+json\" class=\"yoast-schema-graph\">{\"@context\":\"https:\/\/schema.org\",\"@graph\":[{\"@type\":\"WebPage\",\"@id\":\"https:\/\/www.in4mo.com\/no\/mobilpolitikk\/\",\"url\":\"https:\/\/www.in4mo.com\/no\/mobilpolitikk\/\",\"name\":\"Mobilpolitikk - In4mo\",\"isPartOf\":{\"@id\":\"https:\/\/www.in4mo.com\/no\/#website\"},\"datePublished\":\"2024-05-13T09:57:09+00:00\",\"dateModified\":\"2024-05-16T01:36:56+00:00\",\"breadcrumb\":{\"@id\":\"https:\/\/www.in4mo.com\/no\/mobilpolitikk\/#breadcrumb\"},\"inLanguage\":\"nb-NO\",\"potentialAction\":[{\"@type\":\"ReadAction\",\"target\":[\"https:\/\/www.in4mo.com\/no\/mobilpolitikk\/\"]}]},{\"@type\":\"BreadcrumbList\",\"@id\":\"https:\/\/www.in4mo.com\/no\/mobilpolitikk\/#breadcrumb\",\"itemListElement\":[{\"@type\":\"ListItem\",\"position\":1,\"name\":\"Home\",\"item\":\"https:\/\/www.in4mo.com\/no\/\"},{\"@type\":\"ListItem\",\"position\":2,\"name\":\"Mobilpolitikk\"}]},{\"@type\":\"WebSite\",\"@id\":\"https:\/\/www.in4mo.com\/no\/#website\",\"url\":\"https:\/\/www.in4mo.com\/no\/\",\"name\":\"In4mo\",\"description\":\"Insurance and Construction Software\",\"potentialAction\":[{\"@type\":\"SearchAction\",\"target\":{\"@type\":\"EntryPoint\",\"urlTemplate\":\"https:\/\/www.in4mo.com\/no\/?s={search_term_string}\"},\"query-input\":{\"@type\":\"PropertyValueSpecification\",\"valueRequired\":true,\"valueName\":\"search_term_string\"}}],\"inLanguage\":\"nb-NO\"}]}<\/script>\n<!-- \/ Yoast SEO plugin. -->","yoast_head_json":{"title":"Mobilpolitikk - In4mo","robots":{"index":"index","follow":"follow","max-snippet":"max-snippet:-1","max-image-preview":"max-image-preview:large","max-video-preview":"max-video-preview:-1"},"canonical":"https:\/\/www.in4mo.com\/no\/mobilpolitikk\/","og_locale":"nb_NO","og_type":"article","og_title":"Mobilpolitikk - In4mo","og_url":"https:\/\/www.in4mo.com\/no\/mobilpolitikk\/","og_site_name":"In4mo","article_modified_time":"2024-05-16T01:36:56+00:00","twitter_card":"summary_large_image","twitter_misc":{"Ansl. lesetid":"4 minutter"},"schema":{"@context":"https:\/\/schema.org","@graph":[{"@type":"WebPage","@id":"https:\/\/www.in4mo.com\/no\/mobilpolitikk\/","url":"https:\/\/www.in4mo.com\/no\/mobilpolitikk\/","name":"Mobilpolitikk - In4mo","isPartOf":{"@id":"https:\/\/www.in4mo.com\/no\/#website"},"datePublished":"2024-05-13T09:57:09+00:00","dateModified":"2024-05-16T01:36:56+00:00","breadcrumb":{"@id":"https:\/\/www.in4mo.com\/no\/mobilpolitikk\/#breadcrumb"},"inLanguage":"nb-NO","potentialAction":[{"@type":"ReadAction","target":["https:\/\/www.in4mo.com\/no\/mobilpolitikk\/"]}]},{"@type":"BreadcrumbList","@id":"https:\/\/www.in4mo.com\/no\/mobilpolitikk\/#breadcrumb","itemListElement":[{"@type":"ListItem","position":1,"name":"Home","item":"https:\/\/www.in4mo.com\/no\/"},{"@type":"ListItem","position":2,"name":"Mobilpolitikk"}]},{"@type":"WebSite","@id":"https:\/\/www.in4mo.com\/no\/#website","url":"https:\/\/www.in4mo.com\/no\/","name":"In4mo","description":"Insurance and Construction Software","potentialAction":[{"@type":"SearchAction","target":{"@type":"EntryPoint","urlTemplate":"https:\/\/www.in4mo.com\/no\/?s={search_term_string}"},"query-input":{"@type":"PropertyValueSpecification","valueRequired":true,"valueName":"search_term_string"}}],"inLanguage":"nb-NO"}]}},"_links":{"self":[{"href":"https:\/\/www.in4mo.com\/no\/wp-json\/wp\/v2\/pages\/1760","targetHints":{"allow":["GET"]}}],"collection":[{"href":"https:\/\/www.in4mo.com\/no\/wp-json\/wp\/v2\/pages"}],"about":[{"href":"https:\/\/www.in4mo.com\/no\/wp-json\/wp\/v2\/types\/page"}],"author":[{"embeddable":true,"href":"https:\/\/www.in4mo.com\/no\/wp-json\/wp\/v2\/users\/1"}],"replies":[{"embeddable":true,"href":"https:\/\/www.in4mo.com\/no\/wp-json\/wp\/v2\/comments?post=1760"}],"version-history":[{"count":0,"href":"https:\/\/www.in4mo.com\/no\/wp-json\/wp\/v2\/pages\/1760\/revisions"}],"wp:attachment":[{"href":"https:\/\/www.in4mo.com\/no\/wp-json\/wp\/v2\/media?parent=1760"}],"curies":[{"name":"wp","href":"https:\/\/api.w.org\/{rel}","templated":true}]}}