{"id":1650,"date":"2024-03-26T14:40:42","date_gmt":"2024-03-26T12:40:42","guid":{"rendered":"https:\/\/in4modevelopment.wp1.kotisivut.com\/tyourat\/"},"modified":"2024-12-19T09:49:24","modified_gmt":"2024-12-19T07:49:24","slug":"avoimet_tyopaikat","status":"publish","type":"page","link":"https:\/\/www.in4mo.com\/support\/fi\/yritys\/avoimet_tyopaikat\/","title":{"rendered":"Avoimet ty\u00f6paikat"},"content":{"rendered":"<section class=\"l-section wpb_row height_huge full_height valign_center color_primary with_img\"><div class=\"l-section-img\" role=\"img\" data-img-width=\"1920\" data-img-height=\"1080\" style=\"background-image: url(https:\/\/www.in4mo.com\/support\/wp-content\/uploads\/sites\/2\/careers3.jpg);background-repeat: no-repeat;\"><\/div><div class=\"l-section-h i-cf\"><div class=\"g-cols vc_row via_flex valign_top type_default stacking_default\"><div class=\"vc_col-sm-12 wpb_column vc_column_container\"><div class=\"vc_column-inner\"><div class=\"wpb_wrapper\"><h1 class=\"w-text us_custom_5b4774b9 us_animate_this\"><span class=\"w-text-h\"><span class=\"w-text-value\">Liity meihin<\/span><\/span><\/h1><p class=\"w-text us_custom_9ba94f84 ingressi us_animate_this\"><span class=\"w-text-h\"><span class=\"w-text-value\">Kyse ei ole vain siit\u00e4, mit\u00e4 teet, vaan my\u00f6s siit\u00e4, kenen kanssa teet sit\u00e4!<\/span><\/span><\/p><div class=\"w-iconbox us_custom_1d5f25b7 us_animate_this iconpos_top style_circle color_custom align_center no_text no_title\"><a href=\"#down\" class=\"w-iconbox-link\" aria-label=\"fas|chevron-down\"><div class=\"w-iconbox-icon\" style=\"font-size:1rem;--icon-color:var(--color-content-link);--icon-bg-color:rgba(255,255,255,0.75);\"><i class=\"fas fa-chevron-down\"><\/i><\/div><\/a><div class=\"w-iconbox-meta\"><\/div><\/div><\/div><\/div><\/div><\/div><\/div><\/section><section class=\"l-section wpb_row height_huge full_height valign_center color_alternate\" id=\"down\"><div class=\"l-section-h i-cf\"><div class=\"g-cols vc_row via_flex valign_top type_default stacking_default\"><div class=\"vc_col-sm-2 wpb_column vc_column_container\"><div class=\"vc_column-inner\"><div class=\"wpb_wrapper\"><\/div><\/div><\/div><div class=\"vc_col-sm-8 wpb_column vc_column_container\"><div class=\"vc_column-inner\"><div class=\"wpb_wrapper\"><h2 class=\"w-text us_custom_eb849559\"><span class=\"w-text-h\"><span class=\"w-text-value\">Liity mukaan seikkailuumme ja rakenna parempaa tulevaisuutta asiakkaillemme.<\/span><\/span><\/h2><div class=\"wpb_text_column\"><div class=\"wpb_wrapper\"><p style=\"text-align: center;\">Etsimme aina lahjakkaita ihmisi\u00e4. Valitettavasti meill\u00e4 ei ole t\u00e4ll\u00e4 hetkell\u00e4 avoimia ty\u00f6paikkoja.<\/p>\n<\/div><\/div><div class=\"w-separator size_medium\"><\/div><div class=\"w-btn-wrapper align_center\"><a class=\"w-btn us-btn-style_1\" href=\"mailto:jobs@in4mo.com\"><span class=\"w-btn-label\">L\u00e4het\u00e4 avoin hakemus<\/span><\/a><\/div><div class=\"w-separator size_large with_line width_default thick_1 style_solid color_border align_center\"><div class=\"w-separator-h\"><\/div><\/div><div class=\"w-grid type_grid layout_592 hidden\" id=\"us_grid_1\" style=\"--gap:3rem;\" data-filterable=\"true\"><style>.layout_592 .w-grid-item-h{}.layout_592 .usg_post_content_1{margin-bottom:20px!important}<\/style><div class=\"w-grid-list\"><\/div><div class=\"w-grid-preloader\">\t<div class=\"g-preloader type_1\">\r\n\t\t<div><\/div>\r\n\t<\/div>\r\n\t<\/div>\t<div class=\"w-grid-json hidden\" onclick='return {&quot;action&quot;:&quot;us_ajax_grid&quot;,&quot;infinite_scroll&quot;:0,&quot;max_num_pages&quot;:0,&quot;pagination&quot;:&quot;none&quot;,&quot;template_vars&quot;:{&quot;columns&quot;:&quot;1&quot;,&quot;exclude_items&quot;:&quot;none&quot;,&quot;img_size&quot;:&quot;default&quot;,&quot;ignore_items_size&quot;:0,&quot;items_layout&quot;:&quot;592&quot;,&quot;items_offset&quot;:&quot;1&quot;,&quot;load_animation&quot;:&quot;none&quot;,&quot;overriding_link&quot;:&quot;%7B%22url%22%3A%22%22%7D&quot;,&quot;post_id&quot;:0,&quot;query_args&quot;:{&quot;post_type&quot;:[&quot;post&quot;],&quot;tax_query&quot;:[{&quot;taxonomy&quot;:&quot;category&quot;,&quot;field&quot;:&quot;slug&quot;,&quot;terms&quot;:[&quot;open-positions-fi&quot;]}],&quot;post_status&quot;:[&quot;publish&quot;,&quot;acf-disabled&quot;],&quot;posts_per_page&quot;:&quot;10&quot;},&quot;orderby_query_args&quot;:{&quot;orderby&quot;:{&quot;date&quot;:&quot;DESC&quot;}},&quot;type&quot;:&quot;grid&quot;,&quot;us_grid_post_type&quot;:&quot;post&quot;,&quot;us_grid_ajax_index&quot;:1,&quot;us_grid_filter_query_string&quot;:null,&quot;us_grid_index&quot;:1,&quot;page_args&quot;:[],&quot;lang&quot;:&quot;fi&quot;}}'><\/div>\r\n\t<\/div><div class=\"w-grid-none type_message\">Ei tuloksia.<\/div><\/div><\/div><\/div><div class=\"vc_col-sm-2 wpb_column vc_column_container\"><div class=\"vc_column-inner\"><div class=\"wpb_wrapper\"><\/div><\/div><\/div><\/div><\/div><\/section><section class=\"l-section wpb_row height_huge color_primary with_img\"><div class=\"l-section-img\" role=\"img\" data-img-width=\"817\" data-img-height=\"319\" style=\"background-image: url(https:\/\/www.in4mo.com\/support\/wp-content\/uploads\/sites\/2\/bg-dots-white.png);background-position: top left;background-repeat: repeat-x;background-size: auto;\"><\/div><div class=\"l-section-h i-cf\"><div class=\"g-cols vc_row via_flex valign_top type_default stacking_default\"><div class=\"vc_col-sm-2 wpb_column vc_column_container\"><div class=\"vc_column-inner\"><div class=\"wpb_wrapper\"><\/div><\/div><\/div><div class=\"vc_col-sm-8 wpb_column vc_column_container\"><div class=\"vc_column-inner\"><div class=\"wpb_wrapper\"><h3 class=\"w-text us_custom_eb849559\"><span class=\"w-text-h\"><span class=\"w-text-value\">Odotamme innolla, ett\u00e4 p\u00e4\u00e4semme toivottamaan sinut tervetulleeksi tiimiin!<\/span><\/span><\/h3><\/div><\/div><\/div><div class=\"vc_col-sm-2 wpb_column vc_column_container\"><div class=\"vc_column-inner\"><div class=\"wpb_wrapper\"><\/div><\/div><\/div><\/div><\/div><\/section><section class=\"l-section wpb_row height_huge color_alternate\"><div class=\"l-section-h i-cf\"><div class=\"g-cols vc_row via_flex valign_top type_default stacking_default\"><div class=\"vc_col-sm-12 wpb_column vc_column_container\"><div class=\"vc_column-inner\"><div class=\"wpb_wrapper\"><h3 class=\"w-text us_custom_eb849559\"><span class=\"w-text-h\"><span class=\"w-text-value\">Uratarinat<\/span><\/span><\/h3><div class=\"w-grid type_grid layout_367 hidden cols_3 pagination_infinite\" id=\"us_grid_2\" style=\"--gap:0.5rem;\" data-filterable=\"true\"><style>@media (max-width:1022px){#us_grid_2 .w-grid-item{width:50%}}@media (max-width:600px){#us_grid_2 .w-grid-list{margin:0}#us_grid_2 .w-grid-item{width:100%;padding:0;margin-bottom:var(--gap,0px)}}.layout_367 .w-grid-item-h{box-shadow:0 0.02rem 0.04rem rgba(0,0,0,0.1),0 0.07rem 0.2rem rgba(0,0,0,0.1);transition-duration:0.3s}.no-touch .layout_367 .w-grid-item-h:hover{box-shadow:0 0.07rem 0.14rem rgba(0,0,0,0.1),0 0.23rem 0.7rem rgba(0,0,0,0.15);z-index:4}.layout_367 .usg_vwrapper_1{height:100%!important;background:#ffffff!important}.layout_367 .usg_post_title_1{color:var(--color-content-primary)!important;font-size:18px!important;line-height:32px!important;font-weight:500!important}.layout_367 .usg_post_date_1{color:var(--color-content-primary)!important;font-size:13px!important}.layout_367 .usg_vwrapper_2{padding:25px!important}<\/style><div class=\"w-grid-list\"><\/div><div class=\"w-grid-preloader\">\t<div class=\"g-preloader type_1\">\r\n\t\t<div><\/div>\r\n\t<\/div>\r\n\t<\/div>\t<div class=\"w-grid-json hidden\" onclick='return {&quot;action&quot;:&quot;us_ajax_grid&quot;,&quot;infinite_scroll&quot;:0,&quot;max_num_pages&quot;:0,&quot;pagination&quot;:&quot;infinite&quot;,&quot;template_vars&quot;:{&quot;columns&quot;:&quot;3&quot;,&quot;exclude_items&quot;:&quot;none&quot;,&quot;img_size&quot;:&quot;default&quot;,&quot;ignore_items_size&quot;:0,&quot;items_layout&quot;:&quot;367&quot;,&quot;items_offset&quot;:&quot;1&quot;,&quot;load_animation&quot;:&quot;none&quot;,&quot;overriding_link&quot;:&quot;%7B%22url%22%3A%22%22%7D&quot;,&quot;post_id&quot;:0,&quot;query_args&quot;:{&quot;post_type&quot;:[&quot;post&quot;],&quot;tax_query&quot;:[{&quot;taxonomy&quot;:&quot;category&quot;,&quot;field&quot;:&quot;slug&quot;,&quot;terms&quot;:[&quot;career-stories-fi&quot;]}],&quot;post_status&quot;:[&quot;publish&quot;,&quot;acf-disabled&quot;],&quot;posts_per_page&quot;:&quot;10&quot;},&quot;orderby_query_args&quot;:{&quot;orderby&quot;:{&quot;date&quot;:&quot;DESC&quot;}},&quot;type&quot;:&quot;grid&quot;,&quot;us_grid_post_type&quot;:&quot;post&quot;,&quot;us_grid_ajax_index&quot;:2,&quot;us_grid_filter_query_string&quot;:null,&quot;us_grid_index&quot;:2,&quot;page_args&quot;:[],&quot;lang&quot;:&quot;fi&quot;}}'><\/div>\r\n\t<\/div><div class=\"w-grid-none type_message\">Ei tuloksia.<\/div><\/div><\/div><\/div><\/div><\/div><\/section>\n","protected":false},"excerpt":{"rendered":"Liity meihinKyse ei ole vain siit\u00e4, mit\u00e4 teet, vaan my\u00f6s siit\u00e4, kenen kanssa teet sit\u00e4!Liity mukaan seikkailuumme ja rakenna parempaa tulevaisuutta asiakkaillemme.Etsimme aina lahjakkaita ihmisi\u00e4. Valitettavasti meill\u00e4 ei ole t\u00e4ll\u00e4 hetkell\u00e4 avoimia ty\u00f6paikkoja. L\u00e4het\u00e4 avoin hakemus Ei tuloksia.Odotamme innolla, ett\u00e4 p\u00e4\u00e4semme toivottamaan sinut tervetulleeksi tiimiin!Uratarinat Ei tuloksia.","protected":false},"author":1,"featured_media":1217,"parent":1722,"menu_order":8,"comment_status":"closed","ping_status":"closed","template":"","meta":{"footnotes":""},"class_list":["post-1650","page","type-page","status-publish","has-post-thumbnail","hentry"],"acf":[],"yoast_head":"<!-- This site is optimized with the Yoast SEO plugin v26.3 - https:\/\/yoast.com\/wordpress\/plugins\/seo\/ -->\n<title>Avoimet ty\u00f6paikat - In4mo Support<\/title>\n<meta name=\"description\" content=\"Liity mukaan seikkailuumme ja rakenna asiakkaillemme parempi tulevaisuus.\" \/>\n<meta name=\"robots\" content=\"index, follow, max-snippet:-1, max-image-preview:large, max-video-preview:-1\" \/>\n<link rel=\"canonical\" href=\"https:\/\/www.in4mo.com\/support\/fi\/yritys\/avoimet_tyopaikat\/\" \/>\n<meta property=\"og:locale\" content=\"fi_FI\" \/>\n<meta property=\"og:type\" content=\"article\" \/>\n<meta property=\"og:title\" content=\"Avoimet ty\u00f6paikat - In4mo Support\" \/>\n<meta property=\"og:description\" content=\"Liity mukaan seikkailuumme ja rakenna asiakkaillemme parempi tulevaisuus.\" \/>\n<meta property=\"og:url\" content=\"https:\/\/www.in4mo.com\/support\/fi\/yritys\/avoimet_tyopaikat\/\" \/>\n<meta property=\"og:site_name\" content=\"In4mo Support\" \/>\n<meta property=\"article:modified_time\" content=\"2024-12-19T07:49:24+00:00\" \/>\n<meta property=\"og:image\" content=\"https:\/\/www.in4mo.com\/support\/wp-content\/uploads\/sites\/2\/careers3.jpg\" \/>\n\t<meta property=\"og:image:width\" content=\"1920\" \/>\n\t<meta property=\"og:image:height\" content=\"1080\" \/>\n\t<meta property=\"og:image:type\" content=\"image\/jpeg\" \/>\n<meta name=\"twitter:card\" content=\"summary_large_image\" \/>\n<meta name=\"twitter:label1\" content=\"Arvioitu lukuaika\" \/>\n\t<meta name=\"twitter:data1\" content=\"1 minuutti\" \/>\n<script type=\"application\/ld+json\" class=\"yoast-schema-graph\">{\"@context\":\"https:\/\/schema.org\",\"@graph\":[{\"@type\":\"WebPage\",\"@id\":\"https:\/\/www.in4mo.com\/support\/fi\/yritys\/avoimet_tyopaikat\/\",\"url\":\"https:\/\/www.in4mo.com\/support\/fi\/yritys\/avoimet_tyopaikat\/\",\"name\":\"Avoimet ty\u00f6paikat - In4mo Support\",\"isPartOf\":{\"@id\":\"https:\/\/www.in4mo.com\/support\/fi\/#website\"},\"primaryImageOfPage\":{\"@id\":\"https:\/\/www.in4mo.com\/support\/fi\/yritys\/avoimet_tyopaikat\/#primaryimage\"},\"image\":{\"@id\":\"https:\/\/www.in4mo.com\/support\/fi\/yritys\/avoimet_tyopaikat\/#primaryimage\"},\"thumbnailUrl\":\"https:\/\/www.in4mo.com\/support\/wp-content\/uploads\/sites\/2\/careers3.jpg\",\"datePublished\":\"2024-03-26T12:40:42+00:00\",\"dateModified\":\"2024-12-19T07:49:24+00:00\",\"description\":\"Liity mukaan seikkailuumme ja rakenna asiakkaillemme parempi tulevaisuus.\",\"breadcrumb\":{\"@id\":\"https:\/\/www.in4mo.com\/support\/fi\/yritys\/avoimet_tyopaikat\/#breadcrumb\"},\"inLanguage\":\"fi\",\"potentialAction\":[{\"@type\":\"ReadAction\",\"target\":[\"https:\/\/www.in4mo.com\/support\/fi\/yritys\/avoimet_tyopaikat\/\"]}]},{\"@type\":\"ImageObject\",\"inLanguage\":\"fi\",\"@id\":\"https:\/\/www.in4mo.com\/support\/fi\/yritys\/avoimet_tyopaikat\/#primaryimage\",\"url\":\"https:\/\/www.in4mo.com\/support\/wp-content\/uploads\/sites\/2\/careers3.jpg\",\"contentUrl\":\"https:\/\/www.in4mo.com\/support\/wp-content\/uploads\/sites\/2\/careers3.jpg\",\"width\":1920,\"height\":1080,\"caption\":\"karriere\"},{\"@type\":\"BreadcrumbList\",\"@id\":\"https:\/\/www.in4mo.com\/support\/fi\/yritys\/avoimet_tyopaikat\/#breadcrumb\",\"itemListElement\":[{\"@type\":\"ListItem\",\"position\":1,\"name\":\"Home\",\"item\":\"https:\/\/www.in4mo.com\/support\/fi\/\"},{\"@type\":\"ListItem\",\"position\":2,\"name\":\"Yritys\",\"item\":\"https:\/\/www.in4mo.com\/support\/fi\/company\/\"},{\"@type\":\"ListItem\",\"position\":3,\"name\":\"Avoimet ty\u00f6paikat\"}]},{\"@type\":\"WebSite\",\"@id\":\"https:\/\/www.in4mo.com\/support\/fi\/#website\",\"url\":\"https:\/\/www.in4mo.com\/support\/fi\/\",\"name\":\"In4mo Support\",\"description\":\"Insurance and Construction Software\",\"potentialAction\":[{\"@type\":\"SearchAction\",\"target\":{\"@type\":\"EntryPoint\",\"urlTemplate\":\"https:\/\/www.in4mo.com\/support\/fi\/?s={search_term_string}\"},\"query-input\":{\"@type\":\"PropertyValueSpecification\",\"valueRequired\":true,\"valueName\":\"search_term_string\"}}],\"inLanguage\":\"fi\"}]}<\/script>\n<!-- \/ Yoast SEO plugin. -->","yoast_head_json":{"title":"Avoimet ty\u00f6paikat - In4mo Support","description":"Liity mukaan seikkailuumme ja rakenna asiakkaillemme parempi tulevaisuus.","robots":{"index":"index","follow":"follow","max-snippet":"max-snippet:-1","max-image-preview":"max-image-preview:large","max-video-preview":"max-video-preview:-1"},"canonical":"https:\/\/www.in4mo.com\/support\/fi\/yritys\/avoimet_tyopaikat\/","og_locale":"fi_FI","og_type":"article","og_title":"Avoimet ty\u00f6paikat - In4mo Support","og_description":"Liity mukaan seikkailuumme ja rakenna asiakkaillemme parempi tulevaisuus.","og_url":"https:\/\/www.in4mo.com\/support\/fi\/yritys\/avoimet_tyopaikat\/","og_site_name":"In4mo Support","article_modified_time":"2024-12-19T07:49:24+00:00","og_image":[{"width":1920,"height":1080,"url":"https:\/\/www.in4mo.com\/support\/wp-content\/uploads\/sites\/2\/careers3.jpg","type":"image\/jpeg"}],"twitter_card":"summary_large_image","twitter_misc":{"Arvioitu lukuaika":"1 minuutti"},"schema":{"@context":"https:\/\/schema.org","@graph":[{"@type":"WebPage","@id":"https:\/\/www.in4mo.com\/support\/fi\/yritys\/avoimet_tyopaikat\/","url":"https:\/\/www.in4mo.com\/support\/fi\/yritys\/avoimet_tyopaikat\/","name":"Avoimet ty\u00f6paikat - In4mo Support","isPartOf":{"@id":"https:\/\/www.in4mo.com\/support\/fi\/#website"},"primaryImageOfPage":{"@id":"https:\/\/www.in4mo.com\/support\/fi\/yritys\/avoimet_tyopaikat\/#primaryimage"},"image":{"@id":"https:\/\/www.in4mo.com\/support\/fi\/yritys\/avoimet_tyopaikat\/#primaryimage"},"thumbnailUrl":"https:\/\/www.in4mo.com\/support\/wp-content\/uploads\/sites\/2\/careers3.jpg","datePublished":"2024-03-26T12:40:42+00:00","dateModified":"2024-12-19T07:49:24+00:00","description":"Liity mukaan seikkailuumme ja rakenna asiakkaillemme parempi tulevaisuus.","breadcrumb":{"@id":"https:\/\/www.in4mo.com\/support\/fi\/yritys\/avoimet_tyopaikat\/#breadcrumb"},"inLanguage":"fi","potentialAction":[{"@type":"ReadAction","target":["https:\/\/www.in4mo.com\/support\/fi\/yritys\/avoimet_tyopaikat\/"]}]},{"@type":"ImageObject","inLanguage":"fi","@id":"https:\/\/www.in4mo.com\/support\/fi\/yritys\/avoimet_tyopaikat\/#primaryimage","url":"https:\/\/www.in4mo.com\/support\/wp-content\/uploads\/sites\/2\/careers3.jpg","contentUrl":"https:\/\/www.in4mo.com\/support\/wp-content\/uploads\/sites\/2\/careers3.jpg","width":1920,"height":1080,"caption":"karriere"},{"@type":"BreadcrumbList","@id":"https:\/\/www.in4mo.com\/support\/fi\/yritys\/avoimet_tyopaikat\/#breadcrumb","itemListElement":[{"@type":"ListItem","position":1,"name":"Home","item":"https:\/\/www.in4mo.com\/support\/fi\/"},{"@type":"ListItem","position":2,"name":"Yritys","item":"https:\/\/www.in4mo.com\/support\/fi\/company\/"},{"@type":"ListItem","position":3,"name":"Avoimet ty\u00f6paikat"}]},{"@type":"WebSite","@id":"https:\/\/www.in4mo.com\/support\/fi\/#website","url":"https:\/\/www.in4mo.com\/support\/fi\/","name":"In4mo Support","description":"Insurance and Construction Software","potentialAction":[{"@type":"SearchAction","target":{"@type":"EntryPoint","urlTemplate":"https:\/\/www.in4mo.com\/support\/fi\/?s={search_term_string}"},"query-input":{"@type":"PropertyValueSpecification","valueRequired":true,"valueName":"search_term_string"}}],"inLanguage":"fi"}]}},"_links":{"self":[{"href":"https:\/\/www.in4mo.com\/support\/fi\/wp-json\/wp\/v2\/pages\/1650","targetHints":{"allow":["GET"]}}],"collection":[{"href":"https:\/\/www.in4mo.com\/support\/fi\/wp-json\/wp\/v2\/pages"}],"about":[{"href":"https:\/\/www.in4mo.com\/support\/fi\/wp-json\/wp\/v2\/types\/page"}],"author":[{"embeddable":true,"href":"https:\/\/www.in4mo.com\/support\/fi\/wp-json\/wp\/v2\/users\/1"}],"replies":[{"embeddable":true,"href":"https:\/\/www.in4mo.com\/support\/fi\/wp-json\/wp\/v2\/comments?post=1650"}],"version-history":[{"count":0,"href":"https:\/\/www.in4mo.com\/support\/fi\/wp-json\/wp\/v2\/pages\/1650\/revisions"}],"up":[{"embeddable":true,"href":"https:\/\/www.in4mo.com\/support\/fi\/wp-json\/wp\/v2\/pages\/1722"}],"wp:featuredmedia":[{"embeddable":true,"href":"https:\/\/www.in4mo.com\/support\/fi\/wp-json\/wp\/v2\/media\/1217"}],"wp:attachment":[{"href":"https:\/\/www.in4mo.com\/support\/fi\/wp-json\/wp\/v2\/media?parent=1650"}],"curies":[{"name":"wp","href":"https:\/\/api.w.org\/{rel}","templated":true}]}}