{"id":1690,"date":"2024-03-31T11:01:22","date_gmt":"2024-03-31T08:01:22","guid":{"rendered":"https:\/\/in4modevelopment.wp1.kotisivut.com\/meidan-tarinamme\/"},"modified":"2024-10-11T14:49:14","modified_gmt":"2024-10-11T11:49:14","slug":"historia","status":"publish","type":"page","link":"https:\/\/www.in4mo.com\/support\/fi\/yritys\/historia\/","title":{"rendered":"Historia"},"content":{"rendered":"<section class=\"l-section wpb_row height_huge full_height valign_center color_primary with_img\"><div class=\"l-section-img\" role=\"img\" data-img-width=\"1920\" data-img-height=\"1080\" style=\"background-image: url(https:\/\/www.in4mo.com\/support\/wp-content\/uploads\/sites\/2\/quality-software.jpg);background-repeat: no-repeat;\"><\/div><div class=\"l-section-h i-cf\"><div class=\"g-cols vc_row via_flex valign_top type_default stacking_default\"><div class=\"vc_col-sm-12 wpb_column vc_column_container\"><div class=\"vc_column-inner\"><div class=\"wpb_wrapper\"><h1 class=\"w-text us_custom_5b4774b9 us_animate_this\"><span class=\"w-text-h\"><span class=\"w-text-value\">Meid\u00e4n tarinamme<\/span><\/span><\/h1><p class=\"w-text us_custom_9ba94f84 ingressi us_animate_this\"><span class=\"w-text-h\"><span class=\"w-text-value\">Ei koskaan tyls\u00e4\u00e4 hetke\u00e4!<\/span><\/span><\/p><div class=\"w-iconbox us_custom_1d5f25b7 us_animate_this iconpos_top style_circle color_custom align_center no_text no_title\"><a href=\"#down\" class=\"w-iconbox-link\" aria-label=\"fas|chevron-down\"><div class=\"w-iconbox-icon\" style=\"font-size:1rem;--icon-color:var(--color-content-link);--icon-bg-color:rgba(255,255,255,0.75);\"><i class=\"fas fa-chevron-down\"><\/i><\/div><\/a><div class=\"w-iconbox-meta\"><\/div><\/div><\/div><\/div><\/div><\/div><\/div><\/section><section class=\"l-section wpb_row height_huge color_alternate\" id=\"down\"><div class=\"l-section-h i-cf\"><div class=\"g-cols vc_row via_flex valign_top type_default stacking_default\"><div class=\"vc_col-sm-12 wpb_column vc_column_container\"><div class=\"vc_column-inner\"><div class=\"wpb_wrapper\"><div class=\"g-cols wpb_row via_flex valign_top type_default stacking_default\"><div class=\"vc_col-sm-2 wpb_column vc_column_container\"><div class=\"vc_column-inner\"><div class=\"wpb_wrapper\"><\/div><\/div><\/div><div class=\"vc_col-sm-8 wpb_column vc_column_container\"><div class=\"vc_column-inner\"><div class=\"wpb_wrapper\"><h2 class=\"w-text us_custom_5b4774b9 us_animate_this\"><span class=\"w-text-h\"><span class=\"w-text-value\">Pohjoismaiden johtava rakennuskorvausohjelmistoratkaisujen tarjoaja.<\/span><\/span><\/h2><\/div><\/div><\/div><div class=\"vc_col-sm-2 wpb_column vc_column_container\"><div class=\"vc_column-inner\"><div class=\"wpb_wrapper\"><\/div><\/div><\/div><\/div><div class=\"w-separator size_huge with_line width_default thick_1 style_solid color_border align_center\"><div class=\"w-separator-h\"><\/div><\/div><div class=\"g-cols wpb_row via_flex valign_top type_default stacking_default\"><div class=\"vc_col-sm-4 wpb_column vc_column_container\"><div class=\"vc_column-inner\"><div class=\"wpb_wrapper\"><div class=\"wpb_text_column\"><div class=\"wpb_wrapper\"><h4>2024<\/h4>\n<p>in4mo kehitti Emission Estimatics -ty\u00f6kalun CO2-laskentaa varten ja sai t\u00e4lle ty\u00f6kalulle ISO14064-1-sertifikaatin.<\/p>\n<\/div><\/div><\/div><\/div><\/div><div class=\"vc_col-sm-4 wpb_column vc_column_container\"><div class=\"vc_column-inner\"><div class=\"wpb_wrapper\"><div class=\"wpb_text_column\"><div class=\"wpb_wrapper\"><h4>2023<\/h4>\n<p>Tukenut asiakkaitamme vaikeissa s\u00e4\u00e4olosuhteissa.<br \/>\nPalvelumme on saatavilla Espanjassa.<\/p>\n<\/div><\/div><\/div><\/div><\/div><div class=\"vc_col-sm-4 wpb_column vc_column_container\"><div class=\"vc_column-inner\"><div class=\"wpb_wrapper\"><div class=\"wpb_text_column\"><div class=\"wpb_wrapper\"><h4>2022<\/h4>\n<p>Useat uudet asiakkaat ottavat kustannusarvioty\u00f6kalumme k\u00e4ytt\u00f6\u00f6n, mik\u00e4 tekee siit\u00e4 Norjan k\u00e4ytetyimm\u00e4n ty\u00f6kalun.<\/p>\n<\/div><\/div><\/div><\/div><\/div><\/div><div class=\"w-separator size_huge with_line width_default thick_1 style_solid color_border align_center\"><div class=\"w-separator-h\"><\/div><\/div><div class=\"g-cols wpb_row via_flex valign_top type_default stacking_default\"><div class=\"vc_col-sm-4 wpb_column vc_column_container\"><div class=\"vc_column-inner\"><div class=\"wpb_wrapper\"><div class=\"wpb_text_column\"><div class=\"wpb_wrapper\"><h4>2021<\/h4>\n<p>in4mo sai ensimm\u00e4isen EcoVadis-mitalin yrityksen kest\u00e4vyydest\u00e4.<\/p>\n<\/div><\/div><\/div><\/div><\/div><div class=\"vc_col-sm-4 wpb_column vc_column_container\"><div class=\"vc_column-inner\"><div class=\"wpb_wrapper\"><div class=\"wpb_text_column\"><div class=\"wpb_wrapper\"><h4>2020<\/h4>\n<p>in4mo tulee virallisesti Australian markkinoille, mik\u00e4 laajentaa yrityksen ulottuvuutta toiseen maahan.<\/p>\n<\/div><\/div><\/div><\/div><\/div><div class=\"vc_col-sm-4 wpb_column vc_column_container\"><div class=\"vc_column-inner\"><div class=\"wpb_wrapper\"><div class=\"wpb_text_column\"><div class=\"wpb_wrapper\"><h4>2019<\/h4>\n<p>in4mo liittyy Soleraan, maailman johtavaan autovakuutusalan korvausratkaisujen toimittajaan, ja toivottaa tervetulleeksi ensimm\u00e4isen australialaisen asiakkaansa.<\/p>\n<\/div><\/div><\/div><\/div><\/div><\/div><div class=\"w-separator size_large with_line width_default thick_1 style_solid color_border align_center\"><div class=\"w-separator-h\"><\/div><\/div><div class=\"g-cols wpb_row via_flex valign_top type_default stacking_default\"><div class=\"vc_col-sm-4 wpb_column vc_column_container\"><div class=\"vc_column-inner\"><div class=\"wpb_wrapper\"><div class=\"wpb_text_column\"><div class=\"wpb_wrapper\"><h4>2018<\/h4>\n<p>in4mo avaa toimiston Saksan Frankfurtissa ja toivottaa tervetulleeksi ensimm\u00e4isen saksalaisen asiakkaansa.<\/p>\n<\/div><\/div><\/div><\/div><\/div><div class=\"vc_col-sm-4 wpb_column vc_column_container\"><div class=\"vc_column-inner\"><div class=\"wpb_wrapper\"><div class=\"wpb_text_column\"><div class=\"wpb_wrapper\"><h4>2017<\/h4>\n<p>in4mo avaa toimiston Gdanskiin, Puolaan.<\/p>\n<\/div><\/div><\/div><\/div><\/div><div class=\"vc_col-sm-4 wpb_column vc_column_container\"><div class=\"vc_column-inner\"><div class=\"wpb_wrapper\"><div class=\"wpb_text_column\"><div class=\"wpb_wrapper\"><h4>2016<\/h4>\n<p>in4mo liittyy Deloitte Fast 50 -teknologiayritysten joukkoon Suomessa.<\/p>\n<\/div><\/div><\/div><\/div><\/div><\/div><div class=\"w-separator size_large with_line width_default thick_1 style_solid color_border align_center\"><div class=\"w-separator-h\"><\/div><\/div><div class=\"g-cols wpb_row via_flex valign_top type_default stacking_default\"><div class=\"vc_col-sm-4 wpb_column vc_column_container\"><div class=\"vc_column-inner\"><div class=\"wpb_wrapper\"><div class=\"wpb_text_column\"><div class=\"wpb_wrapper\"><h4>2015<\/h4>\n<p>Ensimm\u00e4inen in4mo-kustannuslaskennan kokeilu vakuutusasiakkaiden kanssa.<\/p>\n<p>Suomen suurin talouslehti Kauppalehti my\u00f6nsi in4molle &#8220;Achiever Certificate&#8221; -tunnustuksen, jolla palkitaan parhaiten menestyvi\u00e4 suomalaisia yrityksi\u00e4.<\/p>\n<\/div><\/div><\/div><\/div><\/div><div class=\"vc_col-sm-4 wpb_column vc_column_container\"><div class=\"vc_column-inner\"><div class=\"wpb_wrapper\"><div class=\"wpb_text_column\"><div class=\"wpb_wrapper\"><h4>2013<\/h4>\n<p>in4mo on nimetty Tekesin, Suomen innovaatioviraston, nuorten innovatiivisten yritysten mestariksi.<\/p>\n<\/div><\/div><\/div><\/div><\/div><div class=\"vc_col-sm-4 wpb_column vc_column_container\"><div class=\"vc_column-inner\"><div class=\"wpb_wrapper\"><div class=\"wpb_text_column\"><div class=\"wpb_wrapper\"><h4>2012<\/h4>\n<p>in4mo on yksi vuoden 2012 Red Herring 100 Europe -palkinnon finalisteista, jossa palkitaan Euroopan innovatiivisimpia ja lupaavimpia yrityksi\u00e4.<\/p>\n<p>in4mo tekee ensimm\u00e4iset &#8220;in4mo Contractor&#8221; -sopimuksensa palveluyritysten kanssa.<\/p>\n<\/div><\/div><\/div><\/div><\/div><\/div><div class=\"w-separator size_large with_line width_default thick_1 style_solid color_border align_center\"><div class=\"w-separator-h\"><\/div><\/div><div class=\"g-cols wpb_row via_flex valign_top type_default stacking_default\"><div class=\"vc_col-sm-4 wpb_column vc_column_container\"><div class=\"vc_column-inner\"><div class=\"wpb_wrapper\"><div class=\"wpb_text_column\"><div class=\"wpb_wrapper\"><h4>2011<\/h4>\n<p>in4mo avaa toimiston Tukholmaan, Ruotsiin, palvelemaan skandinaavisia asiakkaita.<\/p>\n<p>in4mo saa ISO\/IES 27001 -tietoturvasertifikaatin.<\/p>\n<\/div><\/div><\/div><\/div><\/div><div class=\"vc_col-sm-4 wpb_column vc_column_container\"><div class=\"vc_column-inner\"><div class=\"wpb_wrapper\"><div class=\"wpb_text_column\"><div class=\"wpb_wrapper\"><h4>2010<\/h4>\n<p>in4mo allekirjoittaa ensimm\u00e4iset &#8220;in4mo Building Claims&#8221; -sopimukset vakuutusasiakkaiden kanssa.<\/p>\n<\/div><\/div><\/div><\/div><\/div><div class=\"vc_col-sm-4 wpb_column vc_column_container\"><div class=\"vc_column-inner\"><div class=\"wpb_wrapper\"><div class=\"wpb_text_column\"><div class=\"wpb_wrapper\"><h4>2009<\/h4>\n<p>Alustavan tutkimusvaiheen j\u00e4lkeen in4mo keskittyy vakuutusalan rakennusvahinkojen korvausvaatimuksiin.<\/p>\n<\/div><\/div><\/div><\/div><\/div><\/div><div class=\"w-separator size_large with_line width_default thick_1 style_solid color_border align_center\"><div class=\"w-separator-h\"><\/div><\/div><div class=\"g-cols wpb_row via_flex valign_top type_default stacking_default\"><div class=\"vc_col-sm-4 wpb_column vc_column_container\"><div class=\"vc_column-inner\"><div class=\"wpb_wrapper\"><div class=\"wpb_text_column\"><div class=\"wpb_wrapper\"><h4>2007<\/h4>\n<p>in4mo on perustettu.<\/p>\n<\/div><\/div><\/div><\/div><\/div><div class=\"vc_col-sm-4 wpb_column vc_column_container\"><div class=\"vc_column-inner\"><div class=\"wpb_wrapper\"><\/div><\/div><\/div><div class=\"vc_col-sm-4 wpb_column vc_column_container\"><div class=\"vc_column-inner\"><div class=\"wpb_wrapper\"><\/div><\/div><\/div><\/div><\/div><\/div><\/div><\/div><\/div><\/section><section class=\"l-section wpb_row height_auto full_height valign_center color_primary with_img\"><div class=\"l-section-img\" role=\"img\" data-img-width=\"817\" data-img-height=\"319\" style=\"background-image: url(https:\/\/www.in4mo.com\/support\/wp-content\/uploads\/sites\/2\/bg-dots-white.png);background-repeat: repeat-x;background-size: auto;\"><\/div><div class=\"l-section-h i-cf\"><div class=\"g-cols vc_row via_flex valign_top type_default stacking_default\"><div class=\"vc_col-sm-12 wpb_column vc_column_container\"><div class=\"vc_column-inner\"><div class=\"wpb_wrapper\"><div class=\"g-cols wpb_row via_flex valign_top type_default stacking_default\"><div class=\"vc_col-sm-2 wpb_column vc_column_container\"><div class=\"vc_column-inner\"><div class=\"wpb_wrapper\"><\/div><\/div><\/div><div class=\"vc_col-sm-8 wpb_column vc_column_container\"><div class=\"vc_column-inner\"><div class=\"wpb_wrapper\"><h3 class=\"w-text us_custom_eb849559\"><span class=\"w-text-h\"><span class=\"w-text-value\">Kasvoimme nopeasti ja meist\u00e4 tuli kansainv\u00e4lisi\u00e4 ja monimuotoisia<\/span><\/span><\/h3><\/div><\/div><\/div><div class=\"vc_col-sm-2 wpb_column vc_column_container\"><div class=\"vc_column-inner\"><div class=\"wpb_wrapper\"><\/div><\/div><\/div><\/div><div class=\"w-separator size_medium with_line width_default thick_1 style_solid color_border align_center\"><div class=\"w-separator-h\"><\/div><\/div><div class=\"g-cols wpb_row via_flex valign_top type_default stacking_default\"><div class=\"vc_col-sm-4 wpb_column vc_column_container\"><div class=\"vc_column-inner\"><div class=\"wpb_wrapper\"><div class=\"w-counter us_custom_91b545f7 color_text align_center has_font_size\" data-duration=\"2\"><div class=\"w-counter-value\"><span class=\"w-counter-value-part type_text\" data-final=\"\"><\/span><span class=\"w-counter-value-part type_number\" data-final=\"2007\">1<\/span><span class=\"w-counter-value-part type_text\" data-final=\"\"><\/span><\/div><p class=\"w-counter-title\" style=\"font-weight:300;margin-top:18px;\">Perustettu vuonna<\/p><\/div><\/div><\/div><\/div><div class=\"vc_col-sm-4 wpb_column vc_column_container\"><div class=\"vc_column-inner\"><div class=\"wpb_wrapper\"><div class=\"w-counter us_custom_91b545f7 color_text align_center has_font_size\" data-duration=\"2\"><div class=\"w-counter-value\"><span class=\"w-counter-value-part type_text\" data-final=\"\"><\/span><span class=\"w-counter-value-part type_number\" data-final=\"14,000\">1<\/span><span class=\"w-counter-value-part type_text\" data-final=\"+\"><\/span><\/div><p class=\"w-counter-title\" style=\"font-weight:300;margin-top:18px;\">Rekister\u00f6ityneet k\u00e4ytt\u00e4j\u00e4t<\/p><\/div><\/div><\/div><\/div><div class=\"vc_col-sm-4 wpb_column vc_column_container\"><div class=\"vc_column-inner\"><div class=\"wpb_wrapper\"><div class=\"w-counter us_custom_91b545f7 color_text align_center has_font_size\" data-duration=\"2\"><div class=\"w-counter-value\"><span class=\"w-counter-value-part type_text\" data-final=\"\"><\/span><span class=\"w-counter-value-part type_number\" data-final=\"130\">1<\/span><span class=\"w-counter-value-part type_text\" data-final=\"+\"><\/span><\/div><p class=\"w-counter-title\" style=\"font-weight:300;margin-top:18px;\">Asiakkaat<\/p><\/div><\/div><\/div><\/div><\/div><\/div><\/div><\/div><\/div><\/div><\/section>\n","protected":false},"excerpt":{"rendered":"Meid\u00e4n tarinammeEi koskaan tyls\u00e4\u00e4 hetke\u00e4!Pohjoismaiden johtava rakennuskorvausohjelmistoratkaisujen tarjoaja.2024 in4mo kehitti Emission Estimatics -ty\u00f6kalun CO2-laskentaa varten ja sai t\u00e4lle ty\u00f6kalulle ISO14064-1-sertifikaatin. 2023 Tukenut asiakkaitamme vaikeissa s\u00e4\u00e4olosuhteissa. Palvelumme on saatavilla Espanjassa. 2022 Useat uudet asiakkaat ottavat kustannusarvioty\u00f6kalumme k\u00e4ytt\u00f6\u00f6n, mik\u00e4 tekee siit\u00e4 Norjan k\u00e4ytetyimm\u00e4n ty\u00f6kalun. 2021 in4mo sai ensimm\u00e4isen EcoVadis-mitalin yrityksen kest\u00e4vyydest\u00e4. 2020 in4mo tulee virallisesti Australian markkinoille,...","protected":false},"author":1,"featured_media":1252,"parent":1722,"menu_order":7,"comment_status":"closed","ping_status":"closed","template":"","meta":{"footnotes":""},"class_list":["post-1690","page","type-page","status-publish","has-post-thumbnail","hentry"],"acf":[],"yoast_head":"<!-- This site is optimized with the Yoast SEO plugin v26.3 - https:\/\/yoast.com\/wordpress\/plugins\/seo\/ -->\n<title>Historia - In4mo Support<\/title>\n<meta name=\"description\" content=\"Johtava rakennuskorvausohjelmistoratkaisujen tarjoaja Pohjoismaissa.\" \/>\n<meta name=\"robots\" content=\"index, follow, max-snippet:-1, max-image-preview:large, max-video-preview:-1\" \/>\n<link rel=\"canonical\" href=\"https:\/\/www.in4mo.com\/support\/fi\/yritys\/historia\/\" \/>\n<meta property=\"og:locale\" content=\"fi_FI\" \/>\n<meta property=\"og:type\" content=\"article\" \/>\n<meta property=\"og:title\" content=\"Historia - In4mo Support\" \/>\n<meta property=\"og:description\" content=\"Johtava rakennuskorvausohjelmistoratkaisujen tarjoaja Pohjoismaissa.\" \/>\n<meta property=\"og:url\" content=\"https:\/\/www.in4mo.com\/support\/fi\/yritys\/historia\/\" \/>\n<meta property=\"og:site_name\" content=\"In4mo Support\" \/>\n<meta property=\"article:modified_time\" content=\"2024-10-11T11:49:14+00:00\" \/>\n<meta property=\"og:image\" content=\"https:\/\/www.in4mo.com\/support\/wp-content\/uploads\/sites\/2\/quality-software.jpg\" \/>\n\t<meta property=\"og:image:width\" content=\"1920\" \/>\n\t<meta property=\"og:image:height\" content=\"1080\" \/>\n\t<meta property=\"og:image:type\" content=\"image\/jpeg\" \/>\n<meta name=\"twitter:card\" content=\"summary_large_image\" \/>\n<meta name=\"twitter:label1\" content=\"Arvioitu lukuaika\" \/>\n\t<meta name=\"twitter:data1\" content=\"2 minuuttia\" \/>\n<script type=\"application\/ld+json\" class=\"yoast-schema-graph\">{\"@context\":\"https:\/\/schema.org\",\"@graph\":[{\"@type\":\"WebPage\",\"@id\":\"https:\/\/www.in4mo.com\/support\/fi\/yritys\/historia\/\",\"url\":\"https:\/\/www.in4mo.com\/support\/fi\/yritys\/historia\/\",\"name\":\"Historia - In4mo Support\",\"isPartOf\":{\"@id\":\"https:\/\/www.in4mo.com\/support\/fi\/#website\"},\"primaryImageOfPage\":{\"@id\":\"https:\/\/www.in4mo.com\/support\/fi\/yritys\/historia\/#primaryimage\"},\"image\":{\"@id\":\"https:\/\/www.in4mo.com\/support\/fi\/yritys\/historia\/#primaryimage\"},\"thumbnailUrl\":\"https:\/\/www.in4mo.com\/support\/wp-content\/uploads\/sites\/2\/quality-software.jpg\",\"datePublished\":\"2024-03-31T08:01:22+00:00\",\"dateModified\":\"2024-10-11T11:49:14+00:00\",\"description\":\"Johtava rakennuskorvausohjelmistoratkaisujen tarjoaja Pohjoismaissa.\",\"breadcrumb\":{\"@id\":\"https:\/\/www.in4mo.com\/support\/fi\/yritys\/historia\/#breadcrumb\"},\"inLanguage\":\"fi\",\"potentialAction\":[{\"@type\":\"ReadAction\",\"target\":[\"https:\/\/www.in4mo.com\/support\/fi\/yritys\/historia\/\"]}]},{\"@type\":\"ImageObject\",\"inLanguage\":\"fi\",\"@id\":\"https:\/\/www.in4mo.com\/support\/fi\/yritys\/historia\/#primaryimage\",\"url\":\"https:\/\/www.in4mo.com\/support\/wp-content\/uploads\/sites\/2\/quality-software.jpg\",\"contentUrl\":\"https:\/\/www.in4mo.com\/support\/wp-content\/uploads\/sites\/2\/quality-software.jpg\",\"width\":1920,\"height\":1080,\"caption\":\"Tarinamme\"},{\"@type\":\"BreadcrumbList\",\"@id\":\"https:\/\/www.in4mo.com\/support\/fi\/yritys\/historia\/#breadcrumb\",\"itemListElement\":[{\"@type\":\"ListItem\",\"position\":1,\"name\":\"Home\",\"item\":\"https:\/\/www.in4mo.com\/support\/fi\/\"},{\"@type\":\"ListItem\",\"position\":2,\"name\":\"Yritys\",\"item\":\"https:\/\/www.in4mo.com\/support\/fi\/company\/\"},{\"@type\":\"ListItem\",\"position\":3,\"name\":\"Historia\"}]},{\"@type\":\"WebSite\",\"@id\":\"https:\/\/www.in4mo.com\/support\/fi\/#website\",\"url\":\"https:\/\/www.in4mo.com\/support\/fi\/\",\"name\":\"In4mo Support\",\"description\":\"Insurance and Construction Software\",\"potentialAction\":[{\"@type\":\"SearchAction\",\"target\":{\"@type\":\"EntryPoint\",\"urlTemplate\":\"https:\/\/www.in4mo.com\/support\/fi\/?s={search_term_string}\"},\"query-input\":{\"@type\":\"PropertyValueSpecification\",\"valueRequired\":true,\"valueName\":\"search_term_string\"}}],\"inLanguage\":\"fi\"}]}<\/script>\n<!-- \/ Yoast SEO plugin. -->","yoast_head_json":{"title":"Historia - In4mo Support","description":"Johtava rakennuskorvausohjelmistoratkaisujen tarjoaja Pohjoismaissa.","robots":{"index":"index","follow":"follow","max-snippet":"max-snippet:-1","max-image-preview":"max-image-preview:large","max-video-preview":"max-video-preview:-1"},"canonical":"https:\/\/www.in4mo.com\/support\/fi\/yritys\/historia\/","og_locale":"fi_FI","og_type":"article","og_title":"Historia - In4mo Support","og_description":"Johtava rakennuskorvausohjelmistoratkaisujen tarjoaja Pohjoismaissa.","og_url":"https:\/\/www.in4mo.com\/support\/fi\/yritys\/historia\/","og_site_name":"In4mo Support","article_modified_time":"2024-10-11T11:49:14+00:00","og_image":[{"width":1920,"height":1080,"url":"https:\/\/www.in4mo.com\/support\/wp-content\/uploads\/sites\/2\/quality-software.jpg","type":"image\/jpeg"}],"twitter_card":"summary_large_image","twitter_misc":{"Arvioitu lukuaika":"2 minuuttia"},"schema":{"@context":"https:\/\/schema.org","@graph":[{"@type":"WebPage","@id":"https:\/\/www.in4mo.com\/support\/fi\/yritys\/historia\/","url":"https:\/\/www.in4mo.com\/support\/fi\/yritys\/historia\/","name":"Historia - In4mo Support","isPartOf":{"@id":"https:\/\/www.in4mo.com\/support\/fi\/#website"},"primaryImageOfPage":{"@id":"https:\/\/www.in4mo.com\/support\/fi\/yritys\/historia\/#primaryimage"},"image":{"@id":"https:\/\/www.in4mo.com\/support\/fi\/yritys\/historia\/#primaryimage"},"thumbnailUrl":"https:\/\/www.in4mo.com\/support\/wp-content\/uploads\/sites\/2\/quality-software.jpg","datePublished":"2024-03-31T08:01:22+00:00","dateModified":"2024-10-11T11:49:14+00:00","description":"Johtava rakennuskorvausohjelmistoratkaisujen tarjoaja Pohjoismaissa.","breadcrumb":{"@id":"https:\/\/www.in4mo.com\/support\/fi\/yritys\/historia\/#breadcrumb"},"inLanguage":"fi","potentialAction":[{"@type":"ReadAction","target":["https:\/\/www.in4mo.com\/support\/fi\/yritys\/historia\/"]}]},{"@type":"ImageObject","inLanguage":"fi","@id":"https:\/\/www.in4mo.com\/support\/fi\/yritys\/historia\/#primaryimage","url":"https:\/\/www.in4mo.com\/support\/wp-content\/uploads\/sites\/2\/quality-software.jpg","contentUrl":"https:\/\/www.in4mo.com\/support\/wp-content\/uploads\/sites\/2\/quality-software.jpg","width":1920,"height":1080,"caption":"Tarinamme"},{"@type":"BreadcrumbList","@id":"https:\/\/www.in4mo.com\/support\/fi\/yritys\/historia\/#breadcrumb","itemListElement":[{"@type":"ListItem","position":1,"name":"Home","item":"https:\/\/www.in4mo.com\/support\/fi\/"},{"@type":"ListItem","position":2,"name":"Yritys","item":"https:\/\/www.in4mo.com\/support\/fi\/company\/"},{"@type":"ListItem","position":3,"name":"Historia"}]},{"@type":"WebSite","@id":"https:\/\/www.in4mo.com\/support\/fi\/#website","url":"https:\/\/www.in4mo.com\/support\/fi\/","name":"In4mo Support","description":"Insurance and Construction Software","potentialAction":[{"@type":"SearchAction","target":{"@type":"EntryPoint","urlTemplate":"https:\/\/www.in4mo.com\/support\/fi\/?s={search_term_string}"},"query-input":{"@type":"PropertyValueSpecification","valueRequired":true,"valueName":"search_term_string"}}],"inLanguage":"fi"}]}},"_links":{"self":[{"href":"https:\/\/www.in4mo.com\/support\/fi\/wp-json\/wp\/v2\/pages\/1690","targetHints":{"allow":["GET"]}}],"collection":[{"href":"https:\/\/www.in4mo.com\/support\/fi\/wp-json\/wp\/v2\/pages"}],"about":[{"href":"https:\/\/www.in4mo.com\/support\/fi\/wp-json\/wp\/v2\/types\/page"}],"author":[{"embeddable":true,"href":"https:\/\/www.in4mo.com\/support\/fi\/wp-json\/wp\/v2\/users\/1"}],"replies":[{"embeddable":true,"href":"https:\/\/www.in4mo.com\/support\/fi\/wp-json\/wp\/v2\/comments?post=1690"}],"version-history":[{"count":0,"href":"https:\/\/www.in4mo.com\/support\/fi\/wp-json\/wp\/v2\/pages\/1690\/revisions"}],"up":[{"embeddable":true,"href":"https:\/\/www.in4mo.com\/support\/fi\/wp-json\/wp\/v2\/pages\/1722"}],"wp:featuredmedia":[{"embeddable":true,"href":"https:\/\/www.in4mo.com\/support\/fi\/wp-json\/wp\/v2\/media\/1252"}],"wp:attachment":[{"href":"https:\/\/www.in4mo.com\/support\/fi\/wp-json\/wp\/v2\/media?parent=1690"}],"curies":[{"name":"wp","href":"https:\/\/api.w.org\/{rel}","templated":true}]}}