{"id":1753,"date":"2024-05-13T12:57:09","date_gmt":"2024-05-13T09:57:09","guid":{"rendered":"https:\/\/in4modevelopment.wp1.kotisivut.com\/mobiilipolitiikka\/"},"modified":"2024-05-16T04:36:56","modified_gmt":"2024-05-16T01:36:56","slug":"mobiilipolitiikka","status":"publish","type":"page","link":"https:\/\/www.in4mo.com\/support\/fi\/mobiilipolitiikka\/","title":{"rendered":"Mobiilipolitiikka"},"content":{"rendered":"<section class=\"l-section wpb_row height_huge color_primary with_img\"><div class=\"l-section-img\" role=\"img\" data-img-width=\"817\" data-img-height=\"319\" style=\"background-image: url(https:\/\/www.in4mo.com\/support\/wp-content\/uploads\/sites\/2\/bg-dots-white.png);background-position: center left;background-repeat: repeat-x;background-size: auto;\"><\/div><div class=\"l-section-h i-cf\"><div class=\"g-cols vc_row via_flex valign_top type_default stacking_default\"><div class=\"vc_col-sm-12 wpb_column vc_column_container\"><div class=\"vc_column-inner\"><div class=\"wpb_wrapper\"><h1 class=\"w-text\"><span class=\"w-text-h\"><span class=\"w-text-value\">Mobiilipolitiikka<\/span><\/span><\/h1><\/div><\/div><\/div><\/div><\/div><\/section><section class=\"l-section wpb_row height_huge color_alternate\"><div class=\"l-section-h i-cf\"><div class=\"g-cols vc_row via_flex valign_top type_default stacking_default\"><div class=\"vc_col-sm-2 wpb_column vc_column_container\"><div class=\"vc_column-inner\"><div class=\"wpb_wrapper\"><\/div><\/div><\/div><div class=\"vc_col-sm-8 wpb_column vc_column_container\"><div class=\"vc_column-inner\"><div class=\"wpb_wrapper\"><div class=\"w-tabs style_default switch_click accordion has_scrolling\" style=\"--sections-title-size:inherit\"><div class=\"w-tabs-sections titles-align_none icon_chevron cpos_right\"><div class=\"w-tabs-section\" id=\"b097\"><button class=\"w-tabs-section-header\" aria-controls=\"content-b097\" aria-expanded=\"false\"><div class=\"w-tabs-section-title\">Johdanto<\/div><div class=\"w-tabs-section-control\"><\/div><\/button><div  class=\"w-tabs-section-content\" id=\"content-b097\"><div class=\"w-tabs-section-content-h i-cf\"><div class=\"wpb_text_column\"><div class=\"wpb_wrapper\"><p id=\"isPasted\">T\u00e4ss\u00e4 ilmoituksessa selitet\u00e4\u00e4n, miten ker\u00e4\u00e4mme ja k\u00e4sittelemme henkil\u00f6tietoja k\u00e4ytt\u00e4m\u00e4ll\u00e4 <strong>in4mo Task Reporteria<\/strong>. Lis\u00e4tietoja yrityksemme tietosuojak\u00e4yt\u00e4nn\u00f6st\u00e4, oikeuksistasi ja siit\u00e4, miten laki suojaa sinua, l\u00f6yd\u00e4t osoitteesta <a href=\"https:\/\/in4mo.com\/solera-in4mo-privacy-policy\/\" target=\"_blank\" rel=\"noopener noreferrer\">in4mo tietosuojaseloste<\/a>. T\u00e4t\u00e4 ilmoitusta tulee lukea yhdess\u00e4 tietosuojak\u00e4yt\u00e4nt\u00f6mme kanssa, ja voimme p\u00e4ivitt\u00e4\u00e4 sit\u00e4 aika ajoin.<\/p>\n<p>Sovellustamme ei ole tarkoitettu alle 16-vuotiaille, emmek\u00e4 tietoisesti ker\u00e4\u00e4 lapsia koskevia tietoja.<\/p>\n<\/div><\/div><\/div><\/div><\/div><div class=\"w-tabs-section\" id=\"b3a5\"><button class=\"w-tabs-section-header\" aria-controls=\"content-b3a5\" aria-expanded=\"false\"><div class=\"w-tabs-section-title\">Henkil\u00f6tietojen ker\u00e4\u00e4minen<\/div><div class=\"w-tabs-section-control\"><\/div><\/button><div  class=\"w-tabs-section-content\" id=\"content-b3a5\"><div class=\"w-tabs-section-content-h i-cf\"><div class=\"wpb_text_column\"><div class=\"wpb_wrapper\"><section id=\"otnotice-section-f9f71fce-e830-402f-a4e8-8ca5c6bc953d\" class=\"otnotice-section\">\n<div class=\"otnotice-section-content\">\n<p id=\"isPasted\">Kun k\u00e4yt\u00e4t in4mo Task Reporteria, voit antaa tietoja vakuutuksenottajista ja heid\u00e4n omaisuudestaan, jotta voit hallita omaisuuskorvauksiin liittyvi\u00e4 teht\u00e4vi\u00e4. Ker\u00e4\u00e4mme my\u00f6s tietoja sinusta valtuutettuna k\u00e4ytt\u00e4j\u00e4n\u00e4.<span id=\"isPasted\"> <\/span>palvelun k\u00e4yt\u00f6n mahdollistamiseksi ja tuotteidemme ja palveluidemme parantamiseksi. Tarvittaessa annamme tietoja myyjille, jotka avustavat meit\u00e4 t\u00e4m\u00e4n palvelun tarjoamisessa, muille Solera-yritysryhm\u00e4\u00e4n kuuluville yhti\u00f6ille sek\u00e4 viranomaisille ja s\u00e4\u00e4ntelyviranomaisille (tarvittaessa).<\/p>\n<p>Emme myy henkil\u00f6tietoja sellaisina kuin ne on m\u00e4\u00e4ritelty sovellettavassa tietosuojalains\u00e4\u00e4d\u00e4nn\u00f6ss\u00e4.<\/p>\n<p>T\u00e4m\u00e4 palvelu ker\u00e4\u00e4 ainoastaan seuraavanlaisia henkil\u00f6tietoja alla mainittuja tarkoituksia varten:<\/p>\n<table id=\"isPasted\" border=\"1\" width=\"666\" cellspacing=\"0\" cellpadding=\"0\">\n<tbody>\n<tr>\n<td valign=\"top\"><strong>Ker\u00e4tyt tiedot<\/strong><\/td>\n<td valign=\"top\"><strong>Tietojen k\u00e4ytt\u00f6tarkoitus<\/strong><\/td>\n<td><strong>Rekister\u00f6ity(t)<\/strong><\/td>\n<\/tr>\n<tr>\n<td valign=\"top\"><strong>Tunnistetiedot<\/strong><\/td>\n<td valign=\"top\">Palvelun tarjoaminen<\/p>\n<p>Noudattaa oikeudellisia velvoitteita<\/td>\n<td>Valtuutetut k\u00e4ytt\u00e4j\u00e4t<br id=\"isPasted\">Vakuutuksenottajat<\/td>\n<\/tr>\n<tr>\n<td><strong>Vakuutustiedot<\/strong><\/td>\n<td>\n<p id=\"isPasted\">Palvelun tarjoaminen<\/p>\n<\/td>\n<td>Vakuutuksenottajat<\/td>\n<\/tr>\n<tr>\n<td><strong>Kaupalliset tiedot<\/strong><\/td>\n<td>\n<p id=\"isPasted\">Palvelun tarjoaminen<\/p>\n<\/td>\n<td>Vakuutuksenottajat<\/td>\n<\/tr>\n<tr>\n<td valign=\"top\"><strong>Paikannustiedot<\/strong><\/td>\n<td valign=\"top\">Palvelun tarjoaminen<\/td>\n<td>Vakuutuksenottajat<\/td>\n<\/tr>\n<tr>\n<td valign=\"top\"><strong>Kiinteist\u00f6tiedot<\/strong><\/td>\n<td valign=\"top\">Palvelun tarjoaminen<\/p>\n<p>Noudattaa oikeudellisia velvoitteita<\/td>\n<td>Vakuutuksenottajat<\/td>\n<\/tr>\n<tr>\n<td valign=\"top\"><strong>Tekninen &amp; k\u00e4ytt\u00f6<\/strong><\/td>\n<td valign=\"top\">Palvelun tarjoaminen<\/p>\n<p>Turvallisuus ja vianm\u00e4\u00e4ritys<\/p>\n<p>Analytiikka<\/td>\n<td>Valtuutetut k\u00e4ytt\u00e4j\u00e4t<\/td>\n<\/tr>\n<tr>\n<td valign=\"top\"><strong>Ty\u00f6llisyystiedot<\/strong><\/td>\n<td valign=\"top\">Palvelun tarjoaminen<\/td>\n<td>Valtuutetut k\u00e4ytt\u00e4j\u00e4t<\/td>\n<\/tr>\n<tr>\n<td><strong>Valokuvat<\/strong><\/td>\n<td>Palvelun tarjoaminen<\/td>\n<td>Vakuutuksenottajat<\/td>\n<\/tr>\n<\/tbody>\n<\/table>\n<ul id=\"isPasted\">\n<li><strong>Tunnistetietoja<\/strong> ovat esimerkiksi nimi, peitenimi, postiosoite, yksil\u00f6llinen henkil\u00f6tunnus, verkkotunniste, s\u00e4hk\u00f6postiosoite, tilin nimi, ajokortin numero tai muut vastaavat tunnisteet.<\/li>\n<li id=\"isPasted\"><strong>Vakuutustietoihin<\/strong> sis\u00e4ltyy tietoja, kuten korvausvaatimuksen numero ja muita vakuutustietoja.<\/li>\n<li><strong>Kaupallisiin tietoihin<\/strong> kuuluvat esimerkiksi henkil\u00f6kohtaista omaisuutta koskevat tiedot.<\/li>\n<li id=\"isPasted\"><strong>Paikannustiedot <\/strong>sis\u00e4lt\u00e4v\u00e4t kiinteist\u00f6n sijaintia koskevia tietoja, kuten leveys- ja pituusasteet.<\/li>\n<li id=\"isPasted\"><strong>Kiinteist\u00f6tiedot<\/strong> sis\u00e4lt\u00e4v\u00e4t tietoja, kuten kiinteist\u00f6n osoitteen ja vahinkotiedot.<\/li>\n<li id=\"isPasted\"><strong>Tekniset ja k\u00e4ytt\u00f6tiedot<\/strong> sis\u00e4lt\u00e4v\u00e4t tietoja, kuten internetprotokollaosoite, kirjautumistiedot, selaimen tyyppi ja versio, aikavy\u00f6hykeasetukset, tiedot laitteista, joita k\u00e4ytet\u00e4\u00e4n verkkosivuston\/palvelun k\u00e4ytt\u00e4miseen, miten k\u00e4yt\u00e4t verkkosivustoamme tai palvelua, selaushistoria, hakuhistoria ja tiedot vuorovaikutuksesta verkkosivuston, sovelluksen tai mainoksen kanssa.<\/li>\n<li><strong>Ty\u00f6llisyystietoihin<\/strong> sis\u00e4ltyv\u00e4t esimerkiksi tiedot ty\u00f6llisyydest\u00e4 tai ammatista.<\/li>\n<li id=\"isPasted\"><strong>Valokuvat <\/strong>sis\u00e4lt\u00e4v\u00e4t kuvia kiinteist\u00f6st\u00e4.<\/li>\n<\/ul>\n<p id=\"isPasted\"><strong>Erityiset tai arkaluonteiset henkil\u00f6tietoryhm\u00e4t.  <\/strong>Jos k\u00e4yt\u00e4t valokuvia ihmisist\u00e4 (mik\u00e4 ei ole suositeltavaa), valokuvista voi paljastua tietoja, kuten rotu tai etninen alkuper\u00e4.<strong>   <\/strong><\/p>\n<p><strong>Yhteenlasketut tiedot,<\/strong> kuten tilastolliset tai demografiset tiedot, voidaan johtaa henkil\u00f6tiedoistasi, mutta niit\u00e4 ei pidet\u00e4 lain mukaan henkil\u00f6tietoina, koska ne <strong>eiv\u00e4t<\/strong> suoraan tai ep\u00e4suorasti tunnista sinua.<\/p>\n<\/div>\n<\/section>\n<section id=\"otnotice-section-0e365700-80f1-4c16-93e2-bf42c619035d\" class=\"otnotice-section\"><\/section>\n<\/div><\/div><\/div><\/div><\/div><div class=\"w-tabs-section\" id=\"b516\"><button class=\"w-tabs-section-header\" aria-controls=\"content-b516\" aria-expanded=\"false\"><div class=\"w-tabs-section-title\">Jos et anna henkil\u00f6tietoja<\/div><div class=\"w-tabs-section-control\"><\/div><\/button><div  class=\"w-tabs-section-content\" id=\"content-b516\"><div class=\"w-tabs-section-content-h i-cf\"><div class=\"wpb_text_column\"><div class=\"wpb_wrapper\"><p>Jos meid\u00e4n on ker\u00e4tt\u00e4v\u00e4 henkil\u00f6tietoja t\u00e4m\u00e4n palvelun tarjoamiseksi tai jos laki sit\u00e4 vaatii ja sin\u00e4 et anna n\u00e4it\u00e4 tietoja pyydett\u00e4ess\u00e4, emme ehk\u00e4 pysty tarjoamaan palvelua tai kaikkia sen ominaisuuksia.<\/p>\n<\/div><\/div><\/div><\/div><\/div><div class=\"w-tabs-section\" id=\"m64f\"><button class=\"w-tabs-section-header\" aria-controls=\"content-m64f\" aria-expanded=\"false\"><div class=\"w-tabs-section-title\">Tietoturva<\/div><div class=\"w-tabs-section-control\"><\/div><\/button><div  class=\"w-tabs-section-content\" id=\"content-m64f\"><div class=\"w-tabs-section-content-h i-cf\"><div class=\"wpb_text_column\"><div class=\"wpb_wrapper\"><p>Meill\u00e4 on asianmukaiset turvatoimet tietojen suojaamiseksi.<\/p>\n<\/div><\/div><\/div><\/div><\/div><div class=\"w-tabs-section\" id=\"x7b7\"><button class=\"w-tabs-section-header\" aria-controls=\"content-x7b7\" aria-expanded=\"false\"><div class=\"w-tabs-section-title\">Yhteystiedot<\/div><div class=\"w-tabs-section-control\"><\/div><\/button><div  class=\"w-tabs-section-content\" id=\"content-x7b7\"><div class=\"w-tabs-section-content-h i-cf\"><div class=\"wpb_text_column\"><div class=\"wpb_wrapper\"><p id=\"isPasted\">Jos haluat lis\u00e4tietoja t\u00e4st\u00e4 ilmoituksesta tai jos haluat pyyt\u00e4\u00e4 henkil\u00f6tietolakien mukaisia oikeuksia, t\u00e4yt\u00e4 lomake osoitteessa <a href=\"https:\/\/eudsar.solera.com\/webform\/9eb91cc4-23fa-42be-9a10-ed84af223018\/36dce121-830b-426a-a4b8-ea21193a7fd2\" target=\"_blank\" rel=\"noopener noreferrer\">In4mo Excercise Your Rights<\/a> form. Voit my\u00f6s ottaa meihin yhteytt\u00e4 osoitteessa:<\/p>\n<p>&nbsp;<\/p>\n<p id=\"isPasted\">In4mo Oy,<\/p>\n<p>Huomio: tietosuojavaltuutettu<\/p>\n<p>Tekniikantie 12, 02150 Espoo,<\/p>\n<p>S\u00e4hk\u00f6posti: <a href=\"mailto:privacy@solera.com\">privacy@solera.com<\/a><\/p>\n<\/div><\/div><\/div><\/div><\/div><\/div><\/div><\/div><\/div><\/div><div class=\"vc_col-sm-2 wpb_column vc_column_container\"><div class=\"vc_column-inner\"><div class=\"wpb_wrapper\"><\/div><\/div><\/div><\/div><\/div><\/section>\n","protected":false},"excerpt":{"rendered":"MobiilipolitiikkaJohdantoT\u00e4ss\u00e4 ilmoituksessa selitet\u00e4\u00e4n, miten ker\u00e4\u00e4mme ja k\u00e4sittelemme henkil\u00f6tietoja k\u00e4ytt\u00e4m\u00e4ll\u00e4 in4mo Task Reporteria. Lis\u00e4tietoja yrityksemme tietosuojak\u00e4yt\u00e4nn\u00f6st\u00e4, oikeuksistasi ja siit\u00e4, miten laki suojaa sinua, l\u00f6yd\u00e4t osoitteesta in4mo tietosuojaseloste. T\u00e4t\u00e4 ilmoitusta tulee lukea yhdess\u00e4 tietosuojak\u00e4yt\u00e4nt\u00f6mme kanssa, ja voimme p\u00e4ivitt\u00e4\u00e4 sit\u00e4 aika ajoin. Sovellustamme ei ole tarkoitettu alle 16-vuotiaille, emmek\u00e4 tietoisesti ker\u00e4\u00e4 lapsia koskevia tietoja. Henkil\u00f6tietojen ker\u00e4\u00e4minen Kun k\u00e4yt\u00e4t...","protected":false},"author":1,"featured_media":0,"parent":0,"menu_order":500,"comment_status":"closed","ping_status":"closed","template":"","meta":{"footnotes":""},"class_list":["post-1753","page","type-page","status-publish","hentry"],"acf":[],"yoast_head":"<!-- This site is optimized with the Yoast SEO plugin v26.3 - https:\/\/yoast.com\/wordpress\/plugins\/seo\/ -->\n<title>Mobiilipolitiikka - In4mo Support<\/title>\n<meta name=\"robots\" content=\"index, follow, max-snippet:-1, max-image-preview:large, max-video-preview:-1\" \/>\n<link rel=\"canonical\" href=\"https:\/\/www.in4mo.com\/support\/fi\/mobiilipolitiikka\/\" \/>\n<meta property=\"og:locale\" content=\"fi_FI\" \/>\n<meta property=\"og:type\" content=\"article\" \/>\n<meta property=\"og:title\" content=\"Mobiilipolitiikka - In4mo Support\" \/>\n<meta property=\"og:url\" content=\"https:\/\/www.in4mo.com\/support\/fi\/mobiilipolitiikka\/\" \/>\n<meta property=\"og:site_name\" content=\"In4mo Support\" \/>\n<meta property=\"article:modified_time\" content=\"2024-05-16T01:36:56+00:00\" \/>\n<meta name=\"twitter:card\" content=\"summary_large_image\" \/>\n<meta name=\"twitter:label1\" content=\"Arvioitu lukuaika\" \/>\n\t<meta name=\"twitter:data1\" content=\"3 minuuttia\" \/>\n<script type=\"application\/ld+json\" class=\"yoast-schema-graph\">{\"@context\":\"https:\/\/schema.org\",\"@graph\":[{\"@type\":\"WebPage\",\"@id\":\"https:\/\/www.in4mo.com\/support\/fi\/mobiilipolitiikka\/\",\"url\":\"https:\/\/www.in4mo.com\/support\/fi\/mobiilipolitiikka\/\",\"name\":\"Mobiilipolitiikka - In4mo Support\",\"isPartOf\":{\"@id\":\"https:\/\/www.in4mo.com\/support\/fi\/#website\"},\"datePublished\":\"2024-05-13T09:57:09+00:00\",\"dateModified\":\"2024-05-16T01:36:56+00:00\",\"breadcrumb\":{\"@id\":\"https:\/\/www.in4mo.com\/support\/fi\/mobiilipolitiikka\/#breadcrumb\"},\"inLanguage\":\"fi\",\"potentialAction\":[{\"@type\":\"ReadAction\",\"target\":[\"https:\/\/www.in4mo.com\/support\/fi\/mobiilipolitiikka\/\"]}]},{\"@type\":\"BreadcrumbList\",\"@id\":\"https:\/\/www.in4mo.com\/support\/fi\/mobiilipolitiikka\/#breadcrumb\",\"itemListElement\":[{\"@type\":\"ListItem\",\"position\":1,\"name\":\"Home\",\"item\":\"https:\/\/www.in4mo.com\/support\/fi\/\"},{\"@type\":\"ListItem\",\"position\":2,\"name\":\"Mobiilipolitiikka\"}]},{\"@type\":\"WebSite\",\"@id\":\"https:\/\/www.in4mo.com\/support\/fi\/#website\",\"url\":\"https:\/\/www.in4mo.com\/support\/fi\/\",\"name\":\"In4mo Support\",\"description\":\"Insurance and Construction Software\",\"potentialAction\":[{\"@type\":\"SearchAction\",\"target\":{\"@type\":\"EntryPoint\",\"urlTemplate\":\"https:\/\/www.in4mo.com\/support\/fi\/?s={search_term_string}\"},\"query-input\":{\"@type\":\"PropertyValueSpecification\",\"valueRequired\":true,\"valueName\":\"search_term_string\"}}],\"inLanguage\":\"fi\"}]}<\/script>\n<!-- \/ Yoast SEO plugin. -->","yoast_head_json":{"title":"Mobiilipolitiikka - In4mo Support","robots":{"index":"index","follow":"follow","max-snippet":"max-snippet:-1","max-image-preview":"max-image-preview:large","max-video-preview":"max-video-preview:-1"},"canonical":"https:\/\/www.in4mo.com\/support\/fi\/mobiilipolitiikka\/","og_locale":"fi_FI","og_type":"article","og_title":"Mobiilipolitiikka - In4mo Support","og_url":"https:\/\/www.in4mo.com\/support\/fi\/mobiilipolitiikka\/","og_site_name":"In4mo Support","article_modified_time":"2024-05-16T01:36:56+00:00","twitter_card":"summary_large_image","twitter_misc":{"Arvioitu lukuaika":"3 minuuttia"},"schema":{"@context":"https:\/\/schema.org","@graph":[{"@type":"WebPage","@id":"https:\/\/www.in4mo.com\/support\/fi\/mobiilipolitiikka\/","url":"https:\/\/www.in4mo.com\/support\/fi\/mobiilipolitiikka\/","name":"Mobiilipolitiikka - In4mo Support","isPartOf":{"@id":"https:\/\/www.in4mo.com\/support\/fi\/#website"},"datePublished":"2024-05-13T09:57:09+00:00","dateModified":"2024-05-16T01:36:56+00:00","breadcrumb":{"@id":"https:\/\/www.in4mo.com\/support\/fi\/mobiilipolitiikka\/#breadcrumb"},"inLanguage":"fi","potentialAction":[{"@type":"ReadAction","target":["https:\/\/www.in4mo.com\/support\/fi\/mobiilipolitiikka\/"]}]},{"@type":"BreadcrumbList","@id":"https:\/\/www.in4mo.com\/support\/fi\/mobiilipolitiikka\/#breadcrumb","itemListElement":[{"@type":"ListItem","position":1,"name":"Home","item":"https:\/\/www.in4mo.com\/support\/fi\/"},{"@type":"ListItem","position":2,"name":"Mobiilipolitiikka"}]},{"@type":"WebSite","@id":"https:\/\/www.in4mo.com\/support\/fi\/#website","url":"https:\/\/www.in4mo.com\/support\/fi\/","name":"In4mo Support","description":"Insurance and Construction Software","potentialAction":[{"@type":"SearchAction","target":{"@type":"EntryPoint","urlTemplate":"https:\/\/www.in4mo.com\/support\/fi\/?s={search_term_string}"},"query-input":{"@type":"PropertyValueSpecification","valueRequired":true,"valueName":"search_term_string"}}],"inLanguage":"fi"}]}},"_links":{"self":[{"href":"https:\/\/www.in4mo.com\/support\/fi\/wp-json\/wp\/v2\/pages\/1753","targetHints":{"allow":["GET"]}}],"collection":[{"href":"https:\/\/www.in4mo.com\/support\/fi\/wp-json\/wp\/v2\/pages"}],"about":[{"href":"https:\/\/www.in4mo.com\/support\/fi\/wp-json\/wp\/v2\/types\/page"}],"author":[{"embeddable":true,"href":"https:\/\/www.in4mo.com\/support\/fi\/wp-json\/wp\/v2\/users\/1"}],"replies":[{"embeddable":true,"href":"https:\/\/www.in4mo.com\/support\/fi\/wp-json\/wp\/v2\/comments?post=1753"}],"version-history":[{"count":0,"href":"https:\/\/www.in4mo.com\/support\/fi\/wp-json\/wp\/v2\/pages\/1753\/revisions"}],"wp:attachment":[{"href":"https:\/\/www.in4mo.com\/support\/fi\/wp-json\/wp\/v2\/media?parent=1753"}],"curies":[{"name":"wp","href":"https:\/\/api.w.org\/{rel}","templated":true}]}}