{"id":7658,"date":"2024-06-03T10:43:22","date_gmt":"2024-06-03T07:43:22","guid":{"rendered":"https:\/\/in4mostg.wpenginepowered.com\/support\/in4mo-tuki\/"},"modified":"2026-03-09T16:53:00","modified_gmt":"2026-03-09T14:53:00","slug":"in4mo-tuki","status":"publish","type":"page","link":"https:\/\/www.in4mo.com\/support\/fi\/","title":{"rendered":"in4mo-tuki"},"content":{"rendered":"<section class=\"l-section wpb_row height_huge color_primary with_img\"><div class=\"l-section-img\" role=\"img\" data-img-width=\"1920\" data-img-height=\"1080\" style=\"background-image: url(https:\/\/www.in4mo.com\/support\/wp-content\/uploads\/sites\/2\/customer-service-1.jpg);background-position: bottom right;background-repeat: no-repeat;\"><\/div><div class=\"l-section-overlay\" style=\"background:rgba(0,0,0,0.15)\"><\/div><div class=\"l-section-h i-cf\"><div class=\"g-cols vc_row via_flex valign_top type_default reversed stacking_default\"><div class=\"vc_col-sm-2 wpb_column vc_column_container\"><div class=\"vc_column-inner\"><div class=\"wpb_wrapper\"><div class=\"w-iconbox us_custom_8f2ba1f4 us_animate_this iconpos_top style_default color_primary align_center no_text icontype_img\"><a href=\"https:\/\/www.in4mo.com\/support\/fi\/topic\/faq-fi\/\" class=\"w-iconbox-link\" aria-label=\"FAQ\"><div class=\"w-iconbox-icon\" style=\"font-size:160px;\"><img loading=\"lazy\" decoding=\"async\" width=\"640\" height=\"640\" src=\"https:\/\/www.in4mo.com\/support\/wp-content\/uploads\/sites\/2\/faq-1.png\" class=\"attachment-full size-full\" alt=\"FAQ\" srcset=\"https:\/\/www.in4mo.com\/support\/wp-content\/uploads\/sites\/2\/faq-1.png 640w, https:\/\/www.in4mo.com\/support\/wp-content\/uploads\/sites\/2\/faq-1-300x300.png 300w, https:\/\/www.in4mo.com\/support\/wp-content\/uploads\/sites\/2\/faq-1-150x150.png 150w\" sizes=\"auto, (max-width: 640px) 100vw, 640px\" \/><\/div><\/a><div class=\"w-iconbox-meta\"><a href=\"https:\/\/www.in4mo.com\/support\/fi\/topic\/faq-fi\/\" class=\"w-iconbox-link\" aria-label=\"FAQ\"><h5 class=\"w-iconbox-title\" style=\"font-size:18px;\">FAQ<\/h5><\/a><\/div><\/div><\/div><\/div><\/div><div class=\"vc_col-sm-10 wpb_column vc_column_container\"><div class=\"vc_column-inner\"><div class=\"wpb_wrapper\"><h1 class=\"w-text\"><span class=\"w-text-h\"><span class=\"w-text-value\">in4mo-tuki<\/span><\/span><\/h1><div class=\"g-cols wpb_row via_flex valign_top type_default stacking_default\"><div class=\"vc_col-sm-6 wpb_column vc_column_container\"><div class=\"vc_column-inner\"><div class=\"wpb_wrapper\"><div class=\"w-search layout_simple iconpos_right\"><div class=\"w-search-form\"><form class=\"w-form-row for_text\" role=\"search\" action=\"https:\/\/www.in4mo.com\/support\/fi\/\" method=\"get\"><div class=\"w-form-row-field\"><input type=\"text\" name=\"s\" placeholder=\"Etsi\" aria-label=\"Etsi\" value\/><input type=\"hidden\" name=\"lang\" value=\"fi\" \/><\/div><button class=\"w-search-form-btn w-btn\" type=\"submit\" aria-label=\"Etsi\" style=\"--icon-size:18px;\"><i class=\"fas fa-search\"><\/i><\/button><\/form><\/div><\/div><\/div><\/div><\/div><div class=\"vc_col-sm-6 wpb_column vc_column_container\"><div class=\"vc_column-inner\"><div class=\"wpb_wrapper\"><\/div><\/div><\/div><\/div><\/div><\/div><\/div><\/div><\/div><\/section><section class=\"l-section wpb_row height_small\"><div class=\"l-section-h i-cf\"><div class=\"g-cols vc_row via_flex valign_top type_default stacking_default\" style=\"--additional-gap:1.5rem;\"><div class=\"vc_col-sm-12 wpb_column vc_column_container\"><div class=\"vc_column-inner\"><div class=\"wpb_wrapper\"><div class=\"w-separator size_medium with_line width_default thick_1 style_solid color_border align_center with_text with_content\"><div class=\"w-separator-h\"><h5 class=\"w-separator-text\"><span>Roolit<\/span><\/h5><\/div><\/div><div class=\"g-cols wpb_row tila via_flex valign_top type_default stacking_default\"><div class=\"vc_col-sm-1\/5 wpb_column vc_column_container\"><div class=\"vc_column-inner\"><div class=\"wpb_wrapper\"><div class=\"w-iconbox iconpos_top style_default color_custom align_center no_text\"><a href=\"\/support\/fi\/type\/yleista\/\" class=\"w-iconbox-link\" aria-label=\"Yleist\u00e4\"><div class=\"w-iconbox-icon\" style=\"font-size:2.5rem;--icon-color:var(--color-content-primary);--icon-bg-color:var(--color-content-border);\"><i class=\"fas fa-cog\"><\/i><\/div><\/a><div class=\"w-iconbox-meta\"><a href=\"\/support\/fi\/type\/yleista\/\" class=\"w-iconbox-link\" aria-label=\"Yleist\u00e4\"><h5 class=\"w-iconbox-title\" style=\"font-size:15px;\">Yleist\u00e4<\/h5><\/a><\/div><\/div><\/div><\/div><\/div><div class=\"vc_col-sm-1\/5 wpb_column vc_column_container\"><div class=\"vc_column-inner\"><div class=\"wpb_wrapper\"><div class=\"w-iconbox iconpos_top style_default color_custom align_center no_text\"><a href=\"\/support\/fi\/type\/kartoittaja\/\" class=\"w-iconbox-link\" aria-label=\"Kartoittaja\"><div class=\"w-iconbox-icon\" style=\"font-size:2.5rem;--icon-color:var(--color-content-primary);--icon-bg-color:var(--color-content-border);\"><i class=\"fas fa-book-open\"><\/i><\/div><\/a><div class=\"w-iconbox-meta\"><a href=\"\/support\/fi\/type\/kartoittaja\/\" class=\"w-iconbox-link\" aria-label=\"Kartoittaja\"><h5 class=\"w-iconbox-title\" style=\"font-size:15px;\">Kartoittaja<\/h5><\/a><\/div><\/div><\/div><\/div><\/div><div class=\"vc_col-sm-1\/5 wpb_column vc_column_container\"><div class=\"vc_column-inner\"><div class=\"wpb_wrapper\"><div class=\"w-iconbox iconpos_top style_default color_custom align_center no_text\"><a href=\"\/support\/fi\/type\/projektipaallikko\/\" class=\"w-iconbox-link\" aria-label=\"Projektip\u00e4\u00e4llikk\u00f6\"><div class=\"w-iconbox-icon\" style=\"font-size:2.5rem;--icon-color:var(--color-content-primary);--icon-bg-color:var(--color-content-border);\"><i class=\"fas fa-user-check\"><\/i><\/div><\/a><div class=\"w-iconbox-meta\"><a href=\"\/support\/fi\/type\/projektipaallikko\/\" class=\"w-iconbox-link\" aria-label=\"Projektip\u00e4\u00e4llikk\u00f6\"><h5 class=\"w-iconbox-title\" style=\"font-size:15px;\">Projektip\u00e4\u00e4llikk\u00f6<\/h5><\/a><\/div><\/div><\/div><\/div><\/div><div class=\"vc_col-sm-1\/5 wpb_column vc_column_container\"><div class=\"vc_column-inner\"><div class=\"wpb_wrapper\"><div class=\"w-iconbox iconpos_top style_default color_custom align_center no_text\"><a href=\"\/support\/fi\/type\/korjaustyontekija\/\" class=\"w-iconbox-link\" aria-label=\"Korjausty\u00f6ntekij\u00e4\"><div class=\"w-iconbox-icon\" style=\"font-size:2.5rem;--icon-color:var(--color-content-primary);--icon-bg-color:var(--color-content-border);\"><i class=\"fas fa-user-hard-hat\"><\/i><\/div><\/a><div class=\"w-iconbox-meta\"><a href=\"\/support\/fi\/type\/korjaustyontekija\/\" class=\"w-iconbox-link\" aria-label=\"Korjausty\u00f6ntekij\u00e4\"><h5 class=\"w-iconbox-title\" style=\"font-size:15px;\">Korjausty\u00f6ntekij\u00e4<\/h5><\/a><\/div><\/div><\/div><\/div><\/div><div class=\"vc_col-sm-1\/5 wpb_column vc_column_container\"><div class=\"vc_column-inner\"><div class=\"wpb_wrapper\"><div class=\"w-iconbox iconpos_top style_default color_custom align_center no_text\"><a href=\"\/support\/fi\/type\/yrityksen-paakayttaja\" class=\"w-iconbox-link\" aria-label=\"Yrityksen p\u00e4\u00e4k\u00e4ytt\u00e4j\u00e4\"><div class=\"w-iconbox-icon\" style=\"font-size:2.5rem;--icon-color:var(--color-content-primary);--icon-bg-color:var(--color-content-border);\"><i class=\"fas fa-desktop\"><\/i><\/div><\/a><div class=\"w-iconbox-meta\"><a href=\"\/support\/fi\/type\/yrityksen-paakayttaja\" class=\"w-iconbox-link\" aria-label=\"Yrityksen p\u00e4\u00e4k\u00e4ytt\u00e4j\u00e4\"><h5 class=\"w-iconbox-title\" style=\"font-size:15px;\">Yrityksen p\u00e4\u00e4k\u00e4ytt\u00e4j\u00e4<\/h5><\/a><\/div><\/div><\/div><\/div><\/div><\/div><div class=\"w-separator size_custom\" style=\"height:10px\"><\/div><div class=\"w-separator size_medium with_line width_default thick_1 style_solid color_border align_center with_text with_content\"><div class=\"w-separator-h\"><h5 class=\"w-separator-text\"><span>Palvelut<\/span><\/h5><\/div><\/div><div class=\"g-cols wpb_row tila via_flex valign_top type_default stacking_default\"><div class=\"vc_col-sm-1\/5 wpb_column vc_column_container\"><div class=\"vc_column-inner\"><div class=\"wpb_wrapper\"><div class=\"w-iconbox iconpos_top style_default color_custom align_center no_text\"><a href=\"\/support\/fi\/type\/building-claims-fi\" class=\"w-iconbox-link\" aria-label=\"Building Claims\"><div class=\"w-iconbox-icon\" style=\"font-size:2.5rem;--icon-color:#000000;--icon-bg-color:var(--color-content-border);\"><i class=\"fas fa-wrench\"><\/i><\/div><\/a><div class=\"w-iconbox-meta\"><a href=\"\/support\/fi\/type\/building-claims-fi\" class=\"w-iconbox-link\" aria-label=\"Building Claims\"><h5 class=\"w-iconbox-title\" style=\"font-size:15px;\">Building Claims<\/h5><\/a><\/div><\/div><\/div><\/div><\/div><div class=\"vc_col-sm-1\/5 wpb_column vc_column_container\"><div class=\"vc_column-inner\"><div class=\"wpb_wrapper\"><div class=\"w-iconbox iconpos_top style_default color_custom align_center no_text\"><a href=\"\/support\/fi\/type\/contractor-2-fi\" class=\"w-iconbox-link\" aria-label=\"Contractor\"><div class=\"w-iconbox-icon\" style=\"font-size:2.5rem;--icon-color:var(--color-content-primary);--icon-bg-color:var(--color-content-border);\"><i class=\"fas fa-cog\"><\/i><\/div><\/a><div class=\"w-iconbox-meta\"><a href=\"\/support\/fi\/type\/contractor-2-fi\" class=\"w-iconbox-link\" aria-label=\"Contractor\"><h5 class=\"w-iconbox-title\" style=\"font-size:15px;\">Contractor<\/h5><\/a><\/div><\/div><\/div><\/div><\/div><div class=\"vc_col-sm-1\/5 wpb_column vc_column_container\"><div class=\"vc_column-inner\"><div class=\"wpb_wrapper\"><div class=\"w-iconbox iconpos_top style_default color_custom align_center no_text\"><a href=\"\/support\/fi\/type\/task-reporter-2-fi\" class=\"w-iconbox-link\" aria-label=\"Task Reporter\"><div class=\"w-iconbox-icon\" style=\"font-size:2.5rem;--icon-color:var(--color-content-primary);--icon-bg-color:var(--color-content-border);\"><i class=\"fas fa-mobile-android-alt\"><\/i><\/div><\/a><div class=\"w-iconbox-meta\"><a href=\"\/support\/fi\/type\/task-reporter-2-fi\" class=\"w-iconbox-link\" aria-label=\"Task Reporter\"><h5 class=\"w-iconbox-title\" style=\"font-size:15px;\">Task Reporter<\/h5><\/a><\/div><\/div><\/div><\/div><\/div><div class=\"vc_col-sm-1\/5 wpb_column vc_column_container\"><div class=\"vc_column-inner\"><div class=\"wpb_wrapper\"><div class=\"w-iconbox iconpos_top style_default color_custom align_center no_text\"><a href=\"\/support\/fi\/type\/icc-2-fi\" class=\"w-iconbox-link\" aria-label=\"iCC\"><div class=\"w-iconbox-icon\" style=\"font-size:2.5rem;--icon-color:var(--color-content-primary);--icon-bg-color:var(--color-content-border);\"><i class=\"fas fa-file-chart-line\"><\/i><\/div><\/a><div class=\"w-iconbox-meta\"><a href=\"\/support\/fi\/type\/icc-2-fi\" class=\"w-iconbox-link\" aria-label=\"iCC\"><h5 class=\"w-iconbox-title\" style=\"font-size:15px;\">iCC<\/h5><\/a><\/div><\/div><\/div><\/div><\/div><div class=\"vc_col-sm-1\/5 wpb_column vc_column_container\"><div class=\"vc_column-inner\"><div class=\"wpb_wrapper\"><div class=\"w-iconbox iconpos_top style_default color_custom align_center no_text\"><a href=\"\/support\/fi\/type\/irv-2-fi\" class=\"w-iconbox-link\" aria-label=\"iRV\"><div class=\"w-iconbox-icon\" style=\"font-size:2.5rem;--icon-color:#000000;--icon-bg-color:var(--color-content-border);\"><i class=\"fas fa-video\"><\/i><\/div><\/a><div class=\"w-iconbox-meta\"><a href=\"\/support\/fi\/type\/irv-2-fi\" class=\"w-iconbox-link\" aria-label=\"iRV\"><h5 class=\"w-iconbox-title\" style=\"font-size:15px;\">iRV<\/h5><\/a><\/div><\/div><\/div><\/div><\/div><\/div><div class=\"g-cols wpb_row us_custom_af6a9b6a tila via_flex valign_top type_default stacking_default\"><div class=\"vc_col-sm-1\/5 wpb_column vc_column_container\"><div class=\"vc_column-inner\"><div class=\"wpb_wrapper\"><\/div><\/div><\/div><div class=\"vc_col-sm-1\/5 wpb_column vc_column_container\"><div class=\"vc_column-inner\"><div class=\"wpb_wrapper\"><div class=\"w-iconbox iconpos_top style_default color_custom align_center no_text\"><a href=\"\/support\/fi\/type\/koulutus-ja-sertifiointi\" class=\"w-iconbox-link\" aria-label=\"Koulutus ja sertifiointi\"><div class=\"w-iconbox-icon\" style=\"font-size:2.5rem;--icon-color:var(--color-content-primary);--icon-bg-color:var(--color-content-border);\"><i class=\"fas fa-file-certificate\"><\/i><\/div><\/a><div class=\"w-iconbox-meta\"><a href=\"\/support\/fi\/type\/koulutus-ja-sertifiointi\" class=\"w-iconbox-link\" aria-label=\"Koulutus ja sertifiointi\"><h5 class=\"w-iconbox-title\" style=\"font-size:15px;\">Koulutus ja sertifiointi<\/h5><\/a><\/div><\/div><\/div><\/div><\/div><div class=\"vc_col-sm-1\/5 wpb_column vc_column_container\"><div class=\"vc_column-inner\"><div class=\"wpb_wrapper\"><\/div><\/div><\/div><div class=\"vc_col-sm-1\/5 wpb_column vc_column_container\"><div class=\"vc_column-inner\"><div class=\"wpb_wrapper\"><div class=\"w-iconbox iconpos_top style_default color_custom align_center no_text\"><a href=\"\/support\/fi\/type\/emission-estimatics\/\" class=\"w-iconbox-link\" aria-label=\"Emission Estimatics\"><div class=\"w-iconbox-icon\" style=\"font-size:2.5rem;--icon-color:var(--color-content-primary);--icon-bg-color:var(--color-content-border);\"><i class=\"fas fa-hand-holding-seedling\"><\/i><\/div><\/a><div class=\"w-iconbox-meta\"><a href=\"\/support\/fi\/type\/emission-estimatics\/\" class=\"w-iconbox-link\" aria-label=\"Emission Estimatics\"><h5 class=\"w-iconbox-title\" style=\"font-size:15px;\">Emission Estimatics<\/h5><\/a><\/div><\/div><\/div><\/div><\/div><div class=\"vc_col-sm-1\/5 wpb_column vc_column_container\"><div class=\"vc_column-inner\"><div class=\"wpb_wrapper\"><\/div><\/div><\/div><\/div><\/div><\/div><\/div><\/div><\/div><\/section><section class=\"l-section wpb_row height_medium color_alternate\"><div class=\"l-section-h i-cf\"><div class=\"g-cols vc_row via_flex valign_top type_default stacking_default\"><div class=\"vc_col-sm-4 wpb_column vc_column_container\"><div class=\"vc_column-inner us_custom_6ca4cc5f\"><div class=\"wpb_wrapper\"><h5 class=\"w-text\"><span class=\"w-text-h\"><span class=\"w-text-value\">Suositut artikkelit<\/span><\/span><\/h5><div class=\"w-html\">    <div class=\"sidebarListing sidebarListing-articles\">\n        <h5 class=\"sidebarListing_title\"><\/h5>\n\n                    <div class=\"sidebarListing_item\">\n                <a href=\"https:\/\/www.in4mo.com\/support\/fi\/resources\/customer-transparency-in-in4mo-building-claims-video\/\">Asiakasl\u00e4pin\u00e4kyvyys in4mo Building Claims ratkaisussa (video)<\/a>\n            <\/div>\n                    <div class=\"sidebarListing_item\">\n                <a href=\"https:\/\/www.in4mo.com\/support\/fi\/resources\/asiakaslapinakyvyys-in4mo-contractor-pro-ratkaisussa-video\/\">Asiakasl\u00e4pin\u00e4kyvyys in4mo Contractor Pro ratkaisussa (video)<\/a>\n            <\/div>\n                    <div class=\"sidebarListing_item\">\n                <a href=\"https:\/\/www.in4mo.com\/support\/fi\/resources\/customer-page-user-guide-3\/\">Asiakasn\u00e4kym\u00e4<\/a>\n            <\/div>\n                    <div class=\"sidebarListing_item\">\n                <a href=\"https:\/\/www.in4mo.com\/support\/fi\/resources\/floor-planner-seinan-paksuusominaisuus-ja-hienosaatotyokalu-kayttoopas\/\">Floor Planner sein\u00e4n paksuusominaisuus ja hienos\u00e4\u00e4t\u00f6ty\u00f6kalu<\/a>\n            <\/div>\n                    <div class=\"sidebarListing_item\">\n                <a href=\"https:\/\/www.in4mo.com\/support\/fi\/resources\/icc-hintojen-hallinta\/\">iCC \u2013 Hintojen hallinta<\/a>\n            <\/div>\n            <\/div>\n    <\/div><\/div><\/div><\/div><div class=\"vc_col-sm-8 wpb_column vc_column_container\"><div class=\"vc_column-inner us_custom_a809fd0a\"><div class=\"wpb_wrapper\"><div class=\"w-html\">    <div class=\"sidebarListing sidebarListing-faq\">\n        <a class=\"sidebarListing_title\" href=\"https:\/\/www.in4mo.com\/support\/fi\/topic\/faq\/\">\n            <h5 style=\"margin-bottom: 25px\">FAQ<\/h5>\n        <\/a>\n\n                    <div class=\"sidebarListing_item\">\n                <a href=\"https:\/\/www.in4mo.com\/support\/fi\/faq\/en-loyda-tapausta-verkkoportaalista-mita-teen\/\">En l\u00f6yd\u00e4 tapausta verkkoportaalista. Mit\u00e4 teen?<\/a>\n            <\/div>\n                    <div class=\"sidebarListing_item\">\n                <a href=\"https:\/\/www.in4mo.com\/support\/fi\/faq\/kuinka-asennan-in4mo-task-reporter-mobiilisovelluksen\/\">Kuinka asennan in4mo Task Reporter -mobiilisovelluksen?<\/a>\n            <\/div>\n                    <div class=\"sidebarListing_item\">\n                <a href=\"https:\/\/www.in4mo.com\/support\/fi\/faq\/kuinka-asetan-sijaisen\/\">Kuinka asetan sijaisen?<\/a>\n            <\/div>\n                    <div class=\"sidebarListing_item\">\n                <a href=\"https:\/\/www.in4mo.com\/support\/fi\/faq\/kuinka-ilmoittaudun-kurssille-ja-hankin-sertifioinnin\/\">Kuinka ilmoittaudun kurssille ja hankin sertifioinnin?<\/a>\n            <\/div>\n                    <div class=\"sidebarListing_item\">\n                <a href=\"https:\/\/www.in4mo.com\/support\/fi\/faq\/how-to-filter-for-a-specific-issue-in-in4mo-2\/\">Kuinka k\u00e4yt\u00e4n filttereit\u00e4 l\u00f6yt\u00e4\u00e4kseni tietyn tapauksen verkkoportaalissa?<\/a>\n            <\/div>\n            <\/div>\n    <\/div><\/div><\/div><\/div><\/div><\/div><\/section>\n","protected":false},"excerpt":{"rendered":"in4mo:n tapausluettelossa on paljon erilaisia suodattimia, eli filttereit\u00e4. Yhdell\u00e4 filtterill\u00e4 tai eri filttereiden yhdistelm\u00e4ll\u00e4, on mahdollista rajoittaa tapausluettelossa n\u00e4ytett\u00e4vien tapausten m\u00e4\u00e4r\u00e4\u00e4, mik\u00e4 voi olla hy\u00f6dyllist\u00e4 kun haluat l\u00f6yt\u00e4\u00e4 sinulle t\u00e4rke\u00e4t tapaukset nopeammin ja helpommin. Filtterit l\u00f6ytyv\u00e4t tapausluettelon vasemmasta reunasta. Valitse k\u00e4ytett\u00e4v\u00e4t filtterit merkitsem\u00e4ll\u00e4 filttereiden valintaruutuja. N\u00e4et kaikki filtterit painamalla filtteriluettelon alla olevaa \"Muokkaa filttereit\u00e4\" -kohtaa....","protected":false},"author":1,"featured_media":1282,"parent":0,"menu_order":0,"comment_status":"closed","ping_status":"closed","template":"","meta":{"footnotes":""},"class_list":["post-7658","page","type-page","status-publish","has-post-thumbnail","hentry"],"acf":[],"yoast_head":"<!-- This site is optimized with the Yoast SEO plugin v26.3 - https:\/\/yoast.com\/wordpress\/plugins\/seo\/ -->\n<title>in4mo-tuki - In4mo Support<\/title>\n<meta name=\"robots\" content=\"index, follow, max-snippet:-1, max-image-preview:large, max-video-preview:-1\" \/>\n<link rel=\"canonical\" href=\"https:\/\/www.in4mo.com\/support\/fi\/\" \/>\n<meta property=\"og:locale\" content=\"fi_FI\" \/>\n<meta property=\"og:type\" content=\"article\" \/>\n<meta property=\"og:title\" content=\"in4mo-tuki - In4mo Support\" \/>\n<meta property=\"og:url\" content=\"https:\/\/www.in4mo.com\/support\/fi\/\" \/>\n<meta property=\"og:site_name\" content=\"In4mo Support\" \/>\n<meta property=\"article:modified_time\" content=\"2026-03-09T14:53:00+00:00\" \/>\n<meta property=\"og:image\" content=\"https:\/\/www.in4mo.com\/support\/wp-content\/uploads\/sites\/2\/customer-service-1.jpg\" \/>\n\t<meta property=\"og:image:width\" content=\"1920\" \/>\n\t<meta property=\"og:image:height\" content=\"1080\" \/>\n\t<meta property=\"og:image:type\" content=\"image\/jpeg\" \/>\n<meta name=\"twitter:card\" content=\"summary_large_image\" \/>\n<meta name=\"twitter:label1\" content=\"Arvioitu lukuaika\" \/>\n\t<meta name=\"twitter:data1\" content=\"2 minuuttia\" \/>\n<script type=\"application\/ld+json\" class=\"yoast-schema-graph\">{\"@context\":\"https:\/\/schema.org\",\"@graph\":[{\"@type\":\"WebPage\",\"@id\":\"https:\/\/www.in4mo.com\/support\/fi\/\",\"url\":\"https:\/\/www.in4mo.com\/support\/fi\/\",\"name\":\"in4mo-tuki - In4mo Support\",\"isPartOf\":{\"@id\":\"https:\/\/www.in4mo.com\/support\/fi\/#website\"},\"primaryImageOfPage\":{\"@id\":\"https:\/\/www.in4mo.com\/support\/fi\/#primaryimage\"},\"image\":{\"@id\":\"https:\/\/www.in4mo.com\/support\/fi\/#primaryimage\"},\"thumbnailUrl\":\"https:\/\/www.in4mo.com\/support\/wp-content\/uploads\/sites\/2\/customer-service-1.jpg\",\"datePublished\":\"2024-06-03T07:43:22+00:00\",\"dateModified\":\"2026-03-09T14:53:00+00:00\",\"breadcrumb\":{\"@id\":\"https:\/\/www.in4mo.com\/support\/fi\/#breadcrumb\"},\"inLanguage\":\"fi\",\"potentialAction\":[{\"@type\":\"ReadAction\",\"target\":[\"https:\/\/www.in4mo.com\/support\/fi\/\"]}]},{\"@type\":\"ImageObject\",\"inLanguage\":\"fi\",\"@id\":\"https:\/\/www.in4mo.com\/support\/fi\/#primaryimage\",\"url\":\"https:\/\/www.in4mo.com\/support\/wp-content\/uploads\/sites\/2\/customer-service-1.jpg\",\"contentUrl\":\"https:\/\/www.in4mo.com\/support\/wp-content\/uploads\/sites\/2\/customer-service-1.jpg\",\"width\":1920,\"height\":1080},{\"@type\":\"BreadcrumbList\",\"@id\":\"https:\/\/www.in4mo.com\/support\/fi\/#breadcrumb\",\"itemListElement\":[{\"@type\":\"ListItem\",\"position\":1,\"name\":\"Home\",\"item\":\"https:\/\/www.in4mo.com\/support\/fi\/\"},{\"@type\":\"ListItem\",\"position\":2,\"name\":\"in4mo-tuki\"}]},{\"@type\":\"WebSite\",\"@id\":\"https:\/\/www.in4mo.com\/support\/fi\/#website\",\"url\":\"https:\/\/www.in4mo.com\/support\/fi\/\",\"name\":\"In4mo Support\",\"description\":\"Insurance and Construction Software\",\"potentialAction\":[{\"@type\":\"SearchAction\",\"target\":{\"@type\":\"EntryPoint\",\"urlTemplate\":\"https:\/\/www.in4mo.com\/support\/fi\/?s={search_term_string}\"},\"query-input\":{\"@type\":\"PropertyValueSpecification\",\"valueRequired\":true,\"valueName\":\"search_term_string\"}}],\"inLanguage\":\"fi\"}]}<\/script>\n<!-- \/ Yoast SEO plugin. -->","yoast_head_json":{"title":"in4mo-tuki - In4mo Support","robots":{"index":"index","follow":"follow","max-snippet":"max-snippet:-1","max-image-preview":"max-image-preview:large","max-video-preview":"max-video-preview:-1"},"canonical":"https:\/\/www.in4mo.com\/support\/fi\/","og_locale":"fi_FI","og_type":"article","og_title":"in4mo-tuki - In4mo Support","og_url":"https:\/\/www.in4mo.com\/support\/fi\/","og_site_name":"In4mo Support","article_modified_time":"2026-03-09T14:53:00+00:00","og_image":[{"width":1920,"height":1080,"url":"https:\/\/www.in4mo.com\/support\/wp-content\/uploads\/sites\/2\/customer-service-1.jpg","type":"image\/jpeg"}],"twitter_card":"summary_large_image","twitter_misc":{"Arvioitu lukuaika":"2 minuuttia"},"schema":{"@context":"https:\/\/schema.org","@graph":[{"@type":"WebPage","@id":"https:\/\/www.in4mo.com\/support\/fi\/","url":"https:\/\/www.in4mo.com\/support\/fi\/","name":"in4mo-tuki - In4mo Support","isPartOf":{"@id":"https:\/\/www.in4mo.com\/support\/fi\/#website"},"primaryImageOfPage":{"@id":"https:\/\/www.in4mo.com\/support\/fi\/#primaryimage"},"image":{"@id":"https:\/\/www.in4mo.com\/support\/fi\/#primaryimage"},"thumbnailUrl":"https:\/\/www.in4mo.com\/support\/wp-content\/uploads\/sites\/2\/customer-service-1.jpg","datePublished":"2024-06-03T07:43:22+00:00","dateModified":"2026-03-09T14:53:00+00:00","breadcrumb":{"@id":"https:\/\/www.in4mo.com\/support\/fi\/#breadcrumb"},"inLanguage":"fi","potentialAction":[{"@type":"ReadAction","target":["https:\/\/www.in4mo.com\/support\/fi\/"]}]},{"@type":"ImageObject","inLanguage":"fi","@id":"https:\/\/www.in4mo.com\/support\/fi\/#primaryimage","url":"https:\/\/www.in4mo.com\/support\/wp-content\/uploads\/sites\/2\/customer-service-1.jpg","contentUrl":"https:\/\/www.in4mo.com\/support\/wp-content\/uploads\/sites\/2\/customer-service-1.jpg","width":1920,"height":1080},{"@type":"BreadcrumbList","@id":"https:\/\/www.in4mo.com\/support\/fi\/#breadcrumb","itemListElement":[{"@type":"ListItem","position":1,"name":"Home","item":"https:\/\/www.in4mo.com\/support\/fi\/"},{"@type":"ListItem","position":2,"name":"in4mo-tuki"}]},{"@type":"WebSite","@id":"https:\/\/www.in4mo.com\/support\/fi\/#website","url":"https:\/\/www.in4mo.com\/support\/fi\/","name":"In4mo Support","description":"Insurance and Construction Software","potentialAction":[{"@type":"SearchAction","target":{"@type":"EntryPoint","urlTemplate":"https:\/\/www.in4mo.com\/support\/fi\/?s={search_term_string}"},"query-input":{"@type":"PropertyValueSpecification","valueRequired":true,"valueName":"search_term_string"}}],"inLanguage":"fi"}]}},"_links":{"self":[{"href":"https:\/\/www.in4mo.com\/support\/fi\/wp-json\/wp\/v2\/pages\/7658","targetHints":{"allow":["GET"]}}],"collection":[{"href":"https:\/\/www.in4mo.com\/support\/fi\/wp-json\/wp\/v2\/pages"}],"about":[{"href":"https:\/\/www.in4mo.com\/support\/fi\/wp-json\/wp\/v2\/types\/page"}],"author":[{"embeddable":true,"href":"https:\/\/www.in4mo.com\/support\/fi\/wp-json\/wp\/v2\/users\/1"}],"replies":[{"embeddable":true,"href":"https:\/\/www.in4mo.com\/support\/fi\/wp-json\/wp\/v2\/comments?post=7658"}],"version-history":[{"count":0,"href":"https:\/\/www.in4mo.com\/support\/fi\/wp-json\/wp\/v2\/pages\/7658\/revisions"}],"wp:featuredmedia":[{"embeddable":true,"href":"https:\/\/www.in4mo.com\/support\/fi\/wp-json\/wp\/v2\/media\/1282"}],"wp:attachment":[{"href":"https:\/\/www.in4mo.com\/support\/fi\/wp-json\/wp\/v2\/media?parent=7658"}],"curies":[{"name":"wp","href":"https:\/\/api.w.org\/{rel}","templated":true}]}}