{"id":7666,"date":"2024-06-03T10:43:22","date_gmt":"2024-06-03T07:43:22","guid":{"rendered":"https:\/\/in4mostg.wpenginepowered.com\/support\/in4mo-stotte\/"},"modified":"2026-02-16T21:01:46","modified_gmt":"2026-02-16T19:01:46","slug":"in4mo-stotte","status":"publish","type":"page","link":"https:\/\/www.in4mo.com\/support\/no\/","title":{"rendered":"in4mo St\u00f8tte"},"content":{"rendered":"<section class=\"l-section wpb_row height_huge color_primary with_img\"><div class=\"l-section-img\" role=\"img\" data-img-width=\"1920\" data-img-height=\"1080\" style=\"background-image: url(https:\/\/www.in4mo.com\/support\/wp-content\/uploads\/sites\/2\/customer-service-1.jpg);background-position: bottom right;background-repeat: no-repeat;\"><\/div><div class=\"l-section-overlay\" style=\"background:rgba(0,0,0,0.15)\"><\/div><div class=\"l-section-h i-cf\"><div class=\"g-cols vc_row via_flex valign_top type_default reversed stacking_default\"><div class=\"vc_col-sm-2 wpb_column vc_column_container\"><div class=\"vc_column-inner\"><div class=\"wpb_wrapper\"><div class=\"w-iconbox us_custom_8f2ba1f4 us_animate_this iconpos_top style_default color_primary align_center no_text icontype_img\"><a href=\"https:\/\/www.in4mo.com\/support\/no\/topic\/faq-no\/\" class=\"w-iconbox-link\" aria-label=\"FAQ\"><div class=\"w-iconbox-icon\" style=\"font-size:160px;\"><img loading=\"lazy\" decoding=\"async\" width=\"640\" height=\"640\" src=\"https:\/\/www.in4mo.com\/support\/wp-content\/uploads\/sites\/2\/faq-1.png\" class=\"attachment-full size-full\" alt=\"FAQ\" srcset=\"https:\/\/www.in4mo.com\/support\/wp-content\/uploads\/sites\/2\/faq-1.png 640w, https:\/\/www.in4mo.com\/support\/wp-content\/uploads\/sites\/2\/faq-1-300x300.png 300w, https:\/\/www.in4mo.com\/support\/wp-content\/uploads\/sites\/2\/faq-1-150x150.png 150w\" sizes=\"auto, (max-width: 640px) 100vw, 640px\" \/><\/div><\/a><div class=\"w-iconbox-meta\"><a href=\"https:\/\/www.in4mo.com\/support\/no\/topic\/faq-no\/\" class=\"w-iconbox-link\" aria-label=\"FAQ\"><h5 class=\"w-iconbox-title\" style=\"font-size:18px;\">FAQ<\/h5><\/a><\/div><\/div><\/div><\/div><\/div><div class=\"vc_col-sm-10 wpb_column vc_column_container\"><div class=\"vc_column-inner\"><div class=\"wpb_wrapper\"><h1 class=\"w-text\"><span class=\"w-text-h\"><span class=\"w-text-value\">in4mo Support<\/span><\/span><\/h1><div class=\"g-cols wpb_row via_flex valign_top type_default stacking_default\"><div class=\"vc_col-sm-6 wpb_column vc_column_container\"><div class=\"vc_column-inner\"><div class=\"wpb_wrapper\"><div class=\"w-search layout_simple iconpos_right\"><div class=\"w-search-form\"><form class=\"w-form-row for_text\" role=\"search\" action=\"https:\/\/www.in4mo.com\/support\/no\/\" method=\"get\"><div class=\"w-form-row-field\"><input type=\"text\" name=\"s\" placeholder=\"S\u00f8k\" aria-label=\"S\u00f8k\" value\/><input type=\"hidden\" name=\"lang\" value=\"no\" \/><\/div><button class=\"w-search-form-btn w-btn\" type=\"submit\" aria-label=\"S\u00f8k\" style=\"--icon-size:18px;\"><i class=\"fas fa-search\"><\/i><\/button><\/form><\/div><\/div><\/div><\/div><\/div><div class=\"vc_col-sm-6 wpb_column vc_column_container\"><div class=\"vc_column-inner\"><div class=\"wpb_wrapper\"><\/div><\/div><\/div><\/div><\/div><\/div><\/div><\/div><\/div><\/section><section class=\"l-section wpb_row height_small\"><div class=\"l-section-h i-cf\"><div class=\"g-cols vc_row via_flex valign_top type_default stacking_default\" style=\"--additional-gap:1.5rem;\"><div class=\"vc_col-sm-12 wpb_column vc_column_container\"><div class=\"vc_column-inner\"><div class=\"wpb_wrapper\"><div class=\"w-separator size_medium with_line width_default thick_1 style_solid color_border align_center with_text with_content\"><div class=\"w-separator-h\"><h5 class=\"w-separator-text\"><span>Roller<\/span><\/h5><\/div><\/div><div class=\"g-cols wpb_row tila via_flex valign_top type_default stacking_default\"><div class=\"vc_col-sm-1\/5 wpb_column vc_column_container\"><div class=\"vc_column-inner\"><div class=\"wpb_wrapper\"><div class=\"w-iconbox iconpos_top style_default color_custom align_center no_text\"><a href=\"\/support\/no\/type\/generelt-no\/\" class=\"w-iconbox-link\" aria-label=\"Generelt\"><div class=\"w-iconbox-icon\" style=\"font-size:2.5rem;--icon-color:var(--color-content-primary);--icon-bg-color:var(--color-content-border);\"><i class=\"fas fa-cog\"><\/i><\/div><\/a><div class=\"w-iconbox-meta\"><a href=\"\/support\/no\/type\/generelt-no\/\" class=\"w-iconbox-link\" aria-label=\"Generelt\"><h5 class=\"w-iconbox-title\" style=\"font-size:15px;\">Generelt<\/h5><\/a><\/div><\/div><\/div><\/div><\/div><div class=\"vc_col-sm-1\/5 wpb_column vc_column_container\"><div class=\"vc_column-inner\"><div class=\"wpb_wrapper\"><div class=\"w-iconbox iconpos_top style_default color_custom align_center no_text\"><a href=\"\/support\/no\/type\/inspektor-takstmann\/\" class=\"w-iconbox-link\" aria-label=\"Inspekt\u00f8r\"><div class=\"w-iconbox-icon\" style=\"font-size:2.5rem;--icon-color:var(--color-content-primary);--icon-bg-color:var(--color-content-border);\"><i class=\"fas fa-book-open\"><\/i><\/div><\/a><div class=\"w-iconbox-meta\"><a href=\"\/support\/no\/type\/inspektor-takstmann\/\" class=\"w-iconbox-link\" aria-label=\"Inspekt\u00f8r\"><h5 class=\"w-iconbox-title\" style=\"font-size:15px;\">Inspekt\u00f8r<\/h5><\/a><\/div><\/div><\/div><\/div><\/div><div class=\"vc_col-sm-1\/5 wpb_column vc_column_container\"><div class=\"vc_column-inner\"><div class=\"wpb_wrapper\"><div class=\"w-iconbox iconpos_top style_default color_custom align_center no_text\"><a href=\"\/support\/no\/type\/prosjektleder\/\" class=\"w-iconbox-link\" aria-label=\"Prosjektleder\"><div class=\"w-iconbox-icon\" style=\"font-size:2.5rem;--icon-color:var(--color-content-primary);--icon-bg-color:var(--color-content-border);\"><i class=\"fas fa-user-check\"><\/i><\/div><\/a><div class=\"w-iconbox-meta\"><a href=\"\/support\/no\/type\/prosjektleder\/\" class=\"w-iconbox-link\" aria-label=\"Prosjektleder\"><h5 class=\"w-iconbox-title\" style=\"font-size:15px;\">Prosjektleder<\/h5><\/a><\/div><\/div><\/div><\/div><\/div><div class=\"vc_col-sm-1\/5 wpb_column vc_column_container\"><div class=\"vc_column-inner\"><div class=\"wpb_wrapper\"><div class=\"w-iconbox iconpos_top style_default color_custom align_center no_text\"><a href=\"\/support\/no\/type\/handverker\/\" class=\"w-iconbox-link\" aria-label=\"H\u00e5ndverker\"><div class=\"w-iconbox-icon\" style=\"font-size:2.5rem;--icon-color:var(--color-content-primary);--icon-bg-color:var(--color-content-border);\"><i class=\"fas fa-user-hard-hat\"><\/i><\/div><\/a><div class=\"w-iconbox-meta\"><a href=\"\/support\/no\/type\/handverker\/\" class=\"w-iconbox-link\" aria-label=\"H\u00e5ndverker\"><h5 class=\"w-iconbox-title\" style=\"font-size:15px;\">H\u00e5ndverker<\/h5><\/a><\/div><\/div><\/div><\/div><\/div><div class=\"vc_col-sm-1\/5 wpb_column vc_column_container\"><div class=\"vc_column-inner\"><div class=\"wpb_wrapper\"><div class=\"w-iconbox iconpos_top style_default color_custom align_center no_text\"><a href=\"\/support\/no\/type\/bedriftsadministrator\/\" class=\"w-iconbox-link\" aria-label=\"Bedriftsadministrator\"><div class=\"w-iconbox-icon\" style=\"font-size:2.5rem;--icon-color:var(--color-content-primary);--icon-bg-color:var(--color-content-border);\"><i class=\"fas fa-desktop\"><\/i><\/div><\/a><div class=\"w-iconbox-meta\"><a href=\"\/support\/no\/type\/bedriftsadministrator\/\" class=\"w-iconbox-link\" aria-label=\"Bedriftsadministrator\"><h5 class=\"w-iconbox-title\" style=\"font-size:15px;\">Bedriftsadministrator<\/h5><\/a><\/div><\/div><\/div><\/div><\/div><\/div><div class=\"w-separator size_custom\" style=\"height:10px\"><\/div><div class=\"w-separator size_medium with_line width_default thick_1 style_solid color_border align_center with_text with_content\"><div class=\"w-separator-h\"><h5 class=\"w-separator-text\"><span>Tjenester<\/span><\/h5><\/div><\/div><div class=\"g-cols wpb_row tila via_flex valign_top type_default stacking_default\"><div class=\"vc_col-sm-1\/5 wpb_column vc_column_container\"><div class=\"vc_column-inner\"><div class=\"wpb_wrapper\"><div class=\"w-iconbox iconpos_top style_default color_custom align_center no_text\"><a href=\"\/support\/no\/type\/building-claims-no\/\" class=\"w-iconbox-link\" aria-label=\"Building Claims\"><div class=\"w-iconbox-icon\" style=\"font-size:2.5rem;--icon-color:#000000;--icon-bg-color:var(--color-content-border);\"><i class=\"fas fa-wrench\"><\/i><\/div><\/a><div class=\"w-iconbox-meta\"><a href=\"\/support\/no\/type\/building-claims-no\/\" class=\"w-iconbox-link\" aria-label=\"Building Claims\"><h5 class=\"w-iconbox-title\" style=\"font-size:15px;\">Building Claims<\/h5><\/a><\/div><\/div><\/div><\/div><\/div><div class=\"vc_col-sm-1\/5 wpb_column vc_column_container\"><div class=\"vc_column-inner\"><div class=\"wpb_wrapper\"><div class=\"w-iconbox iconpos_top style_default color_custom align_center no_text\"><a href=\"\/support\/no\/type\/contractor-2-no\/\" class=\"w-iconbox-link\" aria-label=\"Contractor\"><div class=\"w-iconbox-icon\" style=\"font-size:2.5rem;--icon-color:var(--color-content-primary);--icon-bg-color:var(--color-content-border);\"><i class=\"fas fa-cog\"><\/i><\/div><\/a><div class=\"w-iconbox-meta\"><a href=\"\/support\/no\/type\/contractor-2-no\/\" class=\"w-iconbox-link\" aria-label=\"Contractor\"><h5 class=\"w-iconbox-title\" style=\"font-size:15px;\">Contractor<\/h5><\/a><\/div><\/div><\/div><\/div><\/div><div class=\"vc_col-sm-1\/5 wpb_column vc_column_container\"><div class=\"vc_column-inner\"><div class=\"wpb_wrapper\"><div class=\"w-iconbox iconpos_top style_default color_custom align_center no_text\"><a href=\"\/support\/no\/type\/task-reporter-2-no\/\" class=\"w-iconbox-link\" aria-label=\"Task Reporter\"><div class=\"w-iconbox-icon\" style=\"font-size:2.5rem;--icon-color:var(--color-content-primary);--icon-bg-color:var(--color-content-border);\"><i class=\"fas fa-mobile-android-alt\"><\/i><\/div><\/a><div class=\"w-iconbox-meta\"><a href=\"\/support\/no\/type\/task-reporter-2-no\/\" class=\"w-iconbox-link\" aria-label=\"Task Reporter\"><h5 class=\"w-iconbox-title\" style=\"font-size:15px;\">Task Reporter<\/h5><\/a><\/div><\/div><\/div><\/div><\/div><div class=\"vc_col-sm-1\/5 wpb_column vc_column_container\"><div class=\"vc_column-inner\"><div class=\"wpb_wrapper\"><div class=\"w-iconbox iconpos_top style_default color_custom align_center no_text\"><a href=\"\/support\/no\/type\/icc-2-no\/\" class=\"w-iconbox-link\" aria-label=\"iCC\"><div class=\"w-iconbox-icon\" style=\"font-size:2.5rem;--icon-color:var(--color-content-primary);--icon-bg-color:var(--color-content-border);\"><i class=\"fas fa-file-chart-line\"><\/i><\/div><\/a><div class=\"w-iconbox-meta\"><a href=\"\/support\/no\/type\/icc-2-no\/\" class=\"w-iconbox-link\" aria-label=\"iCC\"><h5 class=\"w-iconbox-title\" style=\"font-size:15px;\">iCC<\/h5><\/a><\/div><\/div><\/div><\/div><\/div><div class=\"vc_col-sm-1\/5 wpb_column vc_column_container\"><div class=\"vc_column-inner\"><div class=\"wpb_wrapper\"><div class=\"w-iconbox iconpos_top style_default color_custom align_center no_text\"><a href=\"\/support\/no\/type\/irv-2-no\/\" class=\"w-iconbox-link\" aria-label=\"iRV\"><div class=\"w-iconbox-icon\" style=\"font-size:2.5rem;--icon-color:#000000;--icon-bg-color:var(--color-content-border);\"><i class=\"fas fa-video\"><\/i><\/div><\/a><div class=\"w-iconbox-meta\"><a href=\"\/support\/no\/type\/irv-2-no\/\" class=\"w-iconbox-link\" aria-label=\"iRV\"><h5 class=\"w-iconbox-title\" style=\"font-size:15px;\">iRV<\/h5><\/a><\/div><\/div><\/div><\/div><\/div><\/div><div class=\"g-cols wpb_row us_custom_af6a9b6a tila via_flex valign_top type_default stacking_default\"><div class=\"vc_col-sm-1\/5 wpb_column vc_column_container\"><div class=\"vc_column-inner\"><div class=\"wpb_wrapper\"><\/div><\/div><\/div><div class=\"vc_col-sm-1\/5 wpb_column vc_column_container\"><div class=\"vc_column-inner\"><div class=\"wpb_wrapper\"><div class=\"w-iconbox iconpos_top style_default color_custom align_center no_text\"><a href=\"\/support\/no\/type\/opplaering-og-sertifisering\/\" class=\"w-iconbox-link\" aria-label=\"Oppl\u00e6ring og sertifisering\"><div class=\"w-iconbox-icon\" style=\"font-size:2.5rem;--icon-color:var(--color-content-primary);--icon-bg-color:var(--color-content-border);\"><i class=\"fas fa-file-certificate\"><\/i><\/div><\/a><div class=\"w-iconbox-meta\"><a href=\"\/support\/no\/type\/opplaering-og-sertifisering\/\" class=\"w-iconbox-link\" aria-label=\"Oppl\u00e6ring og sertifisering\"><h5 class=\"w-iconbox-title\" style=\"font-size:15px;\">Oppl\u00e6ring og sertifisering<\/h5><\/a><\/div><\/div><\/div><\/div><\/div><div class=\"vc_col-sm-1\/5 wpb_column vc_column_container\"><div class=\"vc_column-inner\"><div class=\"wpb_wrapper\"><\/div><\/div><\/div><div class=\"vc_col-sm-1\/5 wpb_column vc_column_container\"><div class=\"vc_column-inner\"><div class=\"wpb_wrapper\"><div class=\"w-iconbox iconpos_top style_default color_custom align_center no_text\"><a href=\"\/support\/no\/type\/emission-estimatics-no\/\" class=\"w-iconbox-link\" aria-label=\"Emission Estimatics\"><div class=\"w-iconbox-icon\" style=\"font-size:2.5rem;--icon-color:var(--color-content-primary);--icon-bg-color:var(--color-content-border);\"><i class=\"fas fa-hand-holding-seedling\"><\/i><\/div><\/a><div class=\"w-iconbox-meta\"><a href=\"\/support\/no\/type\/emission-estimatics-no\/\" class=\"w-iconbox-link\" aria-label=\"Emission Estimatics\"><h5 class=\"w-iconbox-title\" style=\"font-size:15px;\">Emission Estimatics<\/h5><\/a><\/div><\/div><\/div><\/div><\/div><div class=\"vc_col-sm-1\/5 wpb_column vc_column_container\"><div class=\"vc_column-inner\"><div class=\"wpb_wrapper\"><\/div><\/div><\/div><\/div><\/div><\/div><\/div><\/div><\/div><\/section><section class=\"l-section wpb_row height_medium color_alternate\"><div class=\"l-section-h i-cf\"><div class=\"g-cols vc_row via_flex valign_top type_default stacking_default\"><div class=\"vc_col-sm-4 wpb_column vc_column_container\"><div class=\"vc_column-inner us_custom_6ca4cc5f\"><div class=\"wpb_wrapper\"><h5 class=\"w-text\"><span class=\"w-text-h\"><span class=\"w-text-value\">Popul\u00e6re artikler<\/span><\/span><\/h5><div class=\"w-html\">    <div class=\"sidebarListing sidebarListing-articles\">\n        <h5 class=\"sidebarListing_title\"><\/h5>\n\n                    <div class=\"sidebarListing_item\">\n                <a href=\"https:\/\/www.in4mo.com\/support\/no\/resources\/customer-transparency-in-in4mo-building-claims-video-2\/\">\u00c5penhet med kunden i in4mo Building Claims (video)<\/a>\n            <\/div>\n                    <div class=\"sidebarListing_item\">\n                <a href=\"https:\/\/www.in4mo.com\/support\/no\/resources\/customer-transparency-in-in4mo-contractor-video\/\">\u00c5penhet med kunden i in4mo Contractor (video)<\/a>\n            <\/div>\n                    <div class=\"sidebarListing_item\">\n                <a href=\"https:\/\/www.in4mo.com\/support\/no\/resources\/arbeidsplanen-i-nettportalen-brukerguide\/\">Arbeidsplanen i nettportalen<\/a>\n            <\/div>\n                    <div class=\"sidebarListing_item\">\n                <a href=\"https:\/\/www.in4mo.com\/support\/no\/resources\/work-plan-in-the-web-portal-webcast\/\">Arbeidsplanen i nettportalen &#8211; Webcast<\/a>\n            <\/div>\n                    <div class=\"sidebarListing_item\">\n                <a href=\"https:\/\/www.in4mo.com\/support\/no\/resources\/besiktigelse-brukerguide-2\/\">Besiktigelse<\/a>\n            <\/div>\n            <\/div>\n    <\/div><\/div><\/div><\/div><div class=\"vc_col-sm-8 wpb_column vc_column_container\"><div class=\"vc_column-inner us_custom_a809fd0a\"><div class=\"wpb_wrapper\"><div class=\"w-html\">    <div class=\"sidebarListing sidebarListing-faq\">\n        <a class=\"sidebarListing_title\" href=\"https:\/\/www.in4mo.com\/support\/no\/topic\/faq\/\">\n            <h5 style=\"margin-bottom: 25px\">FAQ<\/h5>\n        <\/a>\n\n                    <div class=\"sidebarListing_item\">\n                <a href=\"https:\/\/www.in4mo.com\/support\/no\/faq\/i-cannot-find-a-case-in-the-web-portal-what-do-i-do-3\/\">Det finnes en sak jeg ikke finner i nettportalen, hva gj\u00f8r jeg?<\/a>\n            <\/div>\n                    <div class=\"sidebarListing_item\">\n                <a href=\"https:\/\/www.in4mo.com\/support\/no\/faq\/firmaet-vart-har-mottatt-en-ny-oppgave-hva-gjor-vi-na\/\">Firmaet v\u00e5rt har mottatt en ny oppgave, hva gj\u00f8r vi n\u00e5?<\/a>\n            <\/div>\n                    <div class=\"sidebarListing_item\">\n                <a href=\"https:\/\/www.in4mo.com\/support\/no\/faq\/hva-betyr-de-forskjellige-statusene\/\">Hva betyr de forskjellige statusene?<\/a>\n            <\/div>\n                    <div class=\"sidebarListing_item\">\n                <a href=\"https:\/\/www.in4mo.com\/support\/no\/faq\/what-is-the-difference-between-a-course-a-webinar-and-a-remote-evaluation-2\/\">Hva er forskjellen mellom kurs, webinar og fjernevaluering?<\/a>\n            <\/div>\n                    <div class=\"sidebarListing_item\">\n                <a href=\"https:\/\/www.in4mo.com\/support\/no\/faq\/what-is-in4mo-task-reporter-2\/\">Hva er in4mo Task Reporter?<\/a>\n            <\/div>\n            <\/div>\n    <\/div><\/div><\/div><\/div><\/div><\/div><\/section>\n","protected":false},"excerpt":{"rendered":"in4mo-applikasjonen heter \u00abin4mo Task Reporter\u00bb, og kan lastes ned p\u00e5 telefoner og nettbrett som kj\u00f8rer Android eller iOS, med f\u00f8lgende systemkrav: Android versjon 8.0 eller nyere iOS versjon 15.0 eller nyere Dersom du opplever problemer med appen, sjekk f\u00f8rst om du har den nyeste versjonen av appen installert. Det kommer stadig oppdateringer som inneholder forbedringer...","protected":false},"author":1,"featured_media":1284,"parent":0,"menu_order":0,"comment_status":"closed","ping_status":"closed","template":"","meta":{"footnotes":""},"class_list":["post-7666","page","type-page","status-publish","has-post-thumbnail","hentry"],"acf":[],"yoast_head":"<!-- This site is optimized with the Yoast SEO plugin v26.3 - https:\/\/yoast.com\/wordpress\/plugins\/seo\/ -->\n<title>in4mo St\u00f8tte - In4mo Support<\/title>\n<meta name=\"robots\" content=\"index, follow, max-snippet:-1, max-image-preview:large, max-video-preview:-1\" \/>\n<link rel=\"canonical\" href=\"https:\/\/www.in4mo.com\/support\/no\/\" \/>\n<meta property=\"og:locale\" content=\"nb_NO\" \/>\n<meta property=\"og:type\" content=\"article\" \/>\n<meta property=\"og:title\" content=\"in4mo St\u00f8tte - In4mo Support\" \/>\n<meta property=\"og:url\" content=\"https:\/\/www.in4mo.com\/support\/no\/\" \/>\n<meta property=\"og:site_name\" content=\"In4mo Support\" \/>\n<meta property=\"article:modified_time\" content=\"2026-02-16T19:01:46+00:00\" \/>\n<meta property=\"og:image\" content=\"https:\/\/www.in4mo.com\/support\/wp-content\/uploads\/sites\/2\/customer-service-1.jpg\" \/>\n\t<meta property=\"og:image:width\" content=\"1920\" \/>\n\t<meta property=\"og:image:height\" content=\"1080\" \/>\n\t<meta property=\"og:image:type\" content=\"image\/jpeg\" \/>\n<meta name=\"twitter:card\" content=\"summary_large_image\" \/>\n<meta name=\"twitter:label1\" content=\"Ansl. lesetid\" \/>\n\t<meta name=\"twitter:data1\" content=\"2 minutter\" \/>\n<script type=\"application\/ld+json\" class=\"yoast-schema-graph\">{\"@context\":\"https:\/\/schema.org\",\"@graph\":[{\"@type\":\"WebPage\",\"@id\":\"https:\/\/www.in4mo.com\/support\/no\/\",\"url\":\"https:\/\/www.in4mo.com\/support\/no\/\",\"name\":\"in4mo St\u00f8tte - In4mo Support\",\"isPartOf\":{\"@id\":\"https:\/\/www.in4mo.com\/support\/no\/#website\"},\"primaryImageOfPage\":{\"@id\":\"https:\/\/www.in4mo.com\/support\/no\/#primaryimage\"},\"image\":{\"@id\":\"https:\/\/www.in4mo.com\/support\/no\/#primaryimage\"},\"thumbnailUrl\":\"https:\/\/www.in4mo.com\/support\/wp-content\/uploads\/sites\/2\/customer-service-1.jpg\",\"datePublished\":\"2024-06-03T07:43:22+00:00\",\"dateModified\":\"2026-02-16T19:01:46+00:00\",\"breadcrumb\":{\"@id\":\"https:\/\/www.in4mo.com\/support\/no\/#breadcrumb\"},\"inLanguage\":\"nb-NO\",\"potentialAction\":[{\"@type\":\"ReadAction\",\"target\":[\"https:\/\/www.in4mo.com\/support\/no\/\"]}]},{\"@type\":\"ImageObject\",\"inLanguage\":\"nb-NO\",\"@id\":\"https:\/\/www.in4mo.com\/support\/no\/#primaryimage\",\"url\":\"https:\/\/www.in4mo.com\/support\/wp-content\/uploads\/sites\/2\/customer-service-1.jpg\",\"contentUrl\":\"https:\/\/www.in4mo.com\/support\/wp-content\/uploads\/sites\/2\/customer-service-1.jpg\",\"width\":1920,\"height\":1080},{\"@type\":\"BreadcrumbList\",\"@id\":\"https:\/\/www.in4mo.com\/support\/no\/#breadcrumb\",\"itemListElement\":[{\"@type\":\"ListItem\",\"position\":1,\"name\":\"Home\",\"item\":\"https:\/\/www.in4mo.com\/support\/no\/\"},{\"@type\":\"ListItem\",\"position\":2,\"name\":\"in4mo St\u00f8tte\"}]},{\"@type\":\"WebSite\",\"@id\":\"https:\/\/www.in4mo.com\/support\/no\/#website\",\"url\":\"https:\/\/www.in4mo.com\/support\/no\/\",\"name\":\"In4mo Support\",\"description\":\"Insurance and Construction Software\",\"potentialAction\":[{\"@type\":\"SearchAction\",\"target\":{\"@type\":\"EntryPoint\",\"urlTemplate\":\"https:\/\/www.in4mo.com\/support\/no\/?s={search_term_string}\"},\"query-input\":{\"@type\":\"PropertyValueSpecification\",\"valueRequired\":true,\"valueName\":\"search_term_string\"}}],\"inLanguage\":\"nb-NO\"}]}<\/script>\n<!-- \/ Yoast SEO plugin. -->","yoast_head_json":{"title":"in4mo St\u00f8tte - In4mo Support","robots":{"index":"index","follow":"follow","max-snippet":"max-snippet:-1","max-image-preview":"max-image-preview:large","max-video-preview":"max-video-preview:-1"},"canonical":"https:\/\/www.in4mo.com\/support\/no\/","og_locale":"nb_NO","og_type":"article","og_title":"in4mo St\u00f8tte - In4mo Support","og_url":"https:\/\/www.in4mo.com\/support\/no\/","og_site_name":"In4mo Support","article_modified_time":"2026-02-16T19:01:46+00:00","og_image":[{"width":1920,"height":1080,"url":"https:\/\/www.in4mo.com\/support\/wp-content\/uploads\/sites\/2\/customer-service-1.jpg","type":"image\/jpeg"}],"twitter_card":"summary_large_image","twitter_misc":{"Ansl. lesetid":"2 minutter"},"schema":{"@context":"https:\/\/schema.org","@graph":[{"@type":"WebPage","@id":"https:\/\/www.in4mo.com\/support\/no\/","url":"https:\/\/www.in4mo.com\/support\/no\/","name":"in4mo St\u00f8tte - In4mo Support","isPartOf":{"@id":"https:\/\/www.in4mo.com\/support\/no\/#website"},"primaryImageOfPage":{"@id":"https:\/\/www.in4mo.com\/support\/no\/#primaryimage"},"image":{"@id":"https:\/\/www.in4mo.com\/support\/no\/#primaryimage"},"thumbnailUrl":"https:\/\/www.in4mo.com\/support\/wp-content\/uploads\/sites\/2\/customer-service-1.jpg","datePublished":"2024-06-03T07:43:22+00:00","dateModified":"2026-02-16T19:01:46+00:00","breadcrumb":{"@id":"https:\/\/www.in4mo.com\/support\/no\/#breadcrumb"},"inLanguage":"nb-NO","potentialAction":[{"@type":"ReadAction","target":["https:\/\/www.in4mo.com\/support\/no\/"]}]},{"@type":"ImageObject","inLanguage":"nb-NO","@id":"https:\/\/www.in4mo.com\/support\/no\/#primaryimage","url":"https:\/\/www.in4mo.com\/support\/wp-content\/uploads\/sites\/2\/customer-service-1.jpg","contentUrl":"https:\/\/www.in4mo.com\/support\/wp-content\/uploads\/sites\/2\/customer-service-1.jpg","width":1920,"height":1080},{"@type":"BreadcrumbList","@id":"https:\/\/www.in4mo.com\/support\/no\/#breadcrumb","itemListElement":[{"@type":"ListItem","position":1,"name":"Home","item":"https:\/\/www.in4mo.com\/support\/no\/"},{"@type":"ListItem","position":2,"name":"in4mo St\u00f8tte"}]},{"@type":"WebSite","@id":"https:\/\/www.in4mo.com\/support\/no\/#website","url":"https:\/\/www.in4mo.com\/support\/no\/","name":"In4mo Support","description":"Insurance and Construction Software","potentialAction":[{"@type":"SearchAction","target":{"@type":"EntryPoint","urlTemplate":"https:\/\/www.in4mo.com\/support\/no\/?s={search_term_string}"},"query-input":{"@type":"PropertyValueSpecification","valueRequired":true,"valueName":"search_term_string"}}],"inLanguage":"nb-NO"}]}},"_links":{"self":[{"href":"https:\/\/www.in4mo.com\/support\/no\/wp-json\/wp\/v2\/pages\/7666","targetHints":{"allow":["GET"]}}],"collection":[{"href":"https:\/\/www.in4mo.com\/support\/no\/wp-json\/wp\/v2\/pages"}],"about":[{"href":"https:\/\/www.in4mo.com\/support\/no\/wp-json\/wp\/v2\/types\/page"}],"author":[{"embeddable":true,"href":"https:\/\/www.in4mo.com\/support\/no\/wp-json\/wp\/v2\/users\/1"}],"replies":[{"embeddable":true,"href":"https:\/\/www.in4mo.com\/support\/no\/wp-json\/wp\/v2\/comments?post=7666"}],"version-history":[{"count":0,"href":"https:\/\/www.in4mo.com\/support\/no\/wp-json\/wp\/v2\/pages\/7666\/revisions"}],"wp:featuredmedia":[{"embeddable":true,"href":"https:\/\/www.in4mo.com\/support\/no\/wp-json\/wp\/v2\/media\/1284"}],"wp:attachment":[{"href":"https:\/\/www.in4mo.com\/support\/no\/wp-json\/wp\/v2\/media?parent=7666"}],"curies":[{"name":"wp","href":"https:\/\/api.w.org\/{rel}","templated":true}]}}