{"id":1701,"date":"2024-03-31T11:01:22","date_gmt":"2024-03-31T08:01:22","guid":{"rendered":"https:\/\/in4modevelopment.wp1.kotisivut.com\/var-berattelse\/"},"modified":"2024-08-12T14:14:53","modified_gmt":"2024-08-12T11:14:53","slug":"var-berattelse","status":"publish","type":"page","link":"https:\/\/www.in4mo.com\/support\/sv\/foretag\/var-berattelse\/","title":{"rendered":"V\u00e5r ber\u00e4ttelse"},"content":{"rendered":"<section class=\"l-section wpb_row height_huge full_height valign_center color_primary with_img\"><div class=\"l-section-img\" role=\"img\" data-img-width=\"1920\" data-img-height=\"1080\" style=\"background-image: url(https:\/\/www.in4mo.com\/support\/wp-content\/uploads\/sites\/2\/quality-software.jpg);background-repeat: no-repeat;\"><\/div><div class=\"l-section-h i-cf\"><div class=\"g-cols vc_row via_flex valign_top type_default stacking_default\"><div class=\"vc_col-sm-12 wpb_column vc_column_container\"><div class=\"vc_column-inner\"><div class=\"wpb_wrapper\"><h1 class=\"w-text us_custom_5b4774b9 us_animate_this\"><span class=\"w-text-h\"><span class=\"w-text-value\">V\u00e5r ber\u00e4ttelse<\/span><\/span><\/h1><p class=\"w-text us_custom_9ba94f84 ingressi us_animate_this\"><span class=\"w-text-h\"><span class=\"w-text-value\">Aldrig ett tr\u00e5kigt \u00f6gonblick!<\/span><\/span><\/p><div class=\"w-iconbox us_custom_1d5f25b7 us_animate_this iconpos_top style_circle color_custom align_center no_text no_title\"><a href=\"#down\" class=\"w-iconbox-link\" aria-label=\"fas|chevron-down\"><div class=\"w-iconbox-icon\" style=\"font-size:1rem;--icon-color:var(--color-content-link);--icon-bg-color:rgba(255,255,255,0.75);\"><i class=\"fas fa-chevron-down\"><\/i><\/div><\/a><div class=\"w-iconbox-meta\"><\/div><\/div><\/div><\/div><\/div><\/div><\/div><\/section><section class=\"l-section wpb_row height_huge color_alternate\" id=\"down\"><div class=\"l-section-h i-cf\"><div class=\"g-cols vc_row via_flex valign_top type_default stacking_default\"><div class=\"vc_col-sm-12 wpb_column vc_column_container\"><div class=\"vc_column-inner\"><div class=\"wpb_wrapper\"><div class=\"g-cols wpb_row via_flex valign_top type_default stacking_default\"><div class=\"vc_col-sm-2 wpb_column vc_column_container\"><div class=\"vc_column-inner\"><div class=\"wpb_wrapper\"><\/div><\/div><\/div><div class=\"vc_col-sm-8 wpb_column vc_column_container\"><div class=\"vc_column-inner\"><div class=\"wpb_wrapper\"><h2 class=\"w-text us_custom_5b4774b9 us_animate_this\"><span class=\"w-text-h\"><span class=\"w-text-value\">En ledande leverant\u00f6r av mjukvarul\u00f6sningar f\u00f6r byggskador i Norden<\/span><\/span><\/h2><\/div><\/div><\/div><div class=\"vc_col-sm-2 wpb_column vc_column_container\"><div class=\"vc_column-inner\"><div class=\"wpb_wrapper\"><\/div><\/div><\/div><\/div><div class=\"w-separator size_huge with_line width_default thick_1 style_solid color_border align_center\"><div class=\"w-separator-h\"><\/div><\/div><div class=\"g-cols wpb_row via_flex valign_top type_default stacking_default\"><div class=\"vc_col-sm-4 wpb_column vc_column_container\"><div class=\"vc_column-inner\"><div class=\"wpb_wrapper\"><div class=\"wpb_text_column\"><div class=\"wpb_wrapper\"><h4>2024<\/h4>\n<p>in4mo utvecklade Emission Estimatics f\u00f6r ber\u00e4kningar av koldioxidutsl\u00e4pp och uppn\u00e5dde ISO14064-1-certifiering f\u00f6r detta verktyg.<\/p>\n<\/div><\/div><\/div><\/div><\/div><div class=\"vc_col-sm-4 wpb_column vc_column_container\"><div class=\"vc_column-inner\"><div class=\"wpb_wrapper\"><div class=\"wpb_text_column\"><div class=\"wpb_wrapper\"><h4>2023<\/h4>\n<p>Hj\u00e4lpte v\u00e5ra kunder genom sv\u00e5ra v\u00e4derf\u00f6rh\u00e5llanden.<br \/>\nV\u00e5r tj\u00e4nst \u00e4r tillg\u00e4nglig i Spanien.<\/p>\n<\/div><\/div><\/div><\/div><\/div><div class=\"vc_col-sm-4 wpb_column vc_column_container\"><div class=\"vc_column-inner\"><div class=\"wpb_wrapper\"><div class=\"wpb_text_column\"><div class=\"wpb_wrapper\"><h4>2022<\/h4>\n<p>Flera nya kunder tar v\u00e5rt kostnadsber\u00e4kningsverktyg i bruk, vilket g\u00f6r det till det mest anv\u00e4nda verktyget i Norge.<\/p>\n<\/div><\/div><\/div><\/div><\/div><\/div><div class=\"w-separator size_huge with_line width_default thick_1 style_solid color_border align_center\"><div class=\"w-separator-h\"><\/div><\/div><div class=\"g-cols wpb_row via_flex valign_top type_default stacking_default\"><div class=\"vc_col-sm-4 wpb_column vc_column_container\"><div class=\"vc_column-inner\"><div class=\"wpb_wrapper\"><div class=\"wpb_text_column\"><div class=\"wpb_wrapper\"><h4>2021<\/h4>\n<p>in4mo fick sin f\u00f6rsta EcoVadis-medalj f\u00f6r h\u00e5llbarhet.<\/p>\n<\/div><\/div><\/div><\/div><\/div><div class=\"vc_col-sm-4 wpb_column vc_column_container\"><div class=\"vc_column-inner\"><div class=\"wpb_wrapper\"><div class=\"wpb_text_column\"><div class=\"wpb_wrapper\"><h4>2020<\/h4>\n<p>in4mo g\u00e5r officiellt in p\u00e5 den australiensiska marknaden och ut\u00f6kar d\u00e4rmed f\u00f6retagets r\u00e4ckvidd till ytterligare ett land.<\/p>\n<\/div><\/div><\/div><\/div><\/div><div class=\"vc_col-sm-4 wpb_column vc_column_container\"><div class=\"vc_column-inner\"><div class=\"wpb_wrapper\"><div class=\"wpb_text_column\"><div class=\"wpb_wrapper\"><h4>2019<\/h4>\n<p>in4mo ansluter sig till Solera, v\u00e4rldsledande inom l\u00f6sningar f\u00f6r fordonsf\u00f6rs\u00e4kringsskador, och v\u00e4lkomnar sin f\u00f6rsta australiensiska kund.<\/p>\n<\/div><\/div><\/div><\/div><\/div><\/div><div class=\"w-separator size_large with_line width_default thick_1 style_solid color_border align_center\"><div class=\"w-separator-h\"><\/div><\/div><div class=\"g-cols wpb_row via_flex valign_top type_default stacking_default\"><div class=\"vc_col-sm-4 wpb_column vc_column_container\"><div class=\"vc_column-inner\"><div class=\"wpb_wrapper\"><div class=\"wpb_text_column\"><div class=\"wpb_wrapper\"><h4>2018<\/h4>\n<p>in4mo \u00f6ppnar ett kontor i Frankfurt, Tyskland och v\u00e4lkomnar sin f\u00f6rsta tyska kund.<\/p>\n<\/div><\/div><\/div><\/div><\/div><div class=\"vc_col-sm-4 wpb_column vc_column_container\"><div class=\"vc_column-inner\"><div class=\"wpb_wrapper\"><div class=\"wpb_text_column\"><div class=\"wpb_wrapper\"><h4>2017<\/h4>\n<p>in4mo \u00f6ppnar ett kontor i Gdansk, Polen.<\/p>\n<\/div><\/div><\/div><\/div><\/div><div class=\"vc_col-sm-4 wpb_column vc_column_container\"><div class=\"vc_column-inner\"><div class=\"wpb_wrapper\"><div class=\"wpb_text_column\"><div class=\"wpb_wrapper\"><h4>2016<\/h4>\n<p>in4mo ing\u00e5r i gruppen av Deloitte Fast 50 Technology-f\u00f6retag i Finland.<\/p>\n<\/div><\/div><\/div><\/div><\/div><\/div><div class=\"w-separator size_large with_line width_default thick_1 style_solid color_border align_center\"><div class=\"w-separator-h\"><\/div><\/div><div class=\"g-cols wpb_row via_flex valign_top type_default stacking_default\"><div class=\"vc_col-sm-4 wpb_column vc_column_container\"><div class=\"vc_column-inner\"><div class=\"wpb_wrapper\"><div class=\"wpb_text_column\"><div class=\"wpb_wrapper\"><h4>2015<\/h4>\n<p>F\u00f6rsta piloten av &#8220;in4mo Cost Calculation&#8221; med f\u00f6rs\u00e4kringskunder.<\/p>\n<p>Finlands st\u00f6rsta aff\u00e4rstidning Kauppalehti tilldelade in4mo sitt &#8220;Achiever Certificate&#8221; som bel\u00f6nar de b\u00e4st presterande finska f\u00f6retagen.<\/p>\n<\/div><\/div><\/div><\/div><\/div><div class=\"vc_col-sm-4 wpb_column vc_column_container\"><div class=\"vc_column-inner\"><div class=\"wpb_wrapper\"><div class=\"wpb_text_column\"><div class=\"wpb_wrapper\"><h4>2013<\/h4>\n<p>in4mo har utsetts till Young Innovative Companies Champion av Tekes, den finska innovationsmyndigheten.<\/p>\n<\/div><\/div><\/div><\/div><\/div><div class=\"vc_col-sm-4 wpb_column vc_column_container\"><div class=\"vc_column-inner\"><div class=\"wpb_wrapper\"><div class=\"wpb_text_column\"><div class=\"wpb_wrapper\"><h4>2012<\/h4>\n<p>in4mo \u00e4r en av finalisterna i 2012 \u00e5rs &#8220;Red Herring 100 Europe&#8221;-utm\u00e4rkelse som hyllar de mest innovativa och lovande f\u00f6retagen i Europa.<\/p>\n<p>in4mo tecknar sina f\u00f6rsta &#8220;in4mo Contractor&#8221;-avtal med servicebolag.<\/p>\n<\/div><\/div><\/div><\/div><\/div><\/div><div class=\"w-separator size_large with_line width_default thick_1 style_solid color_border align_center\"><div class=\"w-separator-h\"><\/div><\/div><div class=\"g-cols wpb_row via_flex valign_top type_default stacking_default\"><div class=\"vc_col-sm-4 wpb_column vc_column_container\"><div class=\"vc_column-inner\"><div class=\"wpb_wrapper\"><div class=\"wpb_text_column\"><div class=\"wpb_wrapper\"><h4>2011<\/h4>\n<p>in4mo \u00f6ppnar ett kontor i Stockholm, Sverige, f\u00f6r att betj\u00e4na skandinaviska kunder.<\/p>\n<p>in4mo erh\u00e5ller ISO\/IES 27001-certifiering f\u00f6r informationss\u00e4kerhet.<\/p>\n<\/div><\/div><\/div><\/div><\/div><div class=\"vc_col-sm-4 wpb_column vc_column_container\"><div class=\"vc_column-inner\"><div class=\"wpb_wrapper\"><div class=\"wpb_text_column\"><div class=\"wpb_wrapper\"><h4>2010<\/h4>\n<p>in4mo tecknar sina f\u00f6rsta &#8220;in4mo Building Claims&#8221;-avtal med f\u00f6rs\u00e4kringskunder.<\/p>\n<\/div><\/div><\/div><\/div><\/div><div class=\"vc_col-sm-4 wpb_column vc_column_container\"><div class=\"vc_column-inner\"><div class=\"wpb_wrapper\"><div class=\"wpb_text_column\"><div class=\"wpb_wrapper\"><h4>2009<\/h4>\n<p>Efter en inledande prospekteringsfas begr\u00e4nsar in4mo sitt fokus till f\u00f6rs\u00e4kringsbranschen som hanterar skadeanm\u00e4lningar.<\/p>\n<\/div><\/div><\/div><\/div><\/div><\/div><div class=\"w-separator size_large with_line width_default thick_1 style_solid color_border align_center\"><div class=\"w-separator-h\"><\/div><\/div><div class=\"g-cols wpb_row via_flex valign_top type_default stacking_default\"><div class=\"vc_col-sm-4 wpb_column vc_column_container\"><div class=\"vc_column-inner\"><div class=\"wpb_wrapper\"><div class=\"wpb_text_column\"><div class=\"wpb_wrapper\"><h4>2007<\/h4>\n<p>in4mo \u00e4r grundat.<\/p>\n<\/div><\/div><\/div><\/div><\/div><div class=\"vc_col-sm-4 wpb_column vc_column_container\"><div class=\"vc_column-inner\"><div class=\"wpb_wrapper\"><\/div><\/div><\/div><div class=\"vc_col-sm-4 wpb_column vc_column_container\"><div class=\"vc_column-inner\"><div class=\"wpb_wrapper\"><\/div><\/div><\/div><\/div><\/div><\/div><\/div><\/div><\/div><\/section><section class=\"l-section wpb_row height_auto full_height valign_center color_primary with_img\"><div class=\"l-section-img\" role=\"img\" data-img-width=\"817\" data-img-height=\"319\" style=\"background-image: url(https:\/\/www.in4mo.com\/support\/wp-content\/uploads\/sites\/2\/bg-dots-white.png);background-repeat: repeat-x;background-size: auto;\"><\/div><div class=\"l-section-h i-cf\"><div class=\"g-cols vc_row via_flex valign_top type_default stacking_default\"><div class=\"vc_col-sm-12 wpb_column vc_column_container\"><div class=\"vc_column-inner\"><div class=\"wpb_wrapper\"><div class=\"g-cols wpb_row via_flex valign_top type_default stacking_default\"><div class=\"vc_col-sm-2 wpb_column vc_column_container\"><div class=\"vc_column-inner\"><div class=\"wpb_wrapper\"><\/div><\/div><\/div><div class=\"vc_col-sm-8 wpb_column vc_column_container\"><div class=\"vc_column-inner\"><div class=\"wpb_wrapper\"><h3 class=\"w-text us_custom_eb849559\"><span class=\"w-text-h\"><span class=\"w-text-value\">Vi v\u00e4xte upp snabbt och blev internationella och m\u00e5ngsidiga<\/span><\/span><\/h3><\/div><\/div><\/div><div class=\"vc_col-sm-2 wpb_column vc_column_container\"><div class=\"vc_column-inner\"><div class=\"wpb_wrapper\"><\/div><\/div><\/div><\/div><div class=\"w-separator size_medium with_line width_default thick_1 style_solid color_border align_center\"><div class=\"w-separator-h\"><\/div><\/div><div class=\"g-cols wpb_row via_flex valign_top type_default stacking_default\"><div class=\"vc_col-sm-4 wpb_column vc_column_container\"><div class=\"vc_column-inner\"><div class=\"wpb_wrapper\"><div class=\"w-counter us_custom_91b545f7 color_text align_center has_font_size\" data-duration=\"2\"><div class=\"w-counter-value\"><span class=\"w-counter-value-part type_text\" data-final=\"\"><\/span><span class=\"w-counter-value-part type_number\" data-final=\"2007\">1<\/span><span class=\"w-counter-value-part type_text\" data-final=\"\"><\/span><\/div><p class=\"w-counter-title\" style=\"font-weight:300;margin-top:18px;\">Grundades i<\/p><\/div><\/div><\/div><\/div><div class=\"vc_col-sm-4 wpb_column vc_column_container\"><div class=\"vc_column-inner\"><div class=\"wpb_wrapper\"><div class=\"w-counter us_custom_91b545f7 color_text align_center has_font_size\" data-duration=\"2\"><div class=\"w-counter-value\"><span class=\"w-counter-value-part type_text\" data-final=\"\"><\/span><span class=\"w-counter-value-part type_number\" data-final=\"14,000\">1<\/span><span class=\"w-counter-value-part type_text\" data-final=\"+\"><\/span><\/div><p class=\"w-counter-title\" style=\"font-weight:300;margin-top:18px;\">Registrerade anv\u00e4ndare<\/p><\/div><\/div><\/div><\/div><div class=\"vc_col-sm-4 wpb_column vc_column_container\"><div class=\"vc_column-inner\"><div class=\"wpb_wrapper\"><div class=\"w-counter us_custom_91b545f7 color_text align_center has_font_size\" data-duration=\"2\"><div class=\"w-counter-value\"><span class=\"w-counter-value-part type_text\" data-final=\"\"><\/span><span class=\"w-counter-value-part type_number\" data-final=\"130\">1<\/span><span class=\"w-counter-value-part type_text\" data-final=\"+\"><\/span><\/div><p class=\"w-counter-title\" style=\"font-weight:300;margin-top:18px;\">Kunder<\/p><\/div><\/div><\/div><\/div><\/div><\/div><\/div><\/div><\/div><\/div><\/section>\n","protected":false},"excerpt":{"rendered":"V\u00e5r ber\u00e4ttelseAldrig ett tr\u00e5kigt \u00f6gonblick!En ledande leverant\u00f6r av mjukvarul\u00f6sningar f\u00f6r byggskador i Norden2024 in4mo utvecklade Emission Estimatics f\u00f6r ber\u00e4kningar av koldioxidutsl\u00e4pp och uppn\u00e5dde ISO14064-1-certifiering f\u00f6r detta verktyg. 2023 Hj\u00e4lpte v\u00e5ra kunder genom sv\u00e5ra v\u00e4derf\u00f6rh\u00e5llanden. V\u00e5r tj\u00e4nst \u00e4r tillg\u00e4nglig i Spanien. 2022 Flera nya kunder tar v\u00e5rt kostnadsber\u00e4kningsverktyg i bruk, vilket g\u00f6r det till det mest...","protected":false},"author":1,"featured_media":1255,"parent":1742,"menu_order":7,"comment_status":"closed","ping_status":"closed","template":"","meta":{"footnotes":""},"class_list":["post-1701","page","type-page","status-publish","has-post-thumbnail","hentry"],"acf":[],"yoast_head":"<!-- This site is optimized with the Yoast SEO plugin v26.3 - https:\/\/yoast.com\/wordpress\/plugins\/seo\/ -->\n<title>V\u00e5r ber\u00e4ttelse - In4mo Support<\/title>\n<meta name=\"description\" content=\"En ledande leverant\u00f6r av mjukvarul\u00f6sningar f\u00f6r byggskador i Norden.\" \/>\n<meta name=\"robots\" content=\"index, follow, max-snippet:-1, max-image-preview:large, max-video-preview:-1\" \/>\n<link rel=\"canonical\" href=\"https:\/\/www.in4mo.com\/support\/sv\/foretag\/var-berattelse\/\" \/>\n<meta property=\"og:locale\" content=\"sv_SE\" \/>\n<meta property=\"og:type\" content=\"article\" \/>\n<meta property=\"og:title\" content=\"V\u00e5r ber\u00e4ttelse - In4mo Support\" \/>\n<meta property=\"og:description\" content=\"En ledande leverant\u00f6r av mjukvarul\u00f6sningar f\u00f6r byggskador i Norden.\" \/>\n<meta property=\"og:url\" content=\"https:\/\/www.in4mo.com\/support\/sv\/foretag\/var-berattelse\/\" \/>\n<meta property=\"og:site_name\" content=\"In4mo Support\" \/>\n<meta property=\"article:modified_time\" content=\"2024-08-12T11:14:53+00:00\" \/>\n<meta property=\"og:image\" content=\"https:\/\/www.in4mo.com\/support\/wp-content\/uploads\/sites\/2\/quality-software.jpg\" \/>\n\t<meta property=\"og:image:width\" content=\"1920\" \/>\n\t<meta property=\"og:image:height\" content=\"1080\" \/>\n\t<meta property=\"og:image:type\" content=\"image\/jpeg\" \/>\n<meta name=\"twitter:card\" content=\"summary_large_image\" \/>\n<meta name=\"twitter:label1\" content=\"Ber\u00e4knad l\u00e4stid\" \/>\n\t<meta name=\"twitter:data1\" content=\"2 minuter\" \/>\n<script type=\"application\/ld+json\" class=\"yoast-schema-graph\">{\"@context\":\"https:\/\/schema.org\",\"@graph\":[{\"@type\":\"WebPage\",\"@id\":\"https:\/\/www.in4mo.com\/support\/sv\/foretag\/var-berattelse\/\",\"url\":\"https:\/\/www.in4mo.com\/support\/sv\/foretag\/var-berattelse\/\",\"name\":\"V\u00e5r ber\u00e4ttelse - In4mo Support\",\"isPartOf\":{\"@id\":\"https:\/\/www.in4mo.com\/support\/sv\/#website\"},\"primaryImageOfPage\":{\"@id\":\"https:\/\/www.in4mo.com\/support\/sv\/foretag\/var-berattelse\/#primaryimage\"},\"image\":{\"@id\":\"https:\/\/www.in4mo.com\/support\/sv\/foretag\/var-berattelse\/#primaryimage\"},\"thumbnailUrl\":\"https:\/\/www.in4mo.com\/support\/wp-content\/uploads\/sites\/2\/quality-software.jpg\",\"datePublished\":\"2024-03-31T08:01:22+00:00\",\"dateModified\":\"2024-08-12T11:14:53+00:00\",\"description\":\"En ledande leverant\u00f6r av mjukvarul\u00f6sningar f\u00f6r byggskador i Norden.\",\"breadcrumb\":{\"@id\":\"https:\/\/www.in4mo.com\/support\/sv\/foretag\/var-berattelse\/#breadcrumb\"},\"inLanguage\":\"sv-SE\",\"potentialAction\":[{\"@type\":\"ReadAction\",\"target\":[\"https:\/\/www.in4mo.com\/support\/sv\/foretag\/var-berattelse\/\"]}]},{\"@type\":\"ImageObject\",\"inLanguage\":\"sv-SE\",\"@id\":\"https:\/\/www.in4mo.com\/support\/sv\/foretag\/var-berattelse\/#primaryimage\",\"url\":\"https:\/\/www.in4mo.com\/support\/wp-content\/uploads\/sites\/2\/quality-software.jpg\",\"contentUrl\":\"https:\/\/www.in4mo.com\/support\/wp-content\/uploads\/sites\/2\/quality-software.jpg\",\"width\":1920,\"height\":1080,\"caption\":\"V\u00e5r ber\u00e4ttelse\"},{\"@type\":\"BreadcrumbList\",\"@id\":\"https:\/\/www.in4mo.com\/support\/sv\/foretag\/var-berattelse\/#breadcrumb\",\"itemListElement\":[{\"@type\":\"ListItem\",\"position\":1,\"name\":\"Home\",\"item\":\"https:\/\/www.in4mo.com\/support\/sv\/\"},{\"@type\":\"ListItem\",\"position\":2,\"name\":\"F\u00f6retag\",\"item\":\"https:\/\/www.in4mo.com\/support\/sv\/company\/\"},{\"@type\":\"ListItem\",\"position\":3,\"name\":\"V\u00e5r ber\u00e4ttelse\"}]},{\"@type\":\"WebSite\",\"@id\":\"https:\/\/www.in4mo.com\/support\/sv\/#website\",\"url\":\"https:\/\/www.in4mo.com\/support\/sv\/\",\"name\":\"In4mo Support\",\"description\":\"Insurance and Construction Software\",\"potentialAction\":[{\"@type\":\"SearchAction\",\"target\":{\"@type\":\"EntryPoint\",\"urlTemplate\":\"https:\/\/www.in4mo.com\/support\/sv\/?s={search_term_string}\"},\"query-input\":{\"@type\":\"PropertyValueSpecification\",\"valueRequired\":true,\"valueName\":\"search_term_string\"}}],\"inLanguage\":\"sv-SE\"}]}<\/script>\n<!-- \/ Yoast SEO plugin. -->","yoast_head_json":{"title":"V\u00e5r ber\u00e4ttelse - In4mo Support","description":"En ledande leverant\u00f6r av mjukvarul\u00f6sningar f\u00f6r byggskador i Norden.","robots":{"index":"index","follow":"follow","max-snippet":"max-snippet:-1","max-image-preview":"max-image-preview:large","max-video-preview":"max-video-preview:-1"},"canonical":"https:\/\/www.in4mo.com\/support\/sv\/foretag\/var-berattelse\/","og_locale":"sv_SE","og_type":"article","og_title":"V\u00e5r ber\u00e4ttelse - In4mo Support","og_description":"En ledande leverant\u00f6r av mjukvarul\u00f6sningar f\u00f6r byggskador i Norden.","og_url":"https:\/\/www.in4mo.com\/support\/sv\/foretag\/var-berattelse\/","og_site_name":"In4mo Support","article_modified_time":"2024-08-12T11:14:53+00:00","og_image":[{"width":1920,"height":1080,"url":"https:\/\/www.in4mo.com\/support\/wp-content\/uploads\/sites\/2\/quality-software.jpg","type":"image\/jpeg"}],"twitter_card":"summary_large_image","twitter_misc":{"Ber\u00e4knad l\u00e4stid":"2 minuter"},"schema":{"@context":"https:\/\/schema.org","@graph":[{"@type":"WebPage","@id":"https:\/\/www.in4mo.com\/support\/sv\/foretag\/var-berattelse\/","url":"https:\/\/www.in4mo.com\/support\/sv\/foretag\/var-berattelse\/","name":"V\u00e5r ber\u00e4ttelse - In4mo Support","isPartOf":{"@id":"https:\/\/www.in4mo.com\/support\/sv\/#website"},"primaryImageOfPage":{"@id":"https:\/\/www.in4mo.com\/support\/sv\/foretag\/var-berattelse\/#primaryimage"},"image":{"@id":"https:\/\/www.in4mo.com\/support\/sv\/foretag\/var-berattelse\/#primaryimage"},"thumbnailUrl":"https:\/\/www.in4mo.com\/support\/wp-content\/uploads\/sites\/2\/quality-software.jpg","datePublished":"2024-03-31T08:01:22+00:00","dateModified":"2024-08-12T11:14:53+00:00","description":"En ledande leverant\u00f6r av mjukvarul\u00f6sningar f\u00f6r byggskador i Norden.","breadcrumb":{"@id":"https:\/\/www.in4mo.com\/support\/sv\/foretag\/var-berattelse\/#breadcrumb"},"inLanguage":"sv-SE","potentialAction":[{"@type":"ReadAction","target":["https:\/\/www.in4mo.com\/support\/sv\/foretag\/var-berattelse\/"]}]},{"@type":"ImageObject","inLanguage":"sv-SE","@id":"https:\/\/www.in4mo.com\/support\/sv\/foretag\/var-berattelse\/#primaryimage","url":"https:\/\/www.in4mo.com\/support\/wp-content\/uploads\/sites\/2\/quality-software.jpg","contentUrl":"https:\/\/www.in4mo.com\/support\/wp-content\/uploads\/sites\/2\/quality-software.jpg","width":1920,"height":1080,"caption":"V\u00e5r ber\u00e4ttelse"},{"@type":"BreadcrumbList","@id":"https:\/\/www.in4mo.com\/support\/sv\/foretag\/var-berattelse\/#breadcrumb","itemListElement":[{"@type":"ListItem","position":1,"name":"Home","item":"https:\/\/www.in4mo.com\/support\/sv\/"},{"@type":"ListItem","position":2,"name":"F\u00f6retag","item":"https:\/\/www.in4mo.com\/support\/sv\/company\/"},{"@type":"ListItem","position":3,"name":"V\u00e5r ber\u00e4ttelse"}]},{"@type":"WebSite","@id":"https:\/\/www.in4mo.com\/support\/sv\/#website","url":"https:\/\/www.in4mo.com\/support\/sv\/","name":"In4mo Support","description":"Insurance and Construction Software","potentialAction":[{"@type":"SearchAction","target":{"@type":"EntryPoint","urlTemplate":"https:\/\/www.in4mo.com\/support\/sv\/?s={search_term_string}"},"query-input":{"@type":"PropertyValueSpecification","valueRequired":true,"valueName":"search_term_string"}}],"inLanguage":"sv-SE"}]}},"_links":{"self":[{"href":"https:\/\/www.in4mo.com\/support\/sv\/wp-json\/wp\/v2\/pages\/1701","targetHints":{"allow":["GET"]}}],"collection":[{"href":"https:\/\/www.in4mo.com\/support\/sv\/wp-json\/wp\/v2\/pages"}],"about":[{"href":"https:\/\/www.in4mo.com\/support\/sv\/wp-json\/wp\/v2\/types\/page"}],"author":[{"embeddable":true,"href":"https:\/\/www.in4mo.com\/support\/sv\/wp-json\/wp\/v2\/users\/1"}],"replies":[{"embeddable":true,"href":"https:\/\/www.in4mo.com\/support\/sv\/wp-json\/wp\/v2\/comments?post=1701"}],"version-history":[{"count":0,"href":"https:\/\/www.in4mo.com\/support\/sv\/wp-json\/wp\/v2\/pages\/1701\/revisions"}],"up":[{"embeddable":true,"href":"https:\/\/www.in4mo.com\/support\/sv\/wp-json\/wp\/v2\/pages\/1742"}],"wp:featuredmedia":[{"embeddable":true,"href":"https:\/\/www.in4mo.com\/support\/sv\/wp-json\/wp\/v2\/media\/1255"}],"wp:attachment":[{"href":"https:\/\/www.in4mo.com\/support\/sv\/wp-json\/wp\/v2\/media?parent=1701"}],"curies":[{"name":"wp","href":"https:\/\/api.w.org\/{rel}","templated":true}]}}