{"id":1702,"date":"2024-03-28T13:19:05","date_gmt":"2024-03-28T11:19:05","guid":{"rendered":"https:\/\/in4modevelopment.wp1.kotisivut.com\/hallbarhet-for-foretag\/"},"modified":"2024-09-27T14:09:35","modified_gmt":"2024-09-27T11:09:35","slug":"hallbarhet-pa-in4mo","status":"publish","type":"page","link":"https:\/\/www.in4mo.com\/support\/sv\/foretag\/hallbarhet-pa-in4mo\/","title":{"rendered":"H\u00e5llbarhet p\u00e5 in4mo"},"content":{"rendered":"<section class=\"l-section wpb_row height_huge full_height valign_center color_primary with_img\"><div class=\"l-section-img\" role=\"img\" data-img-width=\"1920\" data-img-height=\"1080\" style=\"background-image: url(https:\/\/www.in4mo.com\/support\/wp-content\/uploads\/sites\/2\/world.jpg);background-repeat: no-repeat;\"><\/div><div class=\"l-section-overlay\" style=\"background:rgba(0,0,0,0.45)\"><\/div><div class=\"l-section-h i-cf\"><div class=\"g-cols vc_row via_flex valign_top type_default stacking_default\"><div class=\"vc_col-sm-12 wpb_column vc_column_container\"><div class=\"vc_column-inner\"><div class=\"wpb_wrapper\"><h1 class=\"w-text us_custom_5b4774b9 us_animate_this\"><span class=\"w-text-h\"><span class=\"w-text-value\">H\u00e5llbarhet p\u00e5 in4mo<\/span><\/span><\/h1><p class=\"w-text us_custom_9ba94f84 ingressi us_animate_this\"><span class=\"w-text-h\"><span class=\"w-text-value\">F\u00f6r en gr\u00f6nare framtid<\/span><\/span><\/p><div class=\"w-iconbox us_custom_1d5f25b7 us_animate_this iconpos_top style_circle color_custom align_center no_text no_title\"><a href=\"#down\" class=\"w-iconbox-link\" aria-label=\"fas|chevron-down\"><div class=\"w-iconbox-icon\" style=\"font-size:1rem;--icon-color:var(--color-content-link);--icon-bg-color:rgba(255,255,255,0.75);\"><i class=\"fas fa-chevron-down\"><\/i><\/div><\/a><div class=\"w-iconbox-meta\"><\/div><\/div><\/div><\/div><\/div><\/div><\/div><\/section><section class=\"l-section wpb_row height_huge\" id=\"down\"><div class=\"l-section-h i-cf\"><div class=\"g-cols vc_row via_flex valign_top type_default stacking_default\"><div class=\"vc_col-sm-12 wpb_column vc_column_container\"><div class=\"vc_column-inner\"><div class=\"wpb_wrapper\"><div class=\"wpb_text_column\"><div class=\"wpb_wrapper\"><h2>I r\u00e4tt riktning<\/h2>\n<p>in4mo \u00e4r engagerad att f\u00f6lja en sund praxis f\u00f6r f\u00f6retagens sociala ansvar (CSR). Vi b\u00f6rjade denna resa med att etablera in4mo CSR Management System f\u00f6r att t\u00e4cka k\u00e4rn\u00e4mnena f\u00f6r socialt ansvar (CSR-styrning, m\u00e4nskliga r\u00e4ttigheter, arbetsf\u00f6rh\u00e5llanden, milj\u00f6, r\u00e4ttvisa arbetsf\u00f6rh\u00e5llanden, konsumentfr\u00e5gor, samh\u00e4llsengagemang och utveckling) inom in4mos interna organisation och genom v\u00e5ra leverant\u00f6rer.<\/p>\n<p>I takt med att vi l\u00e4r oss mer om vad som fungerar och inte fungerar f\u00f6r oss som organisation str\u00e4var vi efter att kontinuerligt f\u00f6rb\u00e4ttra v\u00e5r CSR-strategi och bli en b\u00e4ttre version av oss sj\u00e4lva. Som en del av CSR-arbetet st\u00f6djer in4mo de viktiga principerna i FN:s Global Compact och Internationella arbetsorganisationens konvention. Dessutom har vi st\u00e4llt oss bakom r\u00e4ddningsarbetarna i \u00d6stersj\u00f6n genom att bli st\u00f6dmedlemmar i John Nurminens Stiftelse. Vidare har vi introducerat initiativ f\u00f6r att ansvarsfullt \u00e5tervinna elektroniska tillg\u00e5ngar, vilket understryker v\u00e5rt engagemang f\u00f6r h\u00e5llbarhet inom f\u00f6retaget.<\/p>\n<\/div><\/div><\/div><\/div><\/div><\/div><\/div><\/section><section class=\"l-section wpb_row height_huge color_alternate\"><div class=\"l-section-h i-cf\"><div class=\"g-cols vc_row via_flex valign_top type_default stacking_default\"><div class=\"vc_col-sm-12 wpb_column vc_column_container\"><div class=\"vc_column-inner\"><div class=\"wpb_wrapper\"><div class=\"g-cols wpb_row via_flex valign_middle type_default stacking_default\"><div class=\"vc_col-sm-12 vc_col-lg-6 vc_col-md-6 wpb_column vc_column_container\"><div class=\"vc_column-inner us_custom_7e20fa79 us_animate_this\"><div class=\"wpb_wrapper\"><div class=\"w-image us_custom_30e316af has_ratio align_none\"><div class=\"w-image-h\"><div style=\"padding-bottom:75%\"><\/div><img decoding=\"async\" width=\"960\" height=\"1012\" src=\"https:\/\/www.in4mo.com\/support\/wp-content\/uploads\/sites\/2\/co2.jpg\" class=\"attachment-large size-large\" alt=\"\" loading=\"lazy\" srcset=\"https:\/\/www.in4mo.com\/support\/wp-content\/uploads\/sites\/2\/co2.jpg 960w, https:\/\/www.in4mo.com\/support\/wp-content\/uploads\/sites\/2\/co2-285x300.jpg 285w\" sizes=\"auto, (max-width: 960px) 100vw, 960px\" \/><\/div><\/div><\/div><\/div><\/div><div class=\"vc_col-sm-12 vc_col-lg-6 vc_col-md-6 wpb_column vc_column_container\"><div class=\"vc_column-inner us_custom_47474b22 us_animate_this\"><div class=\"wpb_wrapper\"><div class=\"wpb_text_column us_custom_d98eb4eb\"><div class=\"wpb_wrapper\"><h4>Certifierad Emission Estimatics av in4mo<\/h4>\n<p>Vi \u00e4r glada att kunna meddela att v\u00e5rt kalkylverktyg f\u00f6r koldioxidutsl\u00e4pp, Emission Estimatics har ackrediterats med ISO 14064-1-certifikat. Early Access-programmet \u00e4r tillg\u00e4ngligt f\u00f6r v\u00e5ra kunder. Kontakta din kontaktperson om du vill veta mer.<\/p>\n<\/div><\/div><div class=\"w-separator size_medium\"><\/div><div class=\"w-btn-wrapper align_none\"><a class=\"w-btn us-btn-style_3 icon_atleft\" href=\"https:\/\/in4modevelopment.wp2.kotisivut.com\/wp-content\/uploads\/ISO14064-3DECOFVER.064-2.D01-ENG-in4mo-1-1200x1696-1.png\"><i class=\"fas fa-download\"><\/i><span class=\"w-btn-label\">Verifieringsstatus<\/span><\/a><\/div><\/div><\/div><\/div><\/div><div class=\"w-separator size_large\"><\/div><div class=\"g-cols wpb_row via_flex valign_middle type_default reversed stacking_default\"><div class=\"vc_col-sm-12 vc_col-lg-6 vc_col-md-6 wpb_column vc_column_container\"><div class=\"vc_column-inner us_custom_7e20fa79 us_animate_this\"><div class=\"wpb_wrapper\"><div class=\"wpb_text_column us_custom_d98eb4eb\"><div class=\"wpb_wrapper\"><h4>Ecovadis<\/h4>\n<p>Att f\u00f6r andra \u00e5ret i rad tilldelas silvermedaljen av EcoVadis \u00e4r en stor framg\u00e5ng f\u00f6r v\u00e5r organisation och ett bevis p\u00e5 v\u00e5rt enast\u00e5ende arbete och engagemang f\u00f6r h\u00e5llbara metoder. Detta erk\u00e4nnande bekr\u00e4ftar att v\u00e5ra h\u00e5llbarhetsinitiativ \u00e4r i linje med internationella standarder och b\u00e4sta praxis, vilket positionerar oss som ledare inom ansvarsfull aff\u00e4rsverksamhet.<\/p>\n<\/div><\/div><div class=\"w-separator size_medium\"><\/div><div class=\"w-btn-wrapper align_none\"><a class=\"w-btn us-btn-style_3\" target=\"_blank\" href=\"https:\/\/ecovadis.com\/?utm_source=Google+=paid=2024-04-Brand-NA-UK-BENELUX-NORDICS-Google+Ads\"><span class=\"w-btn-label\">Bes\u00f6k webbplatsen<\/span><\/a><\/div><\/div><\/div><\/div><div class=\"vc_col-sm-12 vc_col-lg-6 vc_col-md-6 wpb_column vc_column_container\"><div class=\"vc_column-inner\"><div class=\"wpb_wrapper\"><div class=\"w-image us_custom_7364406c us_animate_this has_ratio align_none\"><div class=\"w-image-h\"><div style=\"padding-bottom:75%\"><\/div><img decoding=\"async\" width=\"960\" height=\"1012\" src=\"https:\/\/www.in4mo.com\/support\/wp-content\/uploads\/sites\/2\/ecovadis-green.jpg\" class=\"attachment-large size-large\" alt=\"\" loading=\"lazy\" srcset=\"https:\/\/www.in4mo.com\/support\/wp-content\/uploads\/sites\/2\/ecovadis-green.jpg 960w, https:\/\/www.in4mo.com\/support\/wp-content\/uploads\/sites\/2\/ecovadis-green-285x300.jpg 285w\" sizes=\"auto, (max-width: 960px) 100vw, 960px\" \/><\/div><\/div><\/div><\/div><\/div><\/div><div class=\"w-separator size_large\"><\/div><div class=\"g-cols wpb_row via_flex valign_middle type_default stacking_default\"><div class=\"vc_col-sm-12 vc_col-lg-6 vc_col-md-6 wpb_column vc_column_container\"><div class=\"vc_column-inner us_custom_7e20fa79 us_animate_this\"><div class=\"wpb_wrapper\"><div class=\"w-image us_custom_30e316af has_ratio align_none\"><div class=\"w-image-h\"><div style=\"padding-bottom:75%\"><\/div><img decoding=\"async\" width=\"960\" height=\"1012\" src=\"https:\/\/www.in4mo.com\/support\/wp-content\/uploads\/sites\/2\/SDG.jpg\" class=\"attachment-large size-large\" alt=\"\" loading=\"lazy\" srcset=\"https:\/\/www.in4mo.com\/support\/wp-content\/uploads\/sites\/2\/SDG.jpg 960w, https:\/\/www.in4mo.com\/support\/wp-content\/uploads\/sites\/2\/SDG-285x300.jpg 285w\" sizes=\"auto, (max-width: 960px) 100vw, 960px\" \/><\/div><\/div><\/div><\/div><\/div><div class=\"vc_col-sm-12 vc_col-lg-6 vc_col-md-6 wpb_column vc_column_container\"><div class=\"vc_column-inner us_custom_47474b22 us_animate_this\"><div class=\"wpb_wrapper\"><div class=\"wpb_text_column us_custom_d98eb4eb\"><div class=\"wpb_wrapper\"><h4>F\u00f6renta Nationernas Global Compact<\/h4>\n<p>Vi \u00e4r stolta \u00f6ver att ansluta oss till FN:s Global Compact som en del av v\u00e5rt \u00e5tagande att vara ett ansvarsfullt f\u00f6retag. Detta \u00e5tagande inneb\u00e4r att vi bedriver en ansvarsfull verksamhet i linje med universella h\u00e5llbarhetsprinciper, vidtar \u00e5tg\u00e4rder f\u00f6r att st\u00f6dja samh\u00e4llet och \u00e5rligen rapporterar till FN:s Global Compact om v\u00e5ra p\u00e5g\u00e5ende insatser.<\/p>\n<\/div><\/div><div class=\"w-separator size_medium\"><\/div><div class=\"w-btn-wrapper align_none\"><a class=\"w-btn us-btn-style_3\" target=\"_blank\" href=\"https:\/\/unglobalcompact.org\/\"><span class=\"w-btn-label\">Bes\u00f6k webbplatsen<\/span><\/a><\/div><\/div><\/div><\/div><\/div><div class=\"w-separator size_large\"><\/div><div class=\"g-cols wpb_row via_flex valign_middle type_default reversed stacking_default\"><div class=\"vc_col-sm-12 vc_col-lg-6 vc_col-md-6 wpb_column vc_column_container\"><div class=\"vc_column-inner us_custom_7e20fa79 us_animate_this\"><div class=\"wpb_wrapper\"><div class=\"wpb_text_column us_custom_d98eb4eb\"><div class=\"wpb_wrapper\"><h4>Banar v\u00e4gen f\u00f6r en gr\u00f6nare framtid!<\/h4>\n<p>in4mo har samarbetat med Lassila Tikanoja Oyj f\u00f6r att underl\u00e4tta ansvarsfull \u00e5tervinning av b\u00e4rbara datorer och IT-komponenter. Denna strategiska allians fr\u00e4mjar ett slutet kretsloppssystem som effektivt minimerar avfall, bevarar v\u00e4rdefulla resurser och minskar milj\u00f6p\u00e5verkan fr\u00e5n elektroniska enheter.<\/p>\n<\/div><\/div><\/div><\/div><\/div><div class=\"vc_col-sm-12 vc_col-lg-6 vc_col-md-6 wpb_column vc_column_container\"><div class=\"vc_column-inner us_custom_47474b22 us_animate_this\"><div class=\"wpb_wrapper\"><div class=\"w-image us_custom_30e316af has_ratio align_none\"><div class=\"w-image-h\"><div style=\"padding-bottom:75%\"><\/div><img decoding=\"async\" width=\"960\" height=\"1012\" src=\"https:\/\/www.in4mo.com\/support\/wp-content\/uploads\/sites\/2\/greener-future2.jpg\" class=\"attachment-large size-large\" alt=\"\" loading=\"lazy\" srcset=\"https:\/\/www.in4mo.com\/support\/wp-content\/uploads\/sites\/2\/greener-future2.jpg 960w, https:\/\/www.in4mo.com\/support\/wp-content\/uploads\/sites\/2\/greener-future2-285x300.jpg 285w\" sizes=\"auto, (max-width: 960px) 100vw, 960px\" \/><\/div><\/div><\/div><\/div><\/div><\/div><div class=\"w-separator size_large\"><\/div><div class=\"g-cols wpb_row via_flex valign_middle type_default stacking_default\"><div class=\"vc_col-sm-12 vc_col-lg-6 vc_col-md-6 wpb_column vc_column_container\"><div class=\"vc_column-inner us_custom_7e20fa79 us_animate_this\"><div class=\"wpb_wrapper\"><div class=\"w-image us_custom_30e316af has_ratio align_none\"><div class=\"w-image-h\"><div style=\"padding-bottom:75%\"><\/div><img decoding=\"async\" width=\"960\" height=\"1012\" src=\"https:\/\/www.in4mo.com\/support\/wp-content\/uploads\/sites\/2\/sustainability-policies.jpg\" class=\"attachment-large size-large\" alt=\"\" loading=\"lazy\" srcset=\"https:\/\/www.in4mo.com\/support\/wp-content\/uploads\/sites\/2\/sustainability-policies.jpg 960w, https:\/\/www.in4mo.com\/support\/wp-content\/uploads\/sites\/2\/sustainability-policies-285x300.jpg 285w\" sizes=\"auto, (max-width: 960px) 100vw, 960px\" \/><\/div><\/div><\/div><\/div><\/div><div class=\"vc_col-sm-12 vc_col-lg-6 vc_col-md-6 wpb_column vc_column_container\"><div class=\"vc_column-inner us_custom_47474b22 us_animate_this\"><div class=\"wpb_wrapper\"><div class=\"wpb_text_column us_custom_d98eb4eb\"><div class=\"wpb_wrapper\"><h4>H\u00e5llbara grundprinciper<\/h4>\n<p>P\u00e5 in4mo styr h\u00e5llbarhet v\u00e5ra grundprinciper, medan v\u00e5r \u00e5rliga CSR-granskning s\u00e4kerst\u00e4ller ansvarsskyldighet och positiv p\u00e5verkan.<\/p>\n<\/div><\/div><div class=\"w-separator size_medium\"><\/div><div class=\"w-btn-wrapper align_none\"><a class=\"w-btn us-btn-style_3\" href=\"https:\/\/in4modevelopment.wp2.kotisivut.com\/sv\/policys\/\"><span class=\"w-btn-label\">Policys<\/span><\/a><\/div><\/div><\/div><\/div><\/div><div class=\"w-separator size_large\"><\/div><div class=\"g-cols wpb_row via_flex valign_middle type_default reversed stacking_default\"><div class=\"vc_col-sm-12 vc_col-lg-6 vc_col-md-6 wpb_column vc_column_container\"><div class=\"vc_column-inner us_custom_7e20fa79 us_animate_this\"><div class=\"wpb_wrapper\"><div class=\"wpb_text_column us_custom_d98eb4eb\"><div class=\"wpb_wrapper\"><h4>John Nurminens Stiftelse<\/h4>\n<p>Vi har anslutit oss till \u00d6stersj\u00f6ns r\u00e4ddare som st\u00f6djare av John Nurminens Stiftelse! Vi vill se till att v\u00e5rt enda hav f\u00f6rblir levande \u00e4ven f\u00f6r kommande generationer. John Nurminens Stiftelse arbetar konkret f\u00f6r \u00d6stersj\u00f6n och dess arv.<\/p>\n<\/div><\/div><div class=\"w-separator size_medium\"><\/div><div class=\"w-btn-wrapper align_none\"><a class=\"w-btn us-btn-style_3\" target=\"_blank\" href=\"https:\/\/johnnurmisensaatio.fi\/en\/\"><span class=\"w-btn-label\">Bes\u00f6k webbplatsen<\/span><\/a><\/div><\/div><\/div><\/div><div class=\"vc_col-sm-12 vc_col-lg-6 vc_col-md-6 wpb_column vc_column_container\"><div class=\"vc_column-inner us_custom_47474b22 us_animate_this\"><div class=\"wpb_wrapper\"><div class=\"w-image us_custom_30e316af has_ratio align_none\"><div class=\"w-image-h\"><div style=\"padding-bottom:75%\"><\/div><img decoding=\"async\" width=\"960\" height=\"1012\" src=\"https:\/\/www.in4mo.com\/support\/wp-content\/uploads\/sites\/2\/john-nurminen-foundation.jpg\" class=\"attachment-large size-large\" alt=\"\" loading=\"lazy\" srcset=\"https:\/\/www.in4mo.com\/support\/wp-content\/uploads\/sites\/2\/john-nurminen-foundation.jpg 960w, https:\/\/www.in4mo.com\/support\/wp-content\/uploads\/sites\/2\/john-nurminen-foundation-285x300.jpg 285w\" sizes=\"auto, (max-width: 960px) 100vw, 960px\" \/><\/div><\/div><\/div><\/div><\/div><\/div><\/div><\/div><\/div><\/div><\/div><\/section>\n","protected":false},"excerpt":{"rendered":"H\u00e5llbarhet p\u00e5 in4moF\u00f6r en gr\u00f6nare framtidI r\u00e4tt riktning in4mo \u00e4r engagerad att f\u00f6lja en sund praxis f\u00f6r f\u00f6retagens sociala ansvar (CSR). Vi b\u00f6rjade denna resa med att etablera in4mo CSR Management System f\u00f6r att t\u00e4cka k\u00e4rn\u00e4mnena f\u00f6r socialt ansvar (CSR-styrning, m\u00e4nskliga r\u00e4ttigheter, arbetsf\u00f6rh\u00e5llanden, milj\u00f6, r\u00e4ttvisa arbetsf\u00f6rh\u00e5llanden, konsumentfr\u00e5gor, samh\u00e4llsengagemang och utveckling) inom in4mos interna organisation och...","protected":false},"author":1,"featured_media":1485,"parent":1742,"menu_order":9,"comment_status":"closed","ping_status":"closed","template":"","meta":{"footnotes":""},"class_list":["post-1702","page","type-page","status-publish","has-post-thumbnail","hentry"],"acf":[],"yoast_head":"<!-- This site is optimized with the Yoast SEO plugin v26.3 - https:\/\/yoast.com\/wordpress\/plugins\/seo\/ -->\n<title>H\u00e5llbarhet p\u00e5 in4mo - In4mo Support<\/title>\n<meta name=\"description\" content=\"Vi str\u00e4var efter att uppr\u00e4tth\u00e5lla milj\u00f6v\u00e4nliga anl\u00e4ggningar och processer, vilket \u00e4r ett uttryck f\u00f6r v\u00e5rt engagemang f\u00f6r en gr\u00f6nare framtid.\" \/>\n<meta name=\"robots\" content=\"index, follow, max-snippet:-1, max-image-preview:large, max-video-preview:-1\" \/>\n<link rel=\"canonical\" href=\"https:\/\/www.in4mo.com\/support\/sv\/foretag\/hallbarhet-pa-in4mo\/\" \/>\n<meta property=\"og:locale\" content=\"sv_SE\" \/>\n<meta property=\"og:type\" content=\"article\" \/>\n<meta property=\"og:title\" content=\"H\u00e5llbarhet p\u00e5 in4mo - In4mo Support\" \/>\n<meta property=\"og:description\" content=\"Vi str\u00e4var efter att uppr\u00e4tth\u00e5lla milj\u00f6v\u00e4nliga anl\u00e4ggningar och processer, vilket \u00e4r ett uttryck f\u00f6r v\u00e5rt engagemang f\u00f6r en gr\u00f6nare framtid.\" \/>\n<meta property=\"og:url\" content=\"https:\/\/www.in4mo.com\/support\/sv\/foretag\/hallbarhet-pa-in4mo\/\" \/>\n<meta property=\"og:site_name\" content=\"In4mo Support\" \/>\n<meta property=\"article:modified_time\" content=\"2024-09-27T11:09:35+00:00\" \/>\n<meta property=\"og:image\" content=\"https:\/\/www.in4mo.com\/support\/wp-content\/uploads\/sites\/2\/world.jpg\" \/>\n\t<meta property=\"og:image:width\" content=\"1920\" \/>\n\t<meta property=\"og:image:height\" content=\"1080\" \/>\n\t<meta property=\"og:image:type\" content=\"image\/jpeg\" \/>\n<meta name=\"twitter:card\" content=\"summary_large_image\" \/>\n<meta name=\"twitter:label1\" content=\"Ber\u00e4knad l\u00e4stid\" \/>\n\t<meta name=\"twitter:data1\" content=\"3 minuter\" \/>\n<script type=\"application\/ld+json\" class=\"yoast-schema-graph\">{\"@context\":\"https:\/\/schema.org\",\"@graph\":[{\"@type\":\"WebPage\",\"@id\":\"https:\/\/www.in4mo.com\/support\/sv\/foretag\/hallbarhet-pa-in4mo\/\",\"url\":\"https:\/\/www.in4mo.com\/support\/sv\/foretag\/hallbarhet-pa-in4mo\/\",\"name\":\"H\u00e5llbarhet p\u00e5 in4mo - In4mo Support\",\"isPartOf\":{\"@id\":\"https:\/\/www.in4mo.com\/support\/sv\/#website\"},\"primaryImageOfPage\":{\"@id\":\"https:\/\/www.in4mo.com\/support\/sv\/foretag\/hallbarhet-pa-in4mo\/#primaryimage\"},\"image\":{\"@id\":\"https:\/\/www.in4mo.com\/support\/sv\/foretag\/hallbarhet-pa-in4mo\/#primaryimage\"},\"thumbnailUrl\":\"https:\/\/www.in4mo.com\/support\/wp-content\/uploads\/sites\/2\/world.jpg\",\"datePublished\":\"2024-03-28T11:19:05+00:00\",\"dateModified\":\"2024-09-27T11:09:35+00:00\",\"description\":\"Vi str\u00e4var efter att uppr\u00e4tth\u00e5lla milj\u00f6v\u00e4nliga anl\u00e4ggningar och processer, vilket \u00e4r ett uttryck f\u00f6r v\u00e5rt engagemang f\u00f6r en gr\u00f6nare framtid.\",\"breadcrumb\":{\"@id\":\"https:\/\/www.in4mo.com\/support\/sv\/foretag\/hallbarhet-pa-in4mo\/#breadcrumb\"},\"inLanguage\":\"sv-SE\",\"potentialAction\":[{\"@type\":\"ReadAction\",\"target\":[\"https:\/\/www.in4mo.com\/support\/sv\/foretag\/hallbarhet-pa-in4mo\/\"]}]},{\"@type\":\"ImageObject\",\"inLanguage\":\"sv-SE\",\"@id\":\"https:\/\/www.in4mo.com\/support\/sv\/foretag\/hallbarhet-pa-in4mo\/#primaryimage\",\"url\":\"https:\/\/www.in4mo.com\/support\/wp-content\/uploads\/sites\/2\/world.jpg\",\"contentUrl\":\"https:\/\/www.in4mo.com\/support\/wp-content\/uploads\/sites\/2\/world.jpg\",\"width\":1920,\"height\":1080},{\"@type\":\"BreadcrumbList\",\"@id\":\"https:\/\/www.in4mo.com\/support\/sv\/foretag\/hallbarhet-pa-in4mo\/#breadcrumb\",\"itemListElement\":[{\"@type\":\"ListItem\",\"position\":1,\"name\":\"Home\",\"item\":\"https:\/\/www.in4mo.com\/support\/sv\/\"},{\"@type\":\"ListItem\",\"position\":2,\"name\":\"F\u00f6retag\",\"item\":\"https:\/\/www.in4mo.com\/support\/sv\/company\/\"},{\"@type\":\"ListItem\",\"position\":3,\"name\":\"H\u00e5llbarhet p\u00e5 in4mo\"}]},{\"@type\":\"WebSite\",\"@id\":\"https:\/\/www.in4mo.com\/support\/sv\/#website\",\"url\":\"https:\/\/www.in4mo.com\/support\/sv\/\",\"name\":\"In4mo Support\",\"description\":\"Insurance and Construction Software\",\"potentialAction\":[{\"@type\":\"SearchAction\",\"target\":{\"@type\":\"EntryPoint\",\"urlTemplate\":\"https:\/\/www.in4mo.com\/support\/sv\/?s={search_term_string}\"},\"query-input\":{\"@type\":\"PropertyValueSpecification\",\"valueRequired\":true,\"valueName\":\"search_term_string\"}}],\"inLanguage\":\"sv-SE\"}]}<\/script>\n<!-- \/ Yoast SEO plugin. -->","yoast_head_json":{"title":"H\u00e5llbarhet p\u00e5 in4mo - In4mo Support","description":"Vi str\u00e4var efter att uppr\u00e4tth\u00e5lla milj\u00f6v\u00e4nliga anl\u00e4ggningar och processer, vilket \u00e4r ett uttryck f\u00f6r v\u00e5rt engagemang f\u00f6r en gr\u00f6nare framtid.","robots":{"index":"index","follow":"follow","max-snippet":"max-snippet:-1","max-image-preview":"max-image-preview:large","max-video-preview":"max-video-preview:-1"},"canonical":"https:\/\/www.in4mo.com\/support\/sv\/foretag\/hallbarhet-pa-in4mo\/","og_locale":"sv_SE","og_type":"article","og_title":"H\u00e5llbarhet p\u00e5 in4mo - In4mo Support","og_description":"Vi str\u00e4var efter att uppr\u00e4tth\u00e5lla milj\u00f6v\u00e4nliga anl\u00e4ggningar och processer, vilket \u00e4r ett uttryck f\u00f6r v\u00e5rt engagemang f\u00f6r en gr\u00f6nare framtid.","og_url":"https:\/\/www.in4mo.com\/support\/sv\/foretag\/hallbarhet-pa-in4mo\/","og_site_name":"In4mo Support","article_modified_time":"2024-09-27T11:09:35+00:00","og_image":[{"width":1920,"height":1080,"url":"https:\/\/www.in4mo.com\/support\/wp-content\/uploads\/sites\/2\/world.jpg","type":"image\/jpeg"}],"twitter_card":"summary_large_image","twitter_misc":{"Ber\u00e4knad l\u00e4stid":"3 minuter"},"schema":{"@context":"https:\/\/schema.org","@graph":[{"@type":"WebPage","@id":"https:\/\/www.in4mo.com\/support\/sv\/foretag\/hallbarhet-pa-in4mo\/","url":"https:\/\/www.in4mo.com\/support\/sv\/foretag\/hallbarhet-pa-in4mo\/","name":"H\u00e5llbarhet p\u00e5 in4mo - In4mo Support","isPartOf":{"@id":"https:\/\/www.in4mo.com\/support\/sv\/#website"},"primaryImageOfPage":{"@id":"https:\/\/www.in4mo.com\/support\/sv\/foretag\/hallbarhet-pa-in4mo\/#primaryimage"},"image":{"@id":"https:\/\/www.in4mo.com\/support\/sv\/foretag\/hallbarhet-pa-in4mo\/#primaryimage"},"thumbnailUrl":"https:\/\/www.in4mo.com\/support\/wp-content\/uploads\/sites\/2\/world.jpg","datePublished":"2024-03-28T11:19:05+00:00","dateModified":"2024-09-27T11:09:35+00:00","description":"Vi str\u00e4var efter att uppr\u00e4tth\u00e5lla milj\u00f6v\u00e4nliga anl\u00e4ggningar och processer, vilket \u00e4r ett uttryck f\u00f6r v\u00e5rt engagemang f\u00f6r en gr\u00f6nare framtid.","breadcrumb":{"@id":"https:\/\/www.in4mo.com\/support\/sv\/foretag\/hallbarhet-pa-in4mo\/#breadcrumb"},"inLanguage":"sv-SE","potentialAction":[{"@type":"ReadAction","target":["https:\/\/www.in4mo.com\/support\/sv\/foretag\/hallbarhet-pa-in4mo\/"]}]},{"@type":"ImageObject","inLanguage":"sv-SE","@id":"https:\/\/www.in4mo.com\/support\/sv\/foretag\/hallbarhet-pa-in4mo\/#primaryimage","url":"https:\/\/www.in4mo.com\/support\/wp-content\/uploads\/sites\/2\/world.jpg","contentUrl":"https:\/\/www.in4mo.com\/support\/wp-content\/uploads\/sites\/2\/world.jpg","width":1920,"height":1080},{"@type":"BreadcrumbList","@id":"https:\/\/www.in4mo.com\/support\/sv\/foretag\/hallbarhet-pa-in4mo\/#breadcrumb","itemListElement":[{"@type":"ListItem","position":1,"name":"Home","item":"https:\/\/www.in4mo.com\/support\/sv\/"},{"@type":"ListItem","position":2,"name":"F\u00f6retag","item":"https:\/\/www.in4mo.com\/support\/sv\/company\/"},{"@type":"ListItem","position":3,"name":"H\u00e5llbarhet p\u00e5 in4mo"}]},{"@type":"WebSite","@id":"https:\/\/www.in4mo.com\/support\/sv\/#website","url":"https:\/\/www.in4mo.com\/support\/sv\/","name":"In4mo Support","description":"Insurance and Construction Software","potentialAction":[{"@type":"SearchAction","target":{"@type":"EntryPoint","urlTemplate":"https:\/\/www.in4mo.com\/support\/sv\/?s={search_term_string}"},"query-input":{"@type":"PropertyValueSpecification","valueRequired":true,"valueName":"search_term_string"}}],"inLanguage":"sv-SE"}]}},"_links":{"self":[{"href":"https:\/\/www.in4mo.com\/support\/sv\/wp-json\/wp\/v2\/pages\/1702","targetHints":{"allow":["GET"]}}],"collection":[{"href":"https:\/\/www.in4mo.com\/support\/sv\/wp-json\/wp\/v2\/pages"}],"about":[{"href":"https:\/\/www.in4mo.com\/support\/sv\/wp-json\/wp\/v2\/types\/page"}],"author":[{"embeddable":true,"href":"https:\/\/www.in4mo.com\/support\/sv\/wp-json\/wp\/v2\/users\/1"}],"replies":[{"embeddable":true,"href":"https:\/\/www.in4mo.com\/support\/sv\/wp-json\/wp\/v2\/comments?post=1702"}],"version-history":[{"count":0,"href":"https:\/\/www.in4mo.com\/support\/sv\/wp-json\/wp\/v2\/pages\/1702\/revisions"}],"up":[{"embeddable":true,"href":"https:\/\/www.in4mo.com\/support\/sv\/wp-json\/wp\/v2\/pages\/1742"}],"wp:featuredmedia":[{"embeddable":true,"href":"https:\/\/www.in4mo.com\/support\/sv\/wp-json\/wp\/v2\/media\/1485"}],"wp:attachment":[{"href":"https:\/\/www.in4mo.com\/support\/sv\/wp-json\/wp\/v2\/media?parent=1702"}],"curies":[{"name":"wp","href":"https:\/\/api.w.org\/{rel}","templated":true}]}}