{"id":1733,"date":"2024-04-10T13:16:54","date_gmt":"2024-04-10T10:16:54","guid":{"rendered":"https:\/\/in4modevelopment.wp1.kotisivut.com\/kontakt\/forsaljning\/"},"modified":"2024-10-21T12:07:14","modified_gmt":"2024-10-21T09:07:14","slug":"forsaljning","status":"publish","type":"page","link":"https:\/\/www.in4mo.com\/support\/sv\/kontakt\/forsaljning\/","title":{"rendered":"F\u00f6rs\u00e4ljning"},"content":{"rendered":"<section class=\"l-section wpb_row height_huge full_height valign_center color_primary with_img\"><div class=\"l-section-img\" role=\"img\" data-img-width=\"1920\" data-img-height=\"1080\" style=\"background-image: url(https:\/\/www.in4mo.com\/support\/wp-content\/uploads\/sites\/2\/sales.jpg);background-position: top center;background-repeat: no-repeat;\"><\/div><div class=\"l-section-h i-cf\"><div class=\"g-cols vc_row via_flex valign_top type_default stacking_default\"><div class=\"vc_col-sm-12 wpb_column vc_column_container\"><div class=\"vc_column-inner\"><div class=\"wpb_wrapper\"><h1 class=\"w-text us_custom_5b4774b9 us_animate_this\"><span class=\"w-text-h\"><span class=\"w-text-value\">Intresserad?<\/span><\/span><\/h1><p class=\"w-text us_custom_9ba94f84 ingressi us_animate_this\"><span class=\"w-text-h\"><span class=\"w-text-value\">V\u00e4nligen kontakta v\u00e5rt s\u00e4ljteam<\/span><\/span><\/p><div class=\"w-iconbox us_custom_1d5f25b7 us_animate_this iconpos_top style_circle color_custom align_center no_text no_title\"><a href=\"#down\" class=\"w-iconbox-link\" aria-label=\"fas|chevron-down\"><div class=\"w-iconbox-icon\" style=\"font-size:1rem;--icon-color:var(--color-content-link);--icon-bg-color:rgba(255,255,255,0.75);\"><i class=\"fas fa-chevron-down\"><\/i><\/div><\/a><div class=\"w-iconbox-meta\"><\/div><\/div><\/div><\/div><\/div><\/div><\/div><\/section><section class=\"l-section wpb_row height_huge\" id=\"down\"><div class=\"l-section-h i-cf\"><div class=\"g-cols vc_row via_flex valign_top type_default stacking_default\"><div class=\"vc_col-sm-12 wpb_column vc_column_container\"><div class=\"vc_column-inner\"><div class=\"wpb_wrapper\"><div class=\"w-separator size_small with_line width_default thick_1 style_solid color_border align_center with_text with_content\"><div class=\"w-separator-h\"><h5 class=\"w-separator-text\"><span>F\u00f6rs\u00e4ljningsteam<\/span><\/h5><\/div><\/div><div class=\"w-separator size_small\"><\/div><div class=\"g-cols wpb_row via_flex valign_top type_default stacking_default\"><div class=\"vc_col-sm-3 wpb_column vc_column_container\"><div class=\"vc_column-inner\"><div class=\"wpb_wrapper\"><div class=\"w-person layout_circle with_socials\"><div class=\"w-person-image\"><img loading=\"lazy\" decoding=\"async\" width=\"583\" height=\"583\" src=\"https:\/\/www.in4mo.com\/support\/wp-content\/uploads\/sites\/2\/KJ.jpg\" class=\"attachment-large size-large\" alt=\"\" srcset=\"https:\/\/www.in4mo.com\/support\/wp-content\/uploads\/sites\/2\/KJ.jpg 583w, https:\/\/www.in4mo.com\/support\/wp-content\/uploads\/sites\/2\/KJ-300x300.jpg 300w, https:\/\/www.in4mo.com\/support\/wp-content\/uploads\/sites\/2\/KJ-150x150.jpg 150w\" sizes=\"auto, (max-width: 583px) 100vw, 583px\" \/><div class=\"w-person-links\"><div class=\"w-person-links-list\"><a href=\"mailto:karoliina.jaaskelainen@solera.com\" class=\"w-person-links-item type_email\" title=\"E-postadress\"><i class=\"fas fa-envelope\"><\/i><\/a><a href=\"https:\/\/www.linkedin.com\/in\/karoliina-j\u00e4\u00e4skel\u00e4inen\/\" class=\"w-person-links-item type_linkedin\" title=\"LinkedIn\" target=\"_blank\" rel=\"nofollow\"><i class=\"fab fa-linkedin\"><\/i><\/a><\/div><\/div><\/div><div class=\"w-person-content\"><h5 class=\"w-person-name\" style=\"font-size:18px\"><span>Karoliina J\u00e4\u00e4skel\u00e4inen<\/span><\/h5><div class=\"w-person-role\">Globala marknader<\/div><\/div><\/div><\/div><\/div><\/div><div class=\"vc_col-sm-3 wpb_column vc_column_container\"><div class=\"vc_column-inner\"><div class=\"wpb_wrapper\"><div class=\"w-person layout_circle with_socials\"><div class=\"w-person-image\"><img loading=\"lazy\" decoding=\"async\" width=\"960\" height=\"960\" src=\"https:\/\/www.in4mo.com\/support\/wp-content\/uploads\/sites\/2\/sales4.jpg\" class=\"attachment-large size-large\" alt=\"Sales Johan Holmstr\u00f6m\" srcset=\"https:\/\/www.in4mo.com\/support\/wp-content\/uploads\/sites\/2\/sales4.jpg 960w, https:\/\/www.in4mo.com\/support\/wp-content\/uploads\/sites\/2\/sales4-300x300.jpg 300w, https:\/\/www.in4mo.com\/support\/wp-content\/uploads\/sites\/2\/sales4-150x150.jpg 150w\" sizes=\"auto, (max-width: 960px) 100vw, 960px\" \/><div class=\"w-person-links\"><div class=\"w-person-links-list\"><a href=\"mailto:johan.holmstroem@solera.com\" class=\"w-person-links-item type_email\" title=\"E-postadress\"><i class=\"fas fa-envelope\"><\/i><\/a><a href=\"https:\/\/www.linkedin.com\/in\/johan-holmstr\u00f6m-b943963a\/\" class=\"w-person-links-item type_linkedin\" title=\"LinkedIn\" target=\"_blank\" rel=\"nofollow\"><i class=\"fab fa-linkedin\"><\/i><\/a><\/div><\/div><\/div><div class=\"w-person-content\"><h5 class=\"w-person-name\" style=\"font-size:18px\"><span>Johan Holmstr\u00f6m<\/span><\/h5><div class=\"w-person-role\">Nordiska marknader<\/div><\/div><\/div><\/div><\/div><\/div><div class=\"vc_col-sm-3 wpb_column vc_column_container\"><div class=\"vc_column-inner\"><div class=\"wpb_wrapper\"><div class=\"w-person layout_circle with_socials\"><div class=\"w-person-image\"><img loading=\"lazy\" decoding=\"async\" width=\"960\" height=\"960\" src=\"https:\/\/www.in4mo.com\/support\/wp-content\/uploads\/sites\/2\/sales1.jpg\" class=\"attachment-large size-large\" alt=\"Sales Torger Hoel\" srcset=\"https:\/\/www.in4mo.com\/support\/wp-content\/uploads\/sites\/2\/sales1.jpg 960w, https:\/\/www.in4mo.com\/support\/wp-content\/uploads\/sites\/2\/sales1-300x300.jpg 300w, https:\/\/www.in4mo.com\/support\/wp-content\/uploads\/sites\/2\/sales1-150x150.jpg 150w\" sizes=\"auto, (max-width: 960px) 100vw, 960px\" \/><div class=\"w-person-links\"><div class=\"w-person-links-list\"><a href=\"mailto:torger.hoel@solera.com\" class=\"w-person-links-item type_email\" title=\"E-postadress\"><i class=\"fas fa-envelope\"><\/i><\/a><a href=\"https:\/\/www.linkedin.com\/in\/torgerheldalhoel\/\" class=\"w-person-links-item type_linkedin\" title=\"LinkedIn\" target=\"_blank\" rel=\"nofollow\"><i class=\"fab fa-linkedin\"><\/i><\/a><\/div><\/div><\/div><div class=\"w-person-content\"><h5 class=\"w-person-name\" style=\"font-size:18px\"><span>Torger Hoel<\/span><\/h5><div class=\"w-person-role\">Nordiska kunder<\/div><\/div><\/div><\/div><\/div><\/div><div class=\"vc_col-sm-3 wpb_column vc_column_container\"><div class=\"vc_column-inner\"><div class=\"wpb_wrapper\"><div class=\"w-person layout_circle with_socials\"><div class=\"w-person-image\"><img loading=\"lazy\" decoding=\"async\" width=\"960\" height=\"960\" src=\"https:\/\/www.in4mo.com\/support\/wp-content\/uploads\/sites\/2\/sales3.jpg\" class=\"attachment-large size-large\" alt=\"Sales Leena Salmi\" srcset=\"https:\/\/www.in4mo.com\/support\/wp-content\/uploads\/sites\/2\/sales3.jpg 960w, https:\/\/www.in4mo.com\/support\/wp-content\/uploads\/sites\/2\/sales3-300x300.jpg 300w, https:\/\/www.in4mo.com\/support\/wp-content\/uploads\/sites\/2\/sales3-150x150.jpg 150w\" sizes=\"auto, (max-width: 960px) 100vw, 960px\" \/><div class=\"w-person-links\"><div class=\"w-person-links-list\"><a href=\"mailto:leena.salmi@solera.com\" class=\"w-person-links-item type_email\" title=\"E-postadress\"><i class=\"fas fa-envelope\"><\/i><\/a><a href=\"https:\/\/www.linkedin.com\/in\/leena-salmi\/\" class=\"w-person-links-item type_linkedin\" title=\"LinkedIn\" target=\"_blank\" rel=\"nofollow\"><i class=\"fab fa-linkedin\"><\/i><\/a><\/div><\/div><\/div><div class=\"w-person-content\"><h5 class=\"w-person-name\" style=\"font-size:18px\"><span>Leena Salmi<\/span><\/h5><div class=\"w-person-role\">Nordiska kunder<\/div><\/div><\/div><\/div><\/div><\/div><\/div><div class=\"w-separator size_huge with_line width_default thick_1 style_solid color_border align_center with_text with_content\"><div class=\"w-separator-h\"><h5 class=\"w-separator-text\"><span>Leverans till kund<\/span><\/h5><\/div><\/div><div class=\"g-cols wpb_row via_flex valign_top type_default stacking_default\"><div class=\"vc_col-sm-3 wpb_column vc_column_container\"><div class=\"vc_column-inner\"><div class=\"wpb_wrapper\"><\/div><\/div><\/div><div class=\"vc_col-sm-3 wpb_column vc_column_container\"><div class=\"vc_column-inner\"><div class=\"wpb_wrapper\"><div class=\"w-person layout_circle with_socials\"><div class=\"w-person-image\"><img loading=\"lazy\" decoding=\"async\" width=\"960\" height=\"960\" src=\"https:\/\/www.in4mo.com\/support\/wp-content\/uploads\/sites\/2\/sales2.jpg\" class=\"attachment-large size-large\" alt=\"Customer Delivery Usman Khan\" srcset=\"https:\/\/www.in4mo.com\/support\/wp-content\/uploads\/sites\/2\/sales2.jpg 960w, https:\/\/www.in4mo.com\/support\/wp-content\/uploads\/sites\/2\/sales2-300x300.jpg 300w, https:\/\/www.in4mo.com\/support\/wp-content\/uploads\/sites\/2\/sales2-150x150.jpg 150w\" sizes=\"auto, (max-width: 960px) 100vw, 960px\" \/><div class=\"w-person-links\"><div class=\"w-person-links-list\"><a href=\"mailto:khanzada.usman@solera.com\" class=\"w-person-links-item type_email\" title=\"E-postadress\"><i class=\"fas fa-envelope\"><\/i><\/a><a href=\"https:\/\/linkedin.com\/in\/khanzadausman\/\" class=\"w-person-links-item type_linkedin\" title=\"LinkedIn\" target=\"_blank\" rel=\"nofollow\"><i class=\"fab fa-linkedin\"><\/i><\/a><\/div><\/div><\/div><div class=\"w-person-content\"><h5 class=\"w-person-name\" style=\"font-size:18px\"><span>Usman Khanzada<\/span><\/h5><div class=\"w-person-role\">Kundleverans och h\u00e5llbarhet f\u00f6r f\u00f6retaget<\/div><\/div><\/div><\/div><\/div><\/div><div class=\"vc_col-sm-3 wpb_column vc_column_container\"><div class=\"vc_column-inner\"><div class=\"wpb_wrapper\"><div class=\"w-person layout_circle with_socials\"><div class=\"w-person-image\"><img loading=\"lazy\" decoding=\"async\" width=\"960\" height=\"960\" src=\"https:\/\/www.in4mo.com\/support\/wp-content\/uploads\/sites\/2\/sales5.jpg\" class=\"attachment-large size-large\" alt=\"Customer Delivery Hans Engen\" srcset=\"https:\/\/www.in4mo.com\/support\/wp-content\/uploads\/sites\/2\/sales5.jpg 960w, https:\/\/www.in4mo.com\/support\/wp-content\/uploads\/sites\/2\/sales5-300x300.jpg 300w, https:\/\/www.in4mo.com\/support\/wp-content\/uploads\/sites\/2\/sales5-150x150.jpg 150w\" sizes=\"auto, (max-width: 960px) 100vw, 960px\" \/><div class=\"w-person-links\"><div class=\"w-person-links-list\"><a href=\"mailto:hans.engen@solera.com\" class=\"w-person-links-item type_email\" title=\"E-postadress\"><i class=\"fas fa-envelope\"><\/i><\/a><a href=\"https:\/\/www.linkedin.com\/in\/hansengen\/\" class=\"w-person-links-item type_linkedin\" title=\"LinkedIn\" target=\"_blank\" rel=\"nofollow\"><i class=\"fab fa-linkedin\"><\/i><\/a><\/div><\/div><\/div><div class=\"w-person-content\"><h5 class=\"w-person-name\" style=\"font-size:18px\"><span>Hans Engen<\/span><\/h5><div class=\"w-person-role\">Leverans till kund<\/div><\/div><\/div><\/div><\/div><\/div><div class=\"vc_col-sm-3 wpb_column vc_column_container\"><div class=\"vc_column-inner\"><div class=\"wpb_wrapper\"><\/div><\/div><\/div><\/div><\/div><\/div><\/div><\/div><\/div><\/section>\n","protected":false},"excerpt":{"rendered":"Intresserad?V\u00e4nligen kontakta v\u00e5rt s\u00e4ljteamF\u00f6rs\u00e4ljningsteamKaroliina J\u00e4\u00e4skel\u00e4inenGlobala marknaderJohan Holmstr\u00f6mNordiska marknaderTorger HoelNordiska kunderLeena SalmiNordiska kunderLeverans till kundUsman KhanzadaKundleverans och h\u00e5llbarhet f\u00f6r f\u00f6retagetHans EngenLeverans till kund","protected":false},"author":1,"featured_media":1435,"parent":1698,"menu_order":0,"comment_status":"closed","ping_status":"closed","template":"","meta":{"footnotes":""},"class_list":["post-1733","page","type-page","status-publish","has-post-thumbnail","hentry"],"acf":[],"yoast_head":"<!-- This site is optimized with the Yoast SEO plugin v26.3 - https:\/\/yoast.com\/wordpress\/plugins\/seo\/ -->\n<title>F\u00f6rs\u00e4ljning - In4mo Support<\/title>\n<meta name=\"description\" content=\"Intresserad? V\u00e4nligen kontakta v\u00e5rt s\u00e4ljteam.\" \/>\n<meta name=\"robots\" content=\"index, follow, max-snippet:-1, max-image-preview:large, max-video-preview:-1\" \/>\n<link rel=\"canonical\" href=\"https:\/\/www.in4mo.com\/support\/sv\/kontakt\/forsaljning\/\" \/>\n<meta property=\"og:locale\" content=\"sv_SE\" \/>\n<meta property=\"og:type\" content=\"article\" \/>\n<meta property=\"og:title\" content=\"F\u00f6rs\u00e4ljning - In4mo Support\" \/>\n<meta property=\"og:description\" content=\"Intresserad? V\u00e4nligen kontakta v\u00e5rt s\u00e4ljteam.\" \/>\n<meta property=\"og:url\" content=\"https:\/\/www.in4mo.com\/support\/sv\/kontakt\/forsaljning\/\" \/>\n<meta property=\"og:site_name\" content=\"In4mo Support\" \/>\n<meta property=\"article:modified_time\" content=\"2024-10-21T09:07:14+00:00\" \/>\n<meta property=\"og:image\" content=\"https:\/\/www.in4mo.com\/support\/wp-content\/uploads\/sites\/2\/sales.jpg\" \/>\n\t<meta property=\"og:image:width\" content=\"1920\" \/>\n\t<meta property=\"og:image:height\" content=\"1080\" \/>\n\t<meta property=\"og:image:type\" content=\"image\/jpeg\" \/>\n<meta name=\"twitter:card\" content=\"summary_large_image\" \/>\n<meta name=\"twitter:label1\" content=\"Ber\u00e4knad l\u00e4stid\" \/>\n\t<meta name=\"twitter:data1\" content=\"1 minut\" \/>\n<script type=\"application\/ld+json\" class=\"yoast-schema-graph\">{\"@context\":\"https:\/\/schema.org\",\"@graph\":[{\"@type\":\"WebPage\",\"@id\":\"https:\/\/www.in4mo.com\/support\/sv\/kontakt\/forsaljning\/\",\"url\":\"https:\/\/www.in4mo.com\/support\/sv\/kontakt\/forsaljning\/\",\"name\":\"F\u00f6rs\u00e4ljning - In4mo Support\",\"isPartOf\":{\"@id\":\"https:\/\/www.in4mo.com\/support\/sv\/#website\"},\"primaryImageOfPage\":{\"@id\":\"https:\/\/www.in4mo.com\/support\/sv\/kontakt\/forsaljning\/#primaryimage\"},\"image\":{\"@id\":\"https:\/\/www.in4mo.com\/support\/sv\/kontakt\/forsaljning\/#primaryimage\"},\"thumbnailUrl\":\"https:\/\/www.in4mo.com\/support\/wp-content\/uploads\/sites\/2\/sales.jpg\",\"datePublished\":\"2024-04-10T10:16:54+00:00\",\"dateModified\":\"2024-10-21T09:07:14+00:00\",\"description\":\"Intresserad? V\u00e4nligen kontakta v\u00e5rt s\u00e4ljteam.\",\"breadcrumb\":{\"@id\":\"https:\/\/www.in4mo.com\/support\/sv\/kontakt\/forsaljning\/#breadcrumb\"},\"inLanguage\":\"sv-SE\",\"potentialAction\":[{\"@type\":\"ReadAction\",\"target\":[\"https:\/\/www.in4mo.com\/support\/sv\/kontakt\/forsaljning\/\"]}]},{\"@type\":\"ImageObject\",\"inLanguage\":\"sv-SE\",\"@id\":\"https:\/\/www.in4mo.com\/support\/sv\/kontakt\/forsaljning\/#primaryimage\",\"url\":\"https:\/\/www.in4mo.com\/support\/wp-content\/uploads\/sites\/2\/sales.jpg\",\"contentUrl\":\"https:\/\/www.in4mo.com\/support\/wp-content\/uploads\/sites\/2\/sales.jpg\",\"width\":1920,\"height\":1080},{\"@type\":\"BreadcrumbList\",\"@id\":\"https:\/\/www.in4mo.com\/support\/sv\/kontakt\/forsaljning\/#breadcrumb\",\"itemListElement\":[{\"@type\":\"ListItem\",\"position\":1,\"name\":\"Home\",\"item\":\"https:\/\/www.in4mo.com\/support\/sv\/\"},{\"@type\":\"ListItem\",\"position\":2,\"name\":\"Kontakt\",\"item\":\"https:\/\/www.in4mo.com\/support\/sv\/contact\/\"},{\"@type\":\"ListItem\",\"position\":3,\"name\":\"F\u00f6rs\u00e4ljning\"}]},{\"@type\":\"WebSite\",\"@id\":\"https:\/\/www.in4mo.com\/support\/sv\/#website\",\"url\":\"https:\/\/www.in4mo.com\/support\/sv\/\",\"name\":\"In4mo Support\",\"description\":\"Insurance and Construction Software\",\"potentialAction\":[{\"@type\":\"SearchAction\",\"target\":{\"@type\":\"EntryPoint\",\"urlTemplate\":\"https:\/\/www.in4mo.com\/support\/sv\/?s={search_term_string}\"},\"query-input\":{\"@type\":\"PropertyValueSpecification\",\"valueRequired\":true,\"valueName\":\"search_term_string\"}}],\"inLanguage\":\"sv-SE\"}]}<\/script>\n<!-- \/ Yoast SEO plugin. -->","yoast_head_json":{"title":"F\u00f6rs\u00e4ljning - In4mo Support","description":"Intresserad? V\u00e4nligen kontakta v\u00e5rt s\u00e4ljteam.","robots":{"index":"index","follow":"follow","max-snippet":"max-snippet:-1","max-image-preview":"max-image-preview:large","max-video-preview":"max-video-preview:-1"},"canonical":"https:\/\/www.in4mo.com\/support\/sv\/kontakt\/forsaljning\/","og_locale":"sv_SE","og_type":"article","og_title":"F\u00f6rs\u00e4ljning - In4mo Support","og_description":"Intresserad? V\u00e4nligen kontakta v\u00e5rt s\u00e4ljteam.","og_url":"https:\/\/www.in4mo.com\/support\/sv\/kontakt\/forsaljning\/","og_site_name":"In4mo Support","article_modified_time":"2024-10-21T09:07:14+00:00","og_image":[{"width":1920,"height":1080,"url":"https:\/\/www.in4mo.com\/support\/wp-content\/uploads\/sites\/2\/sales.jpg","type":"image\/jpeg"}],"twitter_card":"summary_large_image","twitter_misc":{"Ber\u00e4knad l\u00e4stid":"1 minut"},"schema":{"@context":"https:\/\/schema.org","@graph":[{"@type":"WebPage","@id":"https:\/\/www.in4mo.com\/support\/sv\/kontakt\/forsaljning\/","url":"https:\/\/www.in4mo.com\/support\/sv\/kontakt\/forsaljning\/","name":"F\u00f6rs\u00e4ljning - In4mo Support","isPartOf":{"@id":"https:\/\/www.in4mo.com\/support\/sv\/#website"},"primaryImageOfPage":{"@id":"https:\/\/www.in4mo.com\/support\/sv\/kontakt\/forsaljning\/#primaryimage"},"image":{"@id":"https:\/\/www.in4mo.com\/support\/sv\/kontakt\/forsaljning\/#primaryimage"},"thumbnailUrl":"https:\/\/www.in4mo.com\/support\/wp-content\/uploads\/sites\/2\/sales.jpg","datePublished":"2024-04-10T10:16:54+00:00","dateModified":"2024-10-21T09:07:14+00:00","description":"Intresserad? V\u00e4nligen kontakta v\u00e5rt s\u00e4ljteam.","breadcrumb":{"@id":"https:\/\/www.in4mo.com\/support\/sv\/kontakt\/forsaljning\/#breadcrumb"},"inLanguage":"sv-SE","potentialAction":[{"@type":"ReadAction","target":["https:\/\/www.in4mo.com\/support\/sv\/kontakt\/forsaljning\/"]}]},{"@type":"ImageObject","inLanguage":"sv-SE","@id":"https:\/\/www.in4mo.com\/support\/sv\/kontakt\/forsaljning\/#primaryimage","url":"https:\/\/www.in4mo.com\/support\/wp-content\/uploads\/sites\/2\/sales.jpg","contentUrl":"https:\/\/www.in4mo.com\/support\/wp-content\/uploads\/sites\/2\/sales.jpg","width":1920,"height":1080},{"@type":"BreadcrumbList","@id":"https:\/\/www.in4mo.com\/support\/sv\/kontakt\/forsaljning\/#breadcrumb","itemListElement":[{"@type":"ListItem","position":1,"name":"Home","item":"https:\/\/www.in4mo.com\/support\/sv\/"},{"@type":"ListItem","position":2,"name":"Kontakt","item":"https:\/\/www.in4mo.com\/support\/sv\/contact\/"},{"@type":"ListItem","position":3,"name":"F\u00f6rs\u00e4ljning"}]},{"@type":"WebSite","@id":"https:\/\/www.in4mo.com\/support\/sv\/#website","url":"https:\/\/www.in4mo.com\/support\/sv\/","name":"In4mo Support","description":"Insurance and Construction Software","potentialAction":[{"@type":"SearchAction","target":{"@type":"EntryPoint","urlTemplate":"https:\/\/www.in4mo.com\/support\/sv\/?s={search_term_string}"},"query-input":{"@type":"PropertyValueSpecification","valueRequired":true,"valueName":"search_term_string"}}],"inLanguage":"sv-SE"}]}},"_links":{"self":[{"href":"https:\/\/www.in4mo.com\/support\/sv\/wp-json\/wp\/v2\/pages\/1733","targetHints":{"allow":["GET"]}}],"collection":[{"href":"https:\/\/www.in4mo.com\/support\/sv\/wp-json\/wp\/v2\/pages"}],"about":[{"href":"https:\/\/www.in4mo.com\/support\/sv\/wp-json\/wp\/v2\/types\/page"}],"author":[{"embeddable":true,"href":"https:\/\/www.in4mo.com\/support\/sv\/wp-json\/wp\/v2\/users\/1"}],"replies":[{"embeddable":true,"href":"https:\/\/www.in4mo.com\/support\/sv\/wp-json\/wp\/v2\/comments?post=1733"}],"version-history":[{"count":0,"href":"https:\/\/www.in4mo.com\/support\/sv\/wp-json\/wp\/v2\/pages\/1733\/revisions"}],"up":[{"embeddable":true,"href":"https:\/\/www.in4mo.com\/support\/sv\/wp-json\/wp\/v2\/pages\/1698"}],"wp:featuredmedia":[{"embeddable":true,"href":"https:\/\/www.in4mo.com\/support\/sv\/wp-json\/wp\/v2\/media\/1435"}],"wp:attachment":[{"href":"https:\/\/www.in4mo.com\/support\/sv\/wp-json\/wp\/v2\/media?parent=1733"}],"curies":[{"name":"wp","href":"https:\/\/api.w.org\/{rel}","templated":true}]}}