{"id":1789,"date":"2024-05-07T15:12:58","date_gmt":"2024-05-07T12:12:58","guid":{"rendered":"https:\/\/in4modevelopment.wp1.kotisivut.com\/losningar\/"},"modified":"2024-06-25T15:51:27","modified_gmt":"2024-06-25T12:51:27","slug":"losningar","status":"publish","type":"page","link":"https:\/\/www.in4mo.com\/support\/sv\/losningar\/","title":{"rendered":"L\u00f6sningar"},"content":{"rendered":"<section class=\"l-section wpb_row height_medium\" id=\"down\"><div class=\"l-section-h i-cf\"><div class=\"g-cols vc_row via_flex valign_top type_default stacking_default\"><div class=\"vc_col-sm-12 wpb_column vc_column_container\"><div class=\"vc_column-inner\"><div class=\"wpb_wrapper\"><div class=\"w-grid type_carousel layout_962 overflow_hidden\" id=\"us_grid_1\" style=\"--gap:0rem;\"><style>.layout_962 .w-grid-item-h{border-radius:0.1rem}.layout_962 .usg_vwrapper_1{position:absolute!important;left:0!important;bottom:0!important;right:0!important;background:linear-gradient(transparent,rgba(30,30,30,0.8))!important;padding:0% 7% 25% 7%!important}.layout_962 .usg_post_title_1{color:var(--color-content-link-hover)!important}@media (min-width:1023px) and (max-width:1380px){.layout_962 .usg_vwrapper_1{padding:0% 7% 25% 7%!important}}@media (min-width:601px) and (max-width:1022px){.layout_962 .usg_vwrapper_1{padding:0% 7% 25% 7%!important}}@media (max-width:600px){.layout_962 .usg_vwrapper_1{padding:0% 7% 25% 7%!important}}<\/style><div class=\"w-grid-list owl-carousel valign_stretch dotstyle_circle navstyle_block navpos_inside owl-responsive-2000 with_dots with_arrows\" style=\"--transition-duration:1000ms;--arrows-size:1.5rem;\">\t<article class=\"w-grid-item post-1415 attachment type-attachment status-inherit hentry\" data-id=\"1415\">\r\n\t\t<div class=\"w-grid-item-h\">\r\n\t\t\t\t\t\t<div class=\"w-post-elm post_image usg_post_image_1 has_ratio\"><img loading=\"lazy\" decoding=\"async\" width=\"1920\" height=\"1080\" src=\"https:\/\/www.in4mo.com\/support\/wp-content\/uploads\/sites\/2\/building-claims-small.jpg\" class=\"attachment-full size-full\" alt=\"\" srcset=\"https:\/\/www.in4mo.com\/support\/wp-content\/uploads\/sites\/2\/building-claims-small.jpg 1920w, https:\/\/www.in4mo.com\/support\/wp-content\/uploads\/sites\/2\/building-claims-small-300x169.jpg 300w, https:\/\/www.in4mo.com\/support\/wp-content\/uploads\/sites\/2\/building-claims-small-1024x576.jpg 1024w\" sizes=\"auto, (max-width: 1920px) 100vw, 1920px\" \/><div style=\"padding-bottom:56.25%\"><\/div><\/div><div class=\"w-vwrapper usg_vwrapper_1 align_center valign_top\"><h2 class=\"w-post-elm post_title usg_post_title_1 has_text_color entry-title color_link_inherit\"><a href=\"https:\/\/www.in4mo.com\/support\/sv\/programvara-for-fastighetsskador-och-renovering\/building-claims-small-2\/\">Building Claims<\/a><\/h2><\/div>\t\t<\/div>\r\n\t\t\t<\/article>\r\n\t<article class=\"w-grid-item post-1215 attachment type-attachment status-inherit hentry\" data-id=\"1215\">\r\n\t\t<div class=\"w-grid-item-h\">\r\n\t\t\t\t\t\t<div class=\"w-post-elm post_image usg_post_image_1 has_ratio\"><img loading=\"lazy\" decoding=\"async\" width=\"1920\" height=\"1080\" src=\"https:\/\/www.in4mo.com\/support\/wp-content\/uploads\/sites\/2\/contractor-pro-main.jpg\" class=\"attachment-full size-full\" alt=\"\" srcset=\"https:\/\/www.in4mo.com\/support\/wp-content\/uploads\/sites\/2\/contractor-pro-main.jpg 1920w, https:\/\/www.in4mo.com\/support\/wp-content\/uploads\/sites\/2\/contractor-pro-main-300x169.jpg 300w, https:\/\/www.in4mo.com\/support\/wp-content\/uploads\/sites\/2\/contractor-pro-main-1024x576.jpg 1024w\" sizes=\"auto, (max-width: 1920px) 100vw, 1920px\" \/><div style=\"padding-bottom:56.25%\"><\/div><\/div><div class=\"w-vwrapper usg_vwrapper_1 align_center valign_top\"><h2 class=\"w-post-elm post_title usg_post_title_1 has_text_color entry-title color_link_inherit\"><a href=\"https:\/\/www.in4mo.com\/support\/sv\/programvara-for-fastighetsskador-och-renovering\/contractor-pro-main-2\/\">Contractor Pro<\/a><\/h2><\/div>\t\t<\/div>\r\n\t\t\t<\/article>\r\n\t<article class=\"w-grid-item post-1570 attachment type-attachment status-inherit hentry\" data-id=\"1570\">\r\n\t\t<div class=\"w-grid-item-h\">\r\n\t\t\t\t\t\t<div class=\"w-post-elm post_image usg_post_image_1 has_ratio\"><img loading=\"lazy\" decoding=\"async\" width=\"1920\" height=\"1080\" src=\"https:\/\/www.in4mo.com\/support\/wp-content\/uploads\/sites\/2\/emission2.jpg\" class=\"attachment-full size-full\" alt=\"\" srcset=\"https:\/\/www.in4mo.com\/support\/wp-content\/uploads\/sites\/2\/emission2.jpg 1920w, https:\/\/www.in4mo.com\/support\/wp-content\/uploads\/sites\/2\/emission2-300x169.jpg 300w, https:\/\/www.in4mo.com\/support\/wp-content\/uploads\/sites\/2\/emission2-1024x576.jpg 1024w\" sizes=\"auto, (max-width: 1920px) 100vw, 1920px\" \/><div style=\"padding-bottom:56.25%\"><\/div><\/div><div class=\"w-vwrapper usg_vwrapper_1 align_center valign_top\"><h2 class=\"w-post-elm post_title usg_post_title_1 has_text_color entry-title color_link_inherit\"><a href=\"https:\/\/www.in4mo.com\/support\/sv\/programvara-for-fastighetsskador-och-renovering\/emission2-2\/\">Emission Estimatics<\/a><\/h2><\/div>\t\t<\/div>\r\n\t\t\t<\/article>\r\n<\/div>\t<div class=\"g-preloader type_1\">\r\n\t\t<div><\/div>\r\n\t<\/div>\r\n\t\t<div class=\"w-grid-json hidden\" onclick='return {&quot;action&quot;:&quot;us_ajax_grid&quot;,&quot;infinite_scroll&quot;:0,&quot;max_num_pages&quot;:1,&quot;pagination&quot;:&quot;none&quot;,&quot;template_vars&quot;:{&quot;columns&quot;:&quot;&quot;,&quot;exclude_items&quot;:&quot;none&quot;,&quot;img_size&quot;:&quot;full&quot;,&quot;ignore_items_size&quot;:0,&quot;items_layout&quot;:&quot;962&quot;,&quot;items_offset&quot;:&quot;0px&quot;,&quot;load_animation&quot;:&quot;none&quot;,&quot;overriding_link&quot;:&quot;%7B%22type%22%3A%22custom_field%22%2C%22custom_field%22%3A%22us_attachment_link%22%7D&quot;,&quot;post_id&quot;:0,&quot;query_args&quot;:{&quot;post_type&quot;:[&quot;attachment&quot;],&quot;post__in&quot;:[&quot;560&quot;,&quot;248&quot;,&quot;772&quot;],&quot;post_status&quot;:&quot;inherit&quot;,&quot;post_mime_type&quot;:&quot;image&quot;,&quot;posts_per_page&quot;:&quot;10&quot;},&quot;orderby_query_args&quot;:{&quot;orderby&quot;:{&quot;post__in&quot;:&quot;ASC&quot;},&quot;order&quot;:&quot;ASC&quot;},&quot;type&quot;:&quot;carousel&quot;,&quot;us_grid_post_type&quot;:&quot;attachment&quot;,&quot;us_grid_ajax_index&quot;:1,&quot;us_grid_filter_query_string&quot;:null,&quot;us_grid_index&quot;:1,&quot;page_args&quot;:[],&quot;lang&quot;:&quot;sv&quot;},&quot;carousel_settings&quot;:{&quot;aria_labels&quot;:{&quot;prev&quot;:&quot;F\\u00f6reg\\u00e5ende&quot;,&quot;next&quot;:&quot;N\\u00e4sta&quot;},&quot;autoplayContinual&quot;:false,&quot;autoplayHoverPause&quot;:false,&quot;autoplayTimeout&quot;:3000,&quot;fluidSpeed&quot;:1000,&quot;margin&quot;:0,&quot;mouseDrag&quot;:true,&quot;slideBy&quot;:&quot;1&quot;,&quot;touchDrag&quot;:true,&quot;slideTransition&quot;:&quot;&quot;,&quot;responsive&quot;:{&quot;0&quot;:{&quot;autoHeight&quot;:false,&quot;autoplay&quot;:true,&quot;autoWidth&quot;:false,&quot;center&quot;:false,&quot;dots&quot;:true,&quot;items&quot;:1,&quot;loop&quot;:true,&quot;nav&quot;:false,&quot;stagePadding&quot;:0},&quot;601&quot;:{&quot;autoHeight&quot;:false,&quot;autoplay&quot;:true,&quot;autoWidth&quot;:false,&quot;center&quot;:false,&quot;dots&quot;:true,&quot;items&quot;:1,&quot;loop&quot;:true,&quot;nav&quot;:true,&quot;stagePadding&quot;:0},&quot;1023&quot;:{&quot;autoHeight&quot;:false,&quot;autoplay&quot;:true,&quot;autoWidth&quot;:false,&quot;center&quot;:false,&quot;dots&quot;:true,&quot;items&quot;:1,&quot;loop&quot;:true,&quot;nav&quot;:true,&quot;stagePadding&quot;:0},&quot;1381&quot;:{&quot;items&quot;:1,&quot;autoplay&quot;:true,&quot;center&quot;:false,&quot;dots&quot;:true,&quot;nav&quot;:true,&quot;autoHeight&quot;:false,&quot;autoWidth&quot;:false,&quot;loop&quot;:true,&quot;stagePadding&quot;:0}}}}'><\/div>\r\n\t<\/div><\/div><\/div><\/div><\/div><\/div><\/section>\n","protected":false},"excerpt":{"rendered":"","protected":false},"author":1,"featured_media":1255,"parent":0,"menu_order":2,"comment_status":"closed","ping_status":"closed","template":"","meta":{"footnotes":""},"class_list":["post-1789","page","type-page","status-publish","has-post-thumbnail","hentry"],"acf":[],"yoast_head":"<!-- This site is optimized with the Yoast SEO plugin v26.3 - https:\/\/yoast.com\/wordpress\/plugins\/seo\/ -->\n<title>L\u00f6sningar - In4mo Support<\/title>\n<meta name=\"description\" content=\"Programvara f\u00f6r fastighetsskador och renovering som du kan lita p\u00e5.\" \/>\n<meta name=\"robots\" content=\"index, follow, max-snippet:-1, max-image-preview:large, max-video-preview:-1\" \/>\n<link rel=\"canonical\" href=\"https:\/\/www.in4mo.com\/support\/sv\/losningar\/\" \/>\n<meta property=\"og:locale\" content=\"sv_SE\" \/>\n<meta property=\"og:type\" content=\"article\" \/>\n<meta property=\"og:title\" content=\"L\u00f6sningar - In4mo Support\" \/>\n<meta property=\"og:description\" content=\"Programvara f\u00f6r fastighetsskador och renovering som du kan lita p\u00e5.\" \/>\n<meta property=\"og:url\" content=\"https:\/\/www.in4mo.com\/support\/sv\/losningar\/\" \/>\n<meta property=\"og:site_name\" content=\"In4mo Support\" \/>\n<meta property=\"article:modified_time\" content=\"2024-06-25T12:51:27+00:00\" \/>\n<meta property=\"og:image\" content=\"https:\/\/www.in4mo.com\/support\/wp-content\/uploads\/sites\/2\/quality-software.jpg\" \/>\n\t<meta property=\"og:image:width\" content=\"1920\" \/>\n\t<meta property=\"og:image:height\" content=\"1080\" \/>\n\t<meta property=\"og:image:type\" content=\"image\/jpeg\" \/>\n<meta name=\"twitter:card\" content=\"summary_large_image\" \/>\n<meta name=\"twitter:label1\" content=\"Ber\u00e4knad l\u00e4stid\" \/>\n\t<meta name=\"twitter:data1\" content=\"1 minut\" \/>\n<script type=\"application\/ld+json\" class=\"yoast-schema-graph\">{\"@context\":\"https:\/\/schema.org\",\"@graph\":[{\"@type\":\"WebPage\",\"@id\":\"https:\/\/www.in4mo.com\/support\/sv\/losningar\/\",\"url\":\"https:\/\/www.in4mo.com\/support\/sv\/losningar\/\",\"name\":\"L\u00f6sningar - In4mo Support\",\"isPartOf\":{\"@id\":\"https:\/\/www.in4mo.com\/support\/sv\/#website\"},\"primaryImageOfPage\":{\"@id\":\"https:\/\/www.in4mo.com\/support\/sv\/losningar\/#primaryimage\"},\"image\":{\"@id\":\"https:\/\/www.in4mo.com\/support\/sv\/losningar\/#primaryimage\"},\"thumbnailUrl\":\"https:\/\/www.in4mo.com\/support\/wp-content\/uploads\/sites\/2\/quality-software.jpg\",\"datePublished\":\"2024-05-07T12:12:58+00:00\",\"dateModified\":\"2024-06-25T12:51:27+00:00\",\"description\":\"Programvara f\u00f6r fastighetsskador och renovering som du kan lita p\u00e5.\",\"breadcrumb\":{\"@id\":\"https:\/\/www.in4mo.com\/support\/sv\/losningar\/#breadcrumb\"},\"inLanguage\":\"sv-SE\",\"potentialAction\":[{\"@type\":\"ReadAction\",\"target\":[\"https:\/\/www.in4mo.com\/support\/sv\/losningar\/\"]}]},{\"@type\":\"ImageObject\",\"inLanguage\":\"sv-SE\",\"@id\":\"https:\/\/www.in4mo.com\/support\/sv\/losningar\/#primaryimage\",\"url\":\"https:\/\/www.in4mo.com\/support\/wp-content\/uploads\/sites\/2\/quality-software.jpg\",\"contentUrl\":\"https:\/\/www.in4mo.com\/support\/wp-content\/uploads\/sites\/2\/quality-software.jpg\",\"width\":1920,\"height\":1080,\"caption\":\"V\u00e5r ber\u00e4ttelse\"},{\"@type\":\"BreadcrumbList\",\"@id\":\"https:\/\/www.in4mo.com\/support\/sv\/losningar\/#breadcrumb\",\"itemListElement\":[{\"@type\":\"ListItem\",\"position\":1,\"name\":\"Home\",\"item\":\"https:\/\/www.in4mo.com\/support\/sv\/\"},{\"@type\":\"ListItem\",\"position\":2,\"name\":\"L\u00f6sningar\"}]},{\"@type\":\"WebSite\",\"@id\":\"https:\/\/www.in4mo.com\/support\/sv\/#website\",\"url\":\"https:\/\/www.in4mo.com\/support\/sv\/\",\"name\":\"In4mo Support\",\"description\":\"Insurance and Construction Software\",\"potentialAction\":[{\"@type\":\"SearchAction\",\"target\":{\"@type\":\"EntryPoint\",\"urlTemplate\":\"https:\/\/www.in4mo.com\/support\/sv\/?s={search_term_string}\"},\"query-input\":{\"@type\":\"PropertyValueSpecification\",\"valueRequired\":true,\"valueName\":\"search_term_string\"}}],\"inLanguage\":\"sv-SE\"}]}<\/script>\n<!-- \/ Yoast SEO plugin. -->","yoast_head_json":{"title":"L\u00f6sningar - In4mo Support","description":"Programvara f\u00f6r fastighetsskador och renovering som du kan lita p\u00e5.","robots":{"index":"index","follow":"follow","max-snippet":"max-snippet:-1","max-image-preview":"max-image-preview:large","max-video-preview":"max-video-preview:-1"},"canonical":"https:\/\/www.in4mo.com\/support\/sv\/losningar\/","og_locale":"sv_SE","og_type":"article","og_title":"L\u00f6sningar - In4mo Support","og_description":"Programvara f\u00f6r fastighetsskador och renovering som du kan lita p\u00e5.","og_url":"https:\/\/www.in4mo.com\/support\/sv\/losningar\/","og_site_name":"In4mo Support","article_modified_time":"2024-06-25T12:51:27+00:00","og_image":[{"width":1920,"height":1080,"url":"https:\/\/www.in4mo.com\/support\/wp-content\/uploads\/sites\/2\/quality-software.jpg","type":"image\/jpeg"}],"twitter_card":"summary_large_image","twitter_misc":{"Ber\u00e4knad l\u00e4stid":"1 minut"},"schema":{"@context":"https:\/\/schema.org","@graph":[{"@type":"WebPage","@id":"https:\/\/www.in4mo.com\/support\/sv\/losningar\/","url":"https:\/\/www.in4mo.com\/support\/sv\/losningar\/","name":"L\u00f6sningar - In4mo Support","isPartOf":{"@id":"https:\/\/www.in4mo.com\/support\/sv\/#website"},"primaryImageOfPage":{"@id":"https:\/\/www.in4mo.com\/support\/sv\/losningar\/#primaryimage"},"image":{"@id":"https:\/\/www.in4mo.com\/support\/sv\/losningar\/#primaryimage"},"thumbnailUrl":"https:\/\/www.in4mo.com\/support\/wp-content\/uploads\/sites\/2\/quality-software.jpg","datePublished":"2024-05-07T12:12:58+00:00","dateModified":"2024-06-25T12:51:27+00:00","description":"Programvara f\u00f6r fastighetsskador och renovering som du kan lita p\u00e5.","breadcrumb":{"@id":"https:\/\/www.in4mo.com\/support\/sv\/losningar\/#breadcrumb"},"inLanguage":"sv-SE","potentialAction":[{"@type":"ReadAction","target":["https:\/\/www.in4mo.com\/support\/sv\/losningar\/"]}]},{"@type":"ImageObject","inLanguage":"sv-SE","@id":"https:\/\/www.in4mo.com\/support\/sv\/losningar\/#primaryimage","url":"https:\/\/www.in4mo.com\/support\/wp-content\/uploads\/sites\/2\/quality-software.jpg","contentUrl":"https:\/\/www.in4mo.com\/support\/wp-content\/uploads\/sites\/2\/quality-software.jpg","width":1920,"height":1080,"caption":"V\u00e5r ber\u00e4ttelse"},{"@type":"BreadcrumbList","@id":"https:\/\/www.in4mo.com\/support\/sv\/losningar\/#breadcrumb","itemListElement":[{"@type":"ListItem","position":1,"name":"Home","item":"https:\/\/www.in4mo.com\/support\/sv\/"},{"@type":"ListItem","position":2,"name":"L\u00f6sningar"}]},{"@type":"WebSite","@id":"https:\/\/www.in4mo.com\/support\/sv\/#website","url":"https:\/\/www.in4mo.com\/support\/sv\/","name":"In4mo Support","description":"Insurance and Construction Software","potentialAction":[{"@type":"SearchAction","target":{"@type":"EntryPoint","urlTemplate":"https:\/\/www.in4mo.com\/support\/sv\/?s={search_term_string}"},"query-input":{"@type":"PropertyValueSpecification","valueRequired":true,"valueName":"search_term_string"}}],"inLanguage":"sv-SE"}]}},"_links":{"self":[{"href":"https:\/\/www.in4mo.com\/support\/sv\/wp-json\/wp\/v2\/pages\/1789","targetHints":{"allow":["GET"]}}],"collection":[{"href":"https:\/\/www.in4mo.com\/support\/sv\/wp-json\/wp\/v2\/pages"}],"about":[{"href":"https:\/\/www.in4mo.com\/support\/sv\/wp-json\/wp\/v2\/types\/page"}],"author":[{"embeddable":true,"href":"https:\/\/www.in4mo.com\/support\/sv\/wp-json\/wp\/v2\/users\/1"}],"replies":[{"embeddable":true,"href":"https:\/\/www.in4mo.com\/support\/sv\/wp-json\/wp\/v2\/comments?post=1789"}],"version-history":[{"count":0,"href":"https:\/\/www.in4mo.com\/support\/sv\/wp-json\/wp\/v2\/pages\/1789\/revisions"}],"wp:featuredmedia":[{"embeddable":true,"href":"https:\/\/www.in4mo.com\/support\/sv\/wp-json\/wp\/v2\/media\/1255"}],"wp:attachment":[{"href":"https:\/\/www.in4mo.com\/support\/sv\/wp-json\/wp\/v2\/media?parent=1789"}],"curies":[{"name":"wp","href":"https:\/\/api.w.org\/{rel}","templated":true}]}}