{"id":7660,"date":"2024-06-03T10:43:22","date_gmt":"2024-06-03T07:43:22","guid":{"rendered":"https:\/\/in4mostg.wpenginepowered.com\/support\/in4mo-stod\/"},"modified":"2026-03-09T16:53:17","modified_gmt":"2026-03-09T14:53:17","slug":"in4mo-stod","status":"publish","type":"page","link":"https:\/\/www.in4mo.com\/support\/sv\/","title":{"rendered":"in4mo St\u00f6d"},"content":{"rendered":"<section class=\"l-section wpb_row height_huge color_primary with_img\"><div class=\"l-section-img\" role=\"img\" data-img-width=\"1920\" data-img-height=\"1080\" style=\"background-image: url(https:\/\/www.in4mo.com\/support\/wp-content\/uploads\/sites\/2\/customer-service-1.jpg);background-position: bottom right;background-repeat: no-repeat;\"><\/div><div class=\"l-section-overlay\" style=\"background:rgba(0,0,0,0.15)\"><\/div><div class=\"l-section-h i-cf\"><div class=\"g-cols vc_row via_flex valign_top type_default reversed stacking_default\"><div class=\"vc_col-sm-2 wpb_column vc_column_container\"><div class=\"vc_column-inner\"><div class=\"wpb_wrapper\"><div class=\"w-iconbox us_custom_8f2ba1f4 us_animate_this iconpos_top style_default color_primary align_center no_text icontype_img\"><a href=\"https:\/\/www.in4mo.com\/support\/sv\/topic\/faq-sv\/\" class=\"w-iconbox-link\" aria-label=\"FAQ\"><div class=\"w-iconbox-icon\" style=\"font-size:160px;\"><img loading=\"lazy\" decoding=\"async\" width=\"640\" height=\"640\" src=\"https:\/\/www.in4mo.com\/support\/wp-content\/uploads\/sites\/2\/faq-1.png\" class=\"attachment-full size-full\" alt=\"FAQ\" srcset=\"https:\/\/www.in4mo.com\/support\/wp-content\/uploads\/sites\/2\/faq-1.png 640w, https:\/\/www.in4mo.com\/support\/wp-content\/uploads\/sites\/2\/faq-1-300x300.png 300w, https:\/\/www.in4mo.com\/support\/wp-content\/uploads\/sites\/2\/faq-1-150x150.png 150w\" sizes=\"auto, (max-width: 640px) 100vw, 640px\" \/><\/div><\/a><div class=\"w-iconbox-meta\"><a href=\"https:\/\/www.in4mo.com\/support\/sv\/topic\/faq-sv\/\" class=\"w-iconbox-link\" aria-label=\"FAQ\"><h5 class=\"w-iconbox-title\" style=\"font-size:18px;\">FAQ<\/h5><\/a><\/div><\/div><\/div><\/div><\/div><div class=\"vc_col-sm-10 wpb_column vc_column_container\"><div class=\"vc_column-inner\"><div class=\"wpb_wrapper\"><h1 class=\"w-text\"><span class=\"w-text-h\"><span class=\"w-text-value\">in4mo Support<\/span><\/span><\/h1><div class=\"g-cols wpb_row via_flex valign_top type_default stacking_default\"><div class=\"vc_col-sm-6 wpb_column vc_column_container\"><div class=\"vc_column-inner\"><div class=\"wpb_wrapper\"><div class=\"w-search layout_simple iconpos_right\"><div class=\"w-search-form\"><form class=\"w-form-row for_text\" role=\"search\" action=\"https:\/\/www.in4mo.com\/support\/sv\/\" method=\"get\"><div class=\"w-form-row-field\"><input type=\"text\" name=\"s\" placeholder=\"S\u00f6k\" aria-label=\"S\u00f6k\" value\/><input type=\"hidden\" name=\"lang\" value=\"sv\" \/><\/div><button class=\"w-search-form-btn w-btn\" type=\"submit\" aria-label=\"S\u00f6k\" style=\"--icon-size:18px;\"><i class=\"fas fa-search\"><\/i><\/button><\/form><\/div><\/div><\/div><\/div><\/div><div class=\"vc_col-sm-6 wpb_column vc_column_container\"><div class=\"vc_column-inner\"><div class=\"wpb_wrapper\"><\/div><\/div><\/div><\/div><\/div><\/div><\/div><\/div><\/div><\/section><section class=\"l-section wpb_row height_small\"><div class=\"l-section-h i-cf\"><div class=\"g-cols vc_row via_flex valign_top type_default stacking_default\" style=\"--additional-gap:1.5rem;\"><div class=\"vc_col-sm-12 wpb_column vc_column_container\"><div class=\"vc_column-inner\"><div class=\"wpb_wrapper\"><div class=\"w-separator size_medium with_line width_default thick_1 style_solid color_border align_center with_text with_content\"><div class=\"w-separator-h\"><h5 class=\"w-separator-text\"><span>Roller<\/span><\/h5><\/div><\/div><div class=\"g-cols wpb_row tila via_flex valign_top type_default stacking_default\"><div class=\"vc_col-sm-1\/5 wpb_column vc_column_container\"><div class=\"vc_column-inner\"><div class=\"wpb_wrapper\"><div class=\"w-iconbox iconpos_top style_default color_custom align_center no_text\"><a href=\"\/support\/sv\/type\/generellt\/\" class=\"w-iconbox-link\" aria-label=\"Generellt\"><div class=\"w-iconbox-icon\" style=\"font-size:2.5rem;--icon-color:var(--color-content-primary);--icon-bg-color:var(--color-content-border);\"><i class=\"fas fa-cog\"><\/i><\/div><\/a><div class=\"w-iconbox-meta\"><a href=\"\/support\/sv\/type\/generellt\/\" class=\"w-iconbox-link\" aria-label=\"Generellt\"><h5 class=\"w-iconbox-title\" style=\"font-size:15px;\">Generellt<\/h5><\/a><\/div><\/div><\/div><\/div><\/div><div class=\"vc_col-sm-1\/5 wpb_column vc_column_container\"><div class=\"vc_column-inner\"><div class=\"wpb_wrapper\"><div class=\"w-iconbox iconpos_top style_default color_custom align_center no_text\"><a href=\"\/support\/sv\/type\/inspektor\/\" class=\"w-iconbox-link\" aria-label=\"Inspekt\u00f6r\"><div class=\"w-iconbox-icon\" style=\"font-size:2.5rem;--icon-color:var(--color-content-primary);--icon-bg-color:var(--color-content-border);\"><i class=\"fas fa-book-open\"><\/i><\/div><\/a><div class=\"w-iconbox-meta\"><a href=\"\/support\/sv\/type\/inspektor\/\" class=\"w-iconbox-link\" aria-label=\"Inspekt\u00f6r\"><h5 class=\"w-iconbox-title\" style=\"font-size:15px;\">Inspekt\u00f6r<\/h5><\/a><\/div><\/div><\/div><\/div><\/div><div class=\"vc_col-sm-1\/5 wpb_column vc_column_container\"><div class=\"vc_column-inner\"><div class=\"wpb_wrapper\"><div class=\"w-iconbox iconpos_top style_default color_custom align_center no_text\"><a href=\"\/support\/sv\/type\/projektledare\/\" class=\"w-iconbox-link\" aria-label=\"Projektledare\"><div class=\"w-iconbox-icon\" style=\"font-size:2.5rem;--icon-color:var(--color-content-primary);--icon-bg-color:var(--color-content-border);\"><i class=\"fas fa-user-check\"><\/i><\/div><\/a><div class=\"w-iconbox-meta\"><a href=\"\/support\/sv\/type\/projektledare\/\" class=\"w-iconbox-link\" aria-label=\"Projektledare\"><h5 class=\"w-iconbox-title\" style=\"font-size:15px;\">Projektledare<\/h5><\/a><\/div><\/div><\/div><\/div><\/div><div class=\"vc_col-sm-1\/5 wpb_column vc_column_container\"><div class=\"vc_column-inner\"><div class=\"wpb_wrapper\"><div class=\"w-iconbox iconpos_top style_default color_custom align_center no_text\"><a href=\"\/support\/sv\/type\/hantverkare\/\" class=\"w-iconbox-link\" aria-label=\"Hantverkare\"><div class=\"w-iconbox-icon\" style=\"font-size:2.5rem;--icon-color:var(--color-content-primary);--icon-bg-color:var(--color-content-border);\"><i class=\"fas fa-user-hard-hat\"><\/i><\/div><\/a><div class=\"w-iconbox-meta\"><a href=\"\/support\/sv\/type\/hantverkare\/\" class=\"w-iconbox-link\" aria-label=\"Hantverkare\"><h5 class=\"w-iconbox-title\" style=\"font-size:15px;\">Hantverkare<\/h5><\/a><\/div><\/div><\/div><\/div><\/div><div class=\"vc_col-sm-1\/5 wpb_column vc_column_container\"><div class=\"vc_column-inner\"><div class=\"wpb_wrapper\"><div class=\"w-iconbox iconpos_top style_default color_custom align_center no_text\"><a href=\"\/support\/sv\/type\/foretagsadministration\/\" class=\"w-iconbox-link\" aria-label=\"F\u00f6retagsadministration\"><div class=\"w-iconbox-icon\" style=\"font-size:2.5rem;--icon-color:var(--color-content-primary);--icon-bg-color:var(--color-content-border);\"><i class=\"fas fa-desktop\"><\/i><\/div><\/a><div class=\"w-iconbox-meta\"><a href=\"\/support\/sv\/type\/foretagsadministration\/\" class=\"w-iconbox-link\" aria-label=\"F\u00f6retagsadministration\"><h5 class=\"w-iconbox-title\" style=\"font-size:15px;\">F\u00f6retagsadministration<\/h5><\/a><\/div><\/div><\/div><\/div><\/div><\/div><div class=\"w-separator size_custom\" style=\"height:10px\"><\/div><div class=\"w-separator size_medium with_line width_default thick_1 style_solid color_border align_center with_text with_content\"><div class=\"w-separator-h\"><h5 class=\"w-separator-text\"><span>Tj\u00e4nster<\/span><\/h5><\/div><\/div><div class=\"g-cols wpb_row tila via_flex valign_top type_default stacking_default\"><div class=\"vc_col-sm-1\/5 wpb_column vc_column_container\"><div class=\"vc_column-inner\"><div class=\"wpb_wrapper\"><div class=\"w-iconbox iconpos_top style_default color_custom align_center no_text\"><a href=\"\/support\/sv\/type\/building-claims-sv\/\" class=\"w-iconbox-link\" aria-label=\"Building Claims\"><div class=\"w-iconbox-icon\" style=\"font-size:2.5rem;--icon-color:#000000;--icon-bg-color:var(--color-content-border);\"><i class=\"fas fa-wrench\"><\/i><\/div><\/a><div class=\"w-iconbox-meta\"><a href=\"\/support\/sv\/type\/building-claims-sv\/\" class=\"w-iconbox-link\" aria-label=\"Building Claims\"><h5 class=\"w-iconbox-title\" style=\"font-size:15px;\">Building Claims<\/h5><\/a><\/div><\/div><\/div><\/div><\/div><div class=\"vc_col-sm-1\/5 wpb_column vc_column_container\"><div class=\"vc_column-inner\"><div class=\"wpb_wrapper\"><div class=\"w-iconbox iconpos_top style_default color_custom align_center no_text\"><a href=\"\/support\/sv\/type\/contractor-2-sv\/\" class=\"w-iconbox-link\" aria-label=\"Contractor\"><div class=\"w-iconbox-icon\" style=\"font-size:2.5rem;--icon-color:var(--color-content-primary);--icon-bg-color:var(--color-content-border);\"><i class=\"fas fa-cog\"><\/i><\/div><\/a><div class=\"w-iconbox-meta\"><a href=\"\/support\/sv\/type\/contractor-2-sv\/\" class=\"w-iconbox-link\" aria-label=\"Contractor\"><h5 class=\"w-iconbox-title\" style=\"font-size:15px;\">Contractor<\/h5><\/a><\/div><\/div><\/div><\/div><\/div><div class=\"vc_col-sm-1\/5 wpb_column vc_column_container\"><div class=\"vc_column-inner\"><div class=\"wpb_wrapper\"><div class=\"w-iconbox iconpos_top style_default color_custom align_center no_text\"><a href=\"\/support\/sv\/type\/task-reporter-2-sv\/\" class=\"w-iconbox-link\" aria-label=\"Task Reporter\"><div class=\"w-iconbox-icon\" style=\"font-size:2.5rem;--icon-color:var(--color-content-primary);--icon-bg-color:var(--color-content-border);\"><i class=\"fas fa-mobile-android-alt\"><\/i><\/div><\/a><div class=\"w-iconbox-meta\"><a href=\"\/support\/sv\/type\/task-reporter-2-sv\/\" class=\"w-iconbox-link\" aria-label=\"Task Reporter\"><h5 class=\"w-iconbox-title\" style=\"font-size:15px;\">Task Reporter<\/h5><\/a><\/div><\/div><\/div><\/div><\/div><div class=\"vc_col-sm-1\/5 wpb_column vc_column_container\"><div class=\"vc_column-inner\"><div class=\"wpb_wrapper\"><div class=\"w-iconbox iconpos_top style_default color_custom align_center no_text\"><a href=\"\/support\/sv\/type\/icc-2-sv\/\" class=\"w-iconbox-link\" aria-label=\"iCC\"><div class=\"w-iconbox-icon\" style=\"font-size:2.5rem;--icon-color:var(--color-content-primary);--icon-bg-color:var(--color-content-border);\"><i class=\"fas fa-file-chart-line\"><\/i><\/div><\/a><div class=\"w-iconbox-meta\"><a href=\"\/support\/sv\/type\/icc-2-sv\/\" class=\"w-iconbox-link\" aria-label=\"iCC\"><h5 class=\"w-iconbox-title\" style=\"font-size:15px;\">iCC<\/h5><\/a><\/div><\/div><\/div><\/div><\/div><div class=\"vc_col-sm-1\/5 wpb_column vc_column_container\"><div class=\"vc_column-inner\"><div class=\"wpb_wrapper\"><div class=\"w-iconbox iconpos_top style_default color_custom align_center no_text\"><a href=\"\/support\/sv\/type\/irv-2-sv\/\" class=\"w-iconbox-link\" aria-label=\"iRV\"><div class=\"w-iconbox-icon\" style=\"font-size:2.5rem;--icon-color:#000000;--icon-bg-color:var(--color-content-border);\"><i class=\"fas fa-video\"><\/i><\/div><\/a><div class=\"w-iconbox-meta\"><a href=\"\/support\/sv\/type\/irv-2-sv\/\" class=\"w-iconbox-link\" aria-label=\"iRV\"><h5 class=\"w-iconbox-title\" style=\"font-size:15px;\">iRV<\/h5><\/a><\/div><\/div><\/div><\/div><\/div><\/div><div class=\"g-cols wpb_row us_custom_af6a9b6a tila via_flex valign_top type_default stacking_default\"><div class=\"vc_col-sm-1\/5 wpb_column vc_column_container\"><div class=\"vc_column-inner\"><div class=\"wpb_wrapper\"><\/div><\/div><\/div><div class=\"vc_col-sm-1\/5 wpb_column vc_column_container\"><div class=\"vc_column-inner\"><div class=\"wpb_wrapper\"><div class=\"w-iconbox iconpos_top style_default color_custom align_center no_text\"><a href=\"\/support\/sv\/type\/utbildning-certifiering\/\" class=\"w-iconbox-link\" aria-label=\"Utbildning &amp; Certifiering\"><div class=\"w-iconbox-icon\" style=\"font-size:2.5rem;--icon-color:var(--color-content-primary);--icon-bg-color:var(--color-content-border);\"><i class=\"fas fa-file-certificate\"><\/i><\/div><\/a><div class=\"w-iconbox-meta\"><a href=\"\/support\/sv\/type\/utbildning-certifiering\/\" class=\"w-iconbox-link\" aria-label=\"Utbildning &amp; Certifiering\"><h5 class=\"w-iconbox-title\" style=\"font-size:15px;\">Utbildning &amp; Certifiering<\/h5><\/a><\/div><\/div><\/div><\/div><\/div><div class=\"vc_col-sm-1\/5 wpb_column vc_column_container\"><div class=\"vc_column-inner\"><div class=\"wpb_wrapper\"><\/div><\/div><\/div><div class=\"vc_col-sm-1\/5 wpb_column vc_column_container\"><div class=\"vc_column-inner\"><div class=\"wpb_wrapper\"><div class=\"w-iconbox iconpos_top style_default color_custom align_center no_text\"><a href=\"\/support\/sv\/type\/emission-estimatics-sv\/\" class=\"w-iconbox-link\" aria-label=\"Emission Estimatics\"><div class=\"w-iconbox-icon\" style=\"font-size:2.5rem;--icon-color:var(--color-content-primary);--icon-bg-color:var(--color-content-border);\"><i class=\"fas fa-hand-holding-seedling\"><\/i><\/div><\/a><div class=\"w-iconbox-meta\"><a href=\"\/support\/sv\/type\/emission-estimatics-sv\/\" class=\"w-iconbox-link\" aria-label=\"Emission Estimatics\"><h5 class=\"w-iconbox-title\" style=\"font-size:15px;\">Emission Estimatics<\/h5><\/a><\/div><\/div><\/div><\/div><\/div><div class=\"vc_col-sm-1\/5 wpb_column vc_column_container\"><div class=\"vc_column-inner\"><div class=\"wpb_wrapper\"><\/div><\/div><\/div><\/div><\/div><\/div><\/div><\/div><\/div><\/section><section class=\"l-section wpb_row height_medium color_alternate\"><div class=\"l-section-h i-cf\"><div class=\"g-cols vc_row via_flex valign_top type_default stacking_default\"><div class=\"vc_col-sm-4 wpb_column vc_column_container\"><div class=\"vc_column-inner us_custom_6ca4cc5f\"><div class=\"wpb_wrapper\"><h5 class=\"w-text\"><span class=\"w-text-h\"><span class=\"w-text-value\">Polul\u00e4ra artiklar<\/span><\/span><\/h5><div class=\"w-html\">    <div class=\"sidebarListing sidebarListing-articles\">\n        <h5 class=\"sidebarListing_title\"><\/h5>\n\n                    <div class=\"sidebarListing_item\">\n                <a href=\"https:\/\/www.in4mo.com\/support\/sv\/resources\/authorities-and-roles-in-in4mo-user-guide-2\/\">Beh\u00f6righetsniv\u00e5er och roller i in4mo &#8211; Instruktioner<\/a>\n            <\/div>\n                    <div class=\"sidebarListing_item\">\n                <a href=\"https:\/\/www.in4mo.com\/support\/sv\/resources\/inspections-user-guide-2\/\">Besiktningar<\/a>\n            <\/div>\n                    <div class=\"sidebarListing_item\">\n                <a href=\"https:\/\/www.in4mo.com\/support\/sv\/resources\/external-case-handler-user-guide\/\">Extern handl\u00e4ggare \u2013 Instruktioner<\/a>\n            <\/div>\n                    <div class=\"sidebarListing_item\">\n                <a href=\"https:\/\/www.in4mo.com\/support\/sv\/resources\/partner-admin-user-guide-2\/\">F\u00f6retagets administrat\u00f6r<\/a>\n            <\/div>\n                    <div class=\"sidebarListing_item\">\n                <a href=\"https:\/\/www.in4mo.com\/support\/sv\/resources\/property-renovation-and-damage-restoration-with-in4mo-contractor-pro-video-4\/\">Hantera renoveringar och \u00e5terst\u00e4llningar med in4mo Contractor Pro (video)<\/a>\n            <\/div>\n            <\/div>\n    <\/div><\/div><\/div><\/div><div class=\"vc_col-sm-8 wpb_column vc_column_container\"><div class=\"vc_column-inner us_custom_a809fd0a\"><div class=\"wpb_wrapper\"><div class=\"w-html\">    <div class=\"sidebarListing sidebarListing-faq\">\n        <a class=\"sidebarListing_title\" href=\"https:\/\/www.in4mo.com\/support\/sv\/topic\/faq\/\">\n            <h5 style=\"margin-bottom: 25px\">FAQ<\/h5>\n        <\/a>\n\n                    <div class=\"sidebarListing_item\">\n                <a href=\"https:\/\/www.in4mo.com\/support\/sv\/faq\/how-do-i-set-a-deputy-4\/\">Hur anger jag en vikarie?<\/a>\n            <\/div>\n                    <div class=\"sidebarListing_item\">\n                <a href=\"https:\/\/www.in4mo.com\/support\/sv\/faq\/hur-anmaler-jag-mig-pa-kurs-och-blir-certifierad\/\">Hur anm\u00e4ler jag mig p\u00e5 kurs och blir certifierad?<\/a>\n            <\/div>\n                    <div class=\"sidebarListing_item\">\n                <a href=\"https:\/\/www.in4mo.com\/support\/sv\/faq\/how-to-filter-for-a-specific-issue-in-in4mo-4\/\">Hur anv\u00e4nder jag filter f\u00f6r att finna ett specifikt \u00e4rende i in4mo?<\/a>\n            <\/div>\n                    <div class=\"sidebarListing_item\">\n                <a href=\"https:\/\/www.in4mo.com\/support\/sv\/faq\/how-do-i-find-my-tasks-in-the-application-4\/\">Hur finner jag mina uppdrag i mobilappen?<\/a>\n            <\/div>\n                    <div class=\"sidebarListing_item\">\n                <a href=\"https:\/\/www.in4mo.com\/support\/sv\/faq\/how-does-automatic-member-selection-work-4\/\">Hur fungerar automatiskt medlemsval?<\/a>\n            <\/div>\n            <\/div>\n    <\/div><\/div><\/div><\/div><\/div><\/div><\/section>\n","protected":false},"excerpt":{"rendered":"N\u00e4r automatiskt medlemsval \u00e4r i bruk f\u00f6r ett kontor, tilldelas de f\u00f6rhandsdefinierade uppgifterna automatiskt till den valda ansvarspersonen, n\u00e4r uppgifter av den valda typen tilldelas till kontoret i fr\u00e5ga. Adminbrukare kan v\u00e4lja om denna funktion skall anv\u00e4ndas f\u00f6r ett kontor eller inte, samt vilken ansvarsperson uppgifter automatiskt tilldelas. Det \u00e4r m\u00f6jligt att v\u00e4lja samma ansvarsperson...","protected":false},"author":1,"featured_media":1285,"parent":0,"menu_order":0,"comment_status":"closed","ping_status":"closed","template":"","meta":{"footnotes":""},"class_list":["post-7660","page","type-page","status-publish","has-post-thumbnail","hentry"],"acf":[],"yoast_head":"<!-- This site is optimized with the Yoast SEO plugin v26.3 - https:\/\/yoast.com\/wordpress\/plugins\/seo\/ -->\n<title>in4mo St\u00f6d - In4mo Support<\/title>\n<meta name=\"robots\" content=\"index, follow, max-snippet:-1, max-image-preview:large, max-video-preview:-1\" \/>\n<link rel=\"canonical\" href=\"https:\/\/www.in4mo.com\/support\/sv\/\" \/>\n<meta property=\"og:locale\" content=\"sv_SE\" \/>\n<meta property=\"og:type\" content=\"article\" \/>\n<meta property=\"og:title\" content=\"in4mo St\u00f6d - In4mo Support\" \/>\n<meta property=\"og:url\" content=\"https:\/\/www.in4mo.com\/support\/sv\/\" \/>\n<meta property=\"og:site_name\" content=\"In4mo Support\" \/>\n<meta property=\"article:modified_time\" content=\"2026-03-09T14:53:17+00:00\" \/>\n<meta property=\"og:image\" content=\"https:\/\/www.in4mo.com\/support\/wp-content\/uploads\/sites\/2\/customer-service-1.jpg\" \/>\n\t<meta property=\"og:image:width\" content=\"1920\" \/>\n\t<meta property=\"og:image:height\" content=\"1080\" \/>\n\t<meta property=\"og:image:type\" content=\"image\/jpeg\" \/>\n<meta name=\"twitter:card\" content=\"summary_large_image\" \/>\n<meta name=\"twitter:label1\" content=\"Ber\u00e4knad l\u00e4stid\" \/>\n\t<meta name=\"twitter:data1\" content=\"2 minuter\" \/>\n<script type=\"application\/ld+json\" class=\"yoast-schema-graph\">{\"@context\":\"https:\/\/schema.org\",\"@graph\":[{\"@type\":\"WebPage\",\"@id\":\"https:\/\/www.in4mo.com\/support\/sv\/\",\"url\":\"https:\/\/www.in4mo.com\/support\/sv\/\",\"name\":\"in4mo St\u00f6d - In4mo Support\",\"isPartOf\":{\"@id\":\"https:\/\/www.in4mo.com\/support\/sv\/#website\"},\"primaryImageOfPage\":{\"@id\":\"https:\/\/www.in4mo.com\/support\/sv\/#primaryimage\"},\"image\":{\"@id\":\"https:\/\/www.in4mo.com\/support\/sv\/#primaryimage\"},\"thumbnailUrl\":\"https:\/\/www.in4mo.com\/support\/wp-content\/uploads\/sites\/2\/customer-service-1.jpg\",\"datePublished\":\"2024-06-03T07:43:22+00:00\",\"dateModified\":\"2026-03-09T14:53:17+00:00\",\"breadcrumb\":{\"@id\":\"https:\/\/www.in4mo.com\/support\/sv\/#breadcrumb\"},\"inLanguage\":\"sv-SE\",\"potentialAction\":[{\"@type\":\"ReadAction\",\"target\":[\"https:\/\/www.in4mo.com\/support\/sv\/\"]}]},{\"@type\":\"ImageObject\",\"inLanguage\":\"sv-SE\",\"@id\":\"https:\/\/www.in4mo.com\/support\/sv\/#primaryimage\",\"url\":\"https:\/\/www.in4mo.com\/support\/wp-content\/uploads\/sites\/2\/customer-service-1.jpg\",\"contentUrl\":\"https:\/\/www.in4mo.com\/support\/wp-content\/uploads\/sites\/2\/customer-service-1.jpg\",\"width\":1920,\"height\":1080},{\"@type\":\"BreadcrumbList\",\"@id\":\"https:\/\/www.in4mo.com\/support\/sv\/#breadcrumb\",\"itemListElement\":[{\"@type\":\"ListItem\",\"position\":1,\"name\":\"Home\",\"item\":\"https:\/\/www.in4mo.com\/support\/sv\/\"},{\"@type\":\"ListItem\",\"position\":2,\"name\":\"in4mo St\u00f6d\"}]},{\"@type\":\"WebSite\",\"@id\":\"https:\/\/www.in4mo.com\/support\/sv\/#website\",\"url\":\"https:\/\/www.in4mo.com\/support\/sv\/\",\"name\":\"In4mo Support\",\"description\":\"Insurance and Construction Software\",\"potentialAction\":[{\"@type\":\"SearchAction\",\"target\":{\"@type\":\"EntryPoint\",\"urlTemplate\":\"https:\/\/www.in4mo.com\/support\/sv\/?s={search_term_string}\"},\"query-input\":{\"@type\":\"PropertyValueSpecification\",\"valueRequired\":true,\"valueName\":\"search_term_string\"}}],\"inLanguage\":\"sv-SE\"}]}<\/script>\n<!-- \/ Yoast SEO plugin. -->","yoast_head_json":{"title":"in4mo St\u00f6d - In4mo Support","robots":{"index":"index","follow":"follow","max-snippet":"max-snippet:-1","max-image-preview":"max-image-preview:large","max-video-preview":"max-video-preview:-1"},"canonical":"https:\/\/www.in4mo.com\/support\/sv\/","og_locale":"sv_SE","og_type":"article","og_title":"in4mo St\u00f6d - In4mo Support","og_url":"https:\/\/www.in4mo.com\/support\/sv\/","og_site_name":"In4mo Support","article_modified_time":"2026-03-09T14:53:17+00:00","og_image":[{"width":1920,"height":1080,"url":"https:\/\/www.in4mo.com\/support\/wp-content\/uploads\/sites\/2\/customer-service-1.jpg","type":"image\/jpeg"}],"twitter_card":"summary_large_image","twitter_misc":{"Ber\u00e4knad l\u00e4stid":"2 minuter"},"schema":{"@context":"https:\/\/schema.org","@graph":[{"@type":"WebPage","@id":"https:\/\/www.in4mo.com\/support\/sv\/","url":"https:\/\/www.in4mo.com\/support\/sv\/","name":"in4mo St\u00f6d - In4mo Support","isPartOf":{"@id":"https:\/\/www.in4mo.com\/support\/sv\/#website"},"primaryImageOfPage":{"@id":"https:\/\/www.in4mo.com\/support\/sv\/#primaryimage"},"image":{"@id":"https:\/\/www.in4mo.com\/support\/sv\/#primaryimage"},"thumbnailUrl":"https:\/\/www.in4mo.com\/support\/wp-content\/uploads\/sites\/2\/customer-service-1.jpg","datePublished":"2024-06-03T07:43:22+00:00","dateModified":"2026-03-09T14:53:17+00:00","breadcrumb":{"@id":"https:\/\/www.in4mo.com\/support\/sv\/#breadcrumb"},"inLanguage":"sv-SE","potentialAction":[{"@type":"ReadAction","target":["https:\/\/www.in4mo.com\/support\/sv\/"]}]},{"@type":"ImageObject","inLanguage":"sv-SE","@id":"https:\/\/www.in4mo.com\/support\/sv\/#primaryimage","url":"https:\/\/www.in4mo.com\/support\/wp-content\/uploads\/sites\/2\/customer-service-1.jpg","contentUrl":"https:\/\/www.in4mo.com\/support\/wp-content\/uploads\/sites\/2\/customer-service-1.jpg","width":1920,"height":1080},{"@type":"BreadcrumbList","@id":"https:\/\/www.in4mo.com\/support\/sv\/#breadcrumb","itemListElement":[{"@type":"ListItem","position":1,"name":"Home","item":"https:\/\/www.in4mo.com\/support\/sv\/"},{"@type":"ListItem","position":2,"name":"in4mo St\u00f6d"}]},{"@type":"WebSite","@id":"https:\/\/www.in4mo.com\/support\/sv\/#website","url":"https:\/\/www.in4mo.com\/support\/sv\/","name":"In4mo Support","description":"Insurance and Construction Software","potentialAction":[{"@type":"SearchAction","target":{"@type":"EntryPoint","urlTemplate":"https:\/\/www.in4mo.com\/support\/sv\/?s={search_term_string}"},"query-input":{"@type":"PropertyValueSpecification","valueRequired":true,"valueName":"search_term_string"}}],"inLanguage":"sv-SE"}]}},"_links":{"self":[{"href":"https:\/\/www.in4mo.com\/support\/sv\/wp-json\/wp\/v2\/pages\/7660","targetHints":{"allow":["GET"]}}],"collection":[{"href":"https:\/\/www.in4mo.com\/support\/sv\/wp-json\/wp\/v2\/pages"}],"about":[{"href":"https:\/\/www.in4mo.com\/support\/sv\/wp-json\/wp\/v2\/types\/page"}],"author":[{"embeddable":true,"href":"https:\/\/www.in4mo.com\/support\/sv\/wp-json\/wp\/v2\/users\/1"}],"replies":[{"embeddable":true,"href":"https:\/\/www.in4mo.com\/support\/sv\/wp-json\/wp\/v2\/comments?post=7660"}],"version-history":[{"count":0,"href":"https:\/\/www.in4mo.com\/support\/sv\/wp-json\/wp\/v2\/pages\/7660\/revisions"}],"wp:featuredmedia":[{"embeddable":true,"href":"https:\/\/www.in4mo.com\/support\/sv\/wp-json\/wp\/v2\/media\/1285"}],"wp:attachment":[{"href":"https:\/\/www.in4mo.com\/support\/sv\/wp-json\/wp\/v2\/media?parent=7660"}],"curies":[{"name":"wp","href":"https:\/\/api.w.org\/{rel}","templated":true}]}}