{"id":1667,"date":"2024-03-27T14:51:12","date_gmt":"2024-03-27T12:51:12","guid":{"rendered":"https:\/\/in4modevelopment.wp1.kotisivut.com\/nyheter\/"},"modified":"2025-03-28T18:02:37","modified_gmt":"2025-03-28T16:02:37","slug":"nyheter","status":"publish","type":"page","link":"https:\/\/www.in4mo.com\/sv\/nyheter\/","title":{"rendered":"Nyheter"},"content":{"rendered":"<section class=\"l-section wpb_row height_huge full_height valign_center color_primary with_img\"><div class=\"l-section-img\" role=\"img\" data-img-width=\"1920\" data-img-height=\"1080\" style=\"background-image: url(https:\/\/www.in4mo.com\/wp-content\/uploads\/latest-insights.jpg);background-repeat: no-repeat;\"><\/div><div class=\"l-section-h i-cf\"><div class=\"g-cols vc_row via_flex valign_top type_default stacking_default\"><div class=\"vc_col-sm-12 wpb_column vc_column_container\"><div class=\"vc_column-inner\"><div class=\"wpb_wrapper\"><h1 class=\"w-text us_custom_5b4774b9 us_animate_this\"><a href=\"\/news\/ #down\" class=\"w-text-h\"><span class=\"w-text-value\">Senaste insikterna<\/span><\/a><\/h1><p class=\"w-text us_custom_9ba94f84 ingressi us_animate_this\"><a href=\"\/news\/ #down\" class=\"w-text-h\"><span class=\"w-text-value\">&#8220;Det som nu \u00e4r bevisat var en g\u00e5ng bara f\u00f6rest\u00e4llt&#8221; William Blake<\/span><\/a><\/p><div class=\"w-iconbox us_custom_1d5f25b7 us_animate_this iconpos_top style_circle color_custom align_center no_text no_title\"><a href=\"\/news\/ #down\" class=\"w-iconbox-link\" aria-label=\"fas|chevron-down\"><div class=\"w-iconbox-icon\" style=\"font-size:1rem;--icon-color:var(--color-content-link);--icon-bg-color:rgba(255,255,255,0.75);\"><i class=\"fas fa-chevron-down\"><\/i><\/div><\/a><div class=\"w-iconbox-meta\"><\/div><\/div><\/div><\/div><\/div><\/div><\/div><\/section><section class=\"l-section wpb_row height_huge color_alternate\" id=\"down\"><div class=\"l-section-h i-cf\"><div class=\"g-cols vc_row via_flex valign_top type_default stacking_default\"><div class=\"vc_col-sm-12 wpb_column vc_column_container\"><div class=\"vc_column-inner\"><div class=\"wpb_wrapper\">[vc_raw_html]JTVCYWxsX3Bvc3RzX2J5X2NhdGVnb3J5JTVE[\/vc_raw_html]<\/div><\/div><\/div><\/div><\/div><\/section>\n","protected":false},"excerpt":{"rendered":"Senaste insikterna&#8220;Det som nu \u00e4r bevisat var en g\u00e5ng bara f\u00f6rest\u00e4llt&#8221; William Blake[vc_raw_html]JTVCYWxsX3Bvc3RzX2J5X2NhdGVnb3J5JTVE[\/vc_raw_html]","protected":false},"author":1,"featured_media":1575,"parent":0,"menu_order":7,"comment_status":"closed","ping_status":"closed","template":"","meta":{"footnotes":""},"class_list":["post-1667","page","type-page","status-publish","has-post-thumbnail","hentry"],"acf":[],"yoast_head":"<!-- This site is optimized with the Yoast SEO plugin v26.3 - https:\/\/yoast.com\/wordpress\/plugins\/seo\/ -->\n<title>Nyheter - In4mo<\/title>\n<meta name=\"robots\" content=\"index, follow, max-snippet:-1, max-image-preview:large, max-video-preview:-1\" \/>\n<link rel=\"canonical\" href=\"https:\/\/www.in4mo.com\/sv\/nyheter\/\" \/>\n<meta property=\"og:locale\" content=\"sv_SE\" \/>\n<meta property=\"og:type\" content=\"article\" \/>\n<meta property=\"og:title\" content=\"Nyheter - In4mo\" \/>\n<meta property=\"og:url\" content=\"https:\/\/www.in4mo.com\/sv\/nyheter\/\" \/>\n<meta property=\"og:site_name\" content=\"In4mo\" \/>\n<meta property=\"article:modified_time\" content=\"2025-03-28T16:02:37+00:00\" \/>\n<meta property=\"og:image\" content=\"https:\/\/www.in4mo.com\/wp-content\/uploads\/latest-insights.jpg\" \/>\n\t<meta property=\"og:image:width\" content=\"1920\" \/>\n\t<meta property=\"og:image:height\" content=\"1080\" \/>\n\t<meta property=\"og:image:type\" content=\"image\/jpeg\" \/>\n<meta name=\"twitter:card\" content=\"summary_large_image\" \/>\n<meta name=\"twitter:label1\" content=\"Ber\u00e4knad l\u00e4stid\" \/>\n\t<meta name=\"twitter:data1\" content=\"1 minut\" \/>\n<script type=\"application\/ld+json\" class=\"yoast-schema-graph\">{\"@context\":\"https:\/\/schema.org\",\"@graph\":[{\"@type\":\"WebPage\",\"@id\":\"https:\/\/www.in4mo.com\/sv\/nyheter\/\",\"url\":\"https:\/\/www.in4mo.com\/sv\/nyheter\/\",\"name\":\"Nyheter - In4mo\",\"isPartOf\":{\"@id\":\"https:\/\/www.in4mo.com\/sv\/#website\"},\"primaryImageOfPage\":{\"@id\":\"https:\/\/www.in4mo.com\/sv\/nyheter\/#primaryimage\"},\"image\":{\"@id\":\"https:\/\/www.in4mo.com\/sv\/nyheter\/#primaryimage\"},\"thumbnailUrl\":\"https:\/\/www.in4mo.com\/wp-content\/uploads\/latest-insights.jpg\",\"datePublished\":\"2024-03-27T12:51:12+00:00\",\"dateModified\":\"2025-03-28T16:02:37+00:00\",\"breadcrumb\":{\"@id\":\"https:\/\/www.in4mo.com\/sv\/nyheter\/#breadcrumb\"},\"inLanguage\":\"sv-SE\",\"potentialAction\":[{\"@type\":\"ReadAction\",\"target\":[\"https:\/\/www.in4mo.com\/sv\/nyheter\/\"]}]},{\"@type\":\"ImageObject\",\"inLanguage\":\"sv-SE\",\"@id\":\"https:\/\/www.in4mo.com\/sv\/nyheter\/#primaryimage\",\"url\":\"https:\/\/www.in4mo.com\/wp-content\/uploads\/latest-insights.jpg\",\"contentUrl\":\"https:\/\/www.in4mo.com\/wp-content\/uploads\/latest-insights.jpg\",\"width\":1920,\"height\":1080},{\"@type\":\"BreadcrumbList\",\"@id\":\"https:\/\/www.in4mo.com\/sv\/nyheter\/#breadcrumb\",\"itemListElement\":[{\"@type\":\"ListItem\",\"position\":1,\"name\":\"Home\",\"item\":\"https:\/\/www.in4mo.com\/sv\/\"},{\"@type\":\"ListItem\",\"position\":2,\"name\":\"Nyheter\"}]},{\"@type\":\"WebSite\",\"@id\":\"https:\/\/www.in4mo.com\/sv\/#website\",\"url\":\"https:\/\/www.in4mo.com\/sv\/\",\"name\":\"In4mo\",\"description\":\"Insurance and Construction Software\",\"potentialAction\":[{\"@type\":\"SearchAction\",\"target\":{\"@type\":\"EntryPoint\",\"urlTemplate\":\"https:\/\/www.in4mo.com\/sv\/?s={search_term_string}\"},\"query-input\":{\"@type\":\"PropertyValueSpecification\",\"valueRequired\":true,\"valueName\":\"search_term_string\"}}],\"inLanguage\":\"sv-SE\"}]}<\/script>\n<!-- \/ Yoast SEO plugin. -->","yoast_head_json":{"title":"Nyheter - In4mo","robots":{"index":"index","follow":"follow","max-snippet":"max-snippet:-1","max-image-preview":"max-image-preview:large","max-video-preview":"max-video-preview:-1"},"canonical":"https:\/\/www.in4mo.com\/sv\/nyheter\/","og_locale":"sv_SE","og_type":"article","og_title":"Nyheter - In4mo","og_url":"https:\/\/www.in4mo.com\/sv\/nyheter\/","og_site_name":"In4mo","article_modified_time":"2025-03-28T16:02:37+00:00","og_image":[{"width":1920,"height":1080,"url":"https:\/\/www.in4mo.com\/wp-content\/uploads\/latest-insights.jpg","type":"image\/jpeg"}],"twitter_card":"summary_large_image","twitter_misc":{"Ber\u00e4knad l\u00e4stid":"1 minut"},"schema":{"@context":"https:\/\/schema.org","@graph":[{"@type":"WebPage","@id":"https:\/\/www.in4mo.com\/sv\/nyheter\/","url":"https:\/\/www.in4mo.com\/sv\/nyheter\/","name":"Nyheter - In4mo","isPartOf":{"@id":"https:\/\/www.in4mo.com\/sv\/#website"},"primaryImageOfPage":{"@id":"https:\/\/www.in4mo.com\/sv\/nyheter\/#primaryimage"},"image":{"@id":"https:\/\/www.in4mo.com\/sv\/nyheter\/#primaryimage"},"thumbnailUrl":"https:\/\/www.in4mo.com\/wp-content\/uploads\/latest-insights.jpg","datePublished":"2024-03-27T12:51:12+00:00","dateModified":"2025-03-28T16:02:37+00:00","breadcrumb":{"@id":"https:\/\/www.in4mo.com\/sv\/nyheter\/#breadcrumb"},"inLanguage":"sv-SE","potentialAction":[{"@type":"ReadAction","target":["https:\/\/www.in4mo.com\/sv\/nyheter\/"]}]},{"@type":"ImageObject","inLanguage":"sv-SE","@id":"https:\/\/www.in4mo.com\/sv\/nyheter\/#primaryimage","url":"https:\/\/www.in4mo.com\/wp-content\/uploads\/latest-insights.jpg","contentUrl":"https:\/\/www.in4mo.com\/wp-content\/uploads\/latest-insights.jpg","width":1920,"height":1080},{"@type":"BreadcrumbList","@id":"https:\/\/www.in4mo.com\/sv\/nyheter\/#breadcrumb","itemListElement":[{"@type":"ListItem","position":1,"name":"Home","item":"https:\/\/www.in4mo.com\/sv\/"},{"@type":"ListItem","position":2,"name":"Nyheter"}]},{"@type":"WebSite","@id":"https:\/\/www.in4mo.com\/sv\/#website","url":"https:\/\/www.in4mo.com\/sv\/","name":"In4mo","description":"Insurance and Construction Software","potentialAction":[{"@type":"SearchAction","target":{"@type":"EntryPoint","urlTemplate":"https:\/\/www.in4mo.com\/sv\/?s={search_term_string}"},"query-input":{"@type":"PropertyValueSpecification","valueRequired":true,"valueName":"search_term_string"}}],"inLanguage":"sv-SE"}]}},"_links":{"self":[{"href":"https:\/\/www.in4mo.com\/sv\/wp-json\/wp\/v2\/pages\/1667","targetHints":{"allow":["GET"]}}],"collection":[{"href":"https:\/\/www.in4mo.com\/sv\/wp-json\/wp\/v2\/pages"}],"about":[{"href":"https:\/\/www.in4mo.com\/sv\/wp-json\/wp\/v2\/types\/page"}],"author":[{"embeddable":true,"href":"https:\/\/www.in4mo.com\/sv\/wp-json\/wp\/v2\/users\/1"}],"replies":[{"embeddable":true,"href":"https:\/\/www.in4mo.com\/sv\/wp-json\/wp\/v2\/comments?post=1667"}],"version-history":[{"count":0,"href":"https:\/\/www.in4mo.com\/sv\/wp-json\/wp\/v2\/pages\/1667\/revisions"}],"wp:featuredmedia":[{"embeddable":true,"href":"https:\/\/www.in4mo.com\/sv\/wp-json\/wp\/v2\/media\/1575"}],"wp:attachment":[{"href":"https:\/\/www.in4mo.com\/sv\/wp-json\/wp\/v2\/media?parent=1667"}],"curies":[{"name":"wp","href":"https:\/\/api.w.org\/{rel}","templated":true}]}}