{"id":1765,"date":"2024-05-13T12:57:09","date_gmt":"2024-05-13T09:57:09","guid":{"rendered":"https:\/\/in4modevelopment.wp1.kotisivut.com\/mobilpolicy\/"},"modified":"2024-05-16T04:36:56","modified_gmt":"2024-05-16T01:36:56","slug":"mobilpolicy","status":"publish","type":"page","link":"https:\/\/www.in4mo.com\/sv\/mobilpolicy\/","title":{"rendered":"Mobilpolicy"},"content":{"rendered":"<section class=\"l-section wpb_row height_huge color_primary with_img\"><div class=\"l-section-img\" role=\"img\" data-img-width=\"817\" data-img-height=\"319\" style=\"background-image: url(https:\/\/www.in4mo.com\/wp-content\/uploads\/bg-dots-white.png);background-position: center left;background-repeat: repeat-x;background-size: auto;\"><\/div><div class=\"l-section-h i-cf\"><div class=\"g-cols vc_row via_flex valign_top type_default stacking_default\"><div class=\"vc_col-sm-12 wpb_column vc_column_container\"><div class=\"vc_column-inner\"><div class=\"wpb_wrapper\"><h1 class=\"w-text\"><span class=\"w-text-h\"><span class=\"w-text-value\">Mobilpolicy<\/span><\/span><\/h1><\/div><\/div><\/div><\/div><\/div><\/section><section class=\"l-section wpb_row height_huge color_alternate\"><div class=\"l-section-h i-cf\"><div class=\"g-cols vc_row via_flex valign_top type_default stacking_default\"><div class=\"vc_col-sm-2 wpb_column vc_column_container\"><div class=\"vc_column-inner\"><div class=\"wpb_wrapper\"><\/div><\/div><\/div><div class=\"vc_col-sm-8 wpb_column vc_column_container\"><div class=\"vc_column-inner\"><div class=\"wpb_wrapper\"><div class=\"w-tabs style_default switch_click accordion has_scrolling\" style=\"--sections-title-size:inherit\"><div class=\"w-tabs-sections titles-align_none icon_chevron cpos_right\"><div class=\"w-tabs-section\" id=\"n188\"><button class=\"w-tabs-section-header\" aria-controls=\"content-n188\" aria-expanded=\"false\"><div class=\"w-tabs-section-title\">Inledning<\/div><div class=\"w-tabs-section-control\"><\/div><\/button><div  class=\"w-tabs-section-content\" id=\"content-n188\"><div class=\"w-tabs-section-content-h i-cf\"><div class=\"wpb_text_column\"><div class=\"wpb_wrapper\"><p id=\"isPasted\">Detta meddelande f\u00f6rklarar hur vi samlar <strong>in<\/strong> och behandlar personuppgifter genom din anv\u00e4ndning av <strong>in4mo Task Reporter<\/strong>. Du kan hitta mer information om v\u00e5rt f\u00f6retags integritetspolicy och dina r\u00e4ttigheter och hur lagen skyddar dig p\u00e5 <a href=\"https:\/\/in4mo.com\/solera-in4mo-privacy-policy\/\" target=\"_blank\" rel=\"noopener noreferrer\">in4mo privacy statement<\/a>. Detta meddelande ska l\u00e4sas tillsammans med v\u00e5r integritetspolicy och kan komma att uppdateras av oss fr\u00e5n tid till annan.<\/p>\n<p>V\u00e5r applikation \u00e4r inte avsedd f\u00f6r minder\u00e5riga under 16 \u00e5r och vi samlar inte medvetet in uppgifter som r\u00f6r barn.<\/p>\n<\/div><\/div><\/div><\/div><\/div><div class=\"w-tabs-section\" id=\"n486\"><button class=\"w-tabs-section-header\" aria-controls=\"content-n486\" aria-expanded=\"false\"><div class=\"w-tabs-section-title\">Insamling av personuppgifter<\/div><div class=\"w-tabs-section-control\"><\/div><\/button><div  class=\"w-tabs-section-content\" id=\"content-n486\"><div class=\"w-tabs-section-content-h i-cf\"><div class=\"wpb_text_column\"><div class=\"wpb_wrapper\"><section id=\"otnotice-section-f9f71fce-e830-402f-a4e8-8ca5c6bc953d\" class=\"otnotice-section\">\n<div class=\"otnotice-section-content\">\n<p id=\"isPasted\">N\u00e4r du anv\u00e4nder in4mo Task Reporter kan du tillhandah\u00e5lla information om f\u00f6rs\u00e4kringstagare och deras egendom f\u00f6r att hantera uppgifter relaterade till egendomsskador. Vi samlar ocks\u00e5 in information om dig som beh\u00f6rig anv\u00e4ndare<span id=\"isPasted\"> <\/span>f\u00f6r att ge tillg\u00e5ng till tj\u00e4nsten och f\u00f6r att f\u00f6rb\u00e4ttra v\u00e5ra produkter och tj\u00e4nster. Vid behov l\u00e4mnar vi information till leverant\u00f6rer som hj\u00e4lper oss att tillhandah\u00e5lla denna tj\u00e4nst, andra f\u00f6retag i Solera-koncernen samt regerings- och tillsynsmyndigheter (d\u00e4r s\u00e5 kr\u00e4vs).<\/p>\n<p>Vi s\u00e4ljer inte personuppgifter enligt definitionen i g\u00e4llande dataskyddslagar.<\/p>\n<p>Denna tj\u00e4nst samlar endast in f\u00f6ljande typer av personuppgifter f\u00f6r de \u00e4ndam\u00e5l som anges nedan:<\/p>\n<table id=\"isPasted\" border=\"1\" width=\"666\" cellspacing=\"0\" cellpadding=\"0\">\n<tbody>\n<tr>\n<td valign=\"top\"><strong>Insamlad information<\/strong><\/td>\n<td valign=\"top\"><strong>Syfte med anv\u00e4ndning av information<\/strong><\/td>\n<td><strong>Registrerad(a)<\/strong><\/td>\n<\/tr>\n<tr>\n<td valign=\"top\"><strong>Identifieringsuppgifter<\/strong><\/td>\n<td valign=\"top\">Tillhandah\u00e5lla tj\u00e4nsten<\/p>\n<p>Uppfylla r\u00e4ttsliga skyldigheter<\/td>\n<td>Beh\u00f6riga anv\u00e4ndare<br id=\"isPasted\">F\u00f6rs\u00e4kringstagare<\/td>\n<\/tr>\n<tr>\n<td><strong>F\u00f6rs\u00e4kringsuppgifter<\/strong><\/td>\n<td>\n<p id=\"isPasted\">Tillhandah\u00e5lla tj\u00e4nsten<\/p>\n<\/td>\n<td>F\u00f6rs\u00e4kringstagare<\/td>\n<\/tr>\n<tr>\n<td><strong>Kommersiell data<\/strong><\/td>\n<td>\n<p id=\"isPasted\">Tillhandah\u00e5lla tj\u00e4nsten<\/p>\n<\/td>\n<td>F\u00f6rs\u00e4kringstagare<\/td>\n<\/tr>\n<tr>\n<td valign=\"top\"><strong>Geolokaliseringsdata<\/strong><\/td>\n<td valign=\"top\">Tillhandah\u00e5lla tj\u00e4nsten<\/td>\n<td>F\u00f6rs\u00e4kringstagare<\/td>\n<\/tr>\n<tr>\n<td valign=\"top\"><strong>Fastighetsdata<\/strong><\/td>\n<td valign=\"top\">Tillhandah\u00e5lla tj\u00e4nsten<\/p>\n<p>Uppfylla r\u00e4ttsliga skyldigheter<\/td>\n<td>F\u00f6rs\u00e4kringstagare<\/td>\n<\/tr>\n<tr>\n<td valign=\"top\"><strong>Teknik och anv\u00e4ndning<\/strong><\/td>\n<td valign=\"top\">Tillhandah\u00e5lla tj\u00e4nsten<\/p>\n<p>S\u00e4kerhet och fels\u00f6kning<\/p>\n<p>Analys<\/td>\n<td>Beh\u00f6riga anv\u00e4ndare<\/td>\n<\/tr>\n<tr>\n<td valign=\"top\"><strong>Uppgifter om syssels\u00e4ttning<\/strong><\/td>\n<td valign=\"top\">Tillhandah\u00e5lla tj\u00e4nsten<\/td>\n<td>Beh\u00f6riga anv\u00e4ndare<\/td>\n<\/tr>\n<tr>\n<td><strong>Fotografier<\/strong><\/td>\n<td>Tillhandah\u00e5lla tj\u00e4nsten<\/td>\n<td>F\u00f6rs\u00e4kringstagare<\/td>\n<\/tr>\n<\/tbody>\n<\/table>\n<ul id=\"isPasted\">\n<li><strong>Identifieringsuppgifter<\/strong> inkluderar uppgifter s\u00e5som namn, alias, postadress, unik personlig identifierare, online-identifierare, e-postadress, kontonamn, k\u00f6rkortsnummer eller andra liknande identifierare.<\/li>\n<li id=\"isPasted\"><strong>F\u00f6rs\u00e4kringsuppgifter<\/strong> omfattar uppgifter som t.ex. skadeanm\u00e4lningsnummer och annan f\u00f6rs\u00e4kringsinformation.<\/li>\n<li><strong>Kommersiell data<\/strong> omfattar data som register \u00f6ver personlig egendom.<\/li>\n<li id=\"isPasted\"><strong>Geolokaliseringsdata <\/strong>omfattar data s\u00e5som latitud och longitud f\u00f6r fastighetens l\u00e4ge.<\/li>\n<li id=\"isPasted\"><strong>Fastighetsdata<\/strong> omfattar uppgifter som fastighetens adress och information om skador.<\/li>\n<li id=\"isPasted\"><strong>Tekniska data och anv\u00e4ndningsdata<\/strong> inkluderar data som internetprotokolladress, inloggningsdata, webbl\u00e4sartyp och version, tidszoninst\u00e4llning, data om enheter som anv\u00e4nds f\u00f6r att komma \u00e5t webbplatsen \/ tj\u00e4nsten, hur du anv\u00e4nder v\u00e5r webbplats eller tj\u00e4nst, surfhistorik, s\u00f6khistorik och information om interaktion med en internetwebbplats, applikation eller annons.<\/li>\n<li><strong>Employment Data<\/strong> omfattar data s\u00e5som information om anst\u00e4llning eller ett yrke.<\/li>\n<li id=\"isPasted\"><strong>Fotografierna <\/strong>inneh\u00e5ller bilder av egendom.<\/li>\n<\/ul>\n<p id=\"isPasted\"><strong>S\u00e4rskilda eller k\u00e4nsliga kategorier av personuppgifter.  <\/strong>Om du inkluderar fotografier av m\u00e4nniskor (vilket inte rekommenderas) kan fotografierna avsl\u00f6ja information som ras eller etnicitet.<strong>   <\/strong><\/p>\n<p><strong>Aggregerade uppgifter<\/strong>, t.ex. statistiska eller demografiska uppgifter, kan h\u00e4rledas fr\u00e5n dina personuppgifter men betraktas inte som personuppgifter enligt lag eftersom de <strong>inte<\/strong> direkt eller indirekt identifierar dig.<\/p>\n<\/div>\n<\/section>\n<section id=\"otnotice-section-0e365700-80f1-4c16-93e2-bf42c619035d\" class=\"otnotice-section\"><\/section>\n<\/div><\/div><\/div><\/div><\/div><div class=\"w-tabs-section\" id=\"d5d7\"><button class=\"w-tabs-section-header\" aria-controls=\"content-d5d7\" aria-expanded=\"false\"><div class=\"w-tabs-section-title\">Om du inte l\u00e4mnar ut personuppgifter<\/div><div class=\"w-tabs-section-control\"><\/div><\/button><div  class=\"w-tabs-section-content\" id=\"content-d5d7\"><div class=\"w-tabs-section-content-h i-cf\"><div class=\"wpb_text_column\"><div class=\"wpb_wrapper\"><p>Om vi beh\u00f6ver samla in personuppgifter f\u00f6r att tillhandah\u00e5lla denna tj\u00e4nst eller om det kr\u00e4vs enligt lag och du inte tillhandah\u00e5ller dessa uppgifter n\u00e4r vi beg\u00e4r det, kan det h\u00e4nda att vi inte kan tillhandah\u00e5lla tj\u00e4nsten eller alla dess funktioner.<\/p>\n<\/div><\/div><\/div><\/div><\/div><div class=\"w-tabs-section\" id=\"z730\"><button class=\"w-tabs-section-header\" aria-controls=\"content-z730\" aria-expanded=\"false\"><div class=\"w-tabs-section-title\">Datas\u00e4kerhet<\/div><div class=\"w-tabs-section-control\"><\/div><\/button><div  class=\"w-tabs-section-content\" id=\"content-z730\"><div class=\"w-tabs-section-content-h i-cf\"><div class=\"wpb_text_column\"><div class=\"wpb_wrapper\"><p>Vi har l\u00e4mpliga s\u00e4kerhets\u00e5tg\u00e4rder f\u00f6r att skydda data.<\/p>\n<\/div><\/div><\/div><\/div><\/div><div class=\"w-tabs-section\" id=\"n89f\"><button class=\"w-tabs-section-header\" aria-controls=\"content-n89f\" aria-expanded=\"false\"><div class=\"w-tabs-section-title\">Kontaktuppgifter<\/div><div class=\"w-tabs-section-control\"><\/div><\/button><div  class=\"w-tabs-section-content\" id=\"content-n89f\"><div class=\"w-tabs-section-content-h i-cf\"><div class=\"wpb_text_column\"><div class=\"wpb_wrapper\"><p id=\"isPasted\">F\u00f6r mer information om detta meddelande eller f\u00f6r att beg\u00e4ra r\u00e4ttigheter enligt lagar om skydd av personuppgifter, fyll i formul\u00e4ret som finns p\u00e5 <a href=\"https:\/\/eudsar.solera.com\/webform\/9eb91cc4-23fa-42be-9a10-ed84af223018\/36dce121-830b-426a-a4b8-ea21193a7fd2\" target=\"_blank\" rel=\"noopener noreferrer\">In4mo Excercise Your Rights<\/a> form. Du kan ocks\u00e5 kontakta oss p\u00e5:<\/p>\n<p>&nbsp;<\/p>\n<p id=\"isPasted\">In4mo Oy,<\/p>\n<p>Attn: Data Privacy Champion<\/p>\n<p>Tekniikantie 12, 02150 Esbo,<\/p>\n<p>E-post: <a href=\"mailto:privacy@solera.com\">privacy@solera.com<\/a><\/p>\n<\/div><\/div><\/div><\/div><\/div><\/div><\/div><\/div><\/div><\/div><div class=\"vc_col-sm-2 wpb_column vc_column_container\"><div class=\"vc_column-inner\"><div class=\"wpb_wrapper\"><\/div><\/div><\/div><\/div><\/div><\/section>\n","protected":false},"excerpt":{"rendered":"MobilpolicyInledningDetta meddelande f\u00f6rklarar hur vi samlar in och behandlar personuppgifter genom din anv\u00e4ndning av in4mo Task Reporter. Du kan hitta mer information om v\u00e5rt f\u00f6retags integritetspolicy och dina r\u00e4ttigheter och hur lagen skyddar dig p\u00e5 in4mo privacy statement. Detta meddelande ska l\u00e4sas tillsammans med v\u00e5r integritetspolicy och kan komma att uppdateras av oss fr\u00e5n tid...","protected":false},"author":1,"featured_media":0,"parent":0,"menu_order":500,"comment_status":"closed","ping_status":"closed","template":"","meta":{"footnotes":""},"class_list":["post-1765","page","type-page","status-publish","hentry"],"acf":[],"yoast_head":"<!-- This site is optimized with the Yoast SEO plugin v26.3 - https:\/\/yoast.com\/wordpress\/plugins\/seo\/ -->\n<title>Mobilpolicy - In4mo<\/title>\n<meta name=\"robots\" content=\"index, follow, max-snippet:-1, max-image-preview:large, max-video-preview:-1\" \/>\n<link rel=\"canonical\" href=\"https:\/\/www.in4mo.com\/sv\/mobilpolicy\/\" \/>\n<meta property=\"og:locale\" content=\"sv_SE\" \/>\n<meta property=\"og:type\" content=\"article\" \/>\n<meta property=\"og:title\" content=\"Mobilpolicy - In4mo\" \/>\n<meta property=\"og:url\" content=\"https:\/\/www.in4mo.com\/sv\/mobilpolicy\/\" \/>\n<meta property=\"og:site_name\" content=\"In4mo\" \/>\n<meta property=\"article:modified_time\" content=\"2024-05-16T01:36:56+00:00\" \/>\n<meta name=\"twitter:card\" content=\"summary_large_image\" \/>\n<meta name=\"twitter:label1\" content=\"Ber\u00e4knad l\u00e4stid\" \/>\n\t<meta name=\"twitter:data1\" content=\"4 minuter\" \/>\n<script type=\"application\/ld+json\" class=\"yoast-schema-graph\">{\"@context\":\"https:\/\/schema.org\",\"@graph\":[{\"@type\":\"WebPage\",\"@id\":\"https:\/\/www.in4mo.com\/sv\/mobilpolicy\/\",\"url\":\"https:\/\/www.in4mo.com\/sv\/mobilpolicy\/\",\"name\":\"Mobilpolicy - In4mo\",\"isPartOf\":{\"@id\":\"https:\/\/www.in4mo.com\/sv\/#website\"},\"datePublished\":\"2024-05-13T09:57:09+00:00\",\"dateModified\":\"2024-05-16T01:36:56+00:00\",\"breadcrumb\":{\"@id\":\"https:\/\/www.in4mo.com\/sv\/mobilpolicy\/#breadcrumb\"},\"inLanguage\":\"sv-SE\",\"potentialAction\":[{\"@type\":\"ReadAction\",\"target\":[\"https:\/\/www.in4mo.com\/sv\/mobilpolicy\/\"]}]},{\"@type\":\"BreadcrumbList\",\"@id\":\"https:\/\/www.in4mo.com\/sv\/mobilpolicy\/#breadcrumb\",\"itemListElement\":[{\"@type\":\"ListItem\",\"position\":1,\"name\":\"Home\",\"item\":\"https:\/\/www.in4mo.com\/sv\/\"},{\"@type\":\"ListItem\",\"position\":2,\"name\":\"Mobilpolicy\"}]},{\"@type\":\"WebSite\",\"@id\":\"https:\/\/www.in4mo.com\/sv\/#website\",\"url\":\"https:\/\/www.in4mo.com\/sv\/\",\"name\":\"In4mo\",\"description\":\"Insurance and Construction Software\",\"potentialAction\":[{\"@type\":\"SearchAction\",\"target\":{\"@type\":\"EntryPoint\",\"urlTemplate\":\"https:\/\/www.in4mo.com\/sv\/?s={search_term_string}\"},\"query-input\":{\"@type\":\"PropertyValueSpecification\",\"valueRequired\":true,\"valueName\":\"search_term_string\"}}],\"inLanguage\":\"sv-SE\"}]}<\/script>\n<!-- \/ Yoast SEO plugin. -->","yoast_head_json":{"title":"Mobilpolicy - In4mo","robots":{"index":"index","follow":"follow","max-snippet":"max-snippet:-1","max-image-preview":"max-image-preview:large","max-video-preview":"max-video-preview:-1"},"canonical":"https:\/\/www.in4mo.com\/sv\/mobilpolicy\/","og_locale":"sv_SE","og_type":"article","og_title":"Mobilpolicy - In4mo","og_url":"https:\/\/www.in4mo.com\/sv\/mobilpolicy\/","og_site_name":"In4mo","article_modified_time":"2024-05-16T01:36:56+00:00","twitter_card":"summary_large_image","twitter_misc":{"Ber\u00e4knad l\u00e4stid":"4 minuter"},"schema":{"@context":"https:\/\/schema.org","@graph":[{"@type":"WebPage","@id":"https:\/\/www.in4mo.com\/sv\/mobilpolicy\/","url":"https:\/\/www.in4mo.com\/sv\/mobilpolicy\/","name":"Mobilpolicy - In4mo","isPartOf":{"@id":"https:\/\/www.in4mo.com\/sv\/#website"},"datePublished":"2024-05-13T09:57:09+00:00","dateModified":"2024-05-16T01:36:56+00:00","breadcrumb":{"@id":"https:\/\/www.in4mo.com\/sv\/mobilpolicy\/#breadcrumb"},"inLanguage":"sv-SE","potentialAction":[{"@type":"ReadAction","target":["https:\/\/www.in4mo.com\/sv\/mobilpolicy\/"]}]},{"@type":"BreadcrumbList","@id":"https:\/\/www.in4mo.com\/sv\/mobilpolicy\/#breadcrumb","itemListElement":[{"@type":"ListItem","position":1,"name":"Home","item":"https:\/\/www.in4mo.com\/sv\/"},{"@type":"ListItem","position":2,"name":"Mobilpolicy"}]},{"@type":"WebSite","@id":"https:\/\/www.in4mo.com\/sv\/#website","url":"https:\/\/www.in4mo.com\/sv\/","name":"In4mo","description":"Insurance and Construction Software","potentialAction":[{"@type":"SearchAction","target":{"@type":"EntryPoint","urlTemplate":"https:\/\/www.in4mo.com\/sv\/?s={search_term_string}"},"query-input":{"@type":"PropertyValueSpecification","valueRequired":true,"valueName":"search_term_string"}}],"inLanguage":"sv-SE"}]}},"_links":{"self":[{"href":"https:\/\/www.in4mo.com\/sv\/wp-json\/wp\/v2\/pages\/1765","targetHints":{"allow":["GET"]}}],"collection":[{"href":"https:\/\/www.in4mo.com\/sv\/wp-json\/wp\/v2\/pages"}],"about":[{"href":"https:\/\/www.in4mo.com\/sv\/wp-json\/wp\/v2\/types\/page"}],"author":[{"embeddable":true,"href":"https:\/\/www.in4mo.com\/sv\/wp-json\/wp\/v2\/users\/1"}],"replies":[{"embeddable":true,"href":"https:\/\/www.in4mo.com\/sv\/wp-json\/wp\/v2\/comments?post=1765"}],"version-history":[{"count":0,"href":"https:\/\/www.in4mo.com\/sv\/wp-json\/wp\/v2\/pages\/1765\/revisions"}],"wp:attachment":[{"href":"https:\/\/www.in4mo.com\/sv\/wp-json\/wp\/v2\/media?parent=1765"}],"curies":[{"name":"wp","href":"https:\/\/api.w.org\/{rel}","templated":true}]}}